{"id":219627,"date":"2023-05-05T04:55:00","date_gmt":"2023-05-05T04:55:00","guid":{"rendered":"https:\/\/windyjets.com\/fluege-fuer-gruppen\/"},"modified":"2023-07-12T08:42:46","modified_gmt":"2023-07-12T08:42:46","slug":"fluege-fuer-gruppen","status":"publish","type":"page","link":"https:\/\/windyjets.com\/de\/fluege-fuer-gruppen\/","title":{"rendered":"Gruppenfl\u00fcge"},"content":{"rendered":"<p>[et_pb_section fb_built=&#8220;1&#8243; fullwidth=&#8220;on&#8220; custom_padding_last_edited=&#8220;on|phone&#8220; admin_label=&#8220;TextoHome-1&#8243; _builder_version=&#8220;4.21.0&#8243; _module_preset=&#8220;default&#8220; background_color=&#8220;RGBA(255,255,255,0)&#8220; use_background_color_gradient=&#8220;on&#8220; background_color_gradient_stops=&#8220;#003980 0%|#3077a1 98%&#8220; vertical_offset_tablet=&#8220;&#8220; vertical_offset_phone=&#8220;0px&#8220; vertical_offset_last_edited=&#8220;on|phone&#8220; width=&#8220;100%&#8220; width_tablet=&#8220;70%&#8220; width_phone=&#8220;100%&#8220; width_last_edited=&#8220;on|phone&#8220; max_width=&#8220;100%&#8220; max_width_tablet=&#8220;67%&#8220; max_width_phone=&#8220;100%&#8220; max_width_last_edited=&#8220;on|phone&#8220; module_alignment=&#8220;center&#8220; min_height=&#8220;388px&#8220; height=&#8220;300px&#8220; height_tablet=&#8220;&#8220; height_phone=&#8220;450px&#8220; height_last_edited=&#8220;on|phone&#8220; max_height_tablet=&#8220;&#8220; max_height_phone=&#8220;450px&#8220; max_height_last_edited=&#8220;on|phone&#8220; custom_margin_tablet=&#8220;&#8220; custom_margin_phone=&#8220;&#8220; custom_margin_last_edited=&#8220;on|phone&#8220; custom_padding=&#8220;0px||||false|false&#8220; custom_padding_tablet=&#8220;0px||||false|false&#8220; custom_padding_phone=&#8220;0px||||false|false&#8220; hover_enabled=&#8220;0&#8243; global_colors_info=&#8220;{}&#8220; sticky_enabled=&#8220;0&#8243;][et_pb_fullwidth_header title=&#8220;Chartern Sie einen Charter f\u00fcr eine Gesch\u00e4fts- oder Urlaubsreise&#8220; subhead=&#8220;Unternehmen und private Gruppen, die privat reisen, haben die M\u00f6glichkeit, ein Flugzeug f\u00fcr den privaten Gebrauch zu mieten, ohne den Raum mit anderen Reisenden zu teilen.&#8220; text_orientation=&#8220;center&#8220; button_one_text=&#8220;Jetzt reservieren&#8220; _builder_version=&#8220;4.21.0&#8243; _module_preset=&#8220;default&#8220; title_font_size=&#8220;40px&#8220; subhead_text_color=&#8220;rgba(255,255,255,0.78)&#8220; subhead_font_size=&#8220;20px&#8220; background_enable_color=&#8220;off&#8220; hover_enabled=&#8220;0&#8243; title_font_size_tablet=&#8220;40px&#8220; title_font_size_phone=&#8220;30px&#8220; title_font_size_last_edited=&#8220;on|phone&#8220; global_colors_info=&#8220;{}&#8220; custom_padding=&#8220;80px||||false|false&#8220; title_text=&#8220;cessna-citation-bravo&#8220; background_image=&#8220;https:\/\/windyjets.com\/wp-content\/uploads\/2023\/05\/cessna-citation-bravo.jpg&#8220; sticky_enabled=&#8220;0&#8243; background_overlay_color=&#8220;rgba(0,31,109,0.51)&#8220;][\/et_pb_fullwidth_header][\/et_pb_section][et_pb_section fb_built=&#8220;1&#8243; specialty=&#8220;on&#8220; _builder_version=&#8220;4.21.0&#8243; _module_preset=&#8220;default&#8220; global_colors_info=&#8220;{}&#8220;][et_pb_column type=&#8220;1_2&#8243; specialty_columns=&#8220;2&#8243; _builder_version=&#8220;4.16&#8243; custom_padding=&#8220;|||&#8220; global_colors_info=&#8220;{}&#8220; custom_padding__hover=&#8220;|||&#8220;][et_pb_row_inner _builder_version=&#8220;4.21.0&#8243; _module_preset=&#8220;default&#8220; hover_enabled=&#8220;0&#8243; global_colors_info=&#8220;{}&#8220; custom_padding_last_edited=&#8220;on|desktop&#8220; custom_padding=&#8220;60px||||false|false&#8220; sticky_enabled=&#8220;0&#8243; custom_padding_tablet=&#8220;60px||||false|false&#8220; custom_padding_phone=&#8220;60px||||false|false&#8220;][et_pb_column_inner saved_specialty_column_type=&#8220;1_2&#8243; _builder_version=&#8220;4.21.0&#8243; _module_preset=&#8220;default&#8220; global_colors_info=&#8220;{}&#8220;][et_pb_image src=&#8220;https:\/\/windyjets.com\/wp-content\/uploads\/2023\/04\/hero_image.jpg&#8220; title_text=&#8220;hero_image&#8220; disabled_on=&#8220;on|off|off&#8220; _builder_version=&#8220;4.21.0&#8243; _module_preset=&#8220;default&#8220; global_colors_info=&#8220;{}&#8220;][\/et_pb_image][\/et_pb_column_inner][\/et_pb_row_inner][et_pb_row_inner column_structure=&#8220;1_3,1_3,1_3&#8243; _builder_version=&#8220;4.21.0&#8243; _module_preset=&#8220;default&#8220; background_color=&#8220;RGBA(255,255,255,0)&#8220; use_background_color_gradient=&#8220;on&#8220; background_color_gradient_stops=&#8220;rgba(255,255,255,0) 1%|#ffffff 37%&#8220; vertical_offset=&#8220;0px&#8220; z_index=&#8220;68&#8243; width=&#8220;86%&#8220; module_alignment=&#8220;center&#8220; custom_margin=&#8220;-80px||||false|false&#8220; hover_enabled=&#8220;0&#8243; global_colors_info=&#8220;{}&#8220; sticky_enabled=&#8220;0&#8243;][et_pb_column_inner type=&#8220;1_3&#8243; saved_specialty_column_type=&#8220;1_2&#8243; _builder_version=&#8220;4.21.0&#8243; _module_preset=&#8220;default&#8220; hover_enabled=&#8220;0&#8243; global_colors_info=&#8220;{}&#8220; sticky_enabled=&#8220;0&#8243;][et_pb_icon font_icon=&#8220;&#xf5b0;||fa||900&#8243; icon_color=&#8220;#0C71C3&#8243; icon_width=&#8220;61px&#8220; _builder_version=&#8220;4.21.0&#8243; _module_preset=&#8220;default&#8220; global_colors_info=&#8220;{}&#8220;][\/et_pb_icon][et_pb_text _builder_version=&#8220;4.21.0&#8243; _module_preset=&#8220;default&#8220; text_font=&#8220;||||||||&#8220; text_font_size=&#8220;16px&#8220; custom_margin=&#8220;-12px||-12px||true|false&#8220; global_colors_info=&#8220;{}&#8220;]<\/p>\n<p>W\u00e4hlen Sie den Flughafen<\/p>\n<p>[\/et_pb_text][\/et_pb_column_inner][et_pb_column_inner type=&#8220;1_3&#8243; saved_specialty_column_type=&#8220;1_2&#8243; _builder_version=&#8220;4.21.0&#8243; _module_preset=&#8220;default&#8220; global_colors_info=&#8220;{}&#8220;][et_pb_icon font_icon=&#8220;&#xf274;||fa||400&#8243; icon_color=&#8220;#0C71C3&#8243; icon_width=&#8220;61px&#8220; _builder_version=&#8220;4.21.0&#8243; _module_preset=&#8220;default&#8220; global_colors_info=&#8220;{}&#8220;][\/et_pb_icon][et_pb_text _builder_version=&#8220;4.21.0&#8243; _module_preset=&#8220;default&#8220; text_font=&#8220;||||||||&#8220; text_font_size=&#8220;16px&#8220; custom_margin=&#8220;-12px||-12px||true|false&#8220; global_colors_info=&#8220;{}&#8220;]<\/p>\n<p>W\u00e4hlen Sie Daten aus<\/p>\n<p>[\/et_pb_text][\/et_pb_column_inner][et_pb_column_inner type=&#8220;1_3&#8243; saved_specialty_column_type=&#8220;1_2&#8243; _builder_version=&#8220;4.21.0&#8243; _module_preset=&#8220;default&#8220; global_colors_info=&#8220;{}&#8220;][et_pb_icon font_icon=&#8220;&#xf2e7;||fa||900&#8243; icon_color=&#8220;#0C71C3&#8243; icon_width=&#8220;61px&#8220; _builder_version=&#8220;4.21.0&#8243; _module_preset=&#8220;default&#8220; global_colors_info=&#8220;{}&#8220;][\/et_pb_icon][et_pb_text _builder_version=&#8220;4.21.0&#8243; _module_preset=&#8220;default&#8220; text_font=&#8220;||||||||&#8220; text_font_size=&#8220;16px&#8220; custom_margin=&#8220;-12px||-12px||true|false&#8220; global_colors_info=&#8220;{}&#8220;]<\/p>\n<p>W\u00e4hlen Sie Services<\/p>\n<p>[\/et_pb_text][\/et_pb_column_inner][\/et_pb_row_inner][\/et_pb_column][et_pb_column type=&#8220;1_2&#8243; _builder_version=&#8220;4.16&#8243; custom_padding=&#8220;|||&#8220; global_colors_info=&#8220;{}&#8220; custom_padding__hover=&#8220;|||&#8220;][et_pb_text _builder_version=&#8220;4.21.0&#8243; _module_preset=&#8220;default&#8220; text_font=&#8220;||||||||&#8220; text_font_size=&#8220;16px&#8220; text_orientation=&#8220;left&#8220; hover_enabled=&#8220;0&#8243; global_colors_info=&#8220;{}&#8220; text_text_color=&#8220;#003890&#8243; sticky_enabled=&#8220;0&#8243;]<\/p>\n<p>Wenn Sie sich f\u00fcr einen <strong><em>Privatcharter<\/em><\/strong> f\u00fcr eine Gruppenreise entscheiden, k\u00f6nnen Sie das Abflugdatum und die Abflugzeit w\u00e4hlen, die Ihren Bed\u00fcrfnissen am besten entsprechen, anstatt sich an kommerzielle Flugpl\u00e4ne halten zu m\u00fcssen. Sie k\u00f6nnen auch den Abflug- und <em><strong>Zielflughafen<\/strong><\/em> w\u00e4hlen, der am <strong><em>besten<\/em><\/strong> zu ihnen passt, auch wenn sie nicht von kommerziellen Fluggesellschaften angeflogen werden. <\/p>\n<p>Wenn Sie einen <strong><em>Privatjet f\u00fcr Gruppen chartern<\/em><\/strong>, genie\u00dfen Sie Privatsph\u00e4re und den Komfort, den gesamten Jet f\u00fcr sich allein zu haben. Sie m\u00fcssen den Raum nicht mit Fremden teilen und k\u00f6nnen das Erlebnis an ihre spezifischen Bed\u00fcrfnisse anpassen. Sie k\u00f6nnen beispielsweise spezielle Mahlzeiten und Getr\u00e4nke anfordern, Ausr\u00fcstung mitbringen, die auf kommerziellen Fl\u00fcgen nicht in der Kabine transportiert werden kann, <strong><em>mit Haustieren reisen<\/em><\/strong> &#8230;  <\/p>\n<p>Sie vermeiden au\u00dferdem die langen Check-in- und Sicherheitsschlangen, die oft an Verkehrsflugh\u00e4fen anzutreffen sind. Und da sie sich nicht an regul\u00e4re Flugpl\u00e4ne halten m\u00fcssen, k\u00f6nnen sie auf <strong><em>ihren<\/em><\/strong> Reisen insgesamt Zeit sparen. <\/p>\n<p>Um zu \u00fcberpr\u00fcfen, ob die Anmietung eines Privatjets f\u00fcr Ihr Unternehmen oder Ihre Freundesgruppe die beste Option ist, wenden Sie sich an <strong><em>WindyJets<\/em><\/strong>, um Informationen zu den Kosten f\u00fcr die Anmietung eines Privatjets und den Vorteilen, die wir Ihnen bieten k\u00f6nnen, anzufordern.<\/p>\n<p>[\/et_pb_text][\/et_pb_column][\/et_pb_section][et_pb_section fb_built=&#8220;1&#8243; admin_label=&#8220;Contactar&#8220; _builder_version=&#8220;4.21.0&#8243; _module_preset=&#8220;default&#8220; vertical_offset_tablet=&#8220;&#8220; vertical_offset_phone=&#8220;0px&#8220; vertical_offset_last_edited=&#8220;on|phone&#8220; top_divider_style=&#8220;curve2&#8243; top_divider_color=&#8220;#003890&#8243; top_divider_height=&#8220;39px&#8220; top_divider_repeat=&#8220;1x&#8220; top_divider_flip=&#8220;vertical&#8220; top_divider_arrangement=&#8220;above_content&#8220; top_divider_style_tablet=&#8220;curve&#8220; top_divider_style_phone=&#8220;curve&#8220; top_divider_style_last_edited=&#8220;on|phone&#8220; hover_enabled=&#8220;0&#8243; border_width_all=&#8220;4px&#8220; border_color_all=&#8220;#0C71C3&#8243; border_style_all=&#8220;outset&#8220; locked=&#8220;off&#8220; global_colors_info=&#8220;{}&#8220; sticky_enabled=&#8220;0&#8243;][et_pb_row _builder_version=&#8220;4.21.0&#8243; _module_preset=&#8220;default&#8220; global_colors_info=&#8220;{}&#8220;][et_pb_column type=&#8220;4_4&#8243; _builder_version=&#8220;4.21.0&#8243; _module_preset=&#8220;default&#8220; global_colors_info=&#8220;{}&#8220;][et_pb_text _builder_version=&#8220;4.21.0&#8243; _module_preset=&#8220;default&#8220; text_text_color=&#8220;#003890&#8243; text_font_size_tablet=&#8220;&#8220; text_font_size_phone=&#8220;34px&#8220; text_font_size_last_edited=&#8220;on|phone&#8220; global_colors_info=&#8220;{}&#8220;]<\/p>\n<p>Kontaktiere uns<\/p>\n<p>[\/et_pb_text][\/et_pb_column][\/et_pb_row][et_pb_row column_structure=&#8220;1_2,1_2&#8243; _builder_version=&#8220;4.21.0&#8243; _module_preset=&#8220;default&#8220; global_colors_info=&#8220;{}&#8220;][et_pb_column type=&#8220;1_2&#8243; _builder_version=&#8220;4.21.0&#8243; _module_preset=&#8220;default&#8220; global_colors_info=&#8220;{}&#8220;][et_pb_text _builder_version=&#8220;4.21.0&#8243; _module_preset=&#8220;default&#8220; text_text_color=&#8220;#003890&#8243; text_font_size=&#8220;22px&#8220; global_colors_info=&#8220;{}&#8220;]<\/p>\n<p>Kontaktieren Sie uns bei Fragen oder Anmerkungen zu unseren Leistungen f\u00fcr Privatflugreisen: Preise, Verf\u00fcgbarkeit, Zusatzleistungen&#8230;<\/p>\n<p>Wenn Sie ein Budget f\u00fcr die Anmietung eines Privatjets, einen Charter f\u00fcr eine Gruppe oder eine damit verbundene Dienstleistung w\u00fcnschen, k\u00f6nnen Sie uns \u00fcber das Formular oder per E-Mail kontaktieren:<\/p>\n<p>[\/et_pb_text][dsm_icon_list list_layout=&#8220;horizontal&#8220; list_alignment=&#8220;center&#8220; list_space_between=&#8220;51px&#8220; list_background=&#8220;RGBA(255,255,255,0)&#8220; _builder_version=&#8220;4.21.0&#8243; _module_preset=&#8220;default&#8220; module_alignment=&#8220;center&#8220; box_shadow_style=&#8220;preset1&#8243; global_colors_info=&#8220;{}&#8220;][dsm_icon_list_child text=&#8220;info@windyjets.com&#8220; font_icon=&#8220;&#xe010;||divi||400&#8243; icon_padding=&#8220;4px&#8220; icon_font_size=&#8220;27px&#8220; url=&#8220;mailto:info@windyjets.com&#8220; url_new_window=&#8220;on&#8220; _builder_version=&#8220;4.21.0&#8243; _module_preset=&#8220;default&#8220; text_text_color=&#8220;#003890&#8243; text_font_size=&#8220;18px&#8220; global_colors_info=&#8220;{}&#8220;][\/dsm_icon_list_child][\/dsm_icon_list][dsm_icon_list list_layout=&#8220;horizontal&#8220; list_alignment=&#8220;center&#8220; list_space_between=&#8220;51px&#8220; list_background=&#8220;RGBA(255,255,255,0)&#8220; _builder_version=&#8220;4.21.0&#8243; _module_preset=&#8220;default&#8220; module_alignment=&#8220;center&#8220; box_shadow_style=&#8220;preset1&#8243; global_colors_info=&#8220;{}&#8220;][dsm_icon_list_child text=&#8220;+34 626 680 092&#8243; font_icon=&#8220;&#xe090;||divi||400&#8243; icon_padding=&#8220;3px&#8220; icon_font_size=&#8220;29px&#8220; url=&#8220;tel:+34626680092&#8243; _builder_version=&#8220;4.21.0&#8243; _module_preset=&#8220;default&#8220; text_text_color=&#8220;#003890&#8243; global_colors_info=&#8220;{}&#8220;][\/dsm_icon_list_child][\/dsm_icon_list][et_pb_image src=&#8220;https:\/\/windyjets.com\/wp-content\/uploads\/2023\/05\/favicon.png&#8220; title_text=&#8220;favicon&#8220; align=&#8220;center&#8220; _builder_version=&#8220;4.21.0&#8243; _module_preset=&#8220;default&#8220; width=&#8220;44%&#8220; width_tablet=&#8220;44%&#8220; width_phone=&#8220;36%&#8220; width_last_edited=&#8220;on|phone&#8220; animation_style=&#8220;roll&#8220; locked=&#8220;off&#8220; global_colors_info=&#8220;{}&#8220;][\/et_pb_image][\/et_pb_column][et_pb_column type=&#8220;1_2&#8243; _builder_version=&#8220;4.21.0&#8243; _module_preset=&#8220;default&#8220; global_colors_info=&#8220;{}&#8220;][dvppl_cf7_styler form_padding=&#8220;1px|0px|1px|0px|false|false&#8220; use_form_button_fullwidth=&#8220;on&#8220; cf7=&#8220;216916&#8243; form_field_height=&#8220;35px&#8220; form_field_spacing=&#8220;0px&#8220; form_label_spacing=&#8220;0px&#8220; cr_custom_styles=&#8220;on&#8220; cr_size=&#8220;26px&#8220; cr_selected_color=&#8220;#003890&#8243; _builder_version=&#8220;4.21.0&#8243; _module_preset=&#8220;default&#8220; placeholder_text_color=&#8220;#003890&#8243; placeholder_font_size=&#8220;16px&#8220; placeholder_line_height=&#8220;1em&#8220; custom_submit_button=&#8220;on&#8220; submit_button_text_color=&#8220;#003890&#8243; submit_button_border_radius=&#8220;0px&#8220; border_radii_field=&#8220;on|20px|20px|20px|20px&#8220; border_color_all_field=&#8220;#003890&#8243; border_style_all_field=&#8220;dashed&#8220; global_colors_info=&#8220;{}&#8220;][\/dvppl_cf7_styler][et_pb_text _builder_version=&#8220;4.21.0&#8243; _module_preset=&#8220;default&#8220; text_font=&#8220;||||||||&#8220; text_font_size=&#8220;14px&#8220; locked=&#8220;off&#8220; global_colors_info=&#8220;{}&#8220;]<\/p>\n<p style=\"text-align: left;\">* Pflichtfeld Mit dem Absenden der Nachricht \u00fcber unser Formular akzeptieren Sie unsere <a href=\"\" target=\"\" rel=\"noopener\">Datenschutzbestimmungen.<\/a><\/p>\n<p>This site is protected by reCAPTCHA and the Google. <a href=\"https:\/\/policies.google.com\/privacy\" rel=\"nofollow\">Privacy Policy<\/a> and <a href=\"https:\/\/policies.google.com\/terms\" rel=\"nofollow\">Terms of Service<\/a> apply.<\/p>\n<p>[\/et_pb_text][\/et_pb_column][\/et_pb_row][\/et_pb_section]<\/p>\n","protected":false},"excerpt":{"rendered":"<p>Unternehmen und private Gruppen, die privat reisen, haben die M\u00f6glichkeit, ein Flugzeug f\u00fcr den privaten Gebrauch zu mieten, ohne den Raum mit anderen Reisenden zu teilen.<\/p>\n","protected":false},"author":2,"featured_media":219534,"parent":0,"menu_order":0,"comment_status":"closed","ping_status":"closed","template":"","meta":{"_et_pb_use_builder":"on","_et_pb_old_content":"","_et_gb_content_width":"","footnotes":""},"class_list":["post-219627","page","type-page","status-publish","has-post-thumbnail","hentry"],"yoast_head":"<!-- This site is optimized with the Yoast SEO plugin v22.6 - https:\/\/yoast.com\/wordpress\/plugins\/seo\/ -->\n<title>Privatfl\u00fcge f\u00fcr Gruppen - Charter f\u00fcr Gruppen - WindyJets<\/title>\n<meta name=\"description\" content=\"Mieten Sie Privatfl\u00fcge f\u00fcr Gruppen auf der ganzen Welt. Vermietung von Verkehrsflugzeugen f\u00fcr mehr als 20 Passagiere auf Gesch\u00e4fts- oder Urlaubsreise\" \/>\n<meta name=\"robots\" content=\"index, follow, max-snippet:-1, max-image-preview:large, max-video-preview:-1\" \/>\n<link rel=\"canonical\" href=\"https:\/\/windyjets.com\/de\/fluege-fuer-gruppen\/\" \/>\n<meta property=\"og:locale\" content=\"de_DE\" \/>\n<meta property=\"og:type\" content=\"article\" \/>\n<meta property=\"og:title\" content=\"Privatfl\u00fcge f\u00fcr Gruppen - Charter f\u00fcr Gruppen - WindyJets\" \/>\n<meta property=\"og:description\" content=\"Mieten Sie Privatfl\u00fcge f\u00fcr Gruppen auf der ganzen Welt. Vermietung von Verkehrsflugzeugen f\u00fcr mehr als 20 Passagiere auf Gesch\u00e4fts- oder Urlaubsreise\" \/>\n<meta property=\"og:url\" content=\"https:\/\/windyjets.com\/de\/fluege-fuer-gruppen\/\" \/>\n<meta property=\"og:site_name\" content=\"WindyJets\" \/>\n<meta property=\"article:modified_time\" content=\"2023-07-12T08:42:46+00:00\" \/>\n<meta property=\"og:image\" content=\"https:\/\/windyjets.com\/wp-content\/uploads\/2023\/05\/Dornier_328_Flybe.jpg\" \/>\n\t<meta property=\"og:image:width\" content=\"1315\" \/>\n\t<meta property=\"og:image:height\" content=\"770\" \/>\n\t<meta property=\"og:image:type\" content=\"image\/jpeg\" \/>\n<meta name=\"twitter:card\" content=\"summary_large_image\" \/>\n<meta name=\"twitter:label1\" content=\"Gesch\u00e4tzte Lesezeit\" \/>\n\t<meta name=\"twitter:data1\" content=\"8\u00a0Minuten\" \/>\n<script type=\"application\/ld+json\" class=\"yoast-schema-graph\">{\"@context\":\"https:\/\/schema.org\",\"@graph\":[{\"@type\":\"WebPage\",\"@id\":\"https:\/\/windyjets.com\/de\/fluege-fuer-gruppen\/\",\"url\":\"https:\/\/windyjets.com\/de\/fluege-fuer-gruppen\/\",\"name\":\"Privatfl\u00fcge f\u00fcr Gruppen - Charter f\u00fcr Gruppen - WindyJets\",\"isPartOf\":{\"@id\":\"https:\/\/windyjets.com\/de\/#website\"},\"primaryImageOfPage\":{\"@id\":\"https:\/\/windyjets.com\/de\/fluege-fuer-gruppen\/#primaryimage\"},\"image\":{\"@id\":\"https:\/\/windyjets.com\/de\/fluege-fuer-gruppen\/#primaryimage\"},\"thumbnailUrl\":\"https:\/\/windyjets.com\/wp-content\/uploads\/2023\/05\/Dornier_328_Flybe.jpg\",\"datePublished\":\"2023-05-05T04:55:00+00:00\",\"dateModified\":\"2023-07-12T08:42:46+00:00\",\"description\":\"Mieten Sie Privatfl\u00fcge f\u00fcr Gruppen auf der ganzen Welt. Vermietung von Verkehrsflugzeugen f\u00fcr mehr als 20 Passagiere auf Gesch\u00e4fts- oder Urlaubsreise\",\"breadcrumb\":{\"@id\":\"https:\/\/windyjets.com\/de\/fluege-fuer-gruppen\/#breadcrumb\"},\"inLanguage\":\"de\",\"potentialAction\":[{\"@type\":\"ReadAction\",\"target\":[\"https:\/\/windyjets.com\/de\/fluege-fuer-gruppen\/\"]}]},{\"@type\":\"ImageObject\",\"inLanguage\":\"de\",\"@id\":\"https:\/\/windyjets.com\/de\/fluege-fuer-gruppen\/#primaryimage\",\"url\":\"https:\/\/windyjets.com\/wp-content\/uploads\/2023\/05\/Dornier_328_Flybe.jpg\",\"contentUrl\":\"https:\/\/windyjets.com\/wp-content\/uploads\/2023\/05\/Dornier_328_Flybe.jpg\",\"width\":1315,\"height\":770},{\"@type\":\"BreadcrumbList\",\"@id\":\"https:\/\/windyjets.com\/de\/fluege-fuer-gruppen\/#breadcrumb\",\"itemListElement\":[{\"@type\":\"ListItem\",\"position\":1,\"name\":\"Portada\",\"item\":\"https:\/\/windyjets.com\/de\/privatjet-vermietung\/\"},{\"@type\":\"ListItem\",\"position\":2,\"name\":\"Gruppenfl\u00fcge\"}]},{\"@type\":\"WebSite\",\"@id\":\"https:\/\/windyjets.com\/de\/#website\",\"url\":\"https:\/\/windyjets.com\/de\/\",\"name\":\"WindyJets\",\"description\":\"Alquiler Jets Privados\",\"publisher\":{\"@id\":\"https:\/\/windyjets.com\/de\/#organization\"},\"alternateName\":\"Windy Jets\",\"potentialAction\":[{\"@type\":\"SearchAction\",\"target\":{\"@type\":\"EntryPoint\",\"urlTemplate\":\"https:\/\/windyjets.com\/de\/?s={search_term_string}\"},\"query-input\":\"required name=search_term_string\"}],\"inLanguage\":\"de\"},{\"@type\":\"Organization\",\"@id\":\"https:\/\/windyjets.com\/de\/#organization\",\"name\":\"WindyJets\",\"alternateName\":\"Windy Jets\",\"url\":\"https:\/\/windyjets.com\/de\/\",\"logo\":{\"@type\":\"ImageObject\",\"inLanguage\":\"de\",\"@id\":\"https:\/\/windyjets.com\/de\/#\/schema\/logo\/image\/\",\"url\":\"https:\/\/windyjets.com\/wp-content\/uploads\/2023\/05\/logo-windyjets.png\",\"contentUrl\":\"https:\/\/windyjets.com\/wp-content\/uploads\/2023\/05\/logo-windyjets.png\",\"width\":1400,\"height\":250,\"caption\":\"WindyJets\"},\"image\":{\"@id\":\"https:\/\/windyjets.com\/de\/#\/schema\/logo\/image\/\"}}]}<\/script>\n<!-- \/ Yoast SEO plugin. -->","yoast_head_json":{"title":"Privatfl\u00fcge f\u00fcr Gruppen - Charter f\u00fcr Gruppen - WindyJets","description":"Mieten Sie Privatfl\u00fcge f\u00fcr Gruppen auf der ganzen Welt. Vermietung von Verkehrsflugzeugen f\u00fcr mehr als 20 Passagiere auf Gesch\u00e4fts- oder Urlaubsreise","robots":{"index":"index","follow":"follow","max-snippet":"max-snippet:-1","max-image-preview":"max-image-preview:large","max-video-preview":"max-video-preview:-1"},"canonical":"https:\/\/windyjets.com\/de\/fluege-fuer-gruppen\/","og_locale":"de_DE","og_type":"article","og_title":"Privatfl\u00fcge f\u00fcr Gruppen - Charter f\u00fcr Gruppen - WindyJets","og_description":"Mieten Sie Privatfl\u00fcge f\u00fcr Gruppen auf der ganzen Welt. Vermietung von Verkehrsflugzeugen f\u00fcr mehr als 20 Passagiere auf Gesch\u00e4fts- oder Urlaubsreise","og_url":"https:\/\/windyjets.com\/de\/fluege-fuer-gruppen\/","og_site_name":"WindyJets","article_modified_time":"2023-07-12T08:42:46+00:00","og_image":[{"width":1315,"height":770,"url":"https:\/\/windyjets.com\/wp-content\/uploads\/2023\/05\/Dornier_328_Flybe.jpg","type":"image\/jpeg"}],"twitter_card":"summary_large_image","twitter_misc":{"Gesch\u00e4tzte Lesezeit":"8\u00a0Minuten"},"schema":{"@context":"https:\/\/schema.org","@graph":[{"@type":"WebPage","@id":"https:\/\/windyjets.com\/de\/fluege-fuer-gruppen\/","url":"https:\/\/windyjets.com\/de\/fluege-fuer-gruppen\/","name":"Privatfl\u00fcge f\u00fcr Gruppen - Charter f\u00fcr Gruppen - WindyJets","isPartOf":{"@id":"https:\/\/windyjets.com\/de\/#website"},"primaryImageOfPage":{"@id":"https:\/\/windyjets.com\/de\/fluege-fuer-gruppen\/#primaryimage"},"image":{"@id":"https:\/\/windyjets.com\/de\/fluege-fuer-gruppen\/#primaryimage"},"thumbnailUrl":"https:\/\/windyjets.com\/wp-content\/uploads\/2023\/05\/Dornier_328_Flybe.jpg","datePublished":"2023-05-05T04:55:00+00:00","dateModified":"2023-07-12T08:42:46+00:00","description":"Mieten Sie Privatfl\u00fcge f\u00fcr Gruppen auf der ganzen Welt. Vermietung von Verkehrsflugzeugen f\u00fcr mehr als 20 Passagiere auf Gesch\u00e4fts- oder Urlaubsreise","breadcrumb":{"@id":"https:\/\/windyjets.com\/de\/fluege-fuer-gruppen\/#breadcrumb"},"inLanguage":"de","potentialAction":[{"@type":"ReadAction","target":["https:\/\/windyjets.com\/de\/fluege-fuer-gruppen\/"]}]},{"@type":"ImageObject","inLanguage":"de","@id":"https:\/\/windyjets.com\/de\/fluege-fuer-gruppen\/#primaryimage","url":"https:\/\/windyjets.com\/wp-content\/uploads\/2023\/05\/Dornier_328_Flybe.jpg","contentUrl":"https:\/\/windyjets.com\/wp-content\/uploads\/2023\/05\/Dornier_328_Flybe.jpg","width":1315,"height":770},{"@type":"BreadcrumbList","@id":"https:\/\/windyjets.com\/de\/fluege-fuer-gruppen\/#breadcrumb","itemListElement":[{"@type":"ListItem","position":1,"name":"Portada","item":"https:\/\/windyjets.com\/de\/privatjet-vermietung\/"},{"@type":"ListItem","position":2,"name":"Gruppenfl\u00fcge"}]},{"@type":"WebSite","@id":"https:\/\/windyjets.com\/de\/#website","url":"https:\/\/windyjets.com\/de\/","name":"WindyJets","description":"Alquiler Jets Privados","publisher":{"@id":"https:\/\/windyjets.com\/de\/#organization"},"alternateName":"Windy Jets","potentialAction":[{"@type":"SearchAction","target":{"@type":"EntryPoint","urlTemplate":"https:\/\/windyjets.com\/de\/?s={search_term_string}"},"query-input":"required name=search_term_string"}],"inLanguage":"de"},{"@type":"Organization","@id":"https:\/\/windyjets.com\/de\/#organization","name":"WindyJets","alternateName":"Windy Jets","url":"https:\/\/windyjets.com\/de\/","logo":{"@type":"ImageObject","inLanguage":"de","@id":"https:\/\/windyjets.com\/de\/#\/schema\/logo\/image\/","url":"https:\/\/windyjets.com\/wp-content\/uploads\/2023\/05\/logo-windyjets.png","contentUrl":"https:\/\/windyjets.com\/wp-content\/uploads\/2023\/05\/logo-windyjets.png","width":1400,"height":250,"caption":"WindyJets"},"image":{"@id":"https:\/\/windyjets.com\/de\/#\/schema\/logo\/image\/"}}]}},"_links":{"self":[{"href":"https:\/\/windyjets.com\/de\/wp-json\/wp\/v2\/pages\/219627","targetHints":{"allow":["GET"]}}],"collection":[{"href":"https:\/\/windyjets.com\/de\/wp-json\/wp\/v2\/pages"}],"about":[{"href":"https:\/\/windyjets.com\/de\/wp-json\/wp\/v2\/types\/page"}],"author":[{"embeddable":true,"href":"https:\/\/windyjets.com\/de\/wp-json\/wp\/v2\/users\/2"}],"replies":[{"embeddable":true,"href":"https:\/\/windyjets.com\/de\/wp-json\/wp\/v2\/comments?post=219627"}],"version-history":[{"count":5,"href":"https:\/\/windyjets.com\/de\/wp-json\/wp\/v2\/pages\/219627\/revisions"}],"predecessor-version":[{"id":225344,"href":"https:\/\/windyjets.com\/de\/wp-json\/wp\/v2\/pages\/219627\/revisions\/225344"}],"wp:featuredmedia":[{"embeddable":true,"href":"https:\/\/windyjets.com\/de\/wp-json\/wp\/v2\/media\/219534"}],"wp:attachment":[{"href":"https:\/\/windyjets.com\/de\/wp-json\/wp\/v2\/media?parent=219627"}],"curies":[{"name":"wp","href":"https:\/\/api.w.org\/{rel}","templated":true}]}}