{"id":219702,"date":"2023-05-07T07:25:28","date_gmt":"2023-05-07T07:25:28","guid":{"rendered":"https:\/\/windyjets.com\/reiseziele\/"},"modified":"2023-06-29T13:07:49","modified_gmt":"2023-06-29T13:07:49","slug":"reiseziele","status":"publish","type":"page","link":"https:\/\/windyjets.com\/de\/reiseziele\/","title":{"rendered":"Reiseziele"},"content":{"rendered":"<p>[et_pb_section fb_built=&#8220;1&#8243; next_background_color=&#8220;#ffffff&#8220; _builder_version=&#8220;4.21.0&#8243; _module_preset=&#8220;default&#8220; background_image=&#8220;https:\/\/windyjets.com\/wp-content\/uploads\/2023\/05\/plane-723900_1920.jpg&#8220; min_height=&#8220;400px&#8220; bottom_divider_style=&#8220;curve&#8220; global_colors_info=&#8220;{}&#8220;][et_pb_row _builder_version=&#8220;4.21.0&#8243; _module_preset=&#8220;default&#8220; global_colors_info=&#8220;{}&#8220;][et_pb_column type=&#8220;4_4&#8243; _builder_version=&#8220;4.21.0&#8243; _module_preset=&#8220;default&#8220; global_colors_info=&#8220;{}&#8220;][et_pb_text _builder_version=&#8220;4.21.0&#8243; _module_preset=&#8220;default&#8220; header_text_color=&#8220;#ffffff&#8220; header_font_size=&#8220;62px&#8220; hover_enabled=&#8220;0&#8243; sticky_enabled=&#8220;0&#8243;]<\/p>\n<h1>Reiseziele und Veranstaltungen<\/h1>\n<p>[\/et_pb_text][\/et_pb_column][\/et_pb_row][\/et_pb_section][et_pb_section fb_built=&#8220;1&#8243; _builder_version=&#8220;4.21.0&#8243; _module_preset=&#8220;default&#8220; height=&#8220;279px&#8220; global_colors_info=&#8220;{}&#8220;][et_pb_row _builder_version=&#8220;4.21.0&#8243; _module_preset=&#8220;default&#8220; background_color=&#8220;#FFFFFF&#8220; vertical_offset=&#8220;-127px&#8220; global_colors_info=&#8220;{}&#8220;][et_pb_column type=&#8220;4_4&#8243; _builder_version=&#8220;4.21.0&#8243; _module_preset=&#8220;default&#8220; global_colors_info=&#8220;{}&#8220;][et_pb_text _builder_version=&#8220;4.21.0&#8243; _module_preset=&#8220;default&#8220; header_2_font=&#8220;|600|||||||&#8220; header_2_text_color=&#8220;#003980&#8243; header_2_font_size=&#8220;35px&#8220; hover_enabled=&#8220;0&#8243; global_colors_info=&#8220;{}&#8220; sticky_enabled=&#8220;0&#8243;]<\/p>\n<h2>Wohin kann man mit einem Privatjet reisen?<\/h2>\n<p>[\/et_pb_text][et_pb_text _builder_version=&#8220;4.21.0&#8243; _module_preset=&#8220;default&#8220; text_font=&#8220;||||||||&#8220; text_text_color=&#8220;#003890&#8243; text_font_size=&#8220;18px&#8220; custom_padding=&#8220;2px|||||&#8220; global_colors_info=&#8220;{}&#8220;]<\/p>\n<p style=\"text-align: left;\">Sie k\u00f6nnen mit dem <strong>Privatjet<\/strong> zu den unterschiedlichsten Zielen reisen. Gro\u00dfst\u00e4dte und urbane Zentren: New York, London, Paris, Tokio, Dubai&#8230; <\/p>\n<p style=\"text-align: left;\"><span style=\"font-size: 18px;\">Die Anmietung eines <strong>Privatflugzeugs<\/strong>, um unter anderem die Str\u00e4nde der Karibik, S\u00fcdspaniens, S\u00fcdfrankreichs und Balis zu erreichen, verleiht dem Reisevergn\u00fcgen eine neue Dimension.<\/span><\/p>\n<p style=\"text-align: left;\"><strong>Das Fliegen mit Privatjets zu entlegenen Zielen<\/strong>, wie den Inseln im S\u00fcdpazifik, Polarregionen oder Safaris in Afrika, macht das Reisemanagement so einfach wie m\u00f6glich.<\/p>\n<p style=\"text-align: left;\"><strong>Eine Gesch\u00e4ftsreise im Privatflugzeug<\/strong> zu internationalen Gesch\u00e4ftszentren und Veranstaltungen erleichtert die Logistik und spart wertvolle Zeit bei Abl\u00e4ufen und Transfers.<\/p>\n<p style=\"text-align: left;\">Ein Privatjet landet auf kleineren und weniger frequentierten Flugh\u00e4fen und kann daher \u00fcberall auf der Welt landen.<\/p>\n<p>[\/et_pb_text][\/et_pb_column][\/et_pb_row][\/et_pb_section][et_pb_section fb_built=&#8220;1&#8243; _builder_version=&#8220;4.21.0&#8243; _module_preset=&#8220;default&#8220; background_image=&#8220;https:\/\/windyjets.com\/wp-content\/uploads\/2023\/05\/favicon-blanc-fons.png&#8220; parallax=&#8220;off&#8220; background_size=&#8220;contain&#8220; global_colors_info=&#8220;{}&#8220;][et_pb_row _builder_version=&#8220;4.21.0&#8243; _module_preset=&#8220;default&#8220; global_colors_info=&#8220;{}&#8220;][et_pb_column type=&#8220;4_4&#8243; _builder_version=&#8220;4.21.0&#8243; _module_preset=&#8220;default&#8220; global_colors_info=&#8220;{}&#8220;][ba_post_list include_categories=&#8220;23&#8243; order_by=&#8220;title&#8220; posts_number=&#8220;50&#8243; post_offset=&#8220;-1&#8243; show_excerpt=&#8220;off&#8220; list_type=&#8220;grid&#8220; items=&#8220;5&#8243; item_spacing=&#8220;6px&#8220; alignment=&#8220;center&#8220; image_width=&#8220;190px&#8220; image_height=&#8220;120px&#8220; image_spacing=&#8220;14px&#8220; items_tablet=&#8220;3&#8243; items_phone=&#8220;2&#8243; items_last_edited=&#8220;on|phone&#8220; image_width_tablet=&#8220;190px&#8220; image_width_phone=&#8220;140px&#8220; image_width_last_edited=&#8220;on|phone&#8220; image_height_tablet=&#8220;120px&#8220; image_height_phone=&#8220;120px&#8220; image_height_last_edited=&#8220;on|desktop&#8220; _builder_version=&#8220;4.21.0&#8243; _module_preset=&#8220;default&#8220; title_font_size=&#8220;18px&#8220; custom_margin=&#8220;-60px||||false|false&#8220; custom_margin_tablet=&#8220;-60px||||false|false&#8220; custom_margin_phone=&#8220;-60px|||-20px|false|false&#8220; custom_margin_last_edited=&#8220;on|phone&#8220; title_font_size_tablet=&#8220;18px&#8220; title_font_size_phone=&#8220;18px&#8220; title_font_size_last_edited=&#8220;on|phone&#8220; border_radii_image=&#8220;on|12px|12px|12px|12px&#8220; border_width_all_image=&#8220;30px&#8220; locked=&#8220;off&#8220; global_colors_info=&#8220;{}&#8220;][\/ba_post_list][\/et_pb_column][\/et_pb_row][\/et_pb_section][et_pb_section fb_built=&#8220;1&#8243; admin_label=&#8220;Contactar&#8220; _builder_version=&#8220;4.21.0&#8243; _module_preset=&#8220;default&#8220; vertical_offset_tablet=&#8220;&#8220; vertical_offset_phone=&#8220;0px&#8220; vertical_offset_last_edited=&#8220;on|phone&#8220; top_divider_style=&#8220;curve2&#8243; top_divider_color=&#8220;#003890&#8243; top_divider_height=&#8220;39px&#8220; top_divider_repeat=&#8220;1x&#8220; top_divider_flip=&#8220;vertical&#8220; top_divider_arrangement=&#8220;above_content&#8220; top_divider_style_tablet=&#8220;curve&#8220; top_divider_style_phone=&#8220;curve&#8220; top_divider_style_last_edited=&#8220;on|phone&#8220; border_width_all=&#8220;4px&#8220; border_color_all=&#8220;#0C71C3&#8243; border_style_all=&#8220;outset&#8220; locked=&#8220;off&#8220; global_colors_info=&#8220;{}&#8220;][et_pb_row _builder_version=&#8220;4.21.0&#8243; _module_preset=&#8220;default&#8220; global_colors_info=&#8220;{}&#8220;][et_pb_column type=&#8220;4_4&#8243; _builder_version=&#8220;4.21.0&#8243; _module_preset=&#8220;default&#8220; global_colors_info=&#8220;{}&#8220;][et_pb_text _builder_version=&#8220;4.21.0&#8243; _module_preset=&#8220;default&#8220; text_text_color=&#8220;#003890&#8243; text_font_size_tablet=&#8220;&#8220; text_font_size_phone=&#8220;34px&#8220; text_font_size_last_edited=&#8220;on|phone&#8220; global_colors_info=&#8220;{}&#8220;]<\/p>\n<p>Kontaktiere uns<\/p>\n<p>[\/et_pb_text][\/et_pb_column][\/et_pb_row][et_pb_row column_structure=&#8220;1_2,1_2&#8243; _builder_version=&#8220;4.21.0&#8243; _module_preset=&#8220;default&#8220; global_colors_info=&#8220;{}&#8220;][et_pb_column type=&#8220;1_2&#8243; _builder_version=&#8220;4.21.0&#8243; _module_preset=&#8220;default&#8220; global_colors_info=&#8220;{}&#8220;][et_pb_text _builder_version=&#8220;4.21.0&#8243; _module_preset=&#8220;default&#8220; text_text_color=&#8220;#003890&#8243; text_font_size=&#8220;22px&#8220; global_colors_info=&#8220;{}&#8220;]<\/p>\n<p>Kontaktieren Sie uns bei Fragen oder Anmerkungen zu unseren Leistungen f\u00fcr Privatflugreisen: Preise, Verf\u00fcgbarkeit, Zusatzleistungen&#8230;<\/p>\n<p>Wenn Sie ein Budget f\u00fcr die Anmietung eines Privatjets, einen Charter f\u00fcr eine Gruppe oder eine damit verbundene Dienstleistung w\u00fcnschen, k\u00f6nnen Sie uns \u00fcber das Formular oder per E-Mail kontaktieren:<\/p>\n<p>[\/et_pb_text][dsm_icon_list list_layout=&#8220;horizontal&#8220; list_alignment=&#8220;center&#8220; list_space_between=&#8220;51px&#8220; list_background=&#8220;RGBA(255,255,255,0)&#8220; _builder_version=&#8220;4.21.0&#8243; _module_preset=&#8220;default&#8220; module_alignment=&#8220;center&#8220; box_shadow_style=&#8220;preset1&#8243; global_colors_info=&#8220;{}&#8220;][dsm_icon_list_child text=&#8220;info@windyjets.com&#8220; font_icon=&#8220;&#xe010;||divi||400&#8243; icon_padding=&#8220;4px&#8220; icon_font_size=&#8220;27px&#8220; url=&#8220;mailto:info@windyjets.com&#8220; url_new_window=&#8220;on&#8220; _builder_version=&#8220;4.21.0&#8243; _module_preset=&#8220;default&#8220; text_text_color=&#8220;#003890&#8243; text_font_size=&#8220;18px&#8220; global_colors_info=&#8220;{}&#8220;][\/dsm_icon_list_child][\/dsm_icon_list][dsm_icon_list list_layout=&#8220;horizontal&#8220; list_alignment=&#8220;center&#8220; list_space_between=&#8220;51px&#8220; list_background=&#8220;RGBA(255,255,255,0)&#8220; _builder_version=&#8220;4.21.0&#8243; _module_preset=&#8220;default&#8220; module_alignment=&#8220;center&#8220; box_shadow_style=&#8220;preset1&#8243; global_colors_info=&#8220;{}&#8220;][dsm_icon_list_child text=&#8220;+34 626 680 092&#8243; font_icon=&#8220;&#xe090;||divi||400&#8243; icon_padding=&#8220;3px&#8220; icon_font_size=&#8220;29px&#8220; url=&#8220;tel:+34626680092&#8243; _builder_version=&#8220;4.21.0&#8243; _module_preset=&#8220;default&#8220; text_text_color=&#8220;#003890&#8243; global_colors_info=&#8220;{}&#8220;][\/dsm_icon_list_child][\/dsm_icon_list][et_pb_image src=&#8220;https:\/\/windyjets.com\/wp-content\/uploads\/2023\/05\/favicon.png&#8220; title_text=&#8220;favicon&#8220; align=&#8220;center&#8220; _builder_version=&#8220;4.21.0&#8243; _module_preset=&#8220;default&#8220; width=&#8220;44%&#8220; width_tablet=&#8220;44%&#8220; width_phone=&#8220;36%&#8220; width_last_edited=&#8220;on|phone&#8220; animation_style=&#8220;roll&#8220; locked=&#8220;off&#8220; global_colors_info=&#8220;{}&#8220;][\/et_pb_image][\/et_pb_column][et_pb_column type=&#8220;1_2&#8243; _builder_version=&#8220;4.21.0&#8243; _module_preset=&#8220;default&#8220; global_colors_info=&#8220;{}&#8220;][dvppl_cf7_styler form_padding=&#8220;1px|0px|1px|0px|false|false&#8220; use_form_button_fullwidth=&#8220;on&#8220; cf7=&#8220;216916&#8243; form_field_height=&#8220;35px&#8220; form_field_spacing=&#8220;0px&#8220; form_label_spacing=&#8220;0px&#8220; cr_custom_styles=&#8220;on&#8220; cr_size=&#8220;26px&#8220; cr_selected_color=&#8220;#003890&#8243; _builder_version=&#8220;4.21.0&#8243; _module_preset=&#8220;default&#8220; placeholder_text_color=&#8220;#003890&#8243; placeholder_font_size=&#8220;16px&#8220; placeholder_line_height=&#8220;1em&#8220; custom_submit_button=&#8220;on&#8220; submit_button_text_color=&#8220;#003890&#8243; submit_button_border_radius=&#8220;0px&#8220; border_radii_field=&#8220;on|20px|20px|20px|20px&#8220; border_color_all_field=&#8220;#003890&#8243; border_style_all_field=&#8220;dashed&#8220; global_colors_info=&#8220;{}&#8220;][\/dvppl_cf7_styler][et_pb_text _builder_version=&#8220;4.21.0&#8243; _module_preset=&#8220;default&#8220; text_font=&#8220;||||||||&#8220; text_font_size=&#8220;14px&#8220; locked=&#8220;off&#8220; global_colors_info=&#8220;{}&#8220;]<\/p>\n<p style=\"text-align: left;\">* Pflichtfeld Mit dem Absenden der Nachricht \u00fcber unser Formular akzeptieren Sie unsere <a href=\"\" target=\"\" rel=\"noopener\">Datenschutzbestimmungen.<\/a><\/p>\n<p>This site is protected by reCAPTCHA and the Google. <a href=\"https:\/\/policies.google.com\/privacy\" rel=\"nofollow\">Privacy Policy<\/a> and <a href=\"https:\/\/policies.google.com\/terms\" rel=\"nofollow\">Terms of Service<\/a> apply.<\/p>\n<p>[\/et_pb_text][\/et_pb_column][\/et_pb_row][\/et_pb_section]<\/p>\n","protected":false},"excerpt":{"rendered":"<p>Das Chartern eines Privatflugzeugs, um unter anderem die Str\u00e4nde der Karibik, S\u00fcdspaniens, S\u00fcdfrankreichs und Balis zu erreichen, verleiht dem Reisevergn\u00fcgen eine neue Dimension.<\/p>\n","protected":false},"author":2,"featured_media":218468,"parent":0,"menu_order":0,"comment_status":"closed","ping_status":"closed","template":"","meta":{"_et_pb_use_builder":"on","_et_pb_old_content":"","_et_gb_content_width":"","footnotes":""},"class_list":["post-219702","page","type-page","status-publish","has-post-thumbnail","hentry"],"yoast_head":"<!-- This site is optimized with the Yoast SEO plugin v22.6 - https:\/\/yoast.com\/wordpress\/plugins\/seo\/ -->\n<title>Die besten Reiseziele zum Fliegen mit einem Privatjet \u2013 WindyJets<\/title>\n<meta name=\"description\" content=\"Mit dem Privatjet in jedes Land der Welt zu reisen ist ein Vergn\u00fcgen, das Sie sich nicht entgehen lassen sollten. Entdecken Sie die gefragtesten Ziele in der Privatfliegerei.\" \/>\n<meta name=\"robots\" content=\"index, follow, max-snippet:-1, max-image-preview:large, max-video-preview:-1\" \/>\n<link rel=\"canonical\" href=\"https:\/\/windyjets.com\/de\/reiseziele\/\" \/>\n<meta property=\"og:locale\" content=\"de_DE\" \/>\n<meta property=\"og:type\" content=\"article\" \/>\n<meta property=\"og:title\" content=\"Die besten Reiseziele zum Fliegen mit einem Privatjet \u2013 WindyJets\" \/>\n<meta property=\"og:description\" content=\"Mit dem Privatjet in jedes Land der Welt zu reisen ist ein Vergn\u00fcgen, das Sie sich nicht entgehen lassen sollten. Entdecken Sie die gefragtesten Ziele in der Privatfliegerei.\" \/>\n<meta property=\"og:url\" content=\"https:\/\/windyjets.com\/de\/reiseziele\/\" \/>\n<meta property=\"og:site_name\" content=\"WindyJets\" \/>\n<meta property=\"article:modified_time\" content=\"2023-06-29T13:07:49+00:00\" \/>\n<meta property=\"og:image\" content=\"https:\/\/windyjets.com\/wp-content\/uploads\/2023\/05\/plane-723900_1920.jpg\" \/>\n\t<meta property=\"og:image:width\" content=\"1920\" \/>\n\t<meta property=\"og:image:height\" content=\"1440\" \/>\n\t<meta property=\"og:image:type\" content=\"image\/jpeg\" \/>\n<meta name=\"twitter:card\" content=\"summary_large_image\" \/>\n<meta name=\"twitter:label1\" content=\"Gesch\u00e4tzte Lesezeit\" \/>\n\t<meta name=\"twitter:data1\" content=\"6\u00a0Minuten\" \/>\n<script type=\"application\/ld+json\" class=\"yoast-schema-graph\">{\"@context\":\"https:\/\/schema.org\",\"@graph\":[{\"@type\":\"WebPage\",\"@id\":\"https:\/\/windyjets.com\/de\/reiseziele\/\",\"url\":\"https:\/\/windyjets.com\/de\/reiseziele\/\",\"name\":\"Die besten Reiseziele zum Fliegen mit einem Privatjet \u2013 WindyJets\",\"isPartOf\":{\"@id\":\"https:\/\/windyjets.com\/de\/#website\"},\"primaryImageOfPage\":{\"@id\":\"https:\/\/windyjets.com\/de\/reiseziele\/#primaryimage\"},\"image\":{\"@id\":\"https:\/\/windyjets.com\/de\/reiseziele\/#primaryimage\"},\"thumbnailUrl\":\"https:\/\/windyjets.com\/wp-content\/uploads\/2023\/05\/plane-723900_1920.jpg\",\"datePublished\":\"2023-05-07T07:25:28+00:00\",\"dateModified\":\"2023-06-29T13:07:49+00:00\",\"description\":\"Mit dem Privatjet in jedes Land der Welt zu reisen ist ein Vergn\u00fcgen, das Sie sich nicht entgehen lassen sollten. Entdecken Sie die gefragtesten Ziele in der Privatfliegerei.\",\"breadcrumb\":{\"@id\":\"https:\/\/windyjets.com\/de\/reiseziele\/#breadcrumb\"},\"inLanguage\":\"de\",\"potentialAction\":[{\"@type\":\"ReadAction\",\"target\":[\"https:\/\/windyjets.com\/de\/reiseziele\/\"]}]},{\"@type\":\"ImageObject\",\"inLanguage\":\"de\",\"@id\":\"https:\/\/windyjets.com\/de\/reiseziele\/#primaryimage\",\"url\":\"https:\/\/windyjets.com\/wp-content\/uploads\/2023\/05\/plane-723900_1920.jpg\",\"contentUrl\":\"https:\/\/windyjets.com\/wp-content\/uploads\/2023\/05\/plane-723900_1920.jpg\",\"width\":1920,\"height\":1440},{\"@type\":\"BreadcrumbList\",\"@id\":\"https:\/\/windyjets.com\/de\/reiseziele\/#breadcrumb\",\"itemListElement\":[{\"@type\":\"ListItem\",\"position\":1,\"name\":\"Portada\",\"item\":\"https:\/\/windyjets.com\/de\/privatjet-vermietung\/\"},{\"@type\":\"ListItem\",\"position\":2,\"name\":\"Reiseziele\"}]},{\"@type\":\"WebSite\",\"@id\":\"https:\/\/windyjets.com\/de\/#website\",\"url\":\"https:\/\/windyjets.com\/de\/\",\"name\":\"WindyJets\",\"description\":\"Alquiler Jets Privados\",\"publisher\":{\"@id\":\"https:\/\/windyjets.com\/de\/#organization\"},\"alternateName\":\"Windy Jets\",\"potentialAction\":[{\"@type\":\"SearchAction\",\"target\":{\"@type\":\"EntryPoint\",\"urlTemplate\":\"https:\/\/windyjets.com\/de\/?s={search_term_string}\"},\"query-input\":\"required name=search_term_string\"}],\"inLanguage\":\"de\"},{\"@type\":\"Organization\",\"@id\":\"https:\/\/windyjets.com\/de\/#organization\",\"name\":\"WindyJets\",\"alternateName\":\"Windy Jets\",\"url\":\"https:\/\/windyjets.com\/de\/\",\"logo\":{\"@type\":\"ImageObject\",\"inLanguage\":\"de\",\"@id\":\"https:\/\/windyjets.com\/de\/#\/schema\/logo\/image\/\",\"url\":\"https:\/\/windyjets.com\/wp-content\/uploads\/2023\/05\/logo-windyjets.png\",\"contentUrl\":\"https:\/\/windyjets.com\/wp-content\/uploads\/2023\/05\/logo-windyjets.png\",\"width\":1400,\"height\":250,\"caption\":\"WindyJets\"},\"image\":{\"@id\":\"https:\/\/windyjets.com\/de\/#\/schema\/logo\/image\/\"}}]}<\/script>\n<!-- \/ Yoast SEO plugin. -->","yoast_head_json":{"title":"Die besten Reiseziele zum Fliegen mit einem Privatjet \u2013 WindyJets","description":"Mit dem Privatjet in jedes Land der Welt zu reisen ist ein Vergn\u00fcgen, das Sie sich nicht entgehen lassen sollten. Entdecken Sie die gefragtesten Ziele in der Privatfliegerei.","robots":{"index":"index","follow":"follow","max-snippet":"max-snippet:-1","max-image-preview":"max-image-preview:large","max-video-preview":"max-video-preview:-1"},"canonical":"https:\/\/windyjets.com\/de\/reiseziele\/","og_locale":"de_DE","og_type":"article","og_title":"Die besten Reiseziele zum Fliegen mit einem Privatjet \u2013 WindyJets","og_description":"Mit dem Privatjet in jedes Land der Welt zu reisen ist ein Vergn\u00fcgen, das Sie sich nicht entgehen lassen sollten. Entdecken Sie die gefragtesten Ziele in der Privatfliegerei.","og_url":"https:\/\/windyjets.com\/de\/reiseziele\/","og_site_name":"WindyJets","article_modified_time":"2023-06-29T13:07:49+00:00","og_image":[{"width":1920,"height":1440,"url":"https:\/\/windyjets.com\/wp-content\/uploads\/2023\/05\/plane-723900_1920.jpg","type":"image\/jpeg"}],"twitter_card":"summary_large_image","twitter_misc":{"Gesch\u00e4tzte Lesezeit":"6\u00a0Minuten"},"schema":{"@context":"https:\/\/schema.org","@graph":[{"@type":"WebPage","@id":"https:\/\/windyjets.com\/de\/reiseziele\/","url":"https:\/\/windyjets.com\/de\/reiseziele\/","name":"Die besten Reiseziele zum Fliegen mit einem Privatjet \u2013 WindyJets","isPartOf":{"@id":"https:\/\/windyjets.com\/de\/#website"},"primaryImageOfPage":{"@id":"https:\/\/windyjets.com\/de\/reiseziele\/#primaryimage"},"image":{"@id":"https:\/\/windyjets.com\/de\/reiseziele\/#primaryimage"},"thumbnailUrl":"https:\/\/windyjets.com\/wp-content\/uploads\/2023\/05\/plane-723900_1920.jpg","datePublished":"2023-05-07T07:25:28+00:00","dateModified":"2023-06-29T13:07:49+00:00","description":"Mit dem Privatjet in jedes Land der Welt zu reisen ist ein Vergn\u00fcgen, das Sie sich nicht entgehen lassen sollten. Entdecken Sie die gefragtesten Ziele in der Privatfliegerei.","breadcrumb":{"@id":"https:\/\/windyjets.com\/de\/reiseziele\/#breadcrumb"},"inLanguage":"de","potentialAction":[{"@type":"ReadAction","target":["https:\/\/windyjets.com\/de\/reiseziele\/"]}]},{"@type":"ImageObject","inLanguage":"de","@id":"https:\/\/windyjets.com\/de\/reiseziele\/#primaryimage","url":"https:\/\/windyjets.com\/wp-content\/uploads\/2023\/05\/plane-723900_1920.jpg","contentUrl":"https:\/\/windyjets.com\/wp-content\/uploads\/2023\/05\/plane-723900_1920.jpg","width":1920,"height":1440},{"@type":"BreadcrumbList","@id":"https:\/\/windyjets.com\/de\/reiseziele\/#breadcrumb","itemListElement":[{"@type":"ListItem","position":1,"name":"Portada","item":"https:\/\/windyjets.com\/de\/privatjet-vermietung\/"},{"@type":"ListItem","position":2,"name":"Reiseziele"}]},{"@type":"WebSite","@id":"https:\/\/windyjets.com\/de\/#website","url":"https:\/\/windyjets.com\/de\/","name":"WindyJets","description":"Alquiler Jets Privados","publisher":{"@id":"https:\/\/windyjets.com\/de\/#organization"},"alternateName":"Windy Jets","potentialAction":[{"@type":"SearchAction","target":{"@type":"EntryPoint","urlTemplate":"https:\/\/windyjets.com\/de\/?s={search_term_string}"},"query-input":"required name=search_term_string"}],"inLanguage":"de"},{"@type":"Organization","@id":"https:\/\/windyjets.com\/de\/#organization","name":"WindyJets","alternateName":"Windy Jets","url":"https:\/\/windyjets.com\/de\/","logo":{"@type":"ImageObject","inLanguage":"de","@id":"https:\/\/windyjets.com\/de\/#\/schema\/logo\/image\/","url":"https:\/\/windyjets.com\/wp-content\/uploads\/2023\/05\/logo-windyjets.png","contentUrl":"https:\/\/windyjets.com\/wp-content\/uploads\/2023\/05\/logo-windyjets.png","width":1400,"height":250,"caption":"WindyJets"},"image":{"@id":"https:\/\/windyjets.com\/de\/#\/schema\/logo\/image\/"}}]}},"_links":{"self":[{"href":"https:\/\/windyjets.com\/de\/wp-json\/wp\/v2\/pages\/219702","targetHints":{"allow":["GET"]}}],"collection":[{"href":"https:\/\/windyjets.com\/de\/wp-json\/wp\/v2\/pages"}],"about":[{"href":"https:\/\/windyjets.com\/de\/wp-json\/wp\/v2\/types\/page"}],"author":[{"embeddable":true,"href":"https:\/\/windyjets.com\/de\/wp-json\/wp\/v2\/users\/2"}],"replies":[{"embeddable":true,"href":"https:\/\/windyjets.com\/de\/wp-json\/wp\/v2\/comments?post=219702"}],"version-history":[{"count":4,"href":"https:\/\/windyjets.com\/de\/wp-json\/wp\/v2\/pages\/219702\/revisions"}],"predecessor-version":[{"id":225142,"href":"https:\/\/windyjets.com\/de\/wp-json\/wp\/v2\/pages\/219702\/revisions\/225142"}],"wp:featuredmedia":[{"embeddable":true,"href":"https:\/\/windyjets.com\/de\/wp-json\/wp\/v2\/media\/218468"}],"wp:attachment":[{"href":"https:\/\/windyjets.com\/de\/wp-json\/wp\/v2\/media?parent=219702"}],"curies":[{"name":"wp","href":"https:\/\/api.w.org\/{rel}","templated":true}]}}