{"id":219715,"date":"2023-05-18T07:14:22","date_gmt":"2023-05-18T07:14:22","guid":{"rendered":"https:\/\/windyjets.com\/kontakt\/"},"modified":"2023-07-12T07:29:47","modified_gmt":"2023-07-12T07:29:47","slug":"kontakt","status":"publish","type":"page","link":"https:\/\/windyjets.com\/de\/kontakt\/","title":{"rendered":"Kontakt"},"content":{"rendered":"<p>[et_pb_section fb_built=&#8220;1&#8243; inner_shadow=&#8220;on&#8220; fullwidth=&#8220;on&#8220; _builder_version=&#8220;4.21.0&#8243; _module_preset=&#8220;default&#8220; background_image=&#8220;https:\/\/windyjets.com\/wp-content\/uploads\/2023\/06\/contactar-hero-2.jpg&#8220; min_height=&#8220;300px&#8220; min_height_tablet=&#8220;289px&#8220; min_height_phone=&#8220;400px&#8220; min_height_last_edited=&#8220;on|phone&#8220; height=&#8220;300px&#8220; height_tablet=&#8220;300px&#8220; height_phone=&#8220;400px&#8220; height_last_edited=&#8220;on|phone&#8220; max_height=&#8220;300px&#8220; max_height_tablet=&#8220;490px&#8220; max_height_phone=&#8220;400px&#8220; max_height_last_edited=&#8220;on|phone&#8220; locked=&#8220;off&#8220; global_colors_info=&#8220;{}&#8220; height__hover_enabled=&#8220;on|desktop&#8220; height__hover=&#8220;490px&#8220;][et_pb_fullwidth_header text_orientation=&#8220;center&#8220; background_overlay_color=&#8220;rgba(0,57,128,0.23)&#8220; _builder_version=&#8220;4.21.0&#8243; _module_preset=&#8220;default&#8220; title_font=&#8220;|600|||||||&#8220; title_font_size=&#8220;40px&#8220; title_line_height=&#8220;2.2em&#8220; subhead_font_size=&#8220;25px&#8220; subhead_line_height=&#8220;1.2em&#8220; background_enable_color=&#8220;off&#8220; custom_button_one=&#8220;on&#8220; button_one_icon=&#8220;&#xf072;||fa||900&#8243; vertical_offset=&#8220;-6px&#8220; width_tablet=&#8220;&#8220; width_phone=&#8220;100%&#8220; width_last_edited=&#8220;on|phone&#8220; max_width_tablet=&#8220;&#8220; max_width_phone=&#8220;100%&#8220; max_width_last_edited=&#8220;on|phone&#8220; module_alignment=&#8220;center&#8220; min_height=&#8220;300px&#8220; height=&#8220;500px&#8220; height_tablet=&#8220;500px&#8220; height_phone=&#8220;300px&#8220; height_last_edited=&#8220;on|phone&#8220; max_height=&#8220;375px&#8220; max_height_tablet=&#8220;375px&#8220; max_height_phone=&#8220;300px&#8220; max_height_last_edited=&#8220;on|phone&#8220; custom_margin_tablet=&#8220;&#8220; custom_margin_phone=&#8220;0px|||-28px|false|false&#8220; custom_margin_last_edited=&#8220;on|phone&#8220; custom_padding=&#8220;150px||0px||false|false&#8220; custom_padding_tablet=&#8220;150px||0px||false|false&#8220; custom_padding_phone=&#8220;0px||0px||false|false&#8220; custom_padding_last_edited=&#8220;on|phone&#8220; filter_saturate=&#8220;186%&#8220; filter_brightness=&#8220;101%&#8220; filter_contrast=&#8220;130%&#8220; animation_style=&#8220;fade&#8220; animation_duration=&#8220;1250ms&#8220; animation_delay=&#8220;100ms&#8220; title_font_size_tablet=&#8220;40px&#8220; title_font_size_phone=&#8220;40px&#8220; title_font_size_last_edited=&#8220;on|phone&#8220; title_line_height_tablet=&#8220;2.2em&#8220; title_line_height_phone=&#8220;1.3em&#8220; title_line_height_last_edited=&#8220;on|phone&#8220; module_alignment_tablet=&#8220;center&#8220; module_alignment_phone=&#8220;center&#8220; module_alignment_last_edited=&#8220;on|phone&#8220; title_text_shadow_style=&#8220;preset2&#8243; subhead_text_shadow_style=&#8220;preset2&#8243; button_one_text_shadow_style=&#8220;preset2&#8243; box_shadow_style_button_one=&#8220;preset1&#8243; text_shadow_style=&#8220;preset1&#8243; global_colors_info=&#8220;{}&#8220;][\/et_pb_fullwidth_header][\/et_pb_section][et_pb_section fb_built=&#8220;1&#8243; admin_label=&#8220;Contactar&#8220; _builder_version=&#8220;4.21.0&#8243; _module_preset=&#8220;default&#8220; vertical_offset_tablet=&#8220;&#8220; vertical_offset_phone=&#8220;0px&#8220; vertical_offset_last_edited=&#8220;on|phone&#8220; top_divider_color=&#8220;#003890&#8243; top_divider_height=&#8220;39px&#8220; top_divider_repeat=&#8220;1x&#8220; top_divider_flip=&#8220;vertical&#8220; top_divider_arrangement=&#8220;above_content&#8220; top_divider_style_tablet=&#8220;curve&#8220; top_divider_style_phone=&#8220;curve&#8220; top_divider_style_last_edited=&#8220;on|phone&#8220; border_width_all=&#8220;4px&#8220; border_color_all=&#8220;#0C71C3&#8243; border_style_all=&#8220;outset&#8220; locked=&#8220;off&#8220; global_colors_info=&#8220;{}&#8220;][et_pb_row _builder_version=&#8220;4.21.0&#8243; _module_preset=&#8220;default&#8220; global_colors_info=&#8220;{}&#8220;][et_pb_column type=&#8220;4_4&#8243; _builder_version=&#8220;4.21.0&#8243; _module_preset=&#8220;default&#8220; global_colors_info=&#8220;{}&#8220;][et_pb_text _builder_version=&#8220;4.21.0&#8243; _module_preset=&#8220;default&#8220; text_text_color=&#8220;#003890&#8243; text_font_size_tablet=&#8220;&#8220; text_font_size_phone=&#8220;34px&#8220; text_font_size_last_edited=&#8220;on|phone&#8220; global_colors_info=&#8220;{}&#8220;]<\/p>\n<p>Kontaktiere uns<\/p>\n<p>[\/et_pb_text][\/et_pb_column][\/et_pb_row][et_pb_row column_structure=&#8220;1_2,1_2&#8243; _builder_version=&#8220;4.21.0&#8243; _module_preset=&#8220;default&#8220; global_colors_info=&#8220;{}&#8220;][et_pb_column type=&#8220;1_2&#8243; _builder_version=&#8220;4.21.0&#8243; _module_preset=&#8220;default&#8220; global_colors_info=&#8220;{}&#8220;][et_pb_text _builder_version=&#8220;4.21.0&#8243; _module_preset=&#8220;default&#8220; text_text_color=&#8220;#003890&#8243; text_font_size=&#8220;22px&#8220; global_colors_info=&#8220;{}&#8220;]<\/p>\n<p>Kontaktieren Sie uns bei Fragen oder Anmerkungen zu unseren Leistungen f\u00fcr Privatflugreisen: Preise, Verf\u00fcgbarkeit, Zusatzleistungen&#8230;<\/p>\n<p>Wenn Sie ein Budget f\u00fcr die Anmietung eines Privatjets, einen Charter f\u00fcr eine Gruppe oder eine damit verbundene Dienstleistung w\u00fcnschen, k\u00f6nnen Sie uns \u00fcber das Formular oder per E-Mail kontaktieren:<\/p>\n<p>[\/et_pb_text][dsm_icon_list list_layout=&#8220;horizontal&#8220; list_alignment=&#8220;center&#8220; list_space_between=&#8220;51px&#8220; list_background=&#8220;RGBA(255,255,255,0)&#8220; _builder_version=&#8220;4.21.0&#8243; _module_preset=&#8220;default&#8220; module_alignment=&#8220;center&#8220; box_shadow_style=&#8220;preset1&#8243; global_colors_info=&#8220;{}&#8220;][dsm_icon_list_child text=&#8220;info@windyjets.com&#8220; font_icon=&#8220;&#xe010;||divi||400&#8243; icon_padding=&#8220;4px&#8220; icon_font_size=&#8220;27px&#8220; url=&#8220;mailto:info@windyjets.com&#8220; url_new_window=&#8220;on&#8220; _builder_version=&#8220;4.21.0&#8243; _module_preset=&#8220;default&#8220; text_text_color=&#8220;#003890&#8243; text_font_size=&#8220;18px&#8220; global_colors_info=&#8220;{}&#8220;][\/dsm_icon_list_child][\/dsm_icon_list][dsm_icon_list list_layout=&#8220;horizontal&#8220; list_alignment=&#8220;center&#8220; list_space_between=&#8220;51px&#8220; list_background=&#8220;RGBA(255,255,255,0)&#8220; _builder_version=&#8220;4.21.0&#8243; _module_preset=&#8220;default&#8220; module_alignment=&#8220;center&#8220; box_shadow_style=&#8220;preset1&#8243; global_colors_info=&#8220;{}&#8220;][dsm_icon_list_child text=&#8220;+34 626 680 092&#8243; font_icon=&#8220;&#xe090;||divi||400&#8243; icon_padding=&#8220;3px&#8220; icon_font_size=&#8220;29px&#8220; url=&#8220;tel:+34626680092&#8243; _builder_version=&#8220;4.21.0&#8243; _module_preset=&#8220;default&#8220; text_text_color=&#8220;#003890&#8243; global_colors_info=&#8220;{}&#8220;][\/dsm_icon_list_child][\/dsm_icon_list][et_pb_image src=&#8220;https:\/\/windyjets.com\/wp-content\/uploads\/2023\/05\/favicon.png&#8220; title_text=&#8220;favicon&#8220; align=&#8220;center&#8220; _builder_version=&#8220;4.21.0&#8243; _module_preset=&#8220;default&#8220; width=&#8220;44%&#8220; width_tablet=&#8220;44%&#8220; width_phone=&#8220;36%&#8220; width_last_edited=&#8220;on|phone&#8220; animation_style=&#8220;roll&#8220; locked=&#8220;off&#8220; global_colors_info=&#8220;{}&#8220;][\/et_pb_image][\/et_pb_column][et_pb_column type=&#8220;1_2&#8243; _builder_version=&#8220;4.21.0&#8243; _module_preset=&#8220;default&#8220; global_colors_info=&#8220;{}&#8220;][dvppl_cf7_styler form_padding=&#8220;1px|0px|1px|0px|false|false&#8220; use_form_button_fullwidth=&#8220;on&#8220; cf7=&#8220;216916&#8243; form_field_height=&#8220;35px&#8220; form_field_spacing=&#8220;0px&#8220; form_label_spacing=&#8220;0px&#8220; cr_custom_styles=&#8220;on&#8220; cr_size=&#8220;26px&#8220; cr_selected_color=&#8220;#003890&#8243; _builder_version=&#8220;4.21.0&#8243; _module_preset=&#8220;default&#8220; placeholder_text_color=&#8220;#003890&#8243; placeholder_font_size=&#8220;16px&#8220; placeholder_line_height=&#8220;1em&#8220; custom_submit_button=&#8220;on&#8220; submit_button_text_color=&#8220;#003890&#8243; submit_button_border_radius=&#8220;0px&#8220; border_radii_field=&#8220;on|20px|20px|20px|20px&#8220; border_color_all_field=&#8220;#003890&#8243; border_style_all_field=&#8220;dashed&#8220; global_colors_info=&#8220;{}&#8220;][\/dvppl_cf7_styler][et_pb_text _builder_version=&#8220;4.21.0&#8243; _module_preset=&#8220;default&#8220; text_font=&#8220;||||||||&#8220; text_font_size=&#8220;14px&#8220; locked=&#8220;off&#8220; global_colors_info=&#8220;{}&#8220;]<\/p>\n<p style=\"text-align: left;\">* Pflichtfeld<br \/>Indem Sie die Nachricht \u00fcber unser Formular senden, akzeptieren Sie unsere <a href=\"https:\/\/windyjets.com\/de\/politica-de-privacidad\/\" target=\"_blank\" rel=\"noopener\">Datenschutzbestimmungen<\/a>.<br \/>This site is protected by reCAPTCHA and the Google. <a href=\"https:\/\/policies.google.com\/privacy\" rel=\"nofollow\">Privacy Policy<\/a> and <a href=\"https:\/\/policies.google.com\/terms\" rel=\"nofollow\">Terms of Service<\/a> apply.<\/p>\n<p>[\/et_pb_text][\/et_pb_column][\/et_pb_row][\/et_pb_section]<\/p>\n","protected":false},"excerpt":{"rendered":"<p>Wenn Sie ein Budget f\u00fcr die Anmietung eines Privatjets, einen Charter f\u00fcr eine Gruppe oder eine damit verbundene Dienstleistung ben\u00f6tigen, k\u00f6nnen Sie uns kontaktieren.<\/p>\n","protected":false},"author":2,"featured_media":0,"parent":0,"menu_order":0,"comment_status":"closed","ping_status":"closed","template":"","meta":{"_et_pb_use_builder":"on","_et_pb_old_content":"","_et_gb_content_width":"","footnotes":""},"class_list":["post-219715","page","type-page","status-publish","hentry"],"yoast_head":"<!-- This site is optimized with the Yoast SEO plugin v22.6 - https:\/\/yoast.com\/wordpress\/plugins\/seo\/ -->\n<title>Privatjet buchen \u2013 Windyjets<\/title>\n<meta name=\"description\" content=\"Wir l\u00f6sen Ihre Zweifel bez\u00fcglich der Vermietung von Privatjets. Buchen Sie jetzt Ihr Privatflugzeug und genie\u00dfen Sie das Erlebnis.\" \/>\n<meta name=\"robots\" content=\"noindex, nofollow\" \/>\n<meta property=\"og:locale\" content=\"de_DE\" \/>\n<meta property=\"og:type\" content=\"article\" \/>\n<meta property=\"og:title\" content=\"Privatjet buchen \u2013 Windyjets\" \/>\n<meta property=\"og:description\" content=\"Wir l\u00f6sen Ihre Zweifel bez\u00fcglich der Vermietung von Privatjets. Buchen Sie jetzt Ihr Privatflugzeug und genie\u00dfen Sie das Erlebnis.\" \/>\n<meta property=\"og:url\" content=\"https:\/\/windyjets.com\/de\/kontakt\/\" \/>\n<meta property=\"og:site_name\" content=\"WindyJets\" \/>\n<meta property=\"article:modified_time\" content=\"2023-07-12T07:29:47+00:00\" \/>\n<meta name=\"twitter:card\" content=\"summary_large_image\" \/>\n<meta name=\"twitter:label1\" content=\"Gesch\u00e4tzte Lesezeit\" \/>\n\t<meta name=\"twitter:data1\" content=\"5\u00a0Minuten\" \/>\n<script type=\"application\/ld+json\" class=\"yoast-schema-graph\">{\"@context\":\"https:\/\/schema.org\",\"@graph\":[{\"@type\":\"WebPage\",\"@id\":\"https:\/\/windyjets.com\/de\/kontakt\/\",\"url\":\"https:\/\/windyjets.com\/de\/kontakt\/\",\"name\":\"Privatjet buchen \u2013 Windyjets\",\"isPartOf\":{\"@id\":\"https:\/\/windyjets.com\/de\/#website\"},\"datePublished\":\"2023-05-18T07:14:22+00:00\",\"dateModified\":\"2023-07-12T07:29:47+00:00\",\"description\":\"Wir l\u00f6sen Ihre Zweifel bez\u00fcglich der Vermietung von Privatjets. Buchen Sie jetzt Ihr Privatflugzeug und genie\u00dfen Sie das Erlebnis.\",\"breadcrumb\":{\"@id\":\"https:\/\/windyjets.com\/de\/kontakt\/#breadcrumb\"},\"inLanguage\":\"de\",\"potentialAction\":[{\"@type\":\"ReadAction\",\"target\":[\"https:\/\/windyjets.com\/de\/kontakt\/\"]}]},{\"@type\":\"BreadcrumbList\",\"@id\":\"https:\/\/windyjets.com\/de\/kontakt\/#breadcrumb\",\"itemListElement\":[{\"@type\":\"ListItem\",\"position\":1,\"name\":\"Portada\",\"item\":\"https:\/\/windyjets.com\/de\/privatjet-vermietung\/\"},{\"@type\":\"ListItem\",\"position\":2,\"name\":\"Kontakt\"}]},{\"@type\":\"WebSite\",\"@id\":\"https:\/\/windyjets.com\/de\/#website\",\"url\":\"https:\/\/windyjets.com\/de\/\",\"name\":\"WindyJets\",\"description\":\"Alquiler Jets Privados\",\"publisher\":{\"@id\":\"https:\/\/windyjets.com\/de\/#organization\"},\"alternateName\":\"Windy Jets\",\"potentialAction\":[{\"@type\":\"SearchAction\",\"target\":{\"@type\":\"EntryPoint\",\"urlTemplate\":\"https:\/\/windyjets.com\/de\/?s={search_term_string}\"},\"query-input\":\"required name=search_term_string\"}],\"inLanguage\":\"de\"},{\"@type\":\"Organization\",\"@id\":\"https:\/\/windyjets.com\/de\/#organization\",\"name\":\"WindyJets\",\"alternateName\":\"Windy Jets\",\"url\":\"https:\/\/windyjets.com\/de\/\",\"logo\":{\"@type\":\"ImageObject\",\"inLanguage\":\"de\",\"@id\":\"https:\/\/windyjets.com\/de\/#\/schema\/logo\/image\/\",\"url\":\"https:\/\/windyjets.com\/wp-content\/uploads\/2023\/05\/logo-windyjets.png\",\"contentUrl\":\"https:\/\/windyjets.com\/wp-content\/uploads\/2023\/05\/logo-windyjets.png\",\"width\":1400,\"height\":250,\"caption\":\"WindyJets\"},\"image\":{\"@id\":\"https:\/\/windyjets.com\/de\/#\/schema\/logo\/image\/\"}}]}<\/script>\n<!-- \/ Yoast SEO plugin. -->","yoast_head_json":{"title":"Privatjet buchen \u2013 Windyjets","description":"Wir l\u00f6sen Ihre Zweifel bez\u00fcglich der Vermietung von Privatjets. Buchen Sie jetzt Ihr Privatflugzeug und genie\u00dfen Sie das Erlebnis.","robots":{"index":"noindex","follow":"nofollow"},"og_locale":"de_DE","og_type":"article","og_title":"Privatjet buchen \u2013 Windyjets","og_description":"Wir l\u00f6sen Ihre Zweifel bez\u00fcglich der Vermietung von Privatjets. Buchen Sie jetzt Ihr Privatflugzeug und genie\u00dfen Sie das Erlebnis.","og_url":"https:\/\/windyjets.com\/de\/kontakt\/","og_site_name":"WindyJets","article_modified_time":"2023-07-12T07:29:47+00:00","twitter_card":"summary_large_image","twitter_misc":{"Gesch\u00e4tzte Lesezeit":"5\u00a0Minuten"},"schema":{"@context":"https:\/\/schema.org","@graph":[{"@type":"WebPage","@id":"https:\/\/windyjets.com\/de\/kontakt\/","url":"https:\/\/windyjets.com\/de\/kontakt\/","name":"Privatjet buchen \u2013 Windyjets","isPartOf":{"@id":"https:\/\/windyjets.com\/de\/#website"},"datePublished":"2023-05-18T07:14:22+00:00","dateModified":"2023-07-12T07:29:47+00:00","description":"Wir l\u00f6sen Ihre Zweifel bez\u00fcglich der Vermietung von Privatjets. Buchen Sie jetzt Ihr Privatflugzeug und genie\u00dfen Sie das Erlebnis.","breadcrumb":{"@id":"https:\/\/windyjets.com\/de\/kontakt\/#breadcrumb"},"inLanguage":"de","potentialAction":[{"@type":"ReadAction","target":["https:\/\/windyjets.com\/de\/kontakt\/"]}]},{"@type":"BreadcrumbList","@id":"https:\/\/windyjets.com\/de\/kontakt\/#breadcrumb","itemListElement":[{"@type":"ListItem","position":1,"name":"Portada","item":"https:\/\/windyjets.com\/de\/privatjet-vermietung\/"},{"@type":"ListItem","position":2,"name":"Kontakt"}]},{"@type":"WebSite","@id":"https:\/\/windyjets.com\/de\/#website","url":"https:\/\/windyjets.com\/de\/","name":"WindyJets","description":"Alquiler Jets Privados","publisher":{"@id":"https:\/\/windyjets.com\/de\/#organization"},"alternateName":"Windy Jets","potentialAction":[{"@type":"SearchAction","target":{"@type":"EntryPoint","urlTemplate":"https:\/\/windyjets.com\/de\/?s={search_term_string}"},"query-input":"required name=search_term_string"}],"inLanguage":"de"},{"@type":"Organization","@id":"https:\/\/windyjets.com\/de\/#organization","name":"WindyJets","alternateName":"Windy Jets","url":"https:\/\/windyjets.com\/de\/","logo":{"@type":"ImageObject","inLanguage":"de","@id":"https:\/\/windyjets.com\/de\/#\/schema\/logo\/image\/","url":"https:\/\/windyjets.com\/wp-content\/uploads\/2023\/05\/logo-windyjets.png","contentUrl":"https:\/\/windyjets.com\/wp-content\/uploads\/2023\/05\/logo-windyjets.png","width":1400,"height":250,"caption":"WindyJets"},"image":{"@id":"https:\/\/windyjets.com\/de\/#\/schema\/logo\/image\/"}}]}},"_links":{"self":[{"href":"https:\/\/windyjets.com\/de\/wp-json\/wp\/v2\/pages\/219715","targetHints":{"allow":["GET"]}}],"collection":[{"href":"https:\/\/windyjets.com\/de\/wp-json\/wp\/v2\/pages"}],"about":[{"href":"https:\/\/windyjets.com\/de\/wp-json\/wp\/v2\/types\/page"}],"author":[{"embeddable":true,"href":"https:\/\/windyjets.com\/de\/wp-json\/wp\/v2\/users\/2"}],"replies":[{"embeddable":true,"href":"https:\/\/windyjets.com\/de\/wp-json\/wp\/v2\/comments?post=219715"}],"version-history":[{"count":8,"href":"https:\/\/windyjets.com\/de\/wp-json\/wp\/v2\/pages\/219715\/revisions"}],"predecessor-version":[{"id":225225,"href":"https:\/\/windyjets.com\/de\/wp-json\/wp\/v2\/pages\/219715\/revisions\/225225"}],"wp:attachment":[{"href":"https:\/\/windyjets.com\/de\/wp-json\/wp\/v2\/media?parent=219715"}],"curies":[{"name":"wp","href":"https:\/\/api.w.org\/{rel}","templated":true}]}}