{"id":219718,"date":"2023-05-06T16:19:42","date_gmt":"2023-05-06T16:19:42","guid":{"rendered":"https:\/\/windyjets.com\/kauf-verkauf-von-privatjets\/"},"modified":"2023-07-12T08:23:10","modified_gmt":"2023-07-12T08:23:10","slug":"kauf-verkauf-von-privatjets","status":"publish","type":"page","link":"https:\/\/windyjets.com\/de\/kauf-verkauf-von-privatjets\/","title":{"rendered":"Kaufen Sie Privatjets"},"content":{"rendered":"<p>[et_pb_section fb_built=&#8220;1&#8243; fullwidth=&#8220;on&#8220; custom_padding_last_edited=&#8220;on|phone&#8220; admin_label=&#8220;TextoHome-1&#8243; _builder_version=&#8220;4.21.0&#8243; _module_preset=&#8220;default&#8220; background_color=&#8220;RGBA(255,255,255,0)&#8220; use_background_color_gradient=&#8220;on&#8220; background_color_gradient_stops=&#8220;#003980 0%|#3077a1 98%&#8220; vertical_offset_tablet=&#8220;&#8220; vertical_offset_phone=&#8220;0px&#8220; vertical_offset_last_edited=&#8220;on|phone&#8220; width=&#8220;100%&#8220; width_tablet=&#8220;70%&#8220; width_phone=&#8220;100%&#8220; width_last_edited=&#8220;on|phone&#8220; max_width=&#8220;100%&#8220; max_width_tablet=&#8220;67%&#8220; max_width_phone=&#8220;100%&#8220; max_width_last_edited=&#8220;on|phone&#8220; module_alignment=&#8220;center&#8220; min_height=&#8220;300px&#8220; height=&#8220;300px&#8220; height_tablet=&#8220;&#8220; height_phone=&#8220;400px&#8220; height_last_edited=&#8220;on|phone&#8220; max_height_tablet=&#8220;&#8220; max_height_phone=&#8220;400px&#8220; max_height_last_edited=&#8220;on|phone&#8220; custom_margin_tablet=&#8220;&#8220; custom_margin_phone=&#8220;&#8220; custom_margin_last_edited=&#8220;on|phone&#8220; custom_padding=&#8220;0px||||false|false&#8220; custom_padding_tablet=&#8220;0px||||false|false&#8220; custom_padding_phone=&#8220;0px||||false|false&#8220; global_colors_info=&#8220;{}&#8220;][et_pb_fullwidth_header title=&#8220;Kaufen Sie Privatjets&#8220; subhead=&#8220;Die Entscheidung, einen Privatjet zu kaufen, ist eine wichtige Entscheidung und h\u00e4ngt von mehreren Faktoren ab. Es ist wichtig, gut beraten zu werden &#8220; text_orientation=&#8220;center&#8220; button_one_text=&#8220;Nach Informationen fragen&#8220; button_one_url=&#8220;https:\/\/windyjets.com\/de\/kontakt\/&#8220; _builder_version=&#8220;4.21.0&#8243; _module_preset=&#8220;default&#8220; title_level=&#8220;h2&#8243; content_text_color=&#8220;RGBA(255,255,255,0)&#8220; content_line_height=&#8220;1.9em&#8220; subhead_text_color=&#8220;rgba(255,255,255,0.78)&#8220; subhead_font_size=&#8220;20px&#8220; subhead_line_height=&#8220;1.2em&#8220; background_enable_color=&#8220;off&#8220; custom_button_one=&#8220;on&#8220; button_one_icon=&#8220;&#xf072;||fa||900&#8243; global_colors_info=&#8220;{}&#8220;]<\/p>\n<p>xxxx<\/p>\n<p>xxxx<\/p>\n<p>[\/et_pb_fullwidth_header][\/et_pb_section][et_pb_section fb_built=&#8220;1&#8243; specialty=&#8220;on&#8220; bg_img_2=&#8220;https:\/\/windyjets.com\/wp-content\/uploads\/2023\/05\/favicon-blanc-fons.png&#8220; _builder_version=&#8220;4.21.0&#8243; _module_preset=&#8220;default&#8220; top_divider_style=&#8220;arrow2&#8243; top_divider_color=&#8220;#3077a1&#8243; global_colors_info=&#8220;{}&#8220;][et_pb_column type=&#8220;1_2&#8243; specialty_columns=&#8220;2&#8243; _builder_version=&#8220;4.16&#8243; custom_padding=&#8220;|||&#8220; global_colors_info=&#8220;{}&#8220; custom_padding__hover=&#8220;|||&#8220;][et_pb_row_inner _builder_version=&#8220;4.21.0&#8243; _module_preset=&#8220;default&#8220; vertical_offset=&#8220;95px&#8220; global_colors_info=&#8220;{}&#8220;][et_pb_column_inner saved_specialty_column_type=&#8220;1_2&#8243; _builder_version=&#8220;4.21.0&#8243; _module_preset=&#8220;default&#8220; global_colors_info=&#8220;{}&#8220;][et_pb_text _builder_version=&#8220;4.21.0&#8243; _module_preset=&#8220;default&#8220; global_colors_info=&#8220;{}&#8220;]<\/p>\n<h2><strong>Privatjets zum Verkauf<\/strong><\/h2>\n<p>[\/et_pb_text][ba_post_list include_categories=&#8220;12&#8243; order_by=&#8220;title&#8220; show_excerpt=&#8220;off&#8220; item_spacing=&#8220;55px&#8220; item_padding=&#8220;20px|0px|20px|0px|true|false&#8220; alignment=&#8220;center&#8220; image_width=&#8220;300px&#8220; image_height=&#8220;92px&#8220; image_spacing=&#8220;19px&#8220; _builder_version=&#8220;4.21.0&#8243; _module_preset=&#8220;default&#8220; box_shadow_style_post=&#8220;preset1&#8243; global_colors_info=&#8220;{}&#8220;][\/ba_post_list][\/et_pb_column_inner][\/et_pb_row_inner][\/et_pb_column][et_pb_column type=&#8220;1_2&#8243; _builder_version=&#8220;4.16&#8243; custom_padding=&#8220;|||&#8220; global_colors_info=&#8220;{}&#8220; custom_padding__hover=&#8220;|||&#8220;][et_pb_text _builder_version=&#8220;4.21.0&#8243; _module_preset=&#8220;default&#8220; text_font_size=&#8220;29px&#8220; positioning=&#8220;relative&#8220; vertical_offset=&#8220;166px&#8220; custom_margin_tablet=&#8220;&#8220; custom_margin_phone=&#8220;-100px||||false|false&#8220; custom_margin_last_edited=&#8220;on|phone&#8220; hover_enabled=&#8220;0&#8243; background_last_edited=&#8220;on|phone&#8220; global_colors_info=&#8220;{}&#8220; text_text_color=&#8220;#003890&#8243; sticky_enabled=&#8220;0&#8243;]<\/p>\n<h2>Kauf\/Verkauf von gebrauchten Privatjets<\/h2>\n<p>[\/et_pb_text][et_pb_text _builder_version=&#8220;4.21.0&#8243; _module_preset=&#8220;default&#8220; text_font=&#8220;||||||||&#8220; text_font_size=&#8220;18px&#8220; positioning=&#8220;relative&#8220; vertical_offset=&#8220;166px&#8220; text_orientation=&#8220;left&#8220; hover_enabled=&#8220;0&#8243; global_colors_info=&#8220;{}&#8220; text_text_color=&#8220;#003890&#8243; sticky_enabled=&#8220;0&#8243;]<\/p>\n<p>Wenn Sie h\u00e4ufig reisen und einen schnellen und bequemen Transport ben\u00f6tigen, ist der Kauf eines gebrauchten <strong>Privatjets m\u00f6glicherweise<\/strong> die beste Option. Privatflugzeuge k\u00f6nnen zu Zielen fliegen, die nicht durch kommerzielle Fl\u00fcge verbunden sind oder nicht sehr h\u00e4ufig angeflogen werden. Auch wenn Sie ein Unternehmen f\u00fchren, das h\u00e4ufige Reisen erfordert und eine effiziente M\u00f6glichkeit zur Anreise zu Zielen ben\u00f6tigt, kann der Kauf eines Privatjets eine lohnende Investition sein.  <\/p>\n<p>Der Kauf eines Privatjets kann teuer sein und die Betriebs- und Wartungskosten k\u00f6nnen erheblich sein. Es ist wichtig, dass Sie von einem erfahrenen Fachmann beim <strong>Kauf\/Verkauf von Privatflugzeugen<\/strong> beraten werden. Bei <strong>WindyJets<\/strong> k\u00f6nnen wir Ihnen einen Katalog von zum Verkauf stehenden Privatjets anbieten und alle Punkte bewerten, die bei der Preisfestsetzung f\u00fcr den Kauf eines Privatjets zu ber\u00fccksichtigen sind.  <\/p>\n<p>&nbsp;<\/p>\n<p>[\/et_pb_text][et_pb_button button_url=&#8220;https:\/\/windyjets.com\/de\/kontakt\/&#8220; button_text=&#8220;Nach Informationen fragen&#8220; button_alignment=&#8220;center&#8220; _builder_version=&#8220;4.21.0&#8243; _module_preset=&#8220;default&#8220; custom_button=&#8220;on&#8220; button_text_color=&#8220;#003980&#8243; button_bg_color=&#8220;RGBA(255,255,255,0)&#8220; button_icon=&#8220;&#xf072;||fa||900&#8243; positioning=&#8220;relative&#8220; vertical_offset=&#8220;146px&#8220; custom_margin=&#8220;70px||||false|false&#8220; hover_enabled=&#8220;0&#8243; locked=&#8220;off&#8220; global_colors_info=&#8220;{}&#8220; custom_margin_last_edited=&#8220;on|desktop&#8220; sticky_enabled=&#8220;0&#8243; custom_margin_tablet=&#8220;70px||||false|false&#8220; custom_margin_phone=&#8220;70px||||false|false&#8220;][\/et_pb_button][\/et_pb_column][\/et_pb_section][et_pb_section fb_built=&#8220;1&#8243; admin_label=&#8220;Contactar&#8220; _builder_version=&#8220;4.21.0&#8243; _module_preset=&#8220;default&#8220; vertical_offset_tablet=&#8220;&#8220; vertical_offset_phone=&#8220;0px&#8220; vertical_offset_last_edited=&#8220;on|phone&#8220; custom_margin_tablet=&#8220;&#8220; custom_margin_phone=&#8220;150px||||false|false&#8220; custom_margin_last_edited=&#8220;on|phone&#8220; top_divider_style=&#8220;curve2&#8243; top_divider_color=&#8220;#003890&#8243; top_divider_height=&#8220;39px&#8220; top_divider_repeat=&#8220;1x&#8220; top_divider_flip=&#8220;vertical&#8220; top_divider_arrangement=&#8220;above_content&#8220; top_divider_style_tablet=&#8220;curve&#8220; top_divider_style_phone=&#8220;curve&#8220; top_divider_style_last_edited=&#8220;on|phone&#8220; border_width_all=&#8220;4px&#8220; border_color_all=&#8220;#0C71C3&#8243; border_style_all=&#8220;outset&#8220; locked=&#8220;off&#8220; global_colors_info=&#8220;{}&#8220;][et_pb_row _builder_version=&#8220;4.21.0&#8243; _module_preset=&#8220;default&#8220; global_colors_info=&#8220;{}&#8220;][et_pb_column type=&#8220;4_4&#8243; _builder_version=&#8220;4.21.0&#8243; _module_preset=&#8220;default&#8220; global_colors_info=&#8220;{}&#8220;][et_pb_text _builder_version=&#8220;4.21.0&#8243; _module_preset=&#8220;default&#8220; text_text_color=&#8220;#003890&#8243; text_font_size_tablet=&#8220;&#8220; text_font_size_phone=&#8220;34px&#8220; text_font_size_last_edited=&#8220;on|phone&#8220; global_colors_info=&#8220;{}&#8220;]<\/p>\n<p>Kontaktiere uns<\/p>\n<p>[\/et_pb_text][\/et_pb_column][\/et_pb_row][et_pb_row column_structure=&#8220;1_2,1_2&#8243; _builder_version=&#8220;4.21.0&#8243; _module_preset=&#8220;default&#8220; global_colors_info=&#8220;{}&#8220;][et_pb_column type=&#8220;1_2&#8243; _builder_version=&#8220;4.21.0&#8243; _module_preset=&#8220;default&#8220; global_colors_info=&#8220;{}&#8220;][et_pb_text _builder_version=&#8220;4.21.0&#8243; _module_preset=&#8220;default&#8220; text_text_color=&#8220;#003890&#8243; text_font_size=&#8220;22px&#8220; global_colors_info=&#8220;{}&#8220;]<\/p>\n<p>Kontaktieren Sie uns bei Fragen oder Anmerkungen zu unseren Leistungen f\u00fcr Privatflugreisen: Preise, Verf\u00fcgbarkeit, Zusatzleistungen&#8230;<\/p>\n<p>Wenn Sie ein Budget f\u00fcr die Anmietung eines Privatjets, einen Charter f\u00fcr eine Gruppe oder eine damit verbundene Dienstleistung w\u00fcnschen, k\u00f6nnen Sie uns \u00fcber das Formular oder per E-Mail kontaktieren:<\/p>\n<p>[\/et_pb_text][dsm_icon_list list_layout=&#8220;horizontal&#8220; list_alignment=&#8220;center&#8220; list_space_between=&#8220;51px&#8220; list_background=&#8220;RGBA(255,255,255,0)&#8220; _builder_version=&#8220;4.21.0&#8243; _module_preset=&#8220;default&#8220; module_alignment=&#8220;center&#8220; box_shadow_style=&#8220;preset1&#8243; global_colors_info=&#8220;{}&#8220;][dsm_icon_list_child text=&#8220;info@windyjets.com&#8220; font_icon=&#8220;&#xe010;||divi||400&#8243; icon_padding=&#8220;4px&#8220; icon_font_size=&#8220;27px&#8220; url=&#8220;mailto:info@windyjets.com&#8220; url_new_window=&#8220;on&#8220; _builder_version=&#8220;4.21.0&#8243; _module_preset=&#8220;default&#8220; text_text_color=&#8220;#003890&#8243; text_font_size=&#8220;18px&#8220; global_colors_info=&#8220;{}&#8220;][\/dsm_icon_list_child][\/dsm_icon_list][dsm_icon_list list_layout=&#8220;horizontal&#8220; list_alignment=&#8220;center&#8220; list_space_between=&#8220;51px&#8220; list_background=&#8220;RGBA(255,255,255,0)&#8220; _builder_version=&#8220;4.21.0&#8243; _module_preset=&#8220;default&#8220; module_alignment=&#8220;center&#8220; box_shadow_style=&#8220;preset1&#8243; global_colors_info=&#8220;{}&#8220;][dsm_icon_list_child text=&#8220;+34 626 680 092&#8243; font_icon=&#8220;&#xe090;||divi||400&#8243; icon_padding=&#8220;3px&#8220; icon_font_size=&#8220;29px&#8220; url=&#8220;tel:+34626680092&#8243; _builder_version=&#8220;4.21.0&#8243; _module_preset=&#8220;default&#8220; text_text_color=&#8220;#003890&#8243; global_colors_info=&#8220;{}&#8220;][\/dsm_icon_list_child][\/dsm_icon_list][et_pb_image src=&#8220;https:\/\/windyjets.com\/wp-content\/uploads\/2023\/05\/favicon.png&#8220; title_text=&#8220;favicon&#8220; align=&#8220;center&#8220; _builder_version=&#8220;4.21.0&#8243; _module_preset=&#8220;default&#8220; width=&#8220;44%&#8220; width_tablet=&#8220;44%&#8220; width_phone=&#8220;36%&#8220; width_last_edited=&#8220;on|phone&#8220; animation_style=&#8220;roll&#8220; locked=&#8220;off&#8220; global_colors_info=&#8220;{}&#8220;][\/et_pb_image][\/et_pb_column][et_pb_column type=&#8220;1_2&#8243; _builder_version=&#8220;4.21.0&#8243; _module_preset=&#8220;default&#8220; global_colors_info=&#8220;{}&#8220;][dvppl_cf7_styler form_padding=&#8220;1px|0px|1px|0px|false|false&#8220; use_form_button_fullwidth=&#8220;on&#8220; cf7=&#8220;216916&#8243; form_field_height=&#8220;35px&#8220; form_field_spacing=&#8220;0px&#8220; form_label_spacing=&#8220;0px&#8220; cr_custom_styles=&#8220;on&#8220; cr_size=&#8220;26px&#8220; cr_selected_color=&#8220;#003890&#8243; _builder_version=&#8220;4.21.0&#8243; _module_preset=&#8220;default&#8220; placeholder_text_color=&#8220;#003890&#8243; placeholder_font_size=&#8220;16px&#8220; placeholder_line_height=&#8220;1em&#8220; custom_submit_button=&#8220;on&#8220; submit_button_text_color=&#8220;#003890&#8243; submit_button_border_radius=&#8220;0px&#8220; border_radii_field=&#8220;on|20px|20px|20px|20px&#8220; border_color_all_field=&#8220;#003890&#8243; border_style_all_field=&#8220;dashed&#8220; global_colors_info=&#8220;{}&#8220;][\/dvppl_cf7_styler][et_pb_text _builder_version=&#8220;4.21.0&#8243; _module_preset=&#8220;default&#8220; text_font=&#8220;||||||||&#8220; text_font_size=&#8220;14px&#8220; locked=&#8220;off&#8220; global_colors_info=&#8220;{}&#8220;]<\/p>\n<p style=\"text-align: left;\">* Pflichtfeld Mit dem Absenden der Nachricht \u00fcber unser Formular akzeptieren Sie unsere <a href=\"\" target=\"\" rel=\"noopener\">Datenschutzbestimmungen.<\/a><\/p>\n<p>This site is protected by reCAPTCHA and the Google. <a href=\"https:\/\/policies.google.com\/privacy\" rel=\"nofollow\">Privacy Policy<\/a> and <a href=\"https:\/\/policies.google.com\/terms\" rel=\"nofollow\">Terms of Service<\/a> apply.<\/p>\n<p>[\/et_pb_text][\/et_pb_column][\/et_pb_row][\/et_pb_section]<\/p>\n","protected":false},"excerpt":{"rendered":"<p>Wenn Sie h\u00e4ufig reisen und einen schnellen und bequemen Transport ben\u00f6tigen, ist der Kauf eines gebrauchten Privatjets m\u00f6glicherweise die beste Option.<\/p>\n","protected":false},"author":2,"featured_media":0,"parent":0,"menu_order":0,"comment_status":"closed","ping_status":"closed","template":"","meta":{"_et_pb_use_builder":"on","_et_pb_old_content":"","_et_gb_content_width":"","footnotes":""},"class_list":["post-219718","page","type-page","status-publish","hentry"],"yoast_head":"<!-- This site is optimized with the Yoast SEO plugin v22.6 - https:\/\/yoast.com\/wordpress\/plugins\/seo\/ -->\n<title>Privatjets kaufen und verkaufen - WindyJets<\/title>\n<meta name=\"description\" content=\"Werden Sie Besitzer eines Privatjets. Entdecken Sie die zum Verkauf stehenden Privatflugzeugmodelle und w\u00e4hlen Sie die beste Option.\" \/>\n<meta name=\"robots\" content=\"index, follow, max-snippet:-1, max-image-preview:large, max-video-preview:-1\" \/>\n<link rel=\"canonical\" href=\"https:\/\/windyjets.com\/de\/kauf-verkauf-von-privatjets\/\" \/>\n<meta property=\"og:locale\" content=\"de_DE\" \/>\n<meta property=\"og:type\" content=\"article\" \/>\n<meta property=\"og:title\" content=\"Privatjets kaufen und verkaufen - WindyJets\" \/>\n<meta property=\"og:description\" content=\"Werden Sie Besitzer eines Privatjets. Entdecken Sie die zum Verkauf stehenden Privatflugzeugmodelle und w\u00e4hlen Sie die beste Option.\" \/>\n<meta property=\"og:url\" content=\"https:\/\/windyjets.com\/de\/kauf-verkauf-von-privatjets\/\" \/>\n<meta property=\"og:site_name\" content=\"WindyJets\" \/>\n<meta property=\"article:modified_time\" content=\"2023-07-12T08:23:10+00:00\" \/>\n<meta name=\"twitter:card\" content=\"summary_large_image\" \/>\n<meta name=\"twitter:label1\" content=\"Gesch\u00e4tzte Lesezeit\" \/>\n\t<meta name=\"twitter:data1\" content=\"7\u00a0Minuten\" \/>\n<script type=\"application\/ld+json\" class=\"yoast-schema-graph\">{\"@context\":\"https:\/\/schema.org\",\"@graph\":[{\"@type\":\"WebPage\",\"@id\":\"https:\/\/windyjets.com\/de\/kauf-verkauf-von-privatjets\/\",\"url\":\"https:\/\/windyjets.com\/de\/kauf-verkauf-von-privatjets\/\",\"name\":\"Privatjets kaufen und verkaufen - WindyJets\",\"isPartOf\":{\"@id\":\"https:\/\/windyjets.com\/de\/#website\"},\"datePublished\":\"2023-05-06T16:19:42+00:00\",\"dateModified\":\"2023-07-12T08:23:10+00:00\",\"description\":\"Werden Sie Besitzer eines Privatjets. Entdecken Sie die zum Verkauf stehenden Privatflugzeugmodelle und w\u00e4hlen Sie die beste Option.\",\"breadcrumb\":{\"@id\":\"https:\/\/windyjets.com\/de\/kauf-verkauf-von-privatjets\/#breadcrumb\"},\"inLanguage\":\"de\",\"potentialAction\":[{\"@type\":\"ReadAction\",\"target\":[\"https:\/\/windyjets.com\/de\/kauf-verkauf-von-privatjets\/\"]}]},{\"@type\":\"BreadcrumbList\",\"@id\":\"https:\/\/windyjets.com\/de\/kauf-verkauf-von-privatjets\/#breadcrumb\",\"itemListElement\":[{\"@type\":\"ListItem\",\"position\":1,\"name\":\"Portada\",\"item\":\"https:\/\/windyjets.com\/de\/privatjet-vermietung\/\"},{\"@type\":\"ListItem\",\"position\":2,\"name\":\"Kaufen Sie Privatjets\"}]},{\"@type\":\"WebSite\",\"@id\":\"https:\/\/windyjets.com\/de\/#website\",\"url\":\"https:\/\/windyjets.com\/de\/\",\"name\":\"WindyJets\",\"description\":\"Alquiler Jets Privados\",\"publisher\":{\"@id\":\"https:\/\/windyjets.com\/de\/#organization\"},\"alternateName\":\"Windy Jets\",\"potentialAction\":[{\"@type\":\"SearchAction\",\"target\":{\"@type\":\"EntryPoint\",\"urlTemplate\":\"https:\/\/windyjets.com\/de\/?s={search_term_string}\"},\"query-input\":\"required name=search_term_string\"}],\"inLanguage\":\"de\"},{\"@type\":\"Organization\",\"@id\":\"https:\/\/windyjets.com\/de\/#organization\",\"name\":\"WindyJets\",\"alternateName\":\"Windy Jets\",\"url\":\"https:\/\/windyjets.com\/de\/\",\"logo\":{\"@type\":\"ImageObject\",\"inLanguage\":\"de\",\"@id\":\"https:\/\/windyjets.com\/de\/#\/schema\/logo\/image\/\",\"url\":\"https:\/\/windyjets.com\/wp-content\/uploads\/2023\/05\/logo-windyjets.png\",\"contentUrl\":\"https:\/\/windyjets.com\/wp-content\/uploads\/2023\/05\/logo-windyjets.png\",\"width\":1400,\"height\":250,\"caption\":\"WindyJets\"},\"image\":{\"@id\":\"https:\/\/windyjets.com\/de\/#\/schema\/logo\/image\/\"}}]}<\/script>\n<!-- \/ Yoast SEO plugin. -->","yoast_head_json":{"title":"Privatjets kaufen und verkaufen - WindyJets","description":"Werden Sie Besitzer eines Privatjets. Entdecken Sie die zum Verkauf stehenden Privatflugzeugmodelle und w\u00e4hlen Sie die beste Option.","robots":{"index":"index","follow":"follow","max-snippet":"max-snippet:-1","max-image-preview":"max-image-preview:large","max-video-preview":"max-video-preview:-1"},"canonical":"https:\/\/windyjets.com\/de\/kauf-verkauf-von-privatjets\/","og_locale":"de_DE","og_type":"article","og_title":"Privatjets kaufen und verkaufen - WindyJets","og_description":"Werden Sie Besitzer eines Privatjets. Entdecken Sie die zum Verkauf stehenden Privatflugzeugmodelle und w\u00e4hlen Sie die beste Option.","og_url":"https:\/\/windyjets.com\/de\/kauf-verkauf-von-privatjets\/","og_site_name":"WindyJets","article_modified_time":"2023-07-12T08:23:10+00:00","twitter_card":"summary_large_image","twitter_misc":{"Gesch\u00e4tzte Lesezeit":"7\u00a0Minuten"},"schema":{"@context":"https:\/\/schema.org","@graph":[{"@type":"WebPage","@id":"https:\/\/windyjets.com\/de\/kauf-verkauf-von-privatjets\/","url":"https:\/\/windyjets.com\/de\/kauf-verkauf-von-privatjets\/","name":"Privatjets kaufen und verkaufen - WindyJets","isPartOf":{"@id":"https:\/\/windyjets.com\/de\/#website"},"datePublished":"2023-05-06T16:19:42+00:00","dateModified":"2023-07-12T08:23:10+00:00","description":"Werden Sie Besitzer eines Privatjets. Entdecken Sie die zum Verkauf stehenden Privatflugzeugmodelle und w\u00e4hlen Sie die beste Option.","breadcrumb":{"@id":"https:\/\/windyjets.com\/de\/kauf-verkauf-von-privatjets\/#breadcrumb"},"inLanguage":"de","potentialAction":[{"@type":"ReadAction","target":["https:\/\/windyjets.com\/de\/kauf-verkauf-von-privatjets\/"]}]},{"@type":"BreadcrumbList","@id":"https:\/\/windyjets.com\/de\/kauf-verkauf-von-privatjets\/#breadcrumb","itemListElement":[{"@type":"ListItem","position":1,"name":"Portada","item":"https:\/\/windyjets.com\/de\/privatjet-vermietung\/"},{"@type":"ListItem","position":2,"name":"Kaufen Sie Privatjets"}]},{"@type":"WebSite","@id":"https:\/\/windyjets.com\/de\/#website","url":"https:\/\/windyjets.com\/de\/","name":"WindyJets","description":"Alquiler Jets Privados","publisher":{"@id":"https:\/\/windyjets.com\/de\/#organization"},"alternateName":"Windy Jets","potentialAction":[{"@type":"SearchAction","target":{"@type":"EntryPoint","urlTemplate":"https:\/\/windyjets.com\/de\/?s={search_term_string}"},"query-input":"required name=search_term_string"}],"inLanguage":"de"},{"@type":"Organization","@id":"https:\/\/windyjets.com\/de\/#organization","name":"WindyJets","alternateName":"Windy Jets","url":"https:\/\/windyjets.com\/de\/","logo":{"@type":"ImageObject","inLanguage":"de","@id":"https:\/\/windyjets.com\/de\/#\/schema\/logo\/image\/","url":"https:\/\/windyjets.com\/wp-content\/uploads\/2023\/05\/logo-windyjets.png","contentUrl":"https:\/\/windyjets.com\/wp-content\/uploads\/2023\/05\/logo-windyjets.png","width":1400,"height":250,"caption":"WindyJets"},"image":{"@id":"https:\/\/windyjets.com\/de\/#\/schema\/logo\/image\/"}}]}},"_links":{"self":[{"href":"https:\/\/windyjets.com\/de\/wp-json\/wp\/v2\/pages\/219718","targetHints":{"allow":["GET"]}}],"collection":[{"href":"https:\/\/windyjets.com\/de\/wp-json\/wp\/v2\/pages"}],"about":[{"href":"https:\/\/windyjets.com\/de\/wp-json\/wp\/v2\/types\/page"}],"author":[{"embeddable":true,"href":"https:\/\/windyjets.com\/de\/wp-json\/wp\/v2\/users\/2"}],"replies":[{"embeddable":true,"href":"https:\/\/windyjets.com\/de\/wp-json\/wp\/v2\/comments?post=219718"}],"version-history":[{"count":16,"href":"https:\/\/windyjets.com\/de\/wp-json\/wp\/v2\/pages\/219718\/revisions"}],"predecessor-version":[{"id":225283,"href":"https:\/\/windyjets.com\/de\/wp-json\/wp\/v2\/pages\/219718\/revisions\/225283"}],"wp:attachment":[{"href":"https:\/\/windyjets.com\/de\/wp-json\/wp\/v2\/media?parent=219718"}],"curies":[{"name":"wp","href":"https:\/\/api.w.org\/{rel}","templated":true}]}}