{"id":219741,"date":"2023-05-31T07:38:03","date_gmt":"2023-05-31T07:38:03","guid":{"rendered":"https:\/\/windyjets.com\/passagierflugzeug\/"},"modified":"2023-07-12T13:17:19","modified_gmt":"2023-07-12T13:17:19","slug":"passagierflugzeug","status":"publish","type":"page","link":"https:\/\/windyjets.com\/de\/passagierflugzeug\/","title":{"rendered":"Passagierflugzeug"},"content":{"rendered":"<p>[et_pb_section fb_built=&#8220;1&#8243; prev_background_color=&#8220;#003890&#8243; _builder_version=&#8220;4.21.0&#8243; _module_preset=&#8220;default&#8220; top_divider_style=&#8220;ramp2&#8243; top_divider_height=&#8220;50px&#8220; global_colors_info=&#8220;{}&#8220;][et_pb_row _builder_version=&#8220;4.21.0&#8243; _module_preset=&#8220;default&#8220; custom_margin=&#8220;0px||||false|false&#8220; global_colors_info=&#8220;{}&#8220;][et_pb_column type=&#8220;4_4&#8243; _builder_version=&#8220;4.21.0&#8243; _module_preset=&#8220;default&#8220; global_colors_info=&#8220;{}&#8220;][et_pb_blurb title=&#8220;Leitfaden f\u00fcr Verkehrsflugzeuge&#8220; use_icon=&#8220;on&#8220; font_icon=&#8220;&#xf5b0;||fa||900&#8243; icon_placement=&#8220;left&#8220; image_icon_width=&#8220;200px&#8220; content_max_width=&#8220;847px&#8220; icon_placement_tablet=&#8220;top&#8220; icon_placement_phone=&#8220;top&#8220; icon_placement_last_edited=&#8220;on|tablet&#8220; image_icon_width_tablet=&#8220;112px&#8220; image_icon_width_phone=&#8220;112px&#8220; image_icon_width_last_edited=&#8220;on|tablet&#8220; _builder_version=&#8220;4.21.0&#8243; _module_preset=&#8220;default&#8220; header_level=&#8220;h1&#8243; header_text_color=&#8220;#003890&#8243; header_font_size=&#8220;40px&#8220; body_font_size=&#8220;18px&#8220; text_orientation=&#8220;center&#8220; animation_style=&#8220;roll&#8220; animation=&#8220;left&#8220; body_font_size_tablet=&#8220;16px&#8220; body_font_size_phone=&#8220;16px&#8220; body_font_size_last_edited=&#8220;on|tablet&#8220; global_colors_info=&#8220;{}&#8220;]<\/p>\n<p style=\"text-align: center;\"><span>Entdecken Sie Verkehrsflugzeuge jeder Gr\u00f6\u00dfe zum Mieten oder Buchen eines Charterfluges. Hier finden Sie Gro\u00dfflugzeuge zum Privatcharter. Entdecken Sie die verschiedenen verf\u00fcgbaren Flugzeugmodelle und w\u00e4hlen Sie die Option, die Ihren Anforderungen am besten entspricht.  <\/span><\/p>\n<p><span>W\u00e4hlen Sie nach Marke, Modell, Anzahl der Sitze, Dienstleistungen an Bord &#8230; Alle privaten Verkehrsflugzeuge erf\u00fcllen die von Ihnen gew\u00fcnschten Sicherheits- und Komfortstandards.<\/span><\/p>\n<p>[\/et_pb_blurb][\/et_pb_column][\/et_pb_row][\/et_pb_section][et_pb_section fb_built=&#8220;1&#8243; _builder_version=&#8220;4.21.0&#8243; _module_preset=&#8220;default&#8220; custom_margin=&#8220;-100px||||false|false&#8220; global_colors_info=&#8220;{}&#8220;][et_pb_row _builder_version=&#8220;4.21.0&#8243; _module_preset=&#8220;default&#8220; global_colors_info=&#8220;{}&#8220;][et_pb_column type=&#8220;4_4&#8243; _builder_version=&#8220;4.21.0&#8243; _module_preset=&#8220;default&#8220; global_colors_info=&#8220;{}&#8220;][ba_advanced_divider active_element=&#8220;text&#8220; title=&#8220;Regional commuters&#8220; border_style_classic=&#8220;solid&#8220; border_color=&#8220;#003890&#8243; border_weight=&#8220;1.3px&#8220; _builder_version=&#8220;4.21.0&#8243; _module_preset=&#8220;default&#8220; title_level=&#8220;h2&#8243; title_text_color=&#8220;#003890&#8243; global_colors_info=&#8220;{}&#8220;][\/ba_advanced_divider][ba_post_list include_categories=&#8220;35&#8243; show_excerpt=&#8220;off&#8220; list_type=&#8220;grid&#8220; alignment=&#8220;center&#8220; image_width=&#8220;260px&#8220; image_height=&#8220;170px&#8220; image_spacing=&#8220;24px&#8220; items_tablet=&#8220;&#8220; items_phone=&#8220;2&#8243; items_last_edited=&#8220;on|phone&#8220; item_spacing_tablet=&#8220;10px&#8220; item_spacing_phone=&#8220;10px&#8220; item_spacing_last_edited=&#8220;on|tablet&#8220; image_width_tablet=&#8220;142px&#8220; image_width_phone=&#8220;142px&#8220; image_width_last_edited=&#8220;on|tablet&#8220; image_height_tablet=&#8220;120px&#8220; image_height_phone=&#8220;120px&#8220; image_height_last_edited=&#8220;on|tablet&#8220; _builder_version=&#8220;4.21.0&#8243; _module_preset=&#8220;default&#8220; custom_margin_tablet=&#8220;&#8220; custom_margin_phone=&#8220;|||-10px|false|false&#8220; custom_margin_last_edited=&#8220;on|phone&#8220; hover_enabled=&#8220;0&#8243; title_font_size_tablet=&#8220;16px&#8220; title_font_size_phone=&#8220;16px&#8220; title_font_size_last_edited=&#8220;on|tablet&#8220; border_radii_image=&#8220;on|12px|12px|12px|12px&#8220; border_width_all_image=&#8220;30px&#8220; global_colors_info=&#8220;{}&#8220; sticky_enabled=&#8220;0&#8243; order_by=&#8220;title&#8220; order=&#8220;DESC&#8220;][\/ba_post_list][ba_advanced_divider active_element=&#8220;text&#8220; title=&#8220;Narrow body Airliners&#8220; border_style_classic=&#8220;solid&#8220; border_color=&#8220;#003890&#8243; border_weight=&#8220;1.3px&#8220; _builder_version=&#8220;4.21.0&#8243; _module_preset=&#8220;default&#8220; title_level=&#8220;h2&#8243; title_text_color=&#8220;#003890&#8243; global_colors_info=&#8220;{}&#8220;][\/ba_advanced_divider][ba_post_list include_categories=&#8220;36&#8243; show_excerpt=&#8220;off&#8220; list_type=&#8220;grid&#8220; alignment=&#8220;center&#8220; image_width=&#8220;260px&#8220; image_height=&#8220;170px&#8220; image_spacing=&#8220;24px&#8220; items_tablet=&#8220;&#8220; items_phone=&#8220;2&#8243; items_last_edited=&#8220;on|phone&#8220; item_spacing_tablet=&#8220;10px&#8220; item_spacing_phone=&#8220;10px&#8220; item_spacing_last_edited=&#8220;on|tablet&#8220; image_width_tablet=&#8220;142px&#8220; image_width_phone=&#8220;142px&#8220; image_width_last_edited=&#8220;on|tablet&#8220; image_height_tablet=&#8220;120px&#8220; image_height_phone=&#8220;120px&#8220; image_height_last_edited=&#8220;on|tablet&#8220; _builder_version=&#8220;4.21.0&#8243; _module_preset=&#8220;default&#8220; title_font_size_tablet=&#8220;16px&#8220; title_font_size_phone=&#8220;16px&#8220; title_font_size_last_edited=&#8220;on|tablet&#8220; border_radii_image=&#8220;on|12px|12px|12px|12px&#8220; border_width_all_image=&#8220;30px&#8220; global_colors_info=&#8220;{}&#8220;][\/ba_post_list][ba_advanced_divider active_element=&#8220;text&#8220; title=&#8220;Wide body Airliners&#8220; border_style_classic=&#8220;solid&#8220; border_color=&#8220;#003890&#8243; border_weight=&#8220;1.3px&#8220; _builder_version=&#8220;4.21.0&#8243; _module_preset=&#8220;default&#8220; title_level=&#8220;h2&#8243; title_text_color=&#8220;#003890&#8243; global_colors_info=&#8220;{}&#8220;][\/ba_advanced_divider][ba_post_list include_categories=&#8220;37&#8243; posts_number=&#8220;11&#8243; show_excerpt=&#8220;off&#8220; list_type=&#8220;grid&#8220; alignment=&#8220;center&#8220; image_width=&#8220;260px&#8220; image_height=&#8220;170px&#8220; image_spacing=&#8220;24px&#8220; items_tablet=&#8220;&#8220; items_phone=&#8220;2&#8243; items_last_edited=&#8220;on|phone&#8220; item_spacing_tablet=&#8220;10px&#8220; item_spacing_phone=&#8220;10px&#8220; item_spacing_last_edited=&#8220;on|tablet&#8220; image_width_tablet=&#8220;142px&#8220; image_width_phone=&#8220;142px&#8220; image_width_last_edited=&#8220;on|tablet&#8220; image_height_tablet=&#8220;120px&#8220; image_height_phone=&#8220;120px&#8220; image_height_last_edited=&#8220;on|tablet&#8220; _builder_version=&#8220;4.21.0&#8243; _module_preset=&#8220;default&#8220; title_font_size_tablet=&#8220;16px&#8220; title_font_size_phone=&#8220;16px&#8220; title_font_size_last_edited=&#8220;on|tablet&#8220; border_radii_image=&#8220;on|12px|12px|12px|12px&#8220; border_width_all_image=&#8220;30px&#8220; global_colors_info=&#8220;{}&#8220;][\/ba_post_list][\/et_pb_column][\/et_pb_row][\/et_pb_section][et_pb_section fb_built=&#8220;1&#8243; admin_label=&#8220;Contactar&#8220; _builder_version=&#8220;4.21.0&#8243; _module_preset=&#8220;default&#8220; vertical_offset_tablet=&#8220;&#8220; vertical_offset_phone=&#8220;-157px&#8220; vertical_offset_last_edited=&#8220;on|phone&#8220; top_divider_style=&#8220;curve2&#8243; top_divider_color=&#8220;#003890&#8243; top_divider_height=&#8220;39px&#8220; top_divider_repeat=&#8220;1x&#8220; top_divider_flip=&#8220;vertical&#8220; top_divider_arrangement=&#8220;above_content&#8220; top_divider_style_tablet=&#8220;curve&#8220; top_divider_style_phone=&#8220;curve&#8220; top_divider_style_last_edited=&#8220;on|phone&#8220; border_width_all=&#8220;4px&#8220; border_color_all=&#8220;#0C71C3&#8243; border_style_all=&#8220;outset&#8220; locked=&#8220;off&#8220; global_colors_info=&#8220;{}&#8220;][et_pb_row _builder_version=&#8220;4.21.0&#8243; _module_preset=&#8220;default&#8220; global_colors_info=&#8220;{}&#8220;][et_pb_column type=&#8220;4_4&#8243; _builder_version=&#8220;4.21.0&#8243; _module_preset=&#8220;default&#8220; global_colors_info=&#8220;{}&#8220;][et_pb_text _builder_version=&#8220;4.21.0&#8243; _module_preset=&#8220;default&#8220; text_text_color=&#8220;#003890&#8243; text_font_size_tablet=&#8220;&#8220; text_font_size_phone=&#8220;34px&#8220; text_font_size_last_edited=&#8220;on|phone&#8220; global_colors_info=&#8220;{}&#8220;]<\/p>\n<p>Kontaktiere uns<\/p>\n<p>[\/et_pb_text][\/et_pb_column][\/et_pb_row][et_pb_row column_structure=&#8220;1_2,1_2&#8243; _builder_version=&#8220;4.21.0&#8243; _module_preset=&#8220;default&#8220; global_colors_info=&#8220;{}&#8220;][et_pb_column type=&#8220;1_2&#8243; _builder_version=&#8220;4.21.0&#8243; _module_preset=&#8220;default&#8220; global_colors_info=&#8220;{}&#8220;][et_pb_text _builder_version=&#8220;4.21.0&#8243; _module_preset=&#8220;default&#8220; text_text_color=&#8220;#003890&#8243; text_font_size=&#8220;22px&#8220; global_colors_info=&#8220;{}&#8220;]<\/p>\n<p>Kontaktieren Sie uns bei Fragen oder Anmerkungen zu unseren Leistungen f\u00fcr Privatflugreisen: Preise, Verf\u00fcgbarkeit, Zusatzleistungen&#8230;<\/p>\n<p>Wenn Sie ein Budget f\u00fcr die Anmietung eines Privatjets, einen Charter f\u00fcr eine Gruppe oder eine damit verbundene Dienstleistung w\u00fcnschen, k\u00f6nnen Sie uns \u00fcber das Formular oder per E-Mail kontaktieren:<\/p>\n<p>[\/et_pb_text][dsm_icon_list list_layout=&#8220;horizontal&#8220; list_alignment=&#8220;center&#8220; list_space_between=&#8220;51px&#8220; list_background=&#8220;RGBA(255,255,255,0)&#8220; _builder_version=&#8220;4.21.0&#8243; _module_preset=&#8220;default&#8220; module_alignment=&#8220;center&#8220; box_shadow_style=&#8220;preset1&#8243; global_colors_info=&#8220;{}&#8220;][dsm_icon_list_child text=&#8220;info@windyjets.com&#8220; font_icon=&#8220;&#xe010;||divi||400&#8243; icon_padding=&#8220;4px&#8220; icon_font_size=&#8220;27px&#8220; url=&#8220;mailto:info@windyjets.com&#8220; url_new_window=&#8220;on&#8220; _builder_version=&#8220;4.21.0&#8243; _module_preset=&#8220;default&#8220; text_text_color=&#8220;#003890&#8243; text_font_size=&#8220;18px&#8220; global_colors_info=&#8220;{}&#8220;][\/dsm_icon_list_child][\/dsm_icon_list][dsm_icon_list list_layout=&#8220;horizontal&#8220; list_alignment=&#8220;center&#8220; list_space_between=&#8220;51px&#8220; list_background=&#8220;RGBA(255,255,255,0)&#8220; _builder_version=&#8220;4.21.0&#8243; _module_preset=&#8220;default&#8220; module_alignment=&#8220;center&#8220; box_shadow_style=&#8220;preset1&#8243; global_colors_info=&#8220;{}&#8220;][dsm_icon_list_child text=&#8220;+34 626 680 092&#8243; font_icon=&#8220;&#xe090;||divi||400&#8243; icon_padding=&#8220;3px&#8220; icon_font_size=&#8220;29px&#8220; url=&#8220;tel:+34626680092&#8243; _builder_version=&#8220;4.21.0&#8243; _module_preset=&#8220;default&#8220; text_text_color=&#8220;#003890&#8243; global_colors_info=&#8220;{}&#8220;][\/dsm_icon_list_child][\/dsm_icon_list][et_pb_image src=&#8220;https:\/\/windyjets.com\/wp-content\/uploads\/2023\/05\/favicon.png&#8220; title_text=&#8220;favicon&#8220; align=&#8220;center&#8220; _builder_version=&#8220;4.21.0&#8243; _module_preset=&#8220;default&#8220; width=&#8220;44%&#8220; width_tablet=&#8220;44%&#8220; width_phone=&#8220;36%&#8220; width_last_edited=&#8220;on|phone&#8220; animation_style=&#8220;roll&#8220; locked=&#8220;off&#8220; global_colors_info=&#8220;{}&#8220;][\/et_pb_image][\/et_pb_column][et_pb_column type=&#8220;1_2&#8243; _builder_version=&#8220;4.21.0&#8243; _module_preset=&#8220;default&#8220; global_colors_info=&#8220;{}&#8220;][dvppl_cf7_styler form_padding=&#8220;1px|0px|1px|0px|false|false&#8220; use_form_button_fullwidth=&#8220;on&#8220; cf7=&#8220;216916&#8243; form_field_height=&#8220;35px&#8220; form_field_spacing=&#8220;0px&#8220; form_label_spacing=&#8220;0px&#8220; cr_custom_styles=&#8220;on&#8220; cr_size=&#8220;26px&#8220; cr_selected_color=&#8220;#003890&#8243; _builder_version=&#8220;4.21.0&#8243; _module_preset=&#8220;default&#8220; placeholder_text_color=&#8220;#003890&#8243; placeholder_font_size=&#8220;16px&#8220; placeholder_line_height=&#8220;1em&#8220; custom_submit_button=&#8220;on&#8220; submit_button_text_color=&#8220;#003890&#8243; submit_button_border_radius=&#8220;0px&#8220; border_radii_field=&#8220;on|20px|20px|20px|20px&#8220; border_color_all_field=&#8220;#003890&#8243; border_style_all_field=&#8220;dashed&#8220; global_colors_info=&#8220;{}&#8220;][\/dvppl_cf7_styler][et_pb_text _builder_version=&#8220;4.21.0&#8243; _module_preset=&#8220;default&#8220; text_font=&#8220;||||||||&#8220; text_font_size=&#8220;14px&#8220; locked=&#8220;off&#8220; global_colors_info=&#8220;{}&#8220;]<\/p>\n<p style=\"text-align: left;\">* Pflichtfeld Mit dem Absenden der Nachricht \u00fcber unser Formular akzeptieren Sie unsere <a href=\"https:\/\/windyjets.com\/de\/politica-de-privacidad\/\" target=\"_blank\" rel=\"noopener\">Datenschutzbestimmungen.<\/a><\/p>\n<p>This site is protected by reCAPTCHA and the Google. <a href=\"https:\/\/policies.google.com\/privacy\" rel=\"nofollow\">Privacy Policy<\/a> and <a href=\"https:\/\/policies.google.com\/terms\" rel=\"nofollow\">Terms of Service<\/a> apply.<\/p>\n<p>[\/et_pb_text][\/et_pb_column][\/et_pb_row][\/et_pb_section]<\/p>\n","protected":false},"excerpt":{"rendered":"<p>Hier finden Sie Gro\u00dfflugzeuge zum Privatcharter. Entdecken Sie die verschiedenen verf\u00fcgbaren Flugzeugmodelle und w\u00e4hlen Sie die Option, die Ihren Anforderungen am besten entspricht. <\/p>\n","protected":false},"author":2,"featured_media":0,"parent":0,"menu_order":0,"comment_status":"closed","ping_status":"closed","template":"","meta":{"_et_pb_use_builder":"on","_et_pb_old_content":"","_et_gb_content_width":"","footnotes":""},"class_list":["post-219741","page","type-page","status-publish","hentry"],"yoast_head":"<!-- This site is optimized with the Yoast SEO plugin v22.6 - https:\/\/yoast.com\/wordpress\/plugins\/seo\/ -->\n<title>Leitfaden f\u00fcr die Vermietung von Verkehrsflugzeugen \u2013 WindyJets<\/title>\n<meta name=\"description\" content=\"Entdecken Sie alle unsere zur Miete verf\u00fcgbaren Verkehrsflugzeugmodelle und w\u00e4hlen Sie das Modell aus, das am besten zu den Bed\u00fcrfnissen Ihrer Reisegruppe passt.\" \/>\n<meta name=\"robots\" content=\"index, follow, max-snippet:-1, max-image-preview:large, max-video-preview:-1\" \/>\n<link rel=\"canonical\" href=\"https:\/\/windyjets.com\/de\/passagierflugzeug\/\" \/>\n<meta property=\"og:locale\" content=\"de_DE\" \/>\n<meta property=\"og:type\" content=\"article\" \/>\n<meta property=\"og:title\" content=\"Leitfaden f\u00fcr die Vermietung von Verkehrsflugzeugen \u2013 WindyJets\" \/>\n<meta property=\"og:description\" content=\"Entdecken Sie alle unsere zur Miete verf\u00fcgbaren Verkehrsflugzeugmodelle und w\u00e4hlen Sie das Modell aus, das am besten zu den Bed\u00fcrfnissen Ihrer Reisegruppe passt.\" \/>\n<meta property=\"og:url\" content=\"https:\/\/windyjets.com\/de\/passagierflugzeug\/\" \/>\n<meta property=\"og:site_name\" content=\"WindyJets\" \/>\n<meta property=\"article:modified_time\" content=\"2023-07-12T13:17:19+00:00\" \/>\n<meta name=\"twitter:card\" content=\"summary_large_image\" \/>\n<meta name=\"twitter:label1\" content=\"Gesch\u00e4tzte Lesezeit\" \/>\n\t<meta name=\"twitter:data1\" content=\"7\u00a0Minuten\" \/>\n<script type=\"application\/ld+json\" class=\"yoast-schema-graph\">{\"@context\":\"https:\/\/schema.org\",\"@graph\":[{\"@type\":\"WebPage\",\"@id\":\"https:\/\/windyjets.com\/de\/passagierflugzeug\/\",\"url\":\"https:\/\/windyjets.com\/de\/passagierflugzeug\/\",\"name\":\"Leitfaden f\u00fcr die Vermietung von Verkehrsflugzeugen \u2013 WindyJets\",\"isPartOf\":{\"@id\":\"https:\/\/windyjets.com\/de\/#website\"},\"datePublished\":\"2023-05-31T07:38:03+00:00\",\"dateModified\":\"2023-07-12T13:17:19+00:00\",\"description\":\"Entdecken Sie alle unsere zur Miete verf\u00fcgbaren Verkehrsflugzeugmodelle und w\u00e4hlen Sie das Modell aus, das am besten zu den Bed\u00fcrfnissen Ihrer Reisegruppe passt.\",\"breadcrumb\":{\"@id\":\"https:\/\/windyjets.com\/de\/passagierflugzeug\/#breadcrumb\"},\"inLanguage\":\"de\",\"potentialAction\":[{\"@type\":\"ReadAction\",\"target\":[\"https:\/\/windyjets.com\/de\/passagierflugzeug\/\"]}]},{\"@type\":\"BreadcrumbList\",\"@id\":\"https:\/\/windyjets.com\/de\/passagierflugzeug\/#breadcrumb\",\"itemListElement\":[{\"@type\":\"ListItem\",\"position\":1,\"name\":\"Portada\",\"item\":\"https:\/\/windyjets.com\/de\/privatjet-vermietung\/\"},{\"@type\":\"ListItem\",\"position\":2,\"name\":\"Passagierflugzeug\"}]},{\"@type\":\"WebSite\",\"@id\":\"https:\/\/windyjets.com\/de\/#website\",\"url\":\"https:\/\/windyjets.com\/de\/\",\"name\":\"WindyJets\",\"description\":\"Alquiler Jets Privados\",\"publisher\":{\"@id\":\"https:\/\/windyjets.com\/de\/#organization\"},\"alternateName\":\"Windy Jets\",\"potentialAction\":[{\"@type\":\"SearchAction\",\"target\":{\"@type\":\"EntryPoint\",\"urlTemplate\":\"https:\/\/windyjets.com\/de\/?s={search_term_string}\"},\"query-input\":\"required name=search_term_string\"}],\"inLanguage\":\"de\"},{\"@type\":\"Organization\",\"@id\":\"https:\/\/windyjets.com\/de\/#organization\",\"name\":\"WindyJets\",\"alternateName\":\"Windy Jets\",\"url\":\"https:\/\/windyjets.com\/de\/\",\"logo\":{\"@type\":\"ImageObject\",\"inLanguage\":\"de\",\"@id\":\"https:\/\/windyjets.com\/de\/#\/schema\/logo\/image\/\",\"url\":\"https:\/\/windyjets.com\/wp-content\/uploads\/2023\/05\/logo-windyjets.png\",\"contentUrl\":\"https:\/\/windyjets.com\/wp-content\/uploads\/2023\/05\/logo-windyjets.png\",\"width\":1400,\"height\":250,\"caption\":\"WindyJets\"},\"image\":{\"@id\":\"https:\/\/windyjets.com\/de\/#\/schema\/logo\/image\/\"}}]}<\/script>\n<!-- \/ Yoast SEO plugin. -->","yoast_head_json":{"title":"Leitfaden f\u00fcr die Vermietung von Verkehrsflugzeugen \u2013 WindyJets","description":"Entdecken Sie alle unsere zur Miete verf\u00fcgbaren Verkehrsflugzeugmodelle und w\u00e4hlen Sie das Modell aus, das am besten zu den Bed\u00fcrfnissen Ihrer Reisegruppe passt.","robots":{"index":"index","follow":"follow","max-snippet":"max-snippet:-1","max-image-preview":"max-image-preview:large","max-video-preview":"max-video-preview:-1"},"canonical":"https:\/\/windyjets.com\/de\/passagierflugzeug\/","og_locale":"de_DE","og_type":"article","og_title":"Leitfaden f\u00fcr die Vermietung von Verkehrsflugzeugen \u2013 WindyJets","og_description":"Entdecken Sie alle unsere zur Miete verf\u00fcgbaren Verkehrsflugzeugmodelle und w\u00e4hlen Sie das Modell aus, das am besten zu den Bed\u00fcrfnissen Ihrer Reisegruppe passt.","og_url":"https:\/\/windyjets.com\/de\/passagierflugzeug\/","og_site_name":"WindyJets","article_modified_time":"2023-07-12T13:17:19+00:00","twitter_card":"summary_large_image","twitter_misc":{"Gesch\u00e4tzte Lesezeit":"7\u00a0Minuten"},"schema":{"@context":"https:\/\/schema.org","@graph":[{"@type":"WebPage","@id":"https:\/\/windyjets.com\/de\/passagierflugzeug\/","url":"https:\/\/windyjets.com\/de\/passagierflugzeug\/","name":"Leitfaden f\u00fcr die Vermietung von Verkehrsflugzeugen \u2013 WindyJets","isPartOf":{"@id":"https:\/\/windyjets.com\/de\/#website"},"datePublished":"2023-05-31T07:38:03+00:00","dateModified":"2023-07-12T13:17:19+00:00","description":"Entdecken Sie alle unsere zur Miete verf\u00fcgbaren Verkehrsflugzeugmodelle und w\u00e4hlen Sie das Modell aus, das am besten zu den Bed\u00fcrfnissen Ihrer Reisegruppe passt.","breadcrumb":{"@id":"https:\/\/windyjets.com\/de\/passagierflugzeug\/#breadcrumb"},"inLanguage":"de","potentialAction":[{"@type":"ReadAction","target":["https:\/\/windyjets.com\/de\/passagierflugzeug\/"]}]},{"@type":"BreadcrumbList","@id":"https:\/\/windyjets.com\/de\/passagierflugzeug\/#breadcrumb","itemListElement":[{"@type":"ListItem","position":1,"name":"Portada","item":"https:\/\/windyjets.com\/de\/privatjet-vermietung\/"},{"@type":"ListItem","position":2,"name":"Passagierflugzeug"}]},{"@type":"WebSite","@id":"https:\/\/windyjets.com\/de\/#website","url":"https:\/\/windyjets.com\/de\/","name":"WindyJets","description":"Alquiler Jets Privados","publisher":{"@id":"https:\/\/windyjets.com\/de\/#organization"},"alternateName":"Windy Jets","potentialAction":[{"@type":"SearchAction","target":{"@type":"EntryPoint","urlTemplate":"https:\/\/windyjets.com\/de\/?s={search_term_string}"},"query-input":"required name=search_term_string"}],"inLanguage":"de"},{"@type":"Organization","@id":"https:\/\/windyjets.com\/de\/#organization","name":"WindyJets","alternateName":"Windy Jets","url":"https:\/\/windyjets.com\/de\/","logo":{"@type":"ImageObject","inLanguage":"de","@id":"https:\/\/windyjets.com\/de\/#\/schema\/logo\/image\/","url":"https:\/\/windyjets.com\/wp-content\/uploads\/2023\/05\/logo-windyjets.png","contentUrl":"https:\/\/windyjets.com\/wp-content\/uploads\/2023\/05\/logo-windyjets.png","width":1400,"height":250,"caption":"WindyJets"},"image":{"@id":"https:\/\/windyjets.com\/de\/#\/schema\/logo\/image\/"}}]}},"_links":{"self":[{"href":"https:\/\/windyjets.com\/de\/wp-json\/wp\/v2\/pages\/219741","targetHints":{"allow":["GET"]}}],"collection":[{"href":"https:\/\/windyjets.com\/de\/wp-json\/wp\/v2\/pages"}],"about":[{"href":"https:\/\/windyjets.com\/de\/wp-json\/wp\/v2\/types\/page"}],"author":[{"embeddable":true,"href":"https:\/\/windyjets.com\/de\/wp-json\/wp\/v2\/users\/2"}],"replies":[{"embeddable":true,"href":"https:\/\/windyjets.com\/de\/wp-json\/wp\/v2\/comments?post=219741"}],"version-history":[{"count":37,"href":"https:\/\/windyjets.com\/de\/wp-json\/wp\/v2\/pages\/219741\/revisions"}],"predecessor-version":[{"id":225745,"href":"https:\/\/windyjets.com\/de\/wp-json\/wp\/v2\/pages\/219741\/revisions\/225745"}],"wp:attachment":[{"href":"https:\/\/windyjets.com\/de\/wp-json\/wp\/v2\/media?parent=219741"}],"curies":[{"name":"wp","href":"https:\/\/api.w.org\/{rel}","templated":true}]}}