{"id":224778,"date":"2023-06-05T08:19:57","date_gmt":"2023-06-05T08:19:57","guid":{"rendered":"https:\/\/windyjets.com\/rechtliche-warnung\/"},"modified":"2023-06-05T08:19:57","modified_gmt":"2023-06-05T08:19:57","slug":"rechtliche-warnung","status":"publish","type":"page","link":"https:\/\/windyjets.com\/de\/rechtliche-warnung\/","title":{"rendered":"Rechtliche Warnung"},"content":{"rendered":"<p>WINDYJETS, verantwortlich f\u00fcr die Website, im Folgenden VERANTWORTLICH genannt, stellt dieses Dokument den Benutzern zur Verf\u00fcgung, mit dem es beabsichtigt, den Verpflichtungen nachzukommen, die im Gesetz 34\/2002 vom 11. Juli \u00fcber Dienstleistungen der Gesellschaft f\u00fcr Information und elektronischen Handel festgelegt sind ( LSSICE) sowie die Information aller Benutzer der Website \u00fcber die Nutzungsbedingungen. Jede Person, die auf diese Website zugreift, \u00fcbernimmt die Rolle des Benutzers und verpflichtet sich zur strikten Einhaltung und Einhaltung der hier dargelegten Bestimmungen sowie aller anderen rechtlichen Bestimmungen Bestimmung, die anwendbar sein kann. WINDYJETS beh\u00e4lt sich das Recht vor, jede Art von Informationen, die auf der Website erscheinen, zu \u00e4ndern, ohne dass eine Verpflichtung zur vorherigen Ank\u00fcndigung oder Information der Benutzer \u00fcber diese Verpflichtungen besteht, wobei die Ver\u00f6ffentlichung auf der Website WINDYJETS.COM als ausreichend angesehen wird. 1. IDENTIFIZIERENDE DATEN Handelsname: WINDYJETS Adresse: Barcelona E-Mail: info@windyjets.com<\/p>\n<p>2. GEGENSTAND \u00dcber die Website bieten wir Benutzern die M\u00f6glichkeit, auf Informationen \u00fcber unsere Dienstleistungen zuzugreifen.<\/p>\n<p>3. DATENSCHUTZ UND DATENVERARBEITUNG Wenn es f\u00fcr den Zugriff auf bestimmte Inhalte oder Dienste erforderlich ist, personenbezogene Daten bereitzustellen, garantieren die Benutzer deren Richtigkeit, Genauigkeit, Authentizit\u00e4t und G\u00fcltigkeit. Das Unternehmen wird diese Daten je nach Art oder Zweck entsprechend den im Abschnitt \u201eDatenschutzrichtlinie\u201c angegebenen Bedingungen automatisiert behandeln. 4. GEWERBLICHES UND GEISTIGES EIGENTUM Der Benutzer erkennt an und akzeptiert, dass alle auf dem Webspace angezeigten Inhalte und insbesondere Designs, Texte, Bilder, Logos, Symbole, Schaltfl\u00e4chen, Software, Handelsnamen, Marken oder andere anf\u00e4llige Zeichen von Die industrielle und\/oder kommerzielle Nutzung unterliegt den Rechten des geistigen Eigentums und allen Marken, Handelsnamen oder Unterscheidungszeichen, allen gewerblichen und geistigen Eigentumsrechten an den Inhalten und\/oder anderen auf der Seite eingef\u00fcgten Elementen, die ausschlie\u00dfliches Eigentum des Unternehmens sind und\/oder Dritte, die das ausschlie\u00dfliche Recht haben, sie im Wirtschaftsverkehr zu nutzen. Aus all diesen Gr\u00fcnden verpflichtet sich der Nutzer, solche Inhalte nicht zu reproduzieren, zu kopieren, zu verbreiten, zur Verf\u00fcgung zu stellen oder auf andere Weise \u00f6ffentlich zu kommunizieren, umzuwandeln oder zu modifizieren, und h\u00e4lt das Unternehmen von jeglichen Anspr\u00fcchen frei, die sich aus der Verletzung dieser Verpflichtungen ergeben. In keinem Fall bedeutet der Zugriff auf den Webspace irgendeine Art von Verzicht, \u00dcbertragung, Lizenz oder vollst\u00e4ndige oder teilweise Abtretung dieser Rechte, sofern nicht ausdr\u00fccklich etwas anderes angegeben ist. Diese Allgemeinen Nutzungsbedingungen des Webspace gew\u00e4hren den Benutzern kein anderes Recht zur Nutzung, \u00c4nderung, Verwertung, Vervielf\u00e4ltigung, Verbreitung oder \u00f6ffentlichen Kommunikation des Webspace und\/oder seiner Inhalte als die hierin ausdr\u00fccklich vorgesehenen. Jede andere Nutzung oder Verwertung jeglicher Rechte bedarf der vorherigen und ausdr\u00fccklichen Zustimmung des Unternehmens oder des Drittinhabers der betroffenen Rechte. Die Inhalte, Texte, Fotografien, Designs, Logos, Bilder, Computerprogramme, Quellcodes und im Allgemeinen alle in diesem Raum vorhandenen geistigen Sch\u00f6pfungen sowie der Raum selbst als Ganzes als multimediales k\u00fcnstlerisches Werk sind gesch\u00fctzt Rechte Urheberrecht durch Urheberrechtsgesetz. Das Unternehmen ist Eigent\u00fcmer der Elemente, aus denen das grafische Design des Webspace besteht, der Men\u00fcs, Navigationsschaltfl\u00e4chen, des HTML-Codes, der Texte, Bilder, Texturen, Grafiken und aller anderen Inhalte des Webspace oder in jedem Fall , \u00fcber die entsprechende Berechtigung zur Nutzung dieser Elemente verf\u00fcgt. Der im Webspace bereitgestellte Inhalt darf weder ganz noch teilweise reproduziert, noch \u00fcbertragen oder von einem Informationsabfragesystem in irgendeiner Form oder mit irgendwelchen Mitteln registriert werden, es sei denn, es liegt eine vorherige schriftliche Genehmigung des oben genannten Rechtstr\u00e4gers vor. Ebenso ist es untersagt, das \u201eUrheberrecht\u201c sowie die technischen Schutzvorrichtungen oder etwaige in den Inhalten enthaltene Informationsmechanismen zu l\u00f6schen, zu umgehen und\/oder zu manipulieren.<\/p>\n<p> Der Nutzer dieses Webspace verpflichtet sich, die genannten Rechte zu respektieren und alle Handlungen zu vermeiden, die ihm schaden k\u00f6nnten, und beh\u00e4lt sich in jedem Fall die Aus\u00fcbung aller ihm entsprechenden Mittel oder rechtlichen Schritte zur Verteidigung seiner legitimen geistigen und gewerblichen Eigentumsrechte vor . 5. VERANTWORTLICHKEITEN Es wird weder ein kontinuierlicher Zugriff garantiert, noch kann die korrekte Anzeige, das Herunterladen oder die korrekte Nutzung der auf der Website enthaltenen Elemente und Informationen durch Faktoren oder Umst\u00e4nde, die au\u00dferhalb ihrer Kontrolle liegen, verhindert, behindert oder unterbrochen werden. Sie ist nicht verantwortlich f\u00fcr Entscheidungen, die aufgrund des Zugriffs auf die angebotenen Inhalte oder Informationen getroffen werden k\u00f6nnten. Der Dienst kann unterbrochen oder die Beziehung mit dem Nutzer sofort beendet werden, wenn festgestellt wird, dass die Nutzung seines Webspace oder eines der darin angebotenen Dienste gegen diese Allgemeinen Nutzungsbedingungen verst\u00f6\u00dft. Wir haften nicht f\u00fcr Sch\u00e4den , Verluste, Verluste, Anspr\u00fcche oder Ausgaben, die sich aus der Nutzung des Webspace ergeben. Das Unternehmen schlie\u00dft jegliche Haftung f\u00fcr Sch\u00e4den jeglicher Art aus, die auf den Missbrauch der von den Nutzern des Webspace frei verf\u00fcgbaren und genutzten Dienste zur\u00fcckzuf\u00fchren sein k\u00f6nnten. Ebenso ist sie von jeglicher Verantwortung f\u00fcr den Inhalt und die Informationen befreit, die aufgrund der Datenerfassungsformulare erhalten werden k\u00f6nnen; dies gilt nur f\u00fcr die Erbringung von Beratungs- und Zweifelsdiensten. Im Falle eines Schadens, der auf eine rechtswidrige oder fehlerhafte Nutzung dieser Dienste zur\u00fcckzuf\u00fchren ist, kann der Nutzer hingegen Ersatz des entstandenen Schadens oder Verlusts verlangen. Sie stellen das Unternehmen von allen Sch\u00e4den frei, die sich aus Anspr\u00fcchen, Klagen oder Forderungen Dritter aufgrund Ihres Zugriffs oder Ihrer Nutzung des Webspace ergeben. Ebenso erkl\u00e4ren Sie sich damit einverstanden, sich f\u00fcr alle Sch\u00e4den zu entsch\u00e4digen, die sich aus der Verwendung von \u201eRobotern\u201c, \u201eSpidern\u201c, \u201eCrawlern\u201c oder \u00e4hnlichen Tools zum Zweck der Datenerfassung oder -extraktion oder aus anderen Ma\u00dfnahmen Ihrerseits ergeben eine unzumutbare Belastung f\u00fcr den Betrieb des Webspace darstellt.<\/p>\n<p>6. HYPERLINKS Der Benutzer verpflichtet sich, den Webspace sowie seine Inhalte in keiner Weise zu reproduzieren, auch nicht \u00fcber einen Hyperlink oder Hyperlink, es sei denn, die f\u00fcr die Datei verantwortliche Person hat dies ausdr\u00fccklich schriftlich genehmigt. Der Webspace kann Links zu anderen Webspaces enthalten, die von Dritten verwaltet werden, um dem Benutzer den Zugriff auf Informationen von kooperierenden und\/oder sponsernden Unternehmen zu erleichtern. Dementsprechend ist das Unternehmen weder f\u00fcr den Inhalt dieser Webspaces verantwortlich, noch ist es ein Garant oder\/oder Anbieter von Diensten und\/oder Informationen, die m\u00f6glicherweise \u00fcber Links Dritter Dritten angeboten werden. . 10. ERKL\u00c4RUNGEN UND GARANTIEN Die im Webspace angebotenen Inhalte und Leistungen haben grunds\u00e4tzlich lediglich informativen Charakter. Daher wird durch deren Angebot keine Garantie oder Erkl\u00e4rung in Bezug auf die im Webspace angebotenen Inhalte und Dienste abgegeben, einschlie\u00dflich, aber nicht beschr\u00e4nkt auf Garantien der Rechtm\u00e4\u00dfigkeit, Zuverl\u00e4ssigkeit, N\u00fctzlichkeit, Wahrhaftigkeit, Genauigkeit oder Marktf\u00e4higkeit, au\u00dfer in den genannten F\u00e4llen soweit solche Zusicherungen und Gew\u00e4hrleistungen gesetzlich nicht ausgeschlossen werden k\u00f6nnen. 11. H\u00d6HERE GEWALT Das Unternehmen haftet in keiner Weise f\u00fcr den Fall der Unm\u00f6glichkeit der Leistungserbringung, wenn dies auf l\u00e4ngere Unterbrechungen der Stromversorgung, der Telekommunikationsleitungen, soziale Konflikte, Streiks, Aufst\u00e4nde, Explosionen, \u00dcberschwemmungen, Handlungen und Unterlassungen von zur\u00fcckzuf\u00fchren ist der Regierung und im Allgemeinen alle F\u00e4lle h\u00f6herer Gewalt oder zuf\u00e4lliger Ereignisse. 12. Streitbeilegung. ANWENDBARES RECHT UND GERICHTSSTAND Diese Allgemeinen Nutzungsbedingungen sowie die Nutzung des Webspace unterliegen spanischem Recht. Zur Beilegung etwaiger Meinungsverschiedenheiten wenden sich die Parteien an die Gerichte am Sitz der f\u00fcr die Website verantwortlichen Person. F\u00fcr den Fall, dass eine Bestimmung dieser Allgemeinen Nutzungsbedingungen aufgrund der geltenden Gesetzgebung oder infolge eines Gerichts- oder Verwaltungsbeschlusses nicht durchsetzbar oder nichtig ist, f\u00fchrt diese Undurchsetzbarkeit oder Nichtigkeit nicht dazu, dass diese Allgemeinen Nutzungsbedingungen nicht durchsetzbar oder nichtig sind ganz. In solchen F\u00e4llen wird das Unternehmen die besagte Bestimmung \u00e4ndern oder durch eine andere ersetzen, die g\u00fcltig und durchsetzbar ist und das Ziel und den Anspruch der urspr\u00fcnglichen Bestimmung so weit wie m\u00f6glich erreicht.<\/p>\n","protected":false},"excerpt":{"rendered":"<p>WINDYJETS, verantwortlich f\u00fcr die Website, im Folgenden VERANTWORTLICH genannt, stellt dieses Dokument den Benutzern zur Verf\u00fcgung, mit dem es beabsichtigt, den Verpflichtungen nachzukommen, die im Gesetz 34\/2002 vom 11. Juli \u00fcber Dienstleistungen der Gesellschaft f\u00fcr Information und elektronischen Handel festgelegt sind ( LSSICE) sowie die Information aller Benutzer der Website \u00fcber die Nutzungsbedingungen. Jede Person, [&hellip;]<\/p>\n","protected":false},"author":2,"featured_media":0,"parent":0,"menu_order":0,"comment_status":"closed","ping_status":"closed","template":"","meta":{"_et_pb_use_builder":"","_et_pb_old_content":"","_et_gb_content_width":"","footnotes":""},"class_list":["post-224778","page","type-page","status-publish","hentry"],"yoast_head":"<!-- This site is optimized with the Yoast SEO plugin v22.6 - https:\/\/yoast.com\/wordpress\/plugins\/seo\/ -->\n<title>Rechtliche Warnung - WindyJets<\/title>\n<meta name=\"robots\" content=\"noindex, nofollow\" \/>\n<meta property=\"og:locale\" content=\"de_DE\" \/>\n<meta property=\"og:type\" content=\"article\" \/>\n<meta property=\"og:title\" content=\"Rechtliche Warnung - WindyJets\" \/>\n<meta property=\"og:description\" content=\"WINDYJETS, verantwortlich f\u00fcr die Website, im Folgenden VERANTWORTLICH genannt, stellt dieses Dokument den Benutzern zur Verf\u00fcgung, mit dem es beabsichtigt, den Verpflichtungen nachzukommen, die im Gesetz 34\/2002 vom 11. Juli \u00fcber Dienstleistungen der Gesellschaft f\u00fcr Information und elektronischen Handel festgelegt sind ( LSSICE) sowie die Information aller Benutzer der Website \u00fcber die Nutzungsbedingungen. Jede Person, [&hellip;]\" \/>\n<meta property=\"og:url\" content=\"https:\/\/windyjets.com\/de\/rechtliche-warnung\/\" \/>\n<meta property=\"og:site_name\" content=\"WindyJets\" \/>\n<meta name=\"twitter:card\" content=\"summary_large_image\" \/>\n<meta name=\"twitter:label1\" content=\"Gesch\u00e4tzte Lesezeit\" \/>\n\t<meta name=\"twitter:data1\" content=\"6\u00a0Minuten\" \/>\n<script type=\"application\/ld+json\" class=\"yoast-schema-graph\">{\"@context\":\"https:\/\/schema.org\",\"@graph\":[{\"@type\":\"WebPage\",\"@id\":\"https:\/\/windyjets.com\/de\/rechtliche-warnung\/\",\"url\":\"https:\/\/windyjets.com\/de\/rechtliche-warnung\/\",\"name\":\"Rechtliche Warnung - WindyJets\",\"isPartOf\":{\"@id\":\"https:\/\/windyjets.com\/de\/#website\"},\"datePublished\":\"2023-06-05T08:19:57+00:00\",\"dateModified\":\"2023-06-05T08:19:57+00:00\",\"breadcrumb\":{\"@id\":\"https:\/\/windyjets.com\/de\/rechtliche-warnung\/#breadcrumb\"},\"inLanguage\":\"de\",\"potentialAction\":[{\"@type\":\"ReadAction\",\"target\":[\"https:\/\/windyjets.com\/de\/rechtliche-warnung\/\"]}]},{\"@type\":\"BreadcrumbList\",\"@id\":\"https:\/\/windyjets.com\/de\/rechtliche-warnung\/#breadcrumb\",\"itemListElement\":[{\"@type\":\"ListItem\",\"position\":1,\"name\":\"Portada\",\"item\":\"https:\/\/windyjets.com\/de\/privatjet-vermietung\/\"},{\"@type\":\"ListItem\",\"position\":2,\"name\":\"Rechtliche Warnung\"}]},{\"@type\":\"WebSite\",\"@id\":\"https:\/\/windyjets.com\/de\/#website\",\"url\":\"https:\/\/windyjets.com\/de\/\",\"name\":\"WindyJets\",\"description\":\"Alquiler Jets Privados\",\"publisher\":{\"@id\":\"https:\/\/windyjets.com\/de\/#organization\"},\"alternateName\":\"Windy Jets\",\"potentialAction\":[{\"@type\":\"SearchAction\",\"target\":{\"@type\":\"EntryPoint\",\"urlTemplate\":\"https:\/\/windyjets.com\/de\/?s={search_term_string}\"},\"query-input\":\"required name=search_term_string\"}],\"inLanguage\":\"de\"},{\"@type\":\"Organization\",\"@id\":\"https:\/\/windyjets.com\/de\/#organization\",\"name\":\"WindyJets\",\"alternateName\":\"Windy Jets\",\"url\":\"https:\/\/windyjets.com\/de\/\",\"logo\":{\"@type\":\"ImageObject\",\"inLanguage\":\"de\",\"@id\":\"https:\/\/windyjets.com\/de\/#\/schema\/logo\/image\/\",\"url\":\"https:\/\/windyjets.com\/wp-content\/uploads\/2023\/05\/logo-windyjets.png\",\"contentUrl\":\"https:\/\/windyjets.com\/wp-content\/uploads\/2023\/05\/logo-windyjets.png\",\"width\":1400,\"height\":250,\"caption\":\"WindyJets\"},\"image\":{\"@id\":\"https:\/\/windyjets.com\/de\/#\/schema\/logo\/image\/\"}}]}<\/script>\n<!-- \/ Yoast SEO plugin. -->","yoast_head_json":{"title":"Rechtliche Warnung - WindyJets","robots":{"index":"noindex","follow":"nofollow"},"og_locale":"de_DE","og_type":"article","og_title":"Rechtliche Warnung - WindyJets","og_description":"WINDYJETS, verantwortlich f\u00fcr die Website, im Folgenden VERANTWORTLICH genannt, stellt dieses Dokument den Benutzern zur Verf\u00fcgung, mit dem es beabsichtigt, den Verpflichtungen nachzukommen, die im Gesetz 34\/2002 vom 11. Juli \u00fcber Dienstleistungen der Gesellschaft f\u00fcr Information und elektronischen Handel festgelegt sind ( LSSICE) sowie die Information aller Benutzer der Website \u00fcber die Nutzungsbedingungen. Jede Person, [&hellip;]","og_url":"https:\/\/windyjets.com\/de\/rechtliche-warnung\/","og_site_name":"WindyJets","twitter_card":"summary_large_image","twitter_misc":{"Gesch\u00e4tzte Lesezeit":"6\u00a0Minuten"},"schema":{"@context":"https:\/\/schema.org","@graph":[{"@type":"WebPage","@id":"https:\/\/windyjets.com\/de\/rechtliche-warnung\/","url":"https:\/\/windyjets.com\/de\/rechtliche-warnung\/","name":"Rechtliche Warnung - WindyJets","isPartOf":{"@id":"https:\/\/windyjets.com\/de\/#website"},"datePublished":"2023-06-05T08:19:57+00:00","dateModified":"2023-06-05T08:19:57+00:00","breadcrumb":{"@id":"https:\/\/windyjets.com\/de\/rechtliche-warnung\/#breadcrumb"},"inLanguage":"de","potentialAction":[{"@type":"ReadAction","target":["https:\/\/windyjets.com\/de\/rechtliche-warnung\/"]}]},{"@type":"BreadcrumbList","@id":"https:\/\/windyjets.com\/de\/rechtliche-warnung\/#breadcrumb","itemListElement":[{"@type":"ListItem","position":1,"name":"Portada","item":"https:\/\/windyjets.com\/de\/privatjet-vermietung\/"},{"@type":"ListItem","position":2,"name":"Rechtliche Warnung"}]},{"@type":"WebSite","@id":"https:\/\/windyjets.com\/de\/#website","url":"https:\/\/windyjets.com\/de\/","name":"WindyJets","description":"Alquiler Jets Privados","publisher":{"@id":"https:\/\/windyjets.com\/de\/#organization"},"alternateName":"Windy Jets","potentialAction":[{"@type":"SearchAction","target":{"@type":"EntryPoint","urlTemplate":"https:\/\/windyjets.com\/de\/?s={search_term_string}"},"query-input":"required name=search_term_string"}],"inLanguage":"de"},{"@type":"Organization","@id":"https:\/\/windyjets.com\/de\/#organization","name":"WindyJets","alternateName":"Windy Jets","url":"https:\/\/windyjets.com\/de\/","logo":{"@type":"ImageObject","inLanguage":"de","@id":"https:\/\/windyjets.com\/de\/#\/schema\/logo\/image\/","url":"https:\/\/windyjets.com\/wp-content\/uploads\/2023\/05\/logo-windyjets.png","contentUrl":"https:\/\/windyjets.com\/wp-content\/uploads\/2023\/05\/logo-windyjets.png","width":1400,"height":250,"caption":"WindyJets"},"image":{"@id":"https:\/\/windyjets.com\/de\/#\/schema\/logo\/image\/"}}]}},"_links":{"self":[{"href":"https:\/\/windyjets.com\/de\/wp-json\/wp\/v2\/pages\/224778","targetHints":{"allow":["GET"]}}],"collection":[{"href":"https:\/\/windyjets.com\/de\/wp-json\/wp\/v2\/pages"}],"about":[{"href":"https:\/\/windyjets.com\/de\/wp-json\/wp\/v2\/types\/page"}],"author":[{"embeddable":true,"href":"https:\/\/windyjets.com\/de\/wp-json\/wp\/v2\/users\/2"}],"replies":[{"embeddable":true,"href":"https:\/\/windyjets.com\/de\/wp-json\/wp\/v2\/comments?post=224778"}],"version-history":[{"count":0,"href":"https:\/\/windyjets.com\/de\/wp-json\/wp\/v2\/pages\/224778\/revisions"}],"wp:attachment":[{"href":"https:\/\/windyjets.com\/de\/wp-json\/wp\/v2\/media?parent=224778"}],"curies":[{"name":"wp","href":"https:\/\/api.w.org\/{rel}","templated":true}]}}