{"id":219697,"date":"2023-05-07T07:25:28","date_gmt":"2023-05-07T07:25:28","guid":{"rendered":"https:\/\/windyjets.com\/destinations\/"},"modified":"2023-06-29T13:11:02","modified_gmt":"2023-06-29T13:11:02","slug":"destinations","status":"publish","type":"page","link":"https:\/\/windyjets.com\/fr\/destinations\/","title":{"rendered":"Destinations"},"content":{"rendered":"<p>[et_pb_section fb_built=\u00a0\u00bb1&Prime; next_background_color=\u00a0\u00bb#ffffff\u00a0\u00bb _builder_version=\u00a0\u00bb4.21.0&Prime; _module_preset=\u00a0\u00bbdefault\u00a0\u00bb background_image=\u00a0\u00bbhttps:\/\/windyjets.com\/wp-content\/uploads\/2023\/05\/plane-723900_1920.jpg\u00a0\u00bb min_height=\u00a0\u00bb400px\u00a0\u00bb bottom_divider_style=\u00a0\u00bbcurve\u00a0\u00bb global_colors_info=\u00a0\u00bb{}\u00a0\u00bb][et_pb_row _builder_version=\u00a0\u00bb4.21.0&Prime; _module_preset=\u00a0\u00bbdefault\u00a0\u00bb global_colors_info=\u00a0\u00bb{}\u00a0\u00bb][et_pb_column type=\u00a0\u00bb4_4&Prime; _builder_version=\u00a0\u00bb4.21.0&Prime; _module_preset=\u00a0\u00bbdefault\u00a0\u00bb global_colors_info=\u00a0\u00bb{}\u00a0\u00bb][et_pb_text _builder_version=\u00a0\u00bb4.21.0&Prime; _module_preset=\u00a0\u00bbdefault\u00a0\u00bb header_text_color=\u00a0\u00bb#ffffff\u00a0\u00bb header_font_size=\u00a0\u00bb62px\u00a0\u00bb hover_enabled=\u00a0\u00bb0&Prime; sticky_enabled=\u00a0\u00bb0&Prime;]<\/p>\n<h1>Destinations et \u00c9v\u00e9nements<\/h1>\n<p>[\/et_pb_text][\/et_pb_column][\/et_pb_row][\/et_pb_section][et_pb_section fb_built=\u00a0\u00bb1&Prime; _builder_version=\u00a0\u00bb4.21.0&Prime; _module_preset=\u00a0\u00bbdefault\u00a0\u00bb height=\u00a0\u00bb279px\u00a0\u00bb global_colors_info=\u00a0\u00bb{}\u00a0\u00bb][et_pb_row _builder_version=\u00a0\u00bb4.21.0&Prime; _module_preset=\u00a0\u00bbdefault\u00a0\u00bb background_color=\u00a0\u00bb#FFFFFF\u00a0\u00bb vertical_offset=\u00a0\u00bb-127px\u00a0\u00bb global_colors_info=\u00a0\u00bb{}\u00a0\u00bb][et_pb_column type=\u00a0\u00bb4_4&Prime; _builder_version=\u00a0\u00bb4.21.0&Prime; _module_preset=\u00a0\u00bbdefault\u00a0\u00bb global_colors_info=\u00a0\u00bb{}\u00a0\u00bb][et_pb_text _builder_version=\u00a0\u00bb4.21.0&Prime; _module_preset=\u00a0\u00bbdefault\u00a0\u00bb header_2_font=\u00a0\u00bb|600|||||||\u00a0\u00bb header_2_text_color=\u00a0\u00bb#003980&Prime; header_2_font_size=\u00a0\u00bb35px\u00a0\u00bb hover_enabled=\u00a0\u00bb0&Prime; global_colors_info=\u00a0\u00bb{}\u00a0\u00bb sticky_enabled=\u00a0\u00bb0&Prime;]<\/p>\n<h2>O\u00f9 peut-on voyager avec un Jet Priv\u00e9 ?<\/h2>\n<p>[\/et_pb_text][et_pb_text _builder_version=\u00a0\u00bb4.21.0&Prime; _module_preset=\u00a0\u00bbdefault\u00a0\u00bb text_font=\u00a0\u00bb||||||||\u00a0\u00bb text_text_color=\u00a0\u00bb#003890&Prime; text_font_size=\u00a0\u00bb18px\u00a0\u00bb custom_padding=\u00a0\u00bb2px|||||\u00a0\u00bb global_colors_info=\u00a0\u00bb{}\u00a0\u00bb]<\/p>\n<p style=\"text-align: left;\">Vous pouvez voyager en <strong>jet priv\u00e9<\/strong> vers une grande vari\u00e9t\u00e9 de destinations. Grandes villes et centres urbains : New York, Londres, Paris, Tokyo, Duba\u00ef&#8230; <\/p>\n<p style=\"text-align: left;\"><span style=\"font-size: 18px;\"><strong>Louer un avion priv\u00e9<\/strong> pour rejoindre les plages des Cara\u00efbes, le sud de l&rsquo;Espagne, le sud de la France et Bali, entre autres, donne une nouvelle dimension au plaisir de voyager.<\/span><\/p>\n<p style=\"text-align: left;\"><strong>Voler avec des jets priv\u00e9s vers des destinations lointaines,<\/strong> telles que les \u00eeles du Pacifique Sud, les r\u00e9gions polaires ou les safaris en Afrique, rend la gestion du voyage aussi simple que possible.<\/p>\n<p style=\"text-align: left;\"><strong>Un d\u00e9placement professionnel<\/strong> en avion priv\u00e9 vers les centres d&rsquo;affaires et \u00e9v\u00e9nements internationaux facilite la logistique et fait gagner un temps pr\u00e9cieux sur les d\u00e9marches et les transferts.<\/p>\n<p style=\"text-align: left;\">Un jet priv\u00e9 arrive dans des a\u00e9roports plus petits et moins fr\u00e9quent\u00e9s, ce qui signifie qu&rsquo;il peut atterrir n&rsquo;importe o\u00f9 dans le monde.<\/p>\n<p>[\/et_pb_text][\/et_pb_column][\/et_pb_row][\/et_pb_section][et_pb_section fb_built=\u00a0\u00bb1&Prime; _builder_version=\u00a0\u00bb4.21.0&Prime; _module_preset=\u00a0\u00bbdefault\u00a0\u00bb background_image=\u00a0\u00bbhttps:\/\/windyjets.com\/wp-content\/uploads\/2023\/05\/favicon-blanc-fons.png\u00a0\u00bb parallax=\u00a0\u00bboff\u00a0\u00bb background_size=\u00a0\u00bbcontain\u00a0\u00bb global_colors_info=\u00a0\u00bb{}\u00a0\u00bb][et_pb_row _builder_version=\u00a0\u00bb4.21.0&Prime; _module_preset=\u00a0\u00bbdefault\u00a0\u00bb global_colors_info=\u00a0\u00bb{}\u00a0\u00bb][et_pb_column type=\u00a0\u00bb4_4&Prime; _builder_version=\u00a0\u00bb4.21.0&Prime; _module_preset=\u00a0\u00bbdefault\u00a0\u00bb global_colors_info=\u00a0\u00bb{}\u00a0\u00bb][ba_post_list include_categories=\u00a0\u00bb23&Prime; order_by=\u00a0\u00bbtitle\u00a0\u00bb posts_number=\u00a0\u00bb50&Prime; post_offset=\u00a0\u00bb-1&Prime; show_excerpt=\u00a0\u00bboff\u00a0\u00bb list_type=\u00a0\u00bbgrid\u00a0\u00bb items=\u00a0\u00bb5&Prime; item_spacing=\u00a0\u00bb6px\u00a0\u00bb alignment=\u00a0\u00bbcenter\u00a0\u00bb image_width=\u00a0\u00bb190px\u00a0\u00bb image_height=\u00a0\u00bb120px\u00a0\u00bb image_spacing=\u00a0\u00bb14px\u00a0\u00bb items_tablet=\u00a0\u00bb3&Prime; items_phone=\u00a0\u00bb2&Prime; items_last_edited=\u00a0\u00bbon|phone\u00a0\u00bb image_width_tablet=\u00a0\u00bb190px\u00a0\u00bb image_width_phone=\u00a0\u00bb140px\u00a0\u00bb image_width_last_edited=\u00a0\u00bbon|phone\u00a0\u00bb image_height_tablet=\u00a0\u00bb120px\u00a0\u00bb image_height_phone=\u00a0\u00bb120px\u00a0\u00bb image_height_last_edited=\u00a0\u00bbon|desktop\u00a0\u00bb _builder_version=\u00a0\u00bb4.21.0&Prime; _module_preset=\u00a0\u00bbdefault\u00a0\u00bb title_font_size=\u00a0\u00bb18px\u00a0\u00bb custom_margin=\u00a0\u00bb-60px||||false|false\u00a0\u00bb custom_margin_tablet=\u00a0\u00bb-60px||||false|false\u00a0\u00bb custom_margin_phone=\u00a0\u00bb-60px|||-20px|false|false\u00a0\u00bb custom_margin_last_edited=\u00a0\u00bbon|phone\u00a0\u00bb title_font_size_tablet=\u00a0\u00bb18px\u00a0\u00bb title_font_size_phone=\u00a0\u00bb18px\u00a0\u00bb title_font_size_last_edited=\u00a0\u00bbon|phone\u00a0\u00bb border_radii_image=\u00a0\u00bbon|12px|12px|12px|12px\u00a0\u00bb border_width_all_image=\u00a0\u00bb30px\u00a0\u00bb locked=\u00a0\u00bboff\u00a0\u00bb global_colors_info=\u00a0\u00bb{}\u00a0\u00bb][\/ba_post_list][\/et_pb_column][\/et_pb_row][\/et_pb_section][et_pb_section fb_built=\u00a0\u00bb1&Prime; admin_label=\u00a0\u00bbContactar\u00a0\u00bb _builder_version=\u00a0\u00bb4.21.0&Prime; _module_preset=\u00a0\u00bbdefault\u00a0\u00bb vertical_offset_tablet=\u00a0\u00bb\u00a0\u00bb vertical_offset_phone=\u00a0\u00bb0px\u00a0\u00bb vertical_offset_last_edited=\u00a0\u00bbon|phone\u00a0\u00bb top_divider_style=\u00a0\u00bbcurve2&Prime; top_divider_color=\u00a0\u00bb#003890&Prime; top_divider_height=\u00a0\u00bb39px\u00a0\u00bb top_divider_repeat=\u00a0\u00bb1x\u00a0\u00bb top_divider_flip=\u00a0\u00bbvertical\u00a0\u00bb top_divider_arrangement=\u00a0\u00bbabove_content\u00a0\u00bb top_divider_style_tablet=\u00a0\u00bbcurve\u00a0\u00bb top_divider_style_phone=\u00a0\u00bbcurve\u00a0\u00bb top_divider_style_last_edited=\u00a0\u00bbon|phone\u00a0\u00bb border_width_all=\u00a0\u00bb4px\u00a0\u00bb border_color_all=\u00a0\u00bb#0C71C3&Prime; border_style_all=\u00a0\u00bboutset\u00a0\u00bb locked=\u00a0\u00bboff\u00a0\u00bb global_colors_info=\u00a0\u00bb{}\u00a0\u00bb][et_pb_row _builder_version=\u00a0\u00bb4.21.0&Prime; _module_preset=\u00a0\u00bbdefault\u00a0\u00bb global_colors_info=\u00a0\u00bb{}\u00a0\u00bb][et_pb_column type=\u00a0\u00bb4_4&Prime; _builder_version=\u00a0\u00bb4.21.0&Prime; _module_preset=\u00a0\u00bbdefault\u00a0\u00bb global_colors_info=\u00a0\u00bb{}\u00a0\u00bb][et_pb_text _builder_version=\u00a0\u00bb4.21.0&Prime; _module_preset=\u00a0\u00bbdefault\u00a0\u00bb text_text_color=\u00a0\u00bb#003890&Prime; text_font_size_tablet=\u00a0\u00bb\u00a0\u00bb text_font_size_phone=\u00a0\u00bb34px\u00a0\u00bb text_font_size_last_edited=\u00a0\u00bbon|phone\u00a0\u00bb global_colors_info=\u00a0\u00bb{}\u00a0\u00bb]<\/p>\n<p>Contactez-nous<\/p>\n<p>[\/et_pb_text][\/et_pb_column][\/et_pb_row][et_pb_row column_structure=\u00a0\u00bb1_2,1_2&Prime; _builder_version=\u00a0\u00bb4.21.0&Prime; _module_preset=\u00a0\u00bbdefault\u00a0\u00bb global_colors_info=\u00a0\u00bb{}\u00a0\u00bb][et_pb_column type=\u00a0\u00bb1_2&Prime; _builder_version=\u00a0\u00bb4.21.0&Prime; _module_preset=\u00a0\u00bbdefault\u00a0\u00bb global_colors_info=\u00a0\u00bb{}\u00a0\u00bb][et_pb_text _builder_version=\u00a0\u00bb4.21.0&Prime; _module_preset=\u00a0\u00bbdefault\u00a0\u00bb text_text_color=\u00a0\u00bb#003890&Prime; text_font_size=\u00a0\u00bb22px\u00a0\u00bb global_colors_info=\u00a0\u00bb{}\u00a0\u00bb]<\/p>\n<p>Contactez-nous pour toute question ou remarque sur nos prestations de voyage en vol priv\u00e9 : tarifs, disponibilit\u00e9s, prestations annexes&#8230;<\/p>\n<p>Si vous souhaitez un budget pour louer un jet priv\u00e9, un charter pour un groupe ou pour toute prestation connexe, vous pouvez nous contacter via le formulaire ou par mail :<\/p>\n<p>[\/et_pb_text][dsm_icon_list list_layout=\u00a0\u00bbhorizontal\u00a0\u00bb list_alignment=\u00a0\u00bbcenter\u00a0\u00bb list_space_between=\u00a0\u00bb51px\u00a0\u00bb list_background=\u00a0\u00bbRGBA(255,255,255,0)\u00a0\u00bb _builder_version=\u00a0\u00bb4.21.0&Prime; _module_preset=\u00a0\u00bbdefault\u00a0\u00bb module_alignment=\u00a0\u00bbcenter\u00a0\u00bb box_shadow_style=\u00a0\u00bbpreset1&Prime; global_colors_info=\u00a0\u00bb{}\u00a0\u00bb][dsm_icon_list_child text=\u00a0\u00bbinfo@windyjets.com\u00a0\u00bb font_icon=\u00a0\u00bb&#xe010;||divi||400&Prime; icon_padding=\u00a0\u00bb4px\u00a0\u00bb icon_font_size=\u00a0\u00bb27px\u00a0\u00bb url=\u00a0\u00bbmailto:info@windyjets.com\u00a0\u00bb url_new_window=\u00a0\u00bbon\u00a0\u00bb _builder_version=\u00a0\u00bb4.21.0&Prime; _module_preset=\u00a0\u00bbdefault\u00a0\u00bb text_text_color=\u00a0\u00bb#003890&Prime; text_font_size=\u00a0\u00bb18px\u00a0\u00bb global_colors_info=\u00a0\u00bb{}\u00a0\u00bb][\/dsm_icon_list_child][\/dsm_icon_list][dsm_icon_list list_layout=\u00a0\u00bbhorizontal\u00a0\u00bb list_alignment=\u00a0\u00bbcenter\u00a0\u00bb list_space_between=\u00a0\u00bb51px\u00a0\u00bb list_background=\u00a0\u00bbRGBA(255,255,255,0)\u00a0\u00bb _builder_version=\u00a0\u00bb4.21.0&Prime; _module_preset=\u00a0\u00bbdefault\u00a0\u00bb module_alignment=\u00a0\u00bbcenter\u00a0\u00bb box_shadow_style=\u00a0\u00bbpreset1&Prime; global_colors_info=\u00a0\u00bb{}\u00a0\u00bb][dsm_icon_list_child text=\u00a0\u00bb+34 626 680 092&Prime; font_icon=\u00a0\u00bb&#xe090;||divi||400&Prime; icon_padding=\u00a0\u00bb3px\u00a0\u00bb icon_font_size=\u00a0\u00bb29px\u00a0\u00bb url=\u00a0\u00bbtel:+34626680092&Prime; _builder_version=\u00a0\u00bb4.21.0&Prime; _module_preset=\u00a0\u00bbdefault\u00a0\u00bb text_text_color=\u00a0\u00bb#003890&Prime; global_colors_info=\u00a0\u00bb{}\u00a0\u00bb][\/dsm_icon_list_child][\/dsm_icon_list][et_pb_image src=\u00a0\u00bbhttps:\/\/windyjets.com\/wp-content\/uploads\/2023\/05\/favicon.png\u00a0\u00bb title_text=\u00a0\u00bbfavicon\u00a0\u00bb align=\u00a0\u00bbcenter\u00a0\u00bb _builder_version=\u00a0\u00bb4.21.0&Prime; _module_preset=\u00a0\u00bbdefault\u00a0\u00bb width=\u00a0\u00bb44%\u00a0\u00bb width_tablet=\u00a0\u00bb44%\u00a0\u00bb width_phone=\u00a0\u00bb36%\u00a0\u00bb width_last_edited=\u00a0\u00bbon|phone\u00a0\u00bb animation_style=\u00a0\u00bbroll\u00a0\u00bb locked=\u00a0\u00bboff\u00a0\u00bb global_colors_info=\u00a0\u00bb{}\u00a0\u00bb][\/et_pb_image][\/et_pb_column][et_pb_column type=\u00a0\u00bb1_2&Prime; _builder_version=\u00a0\u00bb4.21.0&Prime; _module_preset=\u00a0\u00bbdefault\u00a0\u00bb global_colors_info=\u00a0\u00bb{}\u00a0\u00bb][dvppl_cf7_styler form_padding=\u00a0\u00bb1px|0px|1px|0px|false|false\u00a0\u00bb use_form_button_fullwidth=\u00a0\u00bbon\u00a0\u00bb cf7=\u00a0\u00bb216916&Prime; form_field_height=\u00a0\u00bb35px\u00a0\u00bb form_field_spacing=\u00a0\u00bb0px\u00a0\u00bb form_label_spacing=\u00a0\u00bb0px\u00a0\u00bb cr_custom_styles=\u00a0\u00bbon\u00a0\u00bb cr_size=\u00a0\u00bb26px\u00a0\u00bb cr_selected_color=\u00a0\u00bb#003890&Prime; _builder_version=\u00a0\u00bb4.21.0&Prime; _module_preset=\u00a0\u00bbdefault\u00a0\u00bb placeholder_text_color=\u00a0\u00bb#003890&Prime; placeholder_font_size=\u00a0\u00bb16px\u00a0\u00bb placeholder_line_height=\u00a0\u00bb1em\u00a0\u00bb custom_submit_button=\u00a0\u00bbon\u00a0\u00bb submit_button_text_color=\u00a0\u00bb#003890&Prime; submit_button_border_radius=\u00a0\u00bb0px\u00a0\u00bb border_radii_field=\u00a0\u00bbon|20px|20px|20px|20px\u00a0\u00bb border_color_all_field=\u00a0\u00bb#003890&Prime; border_style_all_field=\u00a0\u00bbdashed\u00a0\u00bb global_colors_info=\u00a0\u00bb{}\u00a0\u00bb][\/dvppl_cf7_styler][et_pb_text _builder_version=\u00a0\u00bb4.21.0&Prime; _module_preset=\u00a0\u00bbdefault\u00a0\u00bb text_font=\u00a0\u00bb||||||||\u00a0\u00bb text_font_size=\u00a0\u00bb14px\u00a0\u00bb locked=\u00a0\u00bboff\u00a0\u00bb global_colors_info=\u00a0\u00bb{}\u00a0\u00bb]<\/p>\n<p style=\"text-align: left;\">* Champ obligatoire En envoyant le message via notre formulaire, vous acceptez notre <a href=\"\" target=\"\" rel=\"noopener\">Politique de Confidentialit\u00e9.<\/a><\/p>\n<p>This site is protected by reCAPTCHA and the Google. <a href=\"https:\/\/policies.google.com\/privacy\" rel=\"nofollow\">Privacy Policy<\/a> and <a href=\"https:\/\/policies.google.com\/terms\" rel=\"nofollow\">Terms of Service<\/a> apply.<\/p>\n<p>[\/et_pb_text][\/et_pb_column][\/et_pb_row][\/et_pb_section]<\/p>\n","protected":false},"excerpt":{"rendered":"<p>L&rsquo;affr\u00e8tement d&rsquo;un avion priv\u00e9 pour rejoindre les plages des Cara\u00efbes, le sud de l&rsquo;Espagne, le sud de la France et Bali, entre autres, donne une nouvelle dimension au plaisir de voyager.<\/p>\n","protected":false},"author":2,"featured_media":218467,"parent":0,"menu_order":0,"comment_status":"closed","ping_status":"closed","template":"","meta":{"_et_pb_use_builder":"on","_et_pb_old_content":"","_et_gb_content_width":"","footnotes":""},"class_list":["post-219697","page","type-page","status-publish","has-post-thumbnail","hentry"],"yoast_head":"<!-- This site is optimized with the Yoast SEO plugin v22.6 - https:\/\/yoast.com\/wordpress\/plugins\/seo\/ -->\n<title>Les meilleures destinations pour voler en jet priv\u00e9 - WindyJets<\/title>\n<meta name=\"description\" content=\"Voyager en jet priv\u00e9 vers n&#039;importe quel pays du monde est un plaisir \u00e0 ne pas manquer. D\u00e9couvrez les destinations les plus demand\u00e9es en aviation priv\u00e9e.\" \/>\n<meta name=\"robots\" content=\"index, follow, max-snippet:-1, max-image-preview:large, max-video-preview:-1\" \/>\n<link rel=\"canonical\" href=\"https:\/\/windyjets.com\/fr\/destinations\/\" \/>\n<meta property=\"og:locale\" content=\"fr_FR\" \/>\n<meta property=\"og:type\" content=\"article\" \/>\n<meta property=\"og:title\" content=\"Les meilleures destinations pour voler en jet priv\u00e9 - WindyJets\" \/>\n<meta property=\"og:description\" content=\"Voyager en jet priv\u00e9 vers n&#039;importe quel pays du monde est un plaisir \u00e0 ne pas manquer. D\u00e9couvrez les destinations les plus demand\u00e9es en aviation priv\u00e9e.\" \/>\n<meta property=\"og:url\" content=\"https:\/\/windyjets.com\/fr\/destinations\/\" \/>\n<meta property=\"og:site_name\" content=\"WindyJets\" \/>\n<meta property=\"article:modified_time\" content=\"2023-06-29T13:11:02+00:00\" \/>\n<meta property=\"og:image\" content=\"https:\/\/windyjets.com\/wp-content\/uploads\/2023\/05\/plane-723900_1920.jpg\" \/>\n\t<meta property=\"og:image:width\" content=\"1920\" \/>\n\t<meta property=\"og:image:height\" content=\"1440\" \/>\n\t<meta property=\"og:image:type\" content=\"image\/jpeg\" \/>\n<meta name=\"twitter:card\" content=\"summary_large_image\" \/>\n<meta name=\"twitter:label1\" content=\"Dur\u00e9e de lecture estim\u00e9e\" \/>\n\t<meta name=\"twitter:data1\" content=\"6 minutes\" \/>\n<script type=\"application\/ld+json\" class=\"yoast-schema-graph\">{\"@context\":\"https:\/\/schema.org\",\"@graph\":[{\"@type\":\"WebPage\",\"@id\":\"https:\/\/windyjets.com\/fr\/destinations\/\",\"url\":\"https:\/\/windyjets.com\/fr\/destinations\/\",\"name\":\"Les meilleures destinations pour voler en jet priv\u00e9 - WindyJets\",\"isPartOf\":{\"@id\":\"https:\/\/windyjets.com\/fr\/#website\"},\"primaryImageOfPage\":{\"@id\":\"https:\/\/windyjets.com\/fr\/destinations\/#primaryimage\"},\"image\":{\"@id\":\"https:\/\/windyjets.com\/fr\/destinations\/#primaryimage\"},\"thumbnailUrl\":\"https:\/\/windyjets.com\/wp-content\/uploads\/2023\/05\/plane-723900_1920.jpg\",\"datePublished\":\"2023-05-07T07:25:28+00:00\",\"dateModified\":\"2023-06-29T13:11:02+00:00\",\"description\":\"Voyager en jet priv\u00e9 vers n'importe quel pays du monde est un plaisir \u00e0 ne pas manquer. D\u00e9couvrez les destinations les plus demand\u00e9es en aviation priv\u00e9e.\",\"breadcrumb\":{\"@id\":\"https:\/\/windyjets.com\/fr\/destinations\/#breadcrumb\"},\"inLanguage\":\"fr-FR\",\"potentialAction\":[{\"@type\":\"ReadAction\",\"target\":[\"https:\/\/windyjets.com\/fr\/destinations\/\"]}]},{\"@type\":\"ImageObject\",\"inLanguage\":\"fr-FR\",\"@id\":\"https:\/\/windyjets.com\/fr\/destinations\/#primaryimage\",\"url\":\"https:\/\/windyjets.com\/wp-content\/uploads\/2023\/05\/plane-723900_1920.jpg\",\"contentUrl\":\"https:\/\/windyjets.com\/wp-content\/uploads\/2023\/05\/plane-723900_1920.jpg\",\"width\":1920,\"height\":1440},{\"@type\":\"BreadcrumbList\",\"@id\":\"https:\/\/windyjets.com\/fr\/destinations\/#breadcrumb\",\"itemListElement\":[{\"@type\":\"ListItem\",\"position\":1,\"name\":\"Portada\",\"item\":\"https:\/\/windyjets.com\/fr\/location-de-jet-prive\/\"},{\"@type\":\"ListItem\",\"position\":2,\"name\":\"Destinations\"}]},{\"@type\":\"WebSite\",\"@id\":\"https:\/\/windyjets.com\/fr\/#website\",\"url\":\"https:\/\/windyjets.com\/fr\/\",\"name\":\"WindyJets\",\"description\":\"Alquiler Jets Privados\",\"publisher\":{\"@id\":\"https:\/\/windyjets.com\/fr\/#organization\"},\"alternateName\":\"Windy Jets\",\"potentialAction\":[{\"@type\":\"SearchAction\",\"target\":{\"@type\":\"EntryPoint\",\"urlTemplate\":\"https:\/\/windyjets.com\/fr\/?s={search_term_string}\"},\"query-input\":\"required name=search_term_string\"}],\"inLanguage\":\"fr-FR\"},{\"@type\":\"Organization\",\"@id\":\"https:\/\/windyjets.com\/fr\/#organization\",\"name\":\"WindyJets\",\"alternateName\":\"Windy Jets\",\"url\":\"https:\/\/windyjets.com\/fr\/\",\"logo\":{\"@type\":\"ImageObject\",\"inLanguage\":\"fr-FR\",\"@id\":\"https:\/\/windyjets.com\/fr\/#\/schema\/logo\/image\/\",\"url\":\"https:\/\/windyjets.com\/wp-content\/uploads\/2023\/05\/logo-windyjets.png\",\"contentUrl\":\"https:\/\/windyjets.com\/wp-content\/uploads\/2023\/05\/logo-windyjets.png\",\"width\":1400,\"height\":250,\"caption\":\"WindyJets\"},\"image\":{\"@id\":\"https:\/\/windyjets.com\/fr\/#\/schema\/logo\/image\/\"}}]}<\/script>\n<!-- \/ Yoast SEO plugin. -->","yoast_head_json":{"title":"Les meilleures destinations pour voler en jet priv\u00e9 - WindyJets","description":"Voyager en jet priv\u00e9 vers n'importe quel pays du monde est un plaisir \u00e0 ne pas manquer. D\u00e9couvrez les destinations les plus demand\u00e9es en aviation priv\u00e9e.","robots":{"index":"index","follow":"follow","max-snippet":"max-snippet:-1","max-image-preview":"max-image-preview:large","max-video-preview":"max-video-preview:-1"},"canonical":"https:\/\/windyjets.com\/fr\/destinations\/","og_locale":"fr_FR","og_type":"article","og_title":"Les meilleures destinations pour voler en jet priv\u00e9 - WindyJets","og_description":"Voyager en jet priv\u00e9 vers n'importe quel pays du monde est un plaisir \u00e0 ne pas manquer. D\u00e9couvrez les destinations les plus demand\u00e9es en aviation priv\u00e9e.","og_url":"https:\/\/windyjets.com\/fr\/destinations\/","og_site_name":"WindyJets","article_modified_time":"2023-06-29T13:11:02+00:00","og_image":[{"width":1920,"height":1440,"url":"https:\/\/windyjets.com\/wp-content\/uploads\/2023\/05\/plane-723900_1920.jpg","type":"image\/jpeg"}],"twitter_card":"summary_large_image","twitter_misc":{"Dur\u00e9e de lecture estim\u00e9e":"6 minutes"},"schema":{"@context":"https:\/\/schema.org","@graph":[{"@type":"WebPage","@id":"https:\/\/windyjets.com\/fr\/destinations\/","url":"https:\/\/windyjets.com\/fr\/destinations\/","name":"Les meilleures destinations pour voler en jet priv\u00e9 - WindyJets","isPartOf":{"@id":"https:\/\/windyjets.com\/fr\/#website"},"primaryImageOfPage":{"@id":"https:\/\/windyjets.com\/fr\/destinations\/#primaryimage"},"image":{"@id":"https:\/\/windyjets.com\/fr\/destinations\/#primaryimage"},"thumbnailUrl":"https:\/\/windyjets.com\/wp-content\/uploads\/2023\/05\/plane-723900_1920.jpg","datePublished":"2023-05-07T07:25:28+00:00","dateModified":"2023-06-29T13:11:02+00:00","description":"Voyager en jet priv\u00e9 vers n'importe quel pays du monde est un plaisir \u00e0 ne pas manquer. D\u00e9couvrez les destinations les plus demand\u00e9es en aviation priv\u00e9e.","breadcrumb":{"@id":"https:\/\/windyjets.com\/fr\/destinations\/#breadcrumb"},"inLanguage":"fr-FR","potentialAction":[{"@type":"ReadAction","target":["https:\/\/windyjets.com\/fr\/destinations\/"]}]},{"@type":"ImageObject","inLanguage":"fr-FR","@id":"https:\/\/windyjets.com\/fr\/destinations\/#primaryimage","url":"https:\/\/windyjets.com\/wp-content\/uploads\/2023\/05\/plane-723900_1920.jpg","contentUrl":"https:\/\/windyjets.com\/wp-content\/uploads\/2023\/05\/plane-723900_1920.jpg","width":1920,"height":1440},{"@type":"BreadcrumbList","@id":"https:\/\/windyjets.com\/fr\/destinations\/#breadcrumb","itemListElement":[{"@type":"ListItem","position":1,"name":"Portada","item":"https:\/\/windyjets.com\/fr\/location-de-jet-prive\/"},{"@type":"ListItem","position":2,"name":"Destinations"}]},{"@type":"WebSite","@id":"https:\/\/windyjets.com\/fr\/#website","url":"https:\/\/windyjets.com\/fr\/","name":"WindyJets","description":"Alquiler Jets Privados","publisher":{"@id":"https:\/\/windyjets.com\/fr\/#organization"},"alternateName":"Windy Jets","potentialAction":[{"@type":"SearchAction","target":{"@type":"EntryPoint","urlTemplate":"https:\/\/windyjets.com\/fr\/?s={search_term_string}"},"query-input":"required name=search_term_string"}],"inLanguage":"fr-FR"},{"@type":"Organization","@id":"https:\/\/windyjets.com\/fr\/#organization","name":"WindyJets","alternateName":"Windy Jets","url":"https:\/\/windyjets.com\/fr\/","logo":{"@type":"ImageObject","inLanguage":"fr-FR","@id":"https:\/\/windyjets.com\/fr\/#\/schema\/logo\/image\/","url":"https:\/\/windyjets.com\/wp-content\/uploads\/2023\/05\/logo-windyjets.png","contentUrl":"https:\/\/windyjets.com\/wp-content\/uploads\/2023\/05\/logo-windyjets.png","width":1400,"height":250,"caption":"WindyJets"},"image":{"@id":"https:\/\/windyjets.com\/fr\/#\/schema\/logo\/image\/"}}]}},"_links":{"self":[{"href":"https:\/\/windyjets.com\/fr\/wp-json\/wp\/v2\/pages\/219697","targetHints":{"allow":["GET"]}}],"collection":[{"href":"https:\/\/windyjets.com\/fr\/wp-json\/wp\/v2\/pages"}],"about":[{"href":"https:\/\/windyjets.com\/fr\/wp-json\/wp\/v2\/types\/page"}],"author":[{"embeddable":true,"href":"https:\/\/windyjets.com\/fr\/wp-json\/wp\/v2\/users\/2"}],"replies":[{"embeddable":true,"href":"https:\/\/windyjets.com\/fr\/wp-json\/wp\/v2\/comments?post=219697"}],"version-history":[{"count":10,"href":"https:\/\/windyjets.com\/fr\/wp-json\/wp\/v2\/pages\/219697\/revisions"}],"predecessor-version":[{"id":225178,"href":"https:\/\/windyjets.com\/fr\/wp-json\/wp\/v2\/pages\/219697\/revisions\/225178"}],"wp:featuredmedia":[{"embeddable":true,"href":"https:\/\/windyjets.com\/fr\/wp-json\/wp\/v2\/media\/218467"}],"wp:attachment":[{"href":"https:\/\/windyjets.com\/fr\/wp-json\/wp\/v2\/media?parent=219697"}],"curies":[{"name":"wp","href":"https:\/\/api.w.org\/{rel}","templated":true}]}}