{"id":219712,"date":"2023-05-18T07:14:22","date_gmt":"2023-05-18T07:14:22","guid":{"rendered":"https:\/\/windyjets.com\/contacter\/"},"modified":"2023-07-12T07:29:00","modified_gmt":"2023-07-12T07:29:00","slug":"contacter","status":"publish","type":"page","link":"https:\/\/windyjets.com\/fr\/contacter\/","title":{"rendered":"Contacter"},"content":{"rendered":"<p>[et_pb_section fb_built=\u00a0\u00bb1&Prime; inner_shadow=\u00a0\u00bbon\u00a0\u00bb fullwidth=\u00a0\u00bbon\u00a0\u00bb _builder_version=\u00a0\u00bb4.21.0&Prime; _module_preset=\u00a0\u00bbdefault\u00a0\u00bb background_image=\u00a0\u00bbhttps:\/\/windyjets.com\/wp-content\/uploads\/2023\/06\/contactar-hero-2.jpg\u00a0\u00bb min_height=\u00a0\u00bb300px\u00a0\u00bb min_height_tablet=\u00a0\u00bb289px\u00a0\u00bb min_height_phone=\u00a0\u00bb400px\u00a0\u00bb min_height_last_edited=\u00a0\u00bbon|phone\u00a0\u00bb height=\u00a0\u00bb300px\u00a0\u00bb height_tablet=\u00a0\u00bb300px\u00a0\u00bb height_phone=\u00a0\u00bb400px\u00a0\u00bb height_last_edited=\u00a0\u00bbon|phone\u00a0\u00bb max_height=\u00a0\u00bb300px\u00a0\u00bb max_height_tablet=\u00a0\u00bb490px\u00a0\u00bb max_height_phone=\u00a0\u00bb400px\u00a0\u00bb max_height_last_edited=\u00a0\u00bbon|phone\u00a0\u00bb locked=\u00a0\u00bboff\u00a0\u00bb global_colors_info=\u00a0\u00bb{}\u00a0\u00bb height__hover_enabled=\u00a0\u00bbon|desktop\u00a0\u00bb height__hover=\u00a0\u00bb490px\u00a0\u00bb][et_pb_fullwidth_header text_orientation=\u00a0\u00bbcenter\u00a0\u00bb background_overlay_color=\u00a0\u00bbrgba(0,57,128,0.23)\u00a0\u00bb _builder_version=\u00a0\u00bb4.21.0&Prime; _module_preset=\u00a0\u00bbdefault\u00a0\u00bb title_font=\u00a0\u00bb|600|||||||\u00a0\u00bb title_font_size=\u00a0\u00bb40px\u00a0\u00bb title_line_height=\u00a0\u00bb2.2em\u00a0\u00bb subhead_font_size=\u00a0\u00bb25px\u00a0\u00bb subhead_line_height=\u00a0\u00bb1.2em\u00a0\u00bb background_enable_color=\u00a0\u00bboff\u00a0\u00bb custom_button_one=\u00a0\u00bbon\u00a0\u00bb button_one_icon=\u00a0\u00bb&#xf072;||fa||900&Prime; vertical_offset=\u00a0\u00bb-6px\u00a0\u00bb width_tablet=\u00a0\u00bb\u00a0\u00bb width_phone=\u00a0\u00bb100%\u00a0\u00bb width_last_edited=\u00a0\u00bbon|phone\u00a0\u00bb max_width_tablet=\u00a0\u00bb\u00a0\u00bb max_width_phone=\u00a0\u00bb100%\u00a0\u00bb max_width_last_edited=\u00a0\u00bbon|phone\u00a0\u00bb module_alignment=\u00a0\u00bbcenter\u00a0\u00bb min_height=\u00a0\u00bb300px\u00a0\u00bb height=\u00a0\u00bb500px\u00a0\u00bb height_tablet=\u00a0\u00bb500px\u00a0\u00bb height_phone=\u00a0\u00bb300px\u00a0\u00bb height_last_edited=\u00a0\u00bbon|phone\u00a0\u00bb max_height=\u00a0\u00bb375px\u00a0\u00bb max_height_tablet=\u00a0\u00bb375px\u00a0\u00bb max_height_phone=\u00a0\u00bb300px\u00a0\u00bb max_height_last_edited=\u00a0\u00bbon|phone\u00a0\u00bb custom_margin_tablet=\u00a0\u00bb\u00a0\u00bb custom_margin_phone=\u00a0\u00bb0px|||-28px|false|false\u00a0\u00bb custom_margin_last_edited=\u00a0\u00bbon|phone\u00a0\u00bb custom_padding=\u00a0\u00bb150px||0px||false|false\u00a0\u00bb custom_padding_tablet=\u00a0\u00bb150px||0px||false|false\u00a0\u00bb custom_padding_phone=\u00a0\u00bb0px||0px||false|false\u00a0\u00bb custom_padding_last_edited=\u00a0\u00bbon|phone\u00a0\u00bb filter_saturate=\u00a0\u00bb186%\u00a0\u00bb filter_brightness=\u00a0\u00bb101%\u00a0\u00bb filter_contrast=\u00a0\u00bb130%\u00a0\u00bb animation_style=\u00a0\u00bbfade\u00a0\u00bb animation_duration=\u00a0\u00bb1250ms\u00a0\u00bb animation_delay=\u00a0\u00bb100ms\u00a0\u00bb title_font_size_tablet=\u00a0\u00bb40px\u00a0\u00bb title_font_size_phone=\u00a0\u00bb40px\u00a0\u00bb title_font_size_last_edited=\u00a0\u00bbon|phone\u00a0\u00bb title_line_height_tablet=\u00a0\u00bb2.2em\u00a0\u00bb title_line_height_phone=\u00a0\u00bb1.3em\u00a0\u00bb title_line_height_last_edited=\u00a0\u00bbon|phone\u00a0\u00bb module_alignment_tablet=\u00a0\u00bbcenter\u00a0\u00bb module_alignment_phone=\u00a0\u00bbcenter\u00a0\u00bb module_alignment_last_edited=\u00a0\u00bbon|phone\u00a0\u00bb title_text_shadow_style=\u00a0\u00bbpreset2&Prime; subhead_text_shadow_style=\u00a0\u00bbpreset2&Prime; button_one_text_shadow_style=\u00a0\u00bbpreset2&Prime; box_shadow_style_button_one=\u00a0\u00bbpreset1&Prime; text_shadow_style=\u00a0\u00bbpreset1&Prime; global_colors_info=\u00a0\u00bb{}\u00a0\u00bb][\/et_pb_fullwidth_header][\/et_pb_section][et_pb_section fb_built=\u00a0\u00bb1&Prime; admin_label=\u00a0\u00bbContactar\u00a0\u00bb _builder_version=\u00a0\u00bb4.21.0&Prime; _module_preset=\u00a0\u00bbdefault\u00a0\u00bb vertical_offset_tablet=\u00a0\u00bb\u00a0\u00bb vertical_offset_phone=\u00a0\u00bb0px\u00a0\u00bb vertical_offset_last_edited=\u00a0\u00bbon|phone\u00a0\u00bb top_divider_color=\u00a0\u00bb#003890&Prime; top_divider_height=\u00a0\u00bb39px\u00a0\u00bb top_divider_repeat=\u00a0\u00bb1x\u00a0\u00bb top_divider_flip=\u00a0\u00bbvertical\u00a0\u00bb top_divider_arrangement=\u00a0\u00bbabove_content\u00a0\u00bb top_divider_style_tablet=\u00a0\u00bbcurve\u00a0\u00bb top_divider_style_phone=\u00a0\u00bbcurve\u00a0\u00bb top_divider_style_last_edited=\u00a0\u00bbon|phone\u00a0\u00bb border_width_all=\u00a0\u00bb4px\u00a0\u00bb border_color_all=\u00a0\u00bb#0C71C3&Prime; border_style_all=\u00a0\u00bboutset\u00a0\u00bb locked=\u00a0\u00bboff\u00a0\u00bb global_colors_info=\u00a0\u00bb{}\u00a0\u00bb][et_pb_row _builder_version=\u00a0\u00bb4.21.0&Prime; _module_preset=\u00a0\u00bbdefault\u00a0\u00bb global_colors_info=\u00a0\u00bb{}\u00a0\u00bb][et_pb_column type=\u00a0\u00bb4_4&Prime; _builder_version=\u00a0\u00bb4.21.0&Prime; _module_preset=\u00a0\u00bbdefault\u00a0\u00bb global_colors_info=\u00a0\u00bb{}\u00a0\u00bb][et_pb_text _builder_version=\u00a0\u00bb4.21.0&Prime; _module_preset=\u00a0\u00bbdefault\u00a0\u00bb text_text_color=\u00a0\u00bb#003890&Prime; text_font_size_tablet=\u00a0\u00bb\u00a0\u00bb text_font_size_phone=\u00a0\u00bb34px\u00a0\u00bb text_font_size_last_edited=\u00a0\u00bbon|phone\u00a0\u00bb global_colors_info=\u00a0\u00bb{}\u00a0\u00bb]<\/p>\n<p>Contactez-nous<\/p>\n<p>[\/et_pb_text][\/et_pb_column][\/et_pb_row][et_pb_row column_structure=\u00a0\u00bb1_2,1_2&Prime; _builder_version=\u00a0\u00bb4.21.0&Prime; _module_preset=\u00a0\u00bbdefault\u00a0\u00bb global_colors_info=\u00a0\u00bb{}\u00a0\u00bb][et_pb_column type=\u00a0\u00bb1_2&Prime; _builder_version=\u00a0\u00bb4.21.0&Prime; _module_preset=\u00a0\u00bbdefault\u00a0\u00bb global_colors_info=\u00a0\u00bb{}\u00a0\u00bb][et_pb_text _builder_version=\u00a0\u00bb4.21.0&Prime; _module_preset=\u00a0\u00bbdefault\u00a0\u00bb text_text_color=\u00a0\u00bb#003890&Prime; text_font_size=\u00a0\u00bb22px\u00a0\u00bb global_colors_info=\u00a0\u00bb{}\u00a0\u00bb]<\/p>\n<p>Contactez-nous pour toute question ou remarque sur nos prestations de voyage en vol priv\u00e9 : tarifs, disponibilit\u00e9s, prestations annexes&#8230;<\/p>\n<p>Si vous souhaitez un budget pour louer un jet priv\u00e9, un charter pour un groupe ou pour toute prestation connexe, vous pouvez nous contacter via le formulaire ou par mail :<\/p>\n<p>[\/et_pb_text][dsm_icon_list list_layout=\u00a0\u00bbhorizontal\u00a0\u00bb list_alignment=\u00a0\u00bbcenter\u00a0\u00bb list_space_between=\u00a0\u00bb51px\u00a0\u00bb list_background=\u00a0\u00bbRGBA(255,255,255,0)\u00a0\u00bb _builder_version=\u00a0\u00bb4.21.0&Prime; _module_preset=\u00a0\u00bbdefault\u00a0\u00bb module_alignment=\u00a0\u00bbcenter\u00a0\u00bb box_shadow_style=\u00a0\u00bbpreset1&Prime; global_colors_info=\u00a0\u00bb{}\u00a0\u00bb][dsm_icon_list_child text=\u00a0\u00bbinfo@windyjets.com\u00a0\u00bb font_icon=\u00a0\u00bb&#xe010;||divi||400&Prime; icon_padding=\u00a0\u00bb4px\u00a0\u00bb icon_font_size=\u00a0\u00bb27px\u00a0\u00bb url=\u00a0\u00bbmailto:info@windyjets.com\u00a0\u00bb url_new_window=\u00a0\u00bbon\u00a0\u00bb _builder_version=\u00a0\u00bb4.21.0&Prime; _module_preset=\u00a0\u00bbdefault\u00a0\u00bb text_text_color=\u00a0\u00bb#003890&Prime; text_font_size=\u00a0\u00bb18px\u00a0\u00bb global_colors_info=\u00a0\u00bb{}\u00a0\u00bb][\/dsm_icon_list_child][\/dsm_icon_list][dsm_icon_list list_layout=\u00a0\u00bbhorizontal\u00a0\u00bb list_alignment=\u00a0\u00bbcenter\u00a0\u00bb list_space_between=\u00a0\u00bb51px\u00a0\u00bb list_background=\u00a0\u00bbRGBA(255,255,255,0)\u00a0\u00bb _builder_version=\u00a0\u00bb4.21.0&Prime; _module_preset=\u00a0\u00bbdefault\u00a0\u00bb module_alignment=\u00a0\u00bbcenter\u00a0\u00bb box_shadow_style=\u00a0\u00bbpreset1&Prime; global_colors_info=\u00a0\u00bb{}\u00a0\u00bb][dsm_icon_list_child text=\u00a0\u00bb+34 626 680 092&Prime; font_icon=\u00a0\u00bb&#xe090;||divi||400&Prime; icon_padding=\u00a0\u00bb3px\u00a0\u00bb icon_font_size=\u00a0\u00bb29px\u00a0\u00bb url=\u00a0\u00bbtel:+34626680092&Prime; _builder_version=\u00a0\u00bb4.21.0&Prime; _module_preset=\u00a0\u00bbdefault\u00a0\u00bb text_text_color=\u00a0\u00bb#003890&Prime; global_colors_info=\u00a0\u00bb{}\u00a0\u00bb][\/dsm_icon_list_child][\/dsm_icon_list][et_pb_image src=\u00a0\u00bbhttps:\/\/windyjets.com\/wp-content\/uploads\/2023\/05\/favicon.png\u00a0\u00bb title_text=\u00a0\u00bbfavicon\u00a0\u00bb align=\u00a0\u00bbcenter\u00a0\u00bb _builder_version=\u00a0\u00bb4.21.0&Prime; _module_preset=\u00a0\u00bbdefault\u00a0\u00bb width=\u00a0\u00bb44%\u00a0\u00bb width_tablet=\u00a0\u00bb44%\u00a0\u00bb width_phone=\u00a0\u00bb36%\u00a0\u00bb width_last_edited=\u00a0\u00bbon|phone\u00a0\u00bb animation_style=\u00a0\u00bbroll\u00a0\u00bb locked=\u00a0\u00bboff\u00a0\u00bb global_colors_info=\u00a0\u00bb{}\u00a0\u00bb][\/et_pb_image][\/et_pb_column][et_pb_column type=\u00a0\u00bb1_2&Prime; _builder_version=\u00a0\u00bb4.21.0&Prime; _module_preset=\u00a0\u00bbdefault\u00a0\u00bb global_colors_info=\u00a0\u00bb{}\u00a0\u00bb][dvppl_cf7_styler form_padding=\u00a0\u00bb1px|0px|1px|0px|false|false\u00a0\u00bb use_form_button_fullwidth=\u00a0\u00bbon\u00a0\u00bb cf7=\u00a0\u00bb216916&Prime; form_field_height=\u00a0\u00bb35px\u00a0\u00bb form_field_spacing=\u00a0\u00bb0px\u00a0\u00bb form_label_spacing=\u00a0\u00bb0px\u00a0\u00bb cr_custom_styles=\u00a0\u00bbon\u00a0\u00bb cr_size=\u00a0\u00bb26px\u00a0\u00bb cr_selected_color=\u00a0\u00bb#003890&Prime; _builder_version=\u00a0\u00bb4.21.0&Prime; _module_preset=\u00a0\u00bbdefault\u00a0\u00bb placeholder_text_color=\u00a0\u00bb#003890&Prime; placeholder_font_size=\u00a0\u00bb16px\u00a0\u00bb placeholder_line_height=\u00a0\u00bb1em\u00a0\u00bb custom_submit_button=\u00a0\u00bbon\u00a0\u00bb submit_button_text_color=\u00a0\u00bb#003890&Prime; submit_button_border_radius=\u00a0\u00bb0px\u00a0\u00bb border_radii_field=\u00a0\u00bbon|20px|20px|20px|20px\u00a0\u00bb border_color_all_field=\u00a0\u00bb#003890&Prime; border_style_all_field=\u00a0\u00bbdashed\u00a0\u00bb global_colors_info=\u00a0\u00bb{}\u00a0\u00bb][\/dvppl_cf7_styler][et_pb_text _builder_version=\u00a0\u00bb4.21.0&Prime; _module_preset=\u00a0\u00bbdefault\u00a0\u00bb text_font=\u00a0\u00bb||||||||\u00a0\u00bb text_font_size=\u00a0\u00bb14px\u00a0\u00bb locked=\u00a0\u00bboff\u00a0\u00bb global_colors_info=\u00a0\u00bb{}\u00a0\u00bb]<\/p>\n<p style=\"text-align: left;\">* Champ requis<br \/>En envoyant le message via notre formulaire, vous acceptez notre <a href=\"https:\/\/windyjets.com\/fr\/politique-de-confidentialite\/\" target=\"_blank\" rel=\"noopener\">politique de confidentialit\u00e9.<\/a><br \/>This site is protected by reCAPTCHA and the Google. <a href=\"https:\/\/policies.google.com\/privacy\" rel=\"nofollow\">Privacy Policy<\/a> and <a href=\"https:\/\/policies.google.com\/terms\" rel=\"nofollow\">Terms of Service<\/a> apply.<\/p>\n<p>[\/et_pb_text][\/et_pb_column][\/et_pb_row][\/et_pb_section]<\/p>\n","protected":false},"excerpt":{"rendered":"<p>Si vous souhaitez un budget pour louer un jet priv\u00e9, un charter pour un groupe ou pour toute prestation connexe, vous pouvez nous contacter.<\/p>\n","protected":false},"author":2,"featured_media":0,"parent":0,"menu_order":0,"comment_status":"closed","ping_status":"closed","template":"","meta":{"_et_pb_use_builder":"on","_et_pb_old_content":"","_et_gb_content_width":"","footnotes":""},"class_list":["post-219712","page","type-page","status-publish","hentry"],"yoast_head":"<!-- This site is optimized with the Yoast SEO plugin v22.6 - https:\/\/yoast.com\/wordpress\/plugins\/seo\/ -->\n<title>R\u00e9server un jet priv\u00e9 - Windyjets<\/title>\n<meta name=\"description\" content=\"Nous r\u00e9solvons vos doutes sur la location de jets priv\u00e9s. R\u00e9servez d\u00e8s maintenant votre avion priv\u00e9 et profitez de l&#039;exp\u00e9rience.\" \/>\n<meta name=\"robots\" content=\"noindex, nofollow\" \/>\n<meta property=\"og:locale\" content=\"fr_FR\" \/>\n<meta property=\"og:type\" content=\"article\" \/>\n<meta property=\"og:title\" content=\"R\u00e9server un jet priv\u00e9 - Windyjets\" \/>\n<meta property=\"og:description\" content=\"Nous r\u00e9solvons vos doutes sur la location de jets priv\u00e9s. R\u00e9servez d\u00e8s maintenant votre avion priv\u00e9 et profitez de l&#039;exp\u00e9rience.\" \/>\n<meta property=\"og:url\" content=\"https:\/\/windyjets.com\/fr\/contacter\/\" \/>\n<meta property=\"og:site_name\" content=\"WindyJets\" \/>\n<meta property=\"article:modified_time\" content=\"2023-07-12T07:29:00+00:00\" \/>\n<meta name=\"twitter:card\" content=\"summary_large_image\" \/>\n<meta name=\"twitter:label1\" content=\"Dur\u00e9e de lecture estim\u00e9e\" \/>\n\t<meta name=\"twitter:data1\" content=\"5 minutes\" \/>\n<script type=\"application\/ld+json\" class=\"yoast-schema-graph\">{\"@context\":\"https:\/\/schema.org\",\"@graph\":[{\"@type\":\"WebPage\",\"@id\":\"https:\/\/windyjets.com\/fr\/contacter\/\",\"url\":\"https:\/\/windyjets.com\/fr\/contacter\/\",\"name\":\"R\u00e9server un jet priv\u00e9 - Windyjets\",\"isPartOf\":{\"@id\":\"https:\/\/windyjets.com\/fr\/#website\"},\"datePublished\":\"2023-05-18T07:14:22+00:00\",\"dateModified\":\"2023-07-12T07:29:00+00:00\",\"description\":\"Nous r\u00e9solvons vos doutes sur la location de jets priv\u00e9s. R\u00e9servez d\u00e8s maintenant votre avion priv\u00e9 et profitez de l'exp\u00e9rience.\",\"breadcrumb\":{\"@id\":\"https:\/\/windyjets.com\/fr\/contacter\/#breadcrumb\"},\"inLanguage\":\"fr-FR\",\"potentialAction\":[{\"@type\":\"ReadAction\",\"target\":[\"https:\/\/windyjets.com\/fr\/contacter\/\"]}]},{\"@type\":\"BreadcrumbList\",\"@id\":\"https:\/\/windyjets.com\/fr\/contacter\/#breadcrumb\",\"itemListElement\":[{\"@type\":\"ListItem\",\"position\":1,\"name\":\"Portada\",\"item\":\"https:\/\/windyjets.com\/fr\/location-de-jet-prive\/\"},{\"@type\":\"ListItem\",\"position\":2,\"name\":\"Contacter\"}]},{\"@type\":\"WebSite\",\"@id\":\"https:\/\/windyjets.com\/fr\/#website\",\"url\":\"https:\/\/windyjets.com\/fr\/\",\"name\":\"WindyJets\",\"description\":\"Alquiler Jets Privados\",\"publisher\":{\"@id\":\"https:\/\/windyjets.com\/fr\/#organization\"},\"alternateName\":\"Windy Jets\",\"potentialAction\":[{\"@type\":\"SearchAction\",\"target\":{\"@type\":\"EntryPoint\",\"urlTemplate\":\"https:\/\/windyjets.com\/fr\/?s={search_term_string}\"},\"query-input\":\"required name=search_term_string\"}],\"inLanguage\":\"fr-FR\"},{\"@type\":\"Organization\",\"@id\":\"https:\/\/windyjets.com\/fr\/#organization\",\"name\":\"WindyJets\",\"alternateName\":\"Windy Jets\",\"url\":\"https:\/\/windyjets.com\/fr\/\",\"logo\":{\"@type\":\"ImageObject\",\"inLanguage\":\"fr-FR\",\"@id\":\"https:\/\/windyjets.com\/fr\/#\/schema\/logo\/image\/\",\"url\":\"https:\/\/windyjets.com\/wp-content\/uploads\/2023\/05\/logo-windyjets.png\",\"contentUrl\":\"https:\/\/windyjets.com\/wp-content\/uploads\/2023\/05\/logo-windyjets.png\",\"width\":1400,\"height\":250,\"caption\":\"WindyJets\"},\"image\":{\"@id\":\"https:\/\/windyjets.com\/fr\/#\/schema\/logo\/image\/\"}}]}<\/script>\n<!-- \/ Yoast SEO plugin. -->","yoast_head_json":{"title":"R\u00e9server un jet priv\u00e9 - Windyjets","description":"Nous r\u00e9solvons vos doutes sur la location de jets priv\u00e9s. R\u00e9servez d\u00e8s maintenant votre avion priv\u00e9 et profitez de l'exp\u00e9rience.","robots":{"index":"noindex","follow":"nofollow"},"og_locale":"fr_FR","og_type":"article","og_title":"R\u00e9server un jet priv\u00e9 - Windyjets","og_description":"Nous r\u00e9solvons vos doutes sur la location de jets priv\u00e9s. R\u00e9servez d\u00e8s maintenant votre avion priv\u00e9 et profitez de l'exp\u00e9rience.","og_url":"https:\/\/windyjets.com\/fr\/contacter\/","og_site_name":"WindyJets","article_modified_time":"2023-07-12T07:29:00+00:00","twitter_card":"summary_large_image","twitter_misc":{"Dur\u00e9e de lecture estim\u00e9e":"5 minutes"},"schema":{"@context":"https:\/\/schema.org","@graph":[{"@type":"WebPage","@id":"https:\/\/windyjets.com\/fr\/contacter\/","url":"https:\/\/windyjets.com\/fr\/contacter\/","name":"R\u00e9server un jet priv\u00e9 - Windyjets","isPartOf":{"@id":"https:\/\/windyjets.com\/fr\/#website"},"datePublished":"2023-05-18T07:14:22+00:00","dateModified":"2023-07-12T07:29:00+00:00","description":"Nous r\u00e9solvons vos doutes sur la location de jets priv\u00e9s. R\u00e9servez d\u00e8s maintenant votre avion priv\u00e9 et profitez de l'exp\u00e9rience.","breadcrumb":{"@id":"https:\/\/windyjets.com\/fr\/contacter\/#breadcrumb"},"inLanguage":"fr-FR","potentialAction":[{"@type":"ReadAction","target":["https:\/\/windyjets.com\/fr\/contacter\/"]}]},{"@type":"BreadcrumbList","@id":"https:\/\/windyjets.com\/fr\/contacter\/#breadcrumb","itemListElement":[{"@type":"ListItem","position":1,"name":"Portada","item":"https:\/\/windyjets.com\/fr\/location-de-jet-prive\/"},{"@type":"ListItem","position":2,"name":"Contacter"}]},{"@type":"WebSite","@id":"https:\/\/windyjets.com\/fr\/#website","url":"https:\/\/windyjets.com\/fr\/","name":"WindyJets","description":"Alquiler Jets Privados","publisher":{"@id":"https:\/\/windyjets.com\/fr\/#organization"},"alternateName":"Windy Jets","potentialAction":[{"@type":"SearchAction","target":{"@type":"EntryPoint","urlTemplate":"https:\/\/windyjets.com\/fr\/?s={search_term_string}"},"query-input":"required name=search_term_string"}],"inLanguage":"fr-FR"},{"@type":"Organization","@id":"https:\/\/windyjets.com\/fr\/#organization","name":"WindyJets","alternateName":"Windy Jets","url":"https:\/\/windyjets.com\/fr\/","logo":{"@type":"ImageObject","inLanguage":"fr-FR","@id":"https:\/\/windyjets.com\/fr\/#\/schema\/logo\/image\/","url":"https:\/\/windyjets.com\/wp-content\/uploads\/2023\/05\/logo-windyjets.png","contentUrl":"https:\/\/windyjets.com\/wp-content\/uploads\/2023\/05\/logo-windyjets.png","width":1400,"height":250,"caption":"WindyJets"},"image":{"@id":"https:\/\/windyjets.com\/fr\/#\/schema\/logo\/image\/"}}]}},"_links":{"self":[{"href":"https:\/\/windyjets.com\/fr\/wp-json\/wp\/v2\/pages\/219712","targetHints":{"allow":["GET"]}}],"collection":[{"href":"https:\/\/windyjets.com\/fr\/wp-json\/wp\/v2\/pages"}],"about":[{"href":"https:\/\/windyjets.com\/fr\/wp-json\/wp\/v2\/types\/page"}],"author":[{"embeddable":true,"href":"https:\/\/windyjets.com\/fr\/wp-json\/wp\/v2\/users\/2"}],"replies":[{"embeddable":true,"href":"https:\/\/windyjets.com\/fr\/wp-json\/wp\/v2\/comments?post=219712"}],"version-history":[{"count":5,"href":"https:\/\/windyjets.com\/fr\/wp-json\/wp\/v2\/pages\/219712\/revisions"}],"predecessor-version":[{"id":225214,"href":"https:\/\/windyjets.com\/fr\/wp-json\/wp\/v2\/pages\/219712\/revisions\/225214"}],"wp:attachment":[{"href":"https:\/\/windyjets.com\/fr\/wp-json\/wp\/v2\/media?parent=219712"}],"curies":[{"name":"wp","href":"https:\/\/api.w.org\/{rel}","templated":true}]}}