{"id":219722,"date":"2023-05-06T16:19:42","date_gmt":"2023-05-06T16:19:42","guid":{"rendered":"https:\/\/windyjets.com\/achat-vente-de-jets-prives\/"},"modified":"2023-07-12T08:23:04","modified_gmt":"2023-07-12T08:23:04","slug":"achat-vente-jet-prive","status":"publish","type":"page","link":"https:\/\/windyjets.com\/fr\/achat-vente-jet-prive\/","title":{"rendered":"Achat jets priv\u00e9s"},"content":{"rendered":"<p>[et_pb_section fb_built=\u00a0\u00bb1&Prime; fullwidth=\u00a0\u00bbon\u00a0\u00bb custom_padding_last_edited=\u00a0\u00bbon|phone\u00a0\u00bb admin_label=\u00a0\u00bbTextoHome-1&Prime; _builder_version=\u00a0\u00bb4.21.0&Prime; _module_preset=\u00a0\u00bbdefault\u00a0\u00bb background_color=\u00a0\u00bbRGBA(255,255,255,0)\u00a0\u00bb use_background_color_gradient=\u00a0\u00bbon\u00a0\u00bb background_color_gradient_stops=\u00a0\u00bb#003980 0%|#3077a1 98%\u00a0\u00bb vertical_offset_tablet=\u00a0\u00bb\u00a0\u00bb vertical_offset_phone=\u00a0\u00bb0px\u00a0\u00bb vertical_offset_last_edited=\u00a0\u00bbon|phone\u00a0\u00bb width=\u00a0\u00bb100%\u00a0\u00bb width_tablet=\u00a0\u00bb70%\u00a0\u00bb width_phone=\u00a0\u00bb100%\u00a0\u00bb width_last_edited=\u00a0\u00bbon|phone\u00a0\u00bb max_width=\u00a0\u00bb100%\u00a0\u00bb max_width_tablet=\u00a0\u00bb67%\u00a0\u00bb max_width_phone=\u00a0\u00bb100%\u00a0\u00bb max_width_last_edited=\u00a0\u00bbon|phone\u00a0\u00bb module_alignment=\u00a0\u00bbcenter\u00a0\u00bb min_height=\u00a0\u00bb300px\u00a0\u00bb height=\u00a0\u00bb300px\u00a0\u00bb height_tablet=\u00a0\u00bb\u00a0\u00bb height_phone=\u00a0\u00bb400px\u00a0\u00bb height_last_edited=\u00a0\u00bbon|phone\u00a0\u00bb max_height_tablet=\u00a0\u00bb\u00a0\u00bb max_height_phone=\u00a0\u00bb400px\u00a0\u00bb max_height_last_edited=\u00a0\u00bbon|phone\u00a0\u00bb custom_margin_tablet=\u00a0\u00bb\u00a0\u00bb custom_margin_phone=\u00a0\u00bb\u00a0\u00bb custom_margin_last_edited=\u00a0\u00bbon|phone\u00a0\u00bb custom_padding=\u00a0\u00bb0px||||false|false\u00a0\u00bb custom_padding_tablet=\u00a0\u00bb0px||||false|false\u00a0\u00bb custom_padding_phone=\u00a0\u00bb0px||||false|false\u00a0\u00bb global_colors_info=\u00a0\u00bb{}\u00a0\u00bb][et_pb_fullwidth_header title=\u00a0\u00bbAchat jets priv\u00e9s\u00a0\u00bb subhead=\u00a0\u00bbLa d\u00e9cision d&#039;acheter un jet priv\u00e9 est une d\u00e9cision importante et d\u00e9pend de plusieurs facteurs. Il est important d&#039;\u00eatre bien conseill\u00e9 \u00a0\u00bb text_orientation=\u00a0\u00bbcenter\u00a0\u00bb button_one_text=\u00a0\u00bbDemander des informations\u00a0\u00bb button_one_url=\u00a0\u00bbhttps:\/\/windyjets.com\/fr\/contacter\/\u00a0\u00bb _builder_version=\u00a0\u00bb4.21.0&Prime; _module_preset=\u00a0\u00bbdefault\u00a0\u00bb title_level=\u00a0\u00bbh2&Prime; content_text_color=\u00a0\u00bbRGBA(255,255,255,0)\u00a0\u00bb content_line_height=\u00a0\u00bb1.9em\u00a0\u00bb subhead_text_color=\u00a0\u00bbrgba(255,255,255,0.78)\u00a0\u00bb subhead_font_size=\u00a0\u00bb20px\u00a0\u00bb subhead_line_height=\u00a0\u00bb1.2em\u00a0\u00bb background_enable_color=\u00a0\u00bboff\u00a0\u00bb custom_button_one=\u00a0\u00bbon\u00a0\u00bb button_one_icon=\u00a0\u00bb&#xf072;||fa||900&Prime; global_colors_info=\u00a0\u00bb{}\u00a0\u00bb]<\/p>\n<p>xxxx<\/p>\n<p>xxxx<\/p>\n<p>[\/et_pb_fullwidth_header][\/et_pb_section][et_pb_section fb_built=\u00a0\u00bb1&Prime; specialty=\u00a0\u00bbon\u00a0\u00bb bg_img_2=\u00a0\u00bbhttps:\/\/windyjets.com\/wp-content\/uploads\/2023\/05\/favicon-blanc-fons.png\u00a0\u00bb _builder_version=\u00a0\u00bb4.21.0&Prime; _module_preset=\u00a0\u00bbdefault\u00a0\u00bb top_divider_style=\u00a0\u00bbarrow2&Prime; top_divider_color=\u00a0\u00bb#3077a1&Prime; global_colors_info=\u00a0\u00bb{}\u00a0\u00bb][et_pb_column type=\u00a0\u00bb1_2&Prime; specialty_columns=\u00a0\u00bb2&Prime; _builder_version=\u00a0\u00bb4.16&Prime; custom_padding=\u00a0\u00bb|||\u00a0\u00bb global_colors_info=\u00a0\u00bb{}\u00a0\u00bb custom_padding__hover=\u00a0\u00bb|||\u00a0\u00bb][et_pb_row_inner _builder_version=\u00a0\u00bb4.21.0&Prime; _module_preset=\u00a0\u00bbdefault\u00a0\u00bb vertical_offset=\u00a0\u00bb95px\u00a0\u00bb global_colors_info=\u00a0\u00bb{}\u00a0\u00bb][et_pb_column_inner saved_specialty_column_type=\u00a0\u00bb1_2&Prime; _builder_version=\u00a0\u00bb4.21.0&Prime; _module_preset=\u00a0\u00bbdefault\u00a0\u00bb global_colors_info=\u00a0\u00bb{}\u00a0\u00bb][et_pb_text _builder_version=\u00a0\u00bb4.21.0&Prime; _module_preset=\u00a0\u00bbdefault\u00a0\u00bb global_colors_info=\u00a0\u00bb{}\u00a0\u00bb]<\/p>\n<h2><strong>Jets Priv\u00e9s \u00e0 Vendre<\/strong><\/h2>\n<p>[\/et_pb_text][ba_post_list include_categories=\u00a0\u00bb12&Prime; order_by=\u00a0\u00bbtitle\u00a0\u00bb show_excerpt=\u00a0\u00bboff\u00a0\u00bb item_spacing=\u00a0\u00bb55px\u00a0\u00bb item_padding=\u00a0\u00bb20px|0px|20px|0px|true|false\u00a0\u00bb alignment=\u00a0\u00bbcenter\u00a0\u00bb image_width=\u00a0\u00bb300px\u00a0\u00bb image_height=\u00a0\u00bb92px\u00a0\u00bb image_spacing=\u00a0\u00bb19px\u00a0\u00bb _builder_version=\u00a0\u00bb4.21.0&Prime; _module_preset=\u00a0\u00bbdefault\u00a0\u00bb box_shadow_style_post=\u00a0\u00bbpreset1&Prime; global_colors_info=\u00a0\u00bb{}\u00a0\u00bb][\/ba_post_list][\/et_pb_column_inner][\/et_pb_row_inner][\/et_pb_column][et_pb_column type=\u00a0\u00bb1_2&Prime; _builder_version=\u00a0\u00bb4.16&Prime; custom_padding=\u00a0\u00bb|||\u00a0\u00bb global_colors_info=\u00a0\u00bb{}\u00a0\u00bb custom_padding__hover=\u00a0\u00bb|||\u00a0\u00bb][et_pb_text _builder_version=\u00a0\u00bb4.21.0&Prime; _module_preset=\u00a0\u00bbdefault\u00a0\u00bb text_font_size=\u00a0\u00bb29px\u00a0\u00bb positioning=\u00a0\u00bbrelative\u00a0\u00bb vertical_offset=\u00a0\u00bb166px\u00a0\u00bb custom_margin_tablet=\u00a0\u00bb\u00a0\u00bb custom_margin_phone=\u00a0\u00bb-100px||||false|false\u00a0\u00bb custom_margin_last_edited=\u00a0\u00bbon|phone\u00a0\u00bb hover_enabled=\u00a0\u00bb0&Prime; background_last_edited=\u00a0\u00bbon|phone\u00a0\u00bb global_colors_info=\u00a0\u00bb{}\u00a0\u00bb text_text_color=\u00a0\u00bb#003890&Prime; sticky_enabled=\u00a0\u00bb0&Prime;]<\/p>\n<h2>Achat\/vente de jets priv\u00e9s d&rsquo;occasion<\/h2>\n<p>[\/et_pb_text][et_pb_text _builder_version=\u00a0\u00bb4.21.0&Prime; _module_preset=\u00a0\u00bbdefault\u00a0\u00bb text_font=\u00a0\u00bb||||||||\u00a0\u00bb text_font_size=\u00a0\u00bb18px\u00a0\u00bb positioning=\u00a0\u00bbrelative\u00a0\u00bb vertical_offset=\u00a0\u00bb166px\u00a0\u00bb text_orientation=\u00a0\u00bbleft\u00a0\u00bb hover_enabled=\u00a0\u00bb0&Prime; global_colors_info=\u00a0\u00bb{}\u00a0\u00bb text_text_color=\u00a0\u00bb#003890&Prime; sticky_enabled=\u00a0\u00bb0&Prime;]<\/p>\n<p>Si vous voyagez fr\u00e9quemment et avez besoin d&rsquo;un transport rapide et pratique, l&rsquo;<strong>achat d&rsquo;un jet priv\u00e9 d&rsquo;occasion<\/strong> peut \u00eatre votre meilleure option. Les avions priv\u00e9s peuvent voyager vers des destinations qui ne sont pas reli\u00e9es par des vols commerciaux, ou qui ne sont pas tr\u00e8s fr\u00e9quentes. De plus, si vous dirigez une entreprise qui n\u00e9cessite des d\u00e9placements fr\u00e9quents et que vous avez besoin d&rsquo;un moyen efficace pour vous rendre \u00e0 destination, l&rsquo;achat d&rsquo;un jet priv\u00e9 peut \u00eatre un investissement rentable.  <\/p>\n<p>L&rsquo;achat d&rsquo;un jet priv\u00e9 peut \u00eatre co\u00fbteux, et les co\u00fbts d&rsquo;exploitation et d&rsquo;entretien peuvent \u00eatre importants. Il est important qu&rsquo;un professionnel exp\u00e9riment\u00e9 dans l&rsquo;<strong>achat\/vente d&rsquo;avions priv\u00e9s<\/strong> vous conseille. Chez <strong>WindyJets<\/strong> nous pouvons vous proposer un catalogue de jets priv\u00e9s \u00e0 vendre et \u00e9valuer tous les points \u00e0 prendre en compte lors de la fixation d&rsquo;un prix pour acheter un jet priv\u00e9.  <\/p>\n<p>&nbsp;<\/p>\n<p>[\/et_pb_text][et_pb_button button_url=\u00a0\u00bbhttps:\/\/windyjets.com\/fr\/contacter\/\u00a0\u00bb button_text=\u00a0\u00bbDemander des informations\u00a0\u00bb button_alignment=\u00a0\u00bbcenter\u00a0\u00bb _builder_version=\u00a0\u00bb4.21.0&Prime; _module_preset=\u00a0\u00bbdefault\u00a0\u00bb custom_button=\u00a0\u00bbon\u00a0\u00bb button_text_color=\u00a0\u00bb#003980&Prime; button_bg_color=\u00a0\u00bbRGBA(255,255,255,0)\u00a0\u00bb button_icon=\u00a0\u00bb&#xf072;||fa||900&Prime; positioning=\u00a0\u00bbrelative\u00a0\u00bb vertical_offset=\u00a0\u00bb146px\u00a0\u00bb custom_margin=\u00a0\u00bb70px||||false|false\u00a0\u00bb hover_enabled=\u00a0\u00bb0&Prime; locked=\u00a0\u00bboff\u00a0\u00bb global_colors_info=\u00a0\u00bb{}\u00a0\u00bb custom_margin_last_edited=\u00a0\u00bbon|desktop\u00a0\u00bb sticky_enabled=\u00a0\u00bb0&Prime; custom_margin_tablet=\u00a0\u00bb70px||||false|false\u00a0\u00bb custom_margin_phone=\u00a0\u00bb70px||||false|false\u00a0\u00bb][\/et_pb_button][\/et_pb_column][\/et_pb_section][et_pb_section fb_built=\u00a0\u00bb1&Prime; admin_label=\u00a0\u00bbContactar\u00a0\u00bb _builder_version=\u00a0\u00bb4.21.0&Prime; _module_preset=\u00a0\u00bbdefault\u00a0\u00bb vertical_offset_tablet=\u00a0\u00bb\u00a0\u00bb vertical_offset_phone=\u00a0\u00bb0px\u00a0\u00bb vertical_offset_last_edited=\u00a0\u00bbon|phone\u00a0\u00bb custom_margin_tablet=\u00a0\u00bb\u00a0\u00bb custom_margin_phone=\u00a0\u00bb150px||||false|false\u00a0\u00bb custom_margin_last_edited=\u00a0\u00bbon|phone\u00a0\u00bb top_divider_style=\u00a0\u00bbcurve2&Prime; top_divider_color=\u00a0\u00bb#003890&Prime; top_divider_height=\u00a0\u00bb39px\u00a0\u00bb top_divider_repeat=\u00a0\u00bb1x\u00a0\u00bb top_divider_flip=\u00a0\u00bbvertical\u00a0\u00bb top_divider_arrangement=\u00a0\u00bbabove_content\u00a0\u00bb top_divider_style_tablet=\u00a0\u00bbcurve\u00a0\u00bb top_divider_style_phone=\u00a0\u00bbcurve\u00a0\u00bb top_divider_style_last_edited=\u00a0\u00bbon|phone\u00a0\u00bb border_width_all=\u00a0\u00bb4px\u00a0\u00bb border_color_all=\u00a0\u00bb#0C71C3&Prime; border_style_all=\u00a0\u00bboutset\u00a0\u00bb locked=\u00a0\u00bboff\u00a0\u00bb global_colors_info=\u00a0\u00bb{}\u00a0\u00bb][et_pb_row _builder_version=\u00a0\u00bb4.21.0&Prime; _module_preset=\u00a0\u00bbdefault\u00a0\u00bb global_colors_info=\u00a0\u00bb{}\u00a0\u00bb][et_pb_column type=\u00a0\u00bb4_4&Prime; _builder_version=\u00a0\u00bb4.21.0&Prime; _module_preset=\u00a0\u00bbdefault\u00a0\u00bb global_colors_info=\u00a0\u00bb{}\u00a0\u00bb][et_pb_text _builder_version=\u00a0\u00bb4.21.0&Prime; _module_preset=\u00a0\u00bbdefault\u00a0\u00bb text_text_color=\u00a0\u00bb#003890&Prime; text_font_size_tablet=\u00a0\u00bb\u00a0\u00bb text_font_size_phone=\u00a0\u00bb34px\u00a0\u00bb text_font_size_last_edited=\u00a0\u00bbon|phone\u00a0\u00bb global_colors_info=\u00a0\u00bb{}\u00a0\u00bb]<\/p>\n<p>Contactez-nous<\/p>\n<p>[\/et_pb_text][\/et_pb_column][\/et_pb_row][et_pb_row column_structure=\u00a0\u00bb1_2,1_2&Prime; _builder_version=\u00a0\u00bb4.21.0&Prime; _module_preset=\u00a0\u00bbdefault\u00a0\u00bb global_colors_info=\u00a0\u00bb{}\u00a0\u00bb][et_pb_column type=\u00a0\u00bb1_2&Prime; _builder_version=\u00a0\u00bb4.21.0&Prime; _module_preset=\u00a0\u00bbdefault\u00a0\u00bb global_colors_info=\u00a0\u00bb{}\u00a0\u00bb][et_pb_text _builder_version=\u00a0\u00bb4.21.0&Prime; _module_preset=\u00a0\u00bbdefault\u00a0\u00bb text_text_color=\u00a0\u00bb#003890&Prime; text_font_size=\u00a0\u00bb22px\u00a0\u00bb global_colors_info=\u00a0\u00bb{}\u00a0\u00bb]<\/p>\n<p>Contactez-nous pour toute question ou remarque sur nos prestations de voyage en vol priv\u00e9 : tarifs, disponibilit\u00e9s, prestations annexes&#8230;<\/p>\n<p>Si vous souhaitez un budget pour louer un jet priv\u00e9, un charter pour un groupe ou pour toute prestation connexe, vous pouvez nous contacter via le formulaire ou par mail :<\/p>\n<p>[\/et_pb_text][dsm_icon_list list_layout=\u00a0\u00bbhorizontal\u00a0\u00bb list_alignment=\u00a0\u00bbcenter\u00a0\u00bb list_space_between=\u00a0\u00bb51px\u00a0\u00bb list_background=\u00a0\u00bbRGBA(255,255,255,0)\u00a0\u00bb _builder_version=\u00a0\u00bb4.21.0&Prime; _module_preset=\u00a0\u00bbdefault\u00a0\u00bb module_alignment=\u00a0\u00bbcenter\u00a0\u00bb box_shadow_style=\u00a0\u00bbpreset1&Prime; global_colors_info=\u00a0\u00bb{}\u00a0\u00bb][dsm_icon_list_child text=\u00a0\u00bbinfo@windyjets.com\u00a0\u00bb font_icon=\u00a0\u00bb&#xe010;||divi||400&Prime; icon_padding=\u00a0\u00bb4px\u00a0\u00bb icon_font_size=\u00a0\u00bb27px\u00a0\u00bb url=\u00a0\u00bbmailto:info@windyjets.com\u00a0\u00bb url_new_window=\u00a0\u00bbon\u00a0\u00bb _builder_version=\u00a0\u00bb4.21.0&Prime; _module_preset=\u00a0\u00bbdefault\u00a0\u00bb text_text_color=\u00a0\u00bb#003890&Prime; text_font_size=\u00a0\u00bb18px\u00a0\u00bb global_colors_info=\u00a0\u00bb{}\u00a0\u00bb][\/dsm_icon_list_child][\/dsm_icon_list][dsm_icon_list list_layout=\u00a0\u00bbhorizontal\u00a0\u00bb list_alignment=\u00a0\u00bbcenter\u00a0\u00bb list_space_between=\u00a0\u00bb51px\u00a0\u00bb list_background=\u00a0\u00bbRGBA(255,255,255,0)\u00a0\u00bb _builder_version=\u00a0\u00bb4.21.0&Prime; _module_preset=\u00a0\u00bbdefault\u00a0\u00bb module_alignment=\u00a0\u00bbcenter\u00a0\u00bb box_shadow_style=\u00a0\u00bbpreset1&Prime; global_colors_info=\u00a0\u00bb{}\u00a0\u00bb][dsm_icon_list_child text=\u00a0\u00bb+34 626 680 092&Prime; font_icon=\u00a0\u00bb&#xe090;||divi||400&Prime; icon_padding=\u00a0\u00bb3px\u00a0\u00bb icon_font_size=\u00a0\u00bb29px\u00a0\u00bb url=\u00a0\u00bbtel:+34626680092&Prime; _builder_version=\u00a0\u00bb4.21.0&Prime; _module_preset=\u00a0\u00bbdefault\u00a0\u00bb text_text_color=\u00a0\u00bb#003890&Prime; global_colors_info=\u00a0\u00bb{}\u00a0\u00bb][\/dsm_icon_list_child][\/dsm_icon_list][et_pb_image src=\u00a0\u00bbhttps:\/\/windyjets.com\/wp-content\/uploads\/2023\/05\/favicon.png\u00a0\u00bb title_text=\u00a0\u00bbfavicon\u00a0\u00bb align=\u00a0\u00bbcenter\u00a0\u00bb _builder_version=\u00a0\u00bb4.21.0&Prime; _module_preset=\u00a0\u00bbdefault\u00a0\u00bb width=\u00a0\u00bb44%\u00a0\u00bb width_tablet=\u00a0\u00bb44%\u00a0\u00bb width_phone=\u00a0\u00bb36%\u00a0\u00bb width_last_edited=\u00a0\u00bbon|phone\u00a0\u00bb animation_style=\u00a0\u00bbroll\u00a0\u00bb locked=\u00a0\u00bboff\u00a0\u00bb global_colors_info=\u00a0\u00bb{}\u00a0\u00bb][\/et_pb_image][\/et_pb_column][et_pb_column type=\u00a0\u00bb1_2&Prime; _builder_version=\u00a0\u00bb4.21.0&Prime; _module_preset=\u00a0\u00bbdefault\u00a0\u00bb global_colors_info=\u00a0\u00bb{}\u00a0\u00bb][dvppl_cf7_styler form_padding=\u00a0\u00bb1px|0px|1px|0px|false|false\u00a0\u00bb use_form_button_fullwidth=\u00a0\u00bbon\u00a0\u00bb cf7=\u00a0\u00bb216916&Prime; form_field_height=\u00a0\u00bb35px\u00a0\u00bb form_field_spacing=\u00a0\u00bb0px\u00a0\u00bb form_label_spacing=\u00a0\u00bb0px\u00a0\u00bb cr_custom_styles=\u00a0\u00bbon\u00a0\u00bb cr_size=\u00a0\u00bb26px\u00a0\u00bb cr_selected_color=\u00a0\u00bb#003890&Prime; _builder_version=\u00a0\u00bb4.21.0&Prime; _module_preset=\u00a0\u00bbdefault\u00a0\u00bb placeholder_text_color=\u00a0\u00bb#003890&Prime; placeholder_font_size=\u00a0\u00bb16px\u00a0\u00bb placeholder_line_height=\u00a0\u00bb1em\u00a0\u00bb custom_submit_button=\u00a0\u00bbon\u00a0\u00bb submit_button_text_color=\u00a0\u00bb#003890&Prime; submit_button_border_radius=\u00a0\u00bb0px\u00a0\u00bb border_radii_field=\u00a0\u00bbon|20px|20px|20px|20px\u00a0\u00bb border_color_all_field=\u00a0\u00bb#003890&Prime; border_style_all_field=\u00a0\u00bbdashed\u00a0\u00bb global_colors_info=\u00a0\u00bb{}\u00a0\u00bb][\/dvppl_cf7_styler][et_pb_text _builder_version=\u00a0\u00bb4.21.0&Prime; _module_preset=\u00a0\u00bbdefault\u00a0\u00bb text_font=\u00a0\u00bb||||||||\u00a0\u00bb text_font_size=\u00a0\u00bb14px\u00a0\u00bb locked=\u00a0\u00bboff\u00a0\u00bb global_colors_info=\u00a0\u00bb{}\u00a0\u00bb]<\/p>\n<p style=\"text-align: left;\">* Champ obligatoire En envoyant le message via notre formulaire, vous acceptez notre <a href=\"\" target=\"\" rel=\"noopener\">Politique de Confidentialit\u00e9.<\/a><\/p>\n<p>This site is protected by reCAPTCHA and the Google. <a href=\"https:\/\/policies.google.com\/privacy\" rel=\"nofollow\">Privacy Policy<\/a> and <a href=\"https:\/\/policies.google.com\/terms\" rel=\"nofollow\">Terms of Service<\/a> apply.<\/p>\n<p>[\/et_pb_text][\/et_pb_column][\/et_pb_row][\/et_pb_section]<\/p>\n","protected":false},"excerpt":{"rendered":"<p>Si vous voyagez fr\u00e9quemment et avez besoin d&rsquo;un transport rapide et pratique, l&rsquo;achat d&rsquo;un jet priv\u00e9 d&rsquo;occasion peut \u00eatre votre meilleure option.<\/p>\n","protected":false},"author":2,"featured_media":0,"parent":0,"menu_order":0,"comment_status":"closed","ping_status":"closed","template":"","meta":{"_et_pb_use_builder":"on","_et_pb_old_content":"","_et_gb_content_width":"","footnotes":""},"class_list":["post-219722","page","type-page","status-publish","hentry"],"yoast_head":"<!-- This site is optimized with the Yoast SEO plugin v22.6 - https:\/\/yoast.com\/wordpress\/plugins\/seo\/ -->\n<title>Achat et Vente de jet priv\u00e9 - WindyJets<\/title>\n<meta name=\"description\" content=\"Devenez propri\u00e9taire d&#039;un jet priv\u00e9. D\u00e9couvrez les mod\u00e8les d&#039;avions priv\u00e9s \u00e0 vendre et choisissez la meilleure option.\" \/>\n<meta name=\"robots\" content=\"index, follow, max-snippet:-1, max-image-preview:large, max-video-preview:-1\" \/>\n<link rel=\"canonical\" href=\"https:\/\/windyjets.com\/fr\/achat-vente-jet-prive\/\" \/>\n<meta property=\"og:locale\" content=\"fr_FR\" \/>\n<meta property=\"og:type\" content=\"article\" \/>\n<meta property=\"og:title\" content=\"Achat et Vente de jet priv\u00e9 - WindyJets\" \/>\n<meta property=\"og:description\" content=\"Devenez propri\u00e9taire d&#039;un jet priv\u00e9. D\u00e9couvrez les mod\u00e8les d&#039;avions priv\u00e9s \u00e0 vendre et choisissez la meilleure option.\" \/>\n<meta property=\"og:url\" content=\"https:\/\/windyjets.com\/fr\/achat-vente-jet-prive\/\" \/>\n<meta property=\"og:site_name\" content=\"WindyJets\" \/>\n<meta property=\"article:modified_time\" content=\"2023-07-12T08:23:04+00:00\" \/>\n<meta name=\"twitter:card\" content=\"summary_large_image\" \/>\n<meta name=\"twitter:label1\" content=\"Dur\u00e9e de lecture estim\u00e9e\" \/>\n\t<meta name=\"twitter:data1\" content=\"7 minutes\" \/>\n<script type=\"application\/ld+json\" class=\"yoast-schema-graph\">{\"@context\":\"https:\/\/schema.org\",\"@graph\":[{\"@type\":\"WebPage\",\"@id\":\"https:\/\/windyjets.com\/fr\/achat-vente-jet-prive\/\",\"url\":\"https:\/\/windyjets.com\/fr\/achat-vente-jet-prive\/\",\"name\":\"Achat et Vente de jet priv\u00e9 - WindyJets\",\"isPartOf\":{\"@id\":\"https:\/\/windyjets.com\/fr\/#website\"},\"datePublished\":\"2023-05-06T16:19:42+00:00\",\"dateModified\":\"2023-07-12T08:23:04+00:00\",\"description\":\"Devenez propri\u00e9taire d'un jet priv\u00e9. D\u00e9couvrez les mod\u00e8les d'avions priv\u00e9s \u00e0 vendre et choisissez la meilleure option.\",\"breadcrumb\":{\"@id\":\"https:\/\/windyjets.com\/fr\/achat-vente-jet-prive\/#breadcrumb\"},\"inLanguage\":\"fr-FR\",\"potentialAction\":[{\"@type\":\"ReadAction\",\"target\":[\"https:\/\/windyjets.com\/fr\/achat-vente-jet-prive\/\"]}]},{\"@type\":\"BreadcrumbList\",\"@id\":\"https:\/\/windyjets.com\/fr\/achat-vente-jet-prive\/#breadcrumb\",\"itemListElement\":[{\"@type\":\"ListItem\",\"position\":1,\"name\":\"Portada\",\"item\":\"https:\/\/windyjets.com\/fr\/location-de-jet-prive\/\"},{\"@type\":\"ListItem\",\"position\":2,\"name\":\"Achat jets priv\u00e9s\"}]},{\"@type\":\"WebSite\",\"@id\":\"https:\/\/windyjets.com\/fr\/#website\",\"url\":\"https:\/\/windyjets.com\/fr\/\",\"name\":\"WindyJets\",\"description\":\"Alquiler Jets Privados\",\"publisher\":{\"@id\":\"https:\/\/windyjets.com\/fr\/#organization\"},\"alternateName\":\"Windy Jets\",\"potentialAction\":[{\"@type\":\"SearchAction\",\"target\":{\"@type\":\"EntryPoint\",\"urlTemplate\":\"https:\/\/windyjets.com\/fr\/?s={search_term_string}\"},\"query-input\":\"required name=search_term_string\"}],\"inLanguage\":\"fr-FR\"},{\"@type\":\"Organization\",\"@id\":\"https:\/\/windyjets.com\/fr\/#organization\",\"name\":\"WindyJets\",\"alternateName\":\"Windy Jets\",\"url\":\"https:\/\/windyjets.com\/fr\/\",\"logo\":{\"@type\":\"ImageObject\",\"inLanguage\":\"fr-FR\",\"@id\":\"https:\/\/windyjets.com\/fr\/#\/schema\/logo\/image\/\",\"url\":\"https:\/\/windyjets.com\/wp-content\/uploads\/2023\/05\/logo-windyjets.png\",\"contentUrl\":\"https:\/\/windyjets.com\/wp-content\/uploads\/2023\/05\/logo-windyjets.png\",\"width\":1400,\"height\":250,\"caption\":\"WindyJets\"},\"image\":{\"@id\":\"https:\/\/windyjets.com\/fr\/#\/schema\/logo\/image\/\"}}]}<\/script>\n<!-- \/ Yoast SEO plugin. -->","yoast_head_json":{"title":"Achat et Vente de jet priv\u00e9 - WindyJets","description":"Devenez propri\u00e9taire d'un jet priv\u00e9. D\u00e9couvrez les mod\u00e8les d'avions priv\u00e9s \u00e0 vendre et choisissez la meilleure option.","robots":{"index":"index","follow":"follow","max-snippet":"max-snippet:-1","max-image-preview":"max-image-preview:large","max-video-preview":"max-video-preview:-1"},"canonical":"https:\/\/windyjets.com\/fr\/achat-vente-jet-prive\/","og_locale":"fr_FR","og_type":"article","og_title":"Achat et Vente de jet priv\u00e9 - WindyJets","og_description":"Devenez propri\u00e9taire d'un jet priv\u00e9. D\u00e9couvrez les mod\u00e8les d'avions priv\u00e9s \u00e0 vendre et choisissez la meilleure option.","og_url":"https:\/\/windyjets.com\/fr\/achat-vente-jet-prive\/","og_site_name":"WindyJets","article_modified_time":"2023-07-12T08:23:04+00:00","twitter_card":"summary_large_image","twitter_misc":{"Dur\u00e9e de lecture estim\u00e9e":"7 minutes"},"schema":{"@context":"https:\/\/schema.org","@graph":[{"@type":"WebPage","@id":"https:\/\/windyjets.com\/fr\/achat-vente-jet-prive\/","url":"https:\/\/windyjets.com\/fr\/achat-vente-jet-prive\/","name":"Achat et Vente de jet priv\u00e9 - WindyJets","isPartOf":{"@id":"https:\/\/windyjets.com\/fr\/#website"},"datePublished":"2023-05-06T16:19:42+00:00","dateModified":"2023-07-12T08:23:04+00:00","description":"Devenez propri\u00e9taire d'un jet priv\u00e9. D\u00e9couvrez les mod\u00e8les d'avions priv\u00e9s \u00e0 vendre et choisissez la meilleure option.","breadcrumb":{"@id":"https:\/\/windyjets.com\/fr\/achat-vente-jet-prive\/#breadcrumb"},"inLanguage":"fr-FR","potentialAction":[{"@type":"ReadAction","target":["https:\/\/windyjets.com\/fr\/achat-vente-jet-prive\/"]}]},{"@type":"BreadcrumbList","@id":"https:\/\/windyjets.com\/fr\/achat-vente-jet-prive\/#breadcrumb","itemListElement":[{"@type":"ListItem","position":1,"name":"Portada","item":"https:\/\/windyjets.com\/fr\/location-de-jet-prive\/"},{"@type":"ListItem","position":2,"name":"Achat jets priv\u00e9s"}]},{"@type":"WebSite","@id":"https:\/\/windyjets.com\/fr\/#website","url":"https:\/\/windyjets.com\/fr\/","name":"WindyJets","description":"Alquiler Jets Privados","publisher":{"@id":"https:\/\/windyjets.com\/fr\/#organization"},"alternateName":"Windy Jets","potentialAction":[{"@type":"SearchAction","target":{"@type":"EntryPoint","urlTemplate":"https:\/\/windyjets.com\/fr\/?s={search_term_string}"},"query-input":"required name=search_term_string"}],"inLanguage":"fr-FR"},{"@type":"Organization","@id":"https:\/\/windyjets.com\/fr\/#organization","name":"WindyJets","alternateName":"Windy Jets","url":"https:\/\/windyjets.com\/fr\/","logo":{"@type":"ImageObject","inLanguage":"fr-FR","@id":"https:\/\/windyjets.com\/fr\/#\/schema\/logo\/image\/","url":"https:\/\/windyjets.com\/wp-content\/uploads\/2023\/05\/logo-windyjets.png","contentUrl":"https:\/\/windyjets.com\/wp-content\/uploads\/2023\/05\/logo-windyjets.png","width":1400,"height":250,"caption":"WindyJets"},"image":{"@id":"https:\/\/windyjets.com\/fr\/#\/schema\/logo\/image\/"}}]}},"_links":{"self":[{"href":"https:\/\/windyjets.com\/fr\/wp-json\/wp\/v2\/pages\/219722","targetHints":{"allow":["GET"]}}],"collection":[{"href":"https:\/\/windyjets.com\/fr\/wp-json\/wp\/v2\/pages"}],"about":[{"href":"https:\/\/windyjets.com\/fr\/wp-json\/wp\/v2\/types\/page"}],"author":[{"embeddable":true,"href":"https:\/\/windyjets.com\/fr\/wp-json\/wp\/v2\/users\/2"}],"replies":[{"embeddable":true,"href":"https:\/\/windyjets.com\/fr\/wp-json\/wp\/v2\/comments?post=219722"}],"version-history":[{"count":12,"href":"https:\/\/windyjets.com\/fr\/wp-json\/wp\/v2\/pages\/219722\/revisions"}],"predecessor-version":[{"id":225277,"href":"https:\/\/windyjets.com\/fr\/wp-json\/wp\/v2\/pages\/219722\/revisions\/225277"}],"wp:attachment":[{"href":"https:\/\/windyjets.com\/fr\/wp-json\/wp\/v2\/media?parent=219722"}],"curies":[{"name":"wp","href":"https:\/\/api.w.org\/{rel}","templated":true}]}}