{"id":223351,"date":"2023-05-18T07:45:10","date_gmt":"2023-05-18T07:45:10","guid":{"rendered":"https:\/\/windyjets.com\/politique-de-confidentialite\/"},"modified":"2023-06-24T10:03:58","modified_gmt":"2023-06-24T10:03:58","slug":"politique-de-confidentialite","status":"publish","type":"page","link":"https:\/\/windyjets.com\/fr\/politique-de-confidentialite\/","title":{"rendered":"Politique de confidentialit\u00e9"},"content":{"rendered":"<p>[et_pb_section fb_built=\u00a0\u00bb1&Prime; _builder_version=\u00a0\u00bb4.21.0&Prime; _module_preset=\u00a0\u00bbdefault\u00a0\u00bb global_colors_info=\u00a0\u00bb{}\u00a0\u00bb][et_pb_row _builder_version=\u00a0\u00bb4.21.0&Prime; _module_preset=\u00a0\u00bbdefault\u00a0\u00bb global_colors_info=\u00a0\u00bb{}\u00a0\u00bb][et_pb_column type=\u00a0\u00bb4_4&Prime; _builder_version=\u00a0\u00bb4.21.0&Prime; _module_preset=\u00a0\u00bbdefault\u00a0\u00bb global_colors_info=\u00a0\u00bb{}\u00a0\u00bb][et_pb_text _builder_version=\u00a0\u00bb4.21.0&Prime; _module_preset=\u00a0\u00bbdefault\u00a0\u00bb global_colors_info=\u00a0\u00bb{}\u00a0\u00bb]<\/p>\n<h2>Politique de confidentialit\u00e9<\/h2>\n<p>[\/et_pb_text][et_pb_text _builder_version=\u00a0\u00bb4.21.0&Prime; _module_preset=\u00a0\u00bbdefault\u00a0\u00bb text_font=\u00a0\u00bb||||||||\u00a0\u00bb text_font_size=\u00a0\u00bb16px\u00a0\u00bb global_colors_info=\u00a0\u00bb{}\u00a0\u00bb]<\/p>\n<p style=\"text-align: left;\">WINDYJETS, en application de la r\u00e9glementation en vigueur sur la protection des donn\u00e9es personnelles, informe que les donn\u00e9es personnelles collect\u00e9es par le biais de formulaires papier ou support informatique sont int\u00e9gr\u00e9es dans les fichiers automatis\u00e9s sp\u00e9cifiques des utilisateurs des services WINDYJETS. .<\/p>\n<p style=\"text-align: left;\">La collecte et le traitement automatis\u00e9 des donn\u00e9es personnelles ont pour finalit\u00e9 le maintien de la relation commerciale et la r\u00e9alisation des missions d&rsquo;information, de formation, de conseil et autres activit\u00e9s de WINDYJETS.<\/p>\n<p style=\"text-align: left;\">Ces donn\u00e9es ne seront transf\u00e9r\u00e9es \u00e0 aucune entit\u00e9 ext\u00e9rieure \u00e0 WINDYJETS \u00e0 la seule exception d&rsquo;obligation ou de mandat l\u00e9gal.<\/p>\n<p style=\"text-align: left;\">WINDYJETS adopta las medidas necesarias para garantizar la seguridad, integridad y confidencialidad de los datos conforme a lo dispuesto en el Reglamento (UE) 2016\/679 del Parlamento Europeo y del Consejo, de 27 de abril de 2016, relativo a la protecci\u00f3n de las personas f\u00edsicas en lo que respecta al tratamiento de datos personales y a la libre circulaci\u00f3n de los mismos.<\/p>\n<p style=\"text-align: left;\">L&rsquo;utilisateur peut \u00e0 tout moment exercer les droits d&rsquo;acc\u00e8s, d&rsquo;opposition, de rectification et d&rsquo;annulation reconnus dans le r\u00e8glement (UE) susmentionn\u00e9. L&rsquo;exercice de ces droits peut \u00eatre fait par l&rsquo;utilisateur lui-m\u00eame par e-mail \u00e0 : Info@windyjets.com <\/p>\n<p style=\"text-align: left;\">L&rsquo;utilisateur d\u00e9clare que toutes les informations fournies par lui sont vraies et correctes, et s&rsquo;engage \u00e0 les tenir \u00e0 jour, en communiquant les modifications \u00e0 WINDYJETS.<\/p>\n<p style=\"text-align: left;\"><strong>Finalit\u00e9 du traitement des donn\u00e9es personnelles :<\/strong><\/p>\n<p style=\"text-align: left;\">Dans quel but traiterons-nous vos donn\u00e9es personnelles ?<br \/>1. En cas de sous-traitance, les services propos\u00e9s pour maintenir la relation contractuelle, ainsi que la gestion, l&rsquo;administration, l&rsquo;information, la fourniture et l&rsquo;am\u00e9lioration du service.<\/p>\n<p style=\"text-align: left;\">2. Envoi des informations demand\u00e9es via les formulaires fournis sur le support num\u00e9rique ou physique.<\/p>\n<p style=\"text-align: left;\">3. Envoyer des bulletins (newsletters), ainsi que des communications commerciales de promotions et\/ou publicit\u00e9s de notre entit\u00e9 et\/ou du secteur. Dans ce cas, il existe une case distincte dans les formulaires et contrats \u00e0 remplir volontairement par l&rsquo;utilisateur pour recevoir lesdites informations. <br \/>Nous vous rappelons que vous pouvez vous opposer \u00e0 l&rsquo;envoi de communications commerciales par tout moyen et \u00e0 tout moment, en envoyant un courrier \u00e9lectronique \u00e0 l&rsquo;adresse indiqu\u00e9e ci-dessus.<\/p>\n<p style=\"text-align: left;\"><strong>Combien de temps les donn\u00e9es personnelles collect\u00e9es sont-elles conserv\u00e9es ?<\/strong><br \/>Les donn\u00e9es personnelles fournies seront conserv\u00e9es tant que la relation commerciale est maintenue et que sa suppression n&rsquo;est pas demand\u00e9e. Par la suite, elles seront conserv\u00e9es pendant les dur\u00e9es l\u00e9galement requises (sauf, dans les deux cas, que le traitement est fond\u00e9 sur le consentement de l&rsquo;Utilisateur et que ce dernier le r\u00e9voque, auquel cas elles seront conserv\u00e9es jusqu&rsquo;\u00e0 r\u00e9ception de cette r\u00e9vocation). <br \/>Par cons\u00e9quent, nous pouvons garantir que vos donn\u00e9es ne seront pas conserv\u00e9es plus longtemps que n\u00e9cessaire aux fins d\u00e9crites ci-dessus, sans pr\u00e9judice de la conservation n\u00e9cessaire \u00e0 la formulation, l&rsquo;exercice ou la d\u00e9fense d&rsquo;\u00e9ventuelles r\u00e9clamations et\/ou chaque fois que la loi le permet. .<\/p>\n<p style=\"text-align: left;\"><strong>L\u00e9gitimation<\/strong><br \/>Le traitement de vos donn\u00e9es est effectu\u00e9 avec les bases l\u00e9gales suivantes qui le l\u00e9gitiment :<\/p>\n<p style=\"text-align: left;\">1. La demande d&rsquo;informations et\/ou la souscription des services WINDYJETS, dont les termes et conditions seront mis \u00e0 votre disposition dans tous les cas avant une \u00e9ventuelle souscription.<\/p>\n<p style=\"text-align: left;\">2. Consentement libre, sp\u00e9cifique, \u00e9clair\u00e9 et sans \u00e9quivoque, \u00e0 condition que nous vous informions en mettant \u00e0 votre disposition cette politique de confidentialit\u00e9, qu&rsquo;apr\u00e8s l&rsquo;avoir lue, si vous \u00eates d&rsquo;accord, vous pouvez accepter au moyen d&rsquo;une d\u00e9claration ou d&rsquo;une action claire affirmative, telle que de cocher une case pr\u00e9vue \u00e0 cet effet.<\/p>\n<p style=\"text-align: left;\">Dans le cas o\u00f9 vous ne nous fournissez pas vos donn\u00e9es ou le faites de mani\u00e8re erron\u00e9e ou incompl\u00e8te, nous ne serons pas en mesure de r\u00e9pondre \u00e0 votre demande, ce qui rend totalement impossible de vous fournir les informations demand\u00e9es ou de proc\u00e9der \u00e0 la sous-traitance de prestations de service.<\/p>\n<p style=\"text-align: left;\"><strong>Destinataires<\/strong><br \/>Les donn\u00e9es ne seront communiqu\u00e9es \u00e0 aucun tiers en dehors de WINDYJETS, sauf obligation l\u00e9gale.<br \/>Une fourniture optimale du service propos\u00e9 par WINDYJETS peut n\u00e9cessiter que d&rsquo;autres tiers WINDYJETS acc\u00e8dent aux donn\u00e9es personnelles de l&rsquo;Utilisateur en tant que sous-traitants.<\/p>\n<p style=\"text-align: left;\">En plus de ce qui pr\u00e9c\u00e8de, WINDYJETS. peut effectuer des transferts ou des communications de donn\u00e9es personnelles pour remplir ses obligations envers les administrations publiques dans les cas requis conform\u00e9ment \u00e0 la l\u00e9gislation en vigueur \u00e0 tout moment et, le cas \u00e9ch\u00e9ant, \u00e9galement \u00e0 d&rsquo;autres organismes tels que les forces et organismes de s\u00e9curit\u00e9 de l&rsquo;\u00c9tat et \u00e0 les organes judiciaires. <\/p>\n<p style=\"text-align: left;\"><strong>Droits de l&rsquo;utilisateur<\/strong><br \/>WINDYJETS informe l&rsquo;Utilisateur de la possibilit\u00e9 qui lui est offerte d&rsquo;exercer les droits d&rsquo;acc\u00e8s, de rectification, d&rsquo;opposition, de suppression, de portabilit\u00e9 et de limitation de traitement ainsi que de s&rsquo;opposer au traitement automatis\u00e9 des donn\u00e9es personnelles collect\u00e9es par WINDYJETS<\/p>\n<p style=\"text-align: left;\">En plus des droits pr\u00e9c\u00e9dents, l&rsquo;Utilisateur aura le droit de retirer le consentement accord\u00e9 \u00e0 tout moment par la proc\u00e9dure d\u00e9crite ci-dessus, sans que ce retrait de consentement n&rsquo;affecte la l\u00e9galit\u00e9 du traitement avant son retrait. WINDYJETS. peut continuer \u00e0 traiter les donn\u00e9es de l&rsquo;utilisateur dans la mesure permise par la loi applicable.  <\/p>\n<p style=\"text-align: left;\">WINDYJETS rappelle \u00e0 l&rsquo;Utilisateur qu&rsquo;il dispose du droit d&rsquo;introduire une r\u00e9clamation aupr\u00e8s de l&rsquo;autorit\u00e9 de contr\u00f4le comp\u00e9tente.<\/p>\n<p style=\"text-align: left;\"><strong>Mesures de s\u00e9curit\u00e9 mises en place<\/strong><br \/>WINDYJETS s&rsquo;engage \u00e0 respecter son obligation de confidentialit\u00e9 des donn\u00e9es personnelles et son devoir de conservation, et adoptera les mesures n\u00e9cessaires pour emp\u00eacher leur alt\u00e9ration, perte, traitement ou acc\u00e8s non autoris\u00e9, conform\u00e9ment aux dispositions de la r\u00e9glementation applicable.<\/p>\n<p style=\"text-align: left;\">WINDYJETS a mis en place les mesures de s\u00e9curit\u00e9 techniques et organisationnelles n\u00e9cessaires pour garantir la s\u00e9curit\u00e9 de vos donn\u00e9es personnelles et emp\u00eacher leur alt\u00e9ration, perte et traitement et\/ou acc\u00e8s non autoris\u00e9, compte tenu de l&rsquo;\u00e9tat de la technologie, de la nature des donn\u00e9es stock\u00e9es et des risques pour auxquelles ils sont expos\u00e9s, qu&rsquo;ils proviennent de l&rsquo;action humaine ou de l&rsquo;environnement physique ou naturel, conform\u00e9ment aux dispositions de la r\u00e9glementation applicable.<\/p>\n<p style=\"text-align: left;\">WINDYJETS, une entit\u00e9 soucieuse de la vie priv\u00e9e, afin de renforcer la confidentialit\u00e9 et l&rsquo;int\u00e9grit\u00e9 des informations dans son organisation, maintient en permanence la supervision, le contr\u00f4le et l&rsquo;\u00e9valuation de ses processus pour assurer le respect de la confidentialit\u00e9 et de la s\u00e9curit\u00e9 des informations, selon les normes internationales. .<\/p>\n<p style=\"text-align: left;\"><strong>Protection des informations h\u00e9berg\u00e9es<\/strong><br \/>WINDYJETS effectue des copies de sauvegarde des contenus h\u00e9berg\u00e9s sur ses serveurs, cependant il n&rsquo;est pas responsable de la perte ou de la suppression accidentelle de donn\u00e9es par les utilisateurs. De la m\u00eame mani\u00e8re, il ne garantit pas le remplacement total des donn\u00e9es supprim\u00e9es par les utilisateurs, puisque lesdites donn\u00e9es pourraient avoir \u00e9t\u00e9 supprim\u00e9es et\/ou modifi\u00e9es pendant le laps de temps \u00e9coul\u00e9 depuis la derni\u00e8re copie de sauvegarde. <\/p>\n<p style=\"text-align: left;\">Les services propos\u00e9s, \u00e0 l&rsquo;exception de ceux sp\u00e9cifiques \u00e0 la sauvegarde, n&rsquo;incluent pas le remplacement du contenu stock\u00e9 dans les copies de sauvegarde r\u00e9alis\u00e9es par WINDYJETS, lorsque cette perte est imputable \u00e0 l&rsquo;utilisateur ; dans ce cas, un tarif sera d\u00e9termin\u00e9 en fonction de la complexit\u00e9 et du volume de la reprise, toujours avec l&rsquo;acceptation pr\u00e9alable de l&rsquo;utilisateur.<\/p>\n<p style=\"text-align: left;\">Le remplacement des donn\u00e9es supprim\u00e9es n&rsquo;est inclus dans le prix de la prestation que lorsque la perte du contenu est due \u00e0 des causes imputables \u00e0 WINDYJETS.<\/p>\n<p style=\"text-align: left;\"><strong>Communication commerciale<\/strong><br \/>En application de la LSSI. WINDYJETS n&rsquo;enverra pas de communications publicitaires ou promotionnelles par courrier \u00e9lectronique ou tout autre moyen de communication \u00e9lectronique \u00e9quivalent qui n&rsquo;auront pas \u00e9t\u00e9 pr\u00e9alablement demand\u00e9es ou express\u00e9ment autoris\u00e9es par les destinataires de celles-ci. <\/p>\n<p style=\"text-align: left;\">Dans le cas d&rsquo;utilisateurs avec lesquels il existe une relation contractuelle pr\u00e9alable, WINDYJETS sera autoris\u00e9 \u00e0 envoyer des communications commerciales concernant des produits ou services similaires \u00e0 ceux initialement contract\u00e9s avec le client.<\/p>\n<p style=\"text-align: left;\">Dans tous les cas, l&rsquo;utilisateur, apr\u00e8s avoir justifi\u00e9 de son identit\u00e9, pourra demander qu&rsquo;aucune information commerciale ne lui soit transmise par les canaux indiqu\u00e9s ci-dessus.<\/p>\n<p>[\/et_pb_text][\/et_pb_column][\/et_pb_row][\/et_pb_section]<\/p>\n","protected":false},"excerpt":{"rendered":"<p>Politique de confidentialit\u00e9WINDYJETS, en application de la r\u00e9glementation en vigueur sur la protection des donn\u00e9es personnelles, informe que les donn\u00e9es personnelles collect\u00e9es par le biais de formulaires papier ou support informatique sont int\u00e9gr\u00e9es dans les fichiers automatis\u00e9s sp\u00e9cifiques des utilisateurs des services WINDYJETS. . La collecte et le traitement automatis\u00e9 des donn\u00e9es personnelles ont pour [&hellip;]<\/p>\n","protected":false},"author":2,"featured_media":0,"parent":0,"menu_order":0,"comment_status":"closed","ping_status":"closed","template":"","meta":{"_et_pb_use_builder":"on","_et_pb_old_content":"","_et_gb_content_width":"","footnotes":""},"class_list":["post-223351","page","type-page","status-publish","hentry"],"yoast_head":"<!-- This site is optimized with the Yoast SEO plugin v22.6 - https:\/\/yoast.com\/wordpress\/plugins\/seo\/ -->\n<title>Politique de confidentialit\u00e9 - WindyJets<\/title>\n<meta name=\"robots\" content=\"noindex, nofollow\" \/>\n<meta property=\"og:locale\" content=\"fr_FR\" \/>\n<meta property=\"og:type\" content=\"article\" \/>\n<meta property=\"og:title\" content=\"Politique de confidentialit\u00e9 - WindyJets\" \/>\n<meta property=\"og:description\" content=\"Politique de confidentialit\u00e9WINDYJETS, en application de la r\u00e9glementation en vigueur sur la protection des donn\u00e9es personnelles, informe que les donn\u00e9es personnelles collect\u00e9es par le biais de formulaires papier ou support informatique sont int\u00e9gr\u00e9es dans les fichiers automatis\u00e9s sp\u00e9cifiques des utilisateurs des services WINDYJETS. . La collecte et le traitement automatis\u00e9 des donn\u00e9es personnelles ont pour [&hellip;]\" \/>\n<meta property=\"og:url\" content=\"https:\/\/windyjets.com\/fr\/politique-de-confidentialite\/\" \/>\n<meta property=\"og:site_name\" content=\"WindyJets\" \/>\n<meta property=\"article:modified_time\" content=\"2023-06-24T10:03:58+00:00\" \/>\n<meta name=\"twitter:card\" content=\"summary_large_image\" \/>\n<meta name=\"twitter:label1\" content=\"Dur\u00e9e de lecture estim\u00e9e\" \/>\n\t<meta name=\"twitter:data1\" content=\"7 minutes\" \/>\n<script type=\"application\/ld+json\" class=\"yoast-schema-graph\">{\"@context\":\"https:\/\/schema.org\",\"@graph\":[{\"@type\":\"WebPage\",\"@id\":\"https:\/\/windyjets.com\/fr\/politique-de-confidentialite\/\",\"url\":\"https:\/\/windyjets.com\/fr\/politique-de-confidentialite\/\",\"name\":\"Politique de confidentialit\u00e9 - WindyJets\",\"isPartOf\":{\"@id\":\"https:\/\/windyjets.com\/fr\/#website\"},\"datePublished\":\"2023-05-18T07:45:10+00:00\",\"dateModified\":\"2023-06-24T10:03:58+00:00\",\"breadcrumb\":{\"@id\":\"https:\/\/windyjets.com\/fr\/politique-de-confidentialite\/#breadcrumb\"},\"inLanguage\":\"fr-FR\",\"potentialAction\":[{\"@type\":\"ReadAction\",\"target\":[\"https:\/\/windyjets.com\/fr\/politique-de-confidentialite\/\"]}]},{\"@type\":\"BreadcrumbList\",\"@id\":\"https:\/\/windyjets.com\/fr\/politique-de-confidentialite\/#breadcrumb\",\"itemListElement\":[{\"@type\":\"ListItem\",\"position\":1,\"name\":\"Portada\",\"item\":\"https:\/\/windyjets.com\/fr\/location-de-jet-prive\/\"},{\"@type\":\"ListItem\",\"position\":2,\"name\":\"Politique de confidentialit\u00e9\"}]},{\"@type\":\"WebSite\",\"@id\":\"https:\/\/windyjets.com\/fr\/#website\",\"url\":\"https:\/\/windyjets.com\/fr\/\",\"name\":\"WindyJets\",\"description\":\"Alquiler Jets Privados\",\"publisher\":{\"@id\":\"https:\/\/windyjets.com\/fr\/#organization\"},\"alternateName\":\"Windy Jets\",\"potentialAction\":[{\"@type\":\"SearchAction\",\"target\":{\"@type\":\"EntryPoint\",\"urlTemplate\":\"https:\/\/windyjets.com\/fr\/?s={search_term_string}\"},\"query-input\":\"required name=search_term_string\"}],\"inLanguage\":\"fr-FR\"},{\"@type\":\"Organization\",\"@id\":\"https:\/\/windyjets.com\/fr\/#organization\",\"name\":\"WindyJets\",\"alternateName\":\"Windy Jets\",\"url\":\"https:\/\/windyjets.com\/fr\/\",\"logo\":{\"@type\":\"ImageObject\",\"inLanguage\":\"fr-FR\",\"@id\":\"https:\/\/windyjets.com\/fr\/#\/schema\/logo\/image\/\",\"url\":\"https:\/\/windyjets.com\/wp-content\/uploads\/2023\/05\/logo-windyjets.png\",\"contentUrl\":\"https:\/\/windyjets.com\/wp-content\/uploads\/2023\/05\/logo-windyjets.png\",\"width\":1400,\"height\":250,\"caption\":\"WindyJets\"},\"image\":{\"@id\":\"https:\/\/windyjets.com\/fr\/#\/schema\/logo\/image\/\"}}]}<\/script>\n<!-- \/ Yoast SEO plugin. -->","yoast_head_json":{"title":"Politique de confidentialit\u00e9 - WindyJets","robots":{"index":"noindex","follow":"nofollow"},"og_locale":"fr_FR","og_type":"article","og_title":"Politique de confidentialit\u00e9 - WindyJets","og_description":"Politique de confidentialit\u00e9WINDYJETS, en application de la r\u00e9glementation en vigueur sur la protection des donn\u00e9es personnelles, informe que les donn\u00e9es personnelles collect\u00e9es par le biais de formulaires papier ou support informatique sont int\u00e9gr\u00e9es dans les fichiers automatis\u00e9s sp\u00e9cifiques des utilisateurs des services WINDYJETS. . La collecte et le traitement automatis\u00e9 des donn\u00e9es personnelles ont pour [&hellip;]","og_url":"https:\/\/windyjets.com\/fr\/politique-de-confidentialite\/","og_site_name":"WindyJets","article_modified_time":"2023-06-24T10:03:58+00:00","twitter_card":"summary_large_image","twitter_misc":{"Dur\u00e9e de lecture estim\u00e9e":"7 minutes"},"schema":{"@context":"https:\/\/schema.org","@graph":[{"@type":"WebPage","@id":"https:\/\/windyjets.com\/fr\/politique-de-confidentialite\/","url":"https:\/\/windyjets.com\/fr\/politique-de-confidentialite\/","name":"Politique de confidentialit\u00e9 - WindyJets","isPartOf":{"@id":"https:\/\/windyjets.com\/fr\/#website"},"datePublished":"2023-05-18T07:45:10+00:00","dateModified":"2023-06-24T10:03:58+00:00","breadcrumb":{"@id":"https:\/\/windyjets.com\/fr\/politique-de-confidentialite\/#breadcrumb"},"inLanguage":"fr-FR","potentialAction":[{"@type":"ReadAction","target":["https:\/\/windyjets.com\/fr\/politique-de-confidentialite\/"]}]},{"@type":"BreadcrumbList","@id":"https:\/\/windyjets.com\/fr\/politique-de-confidentialite\/#breadcrumb","itemListElement":[{"@type":"ListItem","position":1,"name":"Portada","item":"https:\/\/windyjets.com\/fr\/location-de-jet-prive\/"},{"@type":"ListItem","position":2,"name":"Politique de confidentialit\u00e9"}]},{"@type":"WebSite","@id":"https:\/\/windyjets.com\/fr\/#website","url":"https:\/\/windyjets.com\/fr\/","name":"WindyJets","description":"Alquiler Jets Privados","publisher":{"@id":"https:\/\/windyjets.com\/fr\/#organization"},"alternateName":"Windy Jets","potentialAction":[{"@type":"SearchAction","target":{"@type":"EntryPoint","urlTemplate":"https:\/\/windyjets.com\/fr\/?s={search_term_string}"},"query-input":"required name=search_term_string"}],"inLanguage":"fr-FR"},{"@type":"Organization","@id":"https:\/\/windyjets.com\/fr\/#organization","name":"WindyJets","alternateName":"Windy Jets","url":"https:\/\/windyjets.com\/fr\/","logo":{"@type":"ImageObject","inLanguage":"fr-FR","@id":"https:\/\/windyjets.com\/fr\/#\/schema\/logo\/image\/","url":"https:\/\/windyjets.com\/wp-content\/uploads\/2023\/05\/logo-windyjets.png","contentUrl":"https:\/\/windyjets.com\/wp-content\/uploads\/2023\/05\/logo-windyjets.png","width":1400,"height":250,"caption":"WindyJets"},"image":{"@id":"https:\/\/windyjets.com\/fr\/#\/schema\/logo\/image\/"}}]}},"_links":{"self":[{"href":"https:\/\/windyjets.com\/fr\/wp-json\/wp\/v2\/pages\/223351","targetHints":{"allow":["GET"]}}],"collection":[{"href":"https:\/\/windyjets.com\/fr\/wp-json\/wp\/v2\/pages"}],"about":[{"href":"https:\/\/windyjets.com\/fr\/wp-json\/wp\/v2\/types\/page"}],"author":[{"embeddable":true,"href":"https:\/\/windyjets.com\/fr\/wp-json\/wp\/v2\/users\/2"}],"replies":[{"embeddable":true,"href":"https:\/\/windyjets.com\/fr\/wp-json\/wp\/v2\/comments?post=223351"}],"version-history":[{"count":10,"href":"https:\/\/windyjets.com\/fr\/wp-json\/wp\/v2\/pages\/223351\/revisions"}],"predecessor-version":[{"id":224806,"href":"https:\/\/windyjets.com\/fr\/wp-json\/wp\/v2\/pages\/223351\/revisions\/224806"}],"wp:attachment":[{"href":"https:\/\/windyjets.com\/fr\/wp-json\/wp\/v2\/media?parent=223351"}],"curies":[{"name":"wp","href":"https:\/\/api.w.org\/{rel}","templated":true}]}}