{"id":224766,"date":"2023-06-05T08:19:57","date_gmt":"2023-06-05T08:19:57","guid":{"rendered":"https:\/\/windyjets.com\/mentions-legales\/"},"modified":"2023-06-05T08:19:57","modified_gmt":"2023-06-05T08:19:57","slug":"mentions-legales","status":"publish","type":"page","link":"https:\/\/windyjets.com\/fr\/mentions-legales\/","title":{"rendered":"Mentions l\u00e9gales"},"content":{"rendered":"<p>WINDYJETS, responsable du site Web, ci-apr\u00e8s RESPONSABLE, met ce document \u00e0 la disposition des utilisateurs, avec lesquels il entend se conformer aux obligations \u00e9nonc\u00e9es dans la loi 34\/2002, du 11 juillet, sur les services de la soci\u00e9t\u00e9 de l&rsquo;information et du commerce \u00e9lectronique ( LSSICE), ainsi que d&rsquo;informer tous les utilisateurs du site Web sur les conditions d&rsquo;utilisation. Toute personne qui acc\u00e8de \u00e0 ce site Web assume le r\u00f4le d&rsquo;utilisateur, s&rsquo;engageant \u00e0 la stricte observation et au respect des dispositions qui y sont \u00e9nonc\u00e9es, ainsi que de toute autre disposition l\u00e9gale disposition \u00e9ventuellement applicable. WINDYJETS se r\u00e9serve le droit de modifier tout type d&rsquo;informations pouvant appara\u00eetre sur le site, sans aucune obligation de pr\u00e9avis ou d&rsquo;informer les utilisateurs de ces obligations, \u00e9tant entendu comme suffisant avec la publication sur le site de WINDYJETS.COM. 1. DONNEES D&rsquo;IDENTIFICATION Nom commercial : WINDYJETS Adresse : Barcelone e-mail : info@windyjets.com<\/p>\n<p>2. OBJET Par le biais du Site, nous offrons aux Utilisateurs la possibilit\u00e9 d&rsquo;acc\u00e9der \u00e0 des informations sur nos services.<\/p>\n<p>3. VIE PRIV\u00c9E ET TRAITEMENT DES DONN\u00c9ES Lorsqu&rsquo;il est n\u00e9cessaire de fournir des donn\u00e9es personnelles pour acc\u00e9der \u00e0 certains contenus ou services, les Utilisateurs garantiront leur v\u00e9racit\u00e9, leur exactitude, leur authenticit\u00e9 et leur validit\u00e9. La soci\u00e9t\u00e9 conf\u00e9rera \u00e0 ces donn\u00e9es le traitement automatis\u00e9 correspondant en fonction de leur nature ou de leur finalit\u00e9, dans les conditions indiqu\u00e9es dans la section Politique de confidentialit\u00e9. 4. PROPRIETE INDUSTRIELLE ET INTELLECTUELLE L&rsquo;Utilisateur reconna\u00eet et accepte que tous les contenus affich\u00e9s sur l&rsquo;Espace Web et, notamment, les dessins, textes, images, logos, ic\u00f4nes, boutons, logiciels, noms commerciaux, marques, ou tout autre signe susceptible de l&rsquo;utilisation industrielle et\/ou commerciale sont soumises aux droits de propri\u00e9t\u00e9 intellectuelle et \u00e0 toutes les marques, noms commerciaux ou signes distinctifs, \u00e0 tous les droits de propri\u00e9t\u00e9 industrielle et intellectuelle, sur le contenu et\/ou tout autre \u00e9l\u00e9ment ins\u00e9r\u00e9 dans la page, qui sont la propri\u00e9t\u00e9 exclusive de la soci\u00e9t\u00e9 et\/ou des tiers, qui ont le droit exclusif de les utiliser en trafic \u00e9conomique. Pour toutes ces raisons, l&rsquo;Utilisateur s&rsquo;engage \u00e0 ne pas reproduire, copier, distribuer, mettre \u00e0 disposition ou de toute autre mani\u00e8re communiquer publiquement, transformer ou modifier ce contenu, en exon\u00e9rant la soci\u00e9t\u00e9 de toute r\u00e9clamation d\u00e9coulant du non-respect de ces obligations. L&rsquo;acc\u00e8s \u00e0 l&rsquo;Espace Web n&rsquo;implique en aucun cas un quelconque type de renonciation, transmission, licence ou cession totale ou partielle desdits droits, sauf mention expresse contraire. Les pr\u00e9sentes Conditions G\u00e9n\u00e9rales d&rsquo;Utilisation de l&rsquo;Espace Web n&rsquo;accordent aux Utilisateurs aucun autre droit d&rsquo;utilisation, de modification, d&rsquo;exploitation, de reproduction, de distribution ou de communication publique de l&rsquo;Espace Web et\/ou de son Contenu autres que ceux express\u00e9ment pr\u00e9vus aux pr\u00e9sentes. Toute autre utilisation ou exploitation de tous droits sera soumise \u00e0 l&rsquo;autorisation pr\u00e9alable et expresse sp\u00e9cifiquement accord\u00e9e \u00e0 cet effet par la soci\u00e9t\u00e9 ou le tiers titulaire des droits concern\u00e9s. Les contenus, textes, photographies, dessins, logos, images, programmes informatiques, codes sources et, en g\u00e9n\u00e9ral, toute cr\u00e9ation intellectuelle existante dans cet Espace, ainsi que l&rsquo;Espace lui-m\u00eame dans son ensemble, en tant qu&rsquo;\u0153uvre artistique multim\u00e9dia, sont prot\u00e9g\u00e9s en tant que droits d&rsquo;auteur par la loi sur le droit d&rsquo;auteur. La soci\u00e9t\u00e9 est propri\u00e9taire des \u00e9l\u00e9ments qui composent la conception graphique de l&rsquo;Espace Web, des menus, des boutons de navigation, du code HTML, des textes, images, textures, graphiques et de tout autre contenu de l&rsquo;Espace Web ou, en tout cas , dispose de l&rsquo;autorisation correspondante pour l&rsquo;utilisation desdits \u00e9l\u00e9ments. Le contenu fourni dans l&rsquo;Espace Web ne peut \u00eatre reproduit en tout ou en partie, ni transmis, ni enregistr\u00e9 par un syst\u00e8me de recherche d&rsquo;informations, sous quelque forme ou par quelque moyen que ce soit, sauf autorisation pr\u00e9alable, par \u00e9crit, de l&rsquo;Entit\u00e9 susmentionn\u00e9e. De m\u00eame, il est interdit de supprimer, contourner et\/ou manipuler le \u00ab\u00a0copyright\u00a0\u00bb ainsi que les dispositifs techniques de protection, ou tout m\u00e9canisme d&rsquo;information que les contenus peuvent contenir.<\/p>\n<p> L&rsquo;utilisateur de cet espace Web s&rsquo;engage \u00e0 respecter les droits \u00e9nonc\u00e9s et \u00e0 \u00e9viter toute action qui pourrait leur nuire, r\u00e9servant en tout cas \u00e0 la soci\u00e9t\u00e9 l&rsquo;exercice de tous les moyens ou actions en justice qui lui correspondent pour la d\u00e9fense de ses droits l\u00e9gitimes de propri\u00e9t\u00e9 intellectuelle et industrielle. . 5. RESPONSABILIT\u00c9S L&rsquo;acc\u00e8s continu n&rsquo;est pas garanti, ni la visualisation, le t\u00e9l\u00e9chargement ou l&rsquo;utilisation corrects des \u00e9l\u00e9ments et informations contenus sur le site qui peuvent \u00eatre emp\u00each\u00e9s, entrav\u00e9s ou interrompus par des facteurs ou des circonstances ind\u00e9pendants de sa volont\u00e9. Il n&rsquo;est pas responsable des d\u00e9cisions qui pourraient \u00eatre prises suite \u00e0 l&rsquo;acc\u00e8s au contenu ou aux informations propos\u00e9es. Le service pourra \u00eatre interrompu, ou la relation avec l&rsquo;Utilisateur r\u00e9sili\u00e9e imm\u00e9diatement, s&rsquo;il est constat\u00e9 qu&rsquo;une utilisation de son Espace Web, ou de l&rsquo;un des services qui y sont propos\u00e9s, est contraire aux pr\u00e9sentes Conditions G\u00e9n\u00e9rales d&rsquo;Utilisation. , pertes, pertes, r\u00e9clamations ou d\u00e9penses d\u00e9coulant de l&rsquo;utilisation de l&rsquo;Espace Web. La soci\u00e9t\u00e9 exclut toute responsabilit\u00e9 pour les dommages de toute nature qui pourraient \u00eatre dus \u00e0 la mauvaise utilisation des services librement disponibles et utilis\u00e9s par les Utilisateurs de l&rsquo;Espace Web. De m\u00eame, il est exon\u00e9r\u00e9 de toute responsabilit\u00e9 pour le contenu et les informations pouvant \u00eatre re\u00e7ues \u00e0 la suite des formulaires de collecte de donn\u00e9es, \u00e9tant les m\u00eames uniquement pour la fourniture de services de consultation et de doute. D&rsquo;autre part, en cas de dommages caus\u00e9s par une utilisation ill\u00e9gale ou incorrecte desdits services, l&rsquo;Utilisateur pourra \u00eatre r\u00e9clam\u00e9 pour les dommages ou pertes caus\u00e9s. Vous d\u00e9gagerez la soci\u00e9t\u00e9 de toute responsabilit\u00e9 contre tout dommage r\u00e9sultant de r\u00e9clamations, actions ou demandes de tiers \u00e0 la suite de votre acc\u00e8s ou de votre utilisation de l&rsquo;Espace Web. De m\u00eame, vous acceptez de vous indemniser contre tout dommage pouvant r\u00e9sulter de l&rsquo;utilisation par vous de \u00ab\u00a0robots\u00a0\u00bb, \u00ab\u00a0spiders\u00a0\u00bb, \u00ab\u00a0crawlers\u00a0\u00bb ou outils similaires utilis\u00e9s \u00e0 des fins de collecte ou d&rsquo;extraction de donn\u00e9es ou de toute autre action de votre part qui impose une charge d\u00e9raisonnable sur le fonctionnement de l&rsquo;Espace Web.<\/p>\n<p>6. LIENS HYPERTEXTES L&rsquo;Utilisateur s&rsquo;engage \u00e0 ne pas reproduire de quelque mani\u00e8re que ce soit, m\u00eame par le biais d&rsquo;un lien hypertexte ou d&rsquo;un lien hypertexte, l&rsquo;Espace Web, ainsi que l&rsquo;un quelconque de ses contenus, sauf autorisation expresse et \u00e9crite du responsable du fichier. L&rsquo;Espace Web peut inclure des liens vers d&rsquo;autres espaces Web, g\u00e9r\u00e9s par des tiers, afin de faciliter l&rsquo;acc\u00e8s de l&rsquo;Utilisateur aux informations des entreprises collaboratrices et\/ou sponsors. Conform\u00e9ment \u00e0 cela, la soci\u00e9t\u00e9 n&rsquo;est pas responsable du contenu desdits Espaces Web, ni en position de garant ou\/ou de partie offrant les services et\/ou informations qui peuvent \u00eatre propos\u00e9s \u00e0 des tiers par le biais de liens tiers. . 10. D\u00c9CLARATIONS ET GARANTIES En g\u00e9n\u00e9ral, les contenus et services propos\u00e9s dans l&rsquo;Espace Web sont purement informatifs. Par cons\u00e9quent, en les proposant, aucune garantie ou d\u00e9claration n&rsquo;est donn\u00e9e en ce qui concerne les contenus et services propos\u00e9s dans l&rsquo;Espace Web, y compris, sans s&rsquo;y limiter, les garanties de l\u00e9galit\u00e9, de fiabilit\u00e9, d&rsquo;utilit\u00e9, de v\u00e9racit\u00e9, d&rsquo;exactitude ou de qualit\u00e9 marchande, sauf dans le dans la mesure o\u00f9 ces d\u00e9clarations et garanties ne peuvent \u00eatre exclues par la loi. 11. FORCE MAJEURE L&rsquo;entreprise ne sera aucunement responsable en cas d&rsquo;impossibilit\u00e9 de fournir le service, si cela est d\u00fb \u00e0 des interruptions prolong\u00e9es de l&rsquo;alimentation \u00e9lectrique, des lignes de t\u00e9l\u00e9communications, des conflits sociaux, des gr\u00e8ves, des r\u00e9bellions, des explosions, des inondations, des actes et omissions de l&rsquo;Etat, et d&rsquo;une mani\u00e8re g\u00e9n\u00e9rale tous les cas de force majeure ou cas fortuit. 12. R\u00c8GLEMENT DES LITIGES. LOI APPLICABLE ET JURIDICTION Les pr\u00e9sentes Conditions G\u00e9n\u00e9rales d&rsquo;Utilisation, ainsi que l&rsquo;utilisation de l&rsquo;Espace Web, seront r\u00e9gies par la loi espagnole. Pour la r\u00e9solution de tout litige, les parties se soumettront aux Cours et Tribunaux du si\u00e8ge social du responsable du site. Dans l&rsquo;hypoth\u00e8se o\u00f9 l&rsquo;une quelconque des stipulations des pr\u00e9sentes Conditions G\u00e9n\u00e9rales d&rsquo;Utilisation serait inopposable ou nulle en vertu de la l\u00e9gislation applicable ou \u00e0 la suite d&rsquo;une r\u00e9solution judiciaire ou administrative, ladite inopposabilit\u00e9 ou nullit\u00e9 ne rendra pas les pr\u00e9sentes Conditions G\u00e9n\u00e9rales d&rsquo;Utilisation inopposables ou nulles en tant que ensemble. Dans de tels cas, la soci\u00e9t\u00e9 proc\u00e9dera \u00e0 la modification ou au remplacement de ladite stipulation par une autre valable et ex\u00e9cutoire et qui, dans la mesure du possible, atteint l&rsquo;objectif et la pr\u00e9tention refl\u00e9t\u00e9s dans la stipulation d&rsquo;origine.<\/p>\n","protected":false},"excerpt":{"rendered":"<p>WINDYJETS, responsable du site Web, ci-apr\u00e8s RESPONSABLE, met ce document \u00e0 la disposition des utilisateurs, avec lesquels il entend se conformer aux obligations \u00e9nonc\u00e9es dans la loi 34\/2002, du 11 juillet, sur les services de la soci\u00e9t\u00e9 de l&rsquo;information et du commerce \u00e9lectronique ( LSSICE), ainsi que d&rsquo;informer tous les utilisateurs du site Web sur [&hellip;]<\/p>\n","protected":false},"author":2,"featured_media":0,"parent":0,"menu_order":0,"comment_status":"closed","ping_status":"closed","template":"","meta":{"_et_pb_use_builder":"","_et_pb_old_content":"","_et_gb_content_width":"","footnotes":""},"class_list":["post-224766","page","type-page","status-publish","hentry"],"yoast_head":"<!-- This site is optimized with the Yoast SEO plugin v22.6 - https:\/\/yoast.com\/wordpress\/plugins\/seo\/ -->\n<title>Mentions l\u00e9gales - WindyJets<\/title>\n<meta name=\"robots\" content=\"noindex, nofollow\" \/>\n<meta property=\"og:locale\" content=\"fr_FR\" \/>\n<meta property=\"og:type\" content=\"article\" \/>\n<meta property=\"og:title\" content=\"Mentions l\u00e9gales - WindyJets\" \/>\n<meta property=\"og:description\" content=\"WINDYJETS, responsable du site Web, ci-apr\u00e8s RESPONSABLE, met ce document \u00e0 la disposition des utilisateurs, avec lesquels il entend se conformer aux obligations \u00e9nonc\u00e9es dans la loi 34\/2002, du 11 juillet, sur les services de la soci\u00e9t\u00e9 de l&rsquo;information et du commerce \u00e9lectronique ( LSSICE), ainsi que d&rsquo;informer tous les utilisateurs du site Web sur [&hellip;]\" \/>\n<meta property=\"og:url\" content=\"https:\/\/windyjets.com\/fr\/mentions-legales\/\" \/>\n<meta property=\"og:site_name\" content=\"WindyJets\" \/>\n<meta name=\"twitter:card\" content=\"summary_large_image\" \/>\n<meta name=\"twitter:label1\" content=\"Dur\u00e9e de lecture estim\u00e9e\" \/>\n\t<meta name=\"twitter:data1\" content=\"7 minutes\" \/>\n<script type=\"application\/ld+json\" class=\"yoast-schema-graph\">{\"@context\":\"https:\/\/schema.org\",\"@graph\":[{\"@type\":\"WebPage\",\"@id\":\"https:\/\/windyjets.com\/fr\/mentions-legales\/\",\"url\":\"https:\/\/windyjets.com\/fr\/mentions-legales\/\",\"name\":\"Mentions l\u00e9gales - WindyJets\",\"isPartOf\":{\"@id\":\"https:\/\/windyjets.com\/fr\/#website\"},\"datePublished\":\"2023-06-05T08:19:57+00:00\",\"dateModified\":\"2023-06-05T08:19:57+00:00\",\"breadcrumb\":{\"@id\":\"https:\/\/windyjets.com\/fr\/mentions-legales\/#breadcrumb\"},\"inLanguage\":\"fr-FR\",\"potentialAction\":[{\"@type\":\"ReadAction\",\"target\":[\"https:\/\/windyjets.com\/fr\/mentions-legales\/\"]}]},{\"@type\":\"BreadcrumbList\",\"@id\":\"https:\/\/windyjets.com\/fr\/mentions-legales\/#breadcrumb\",\"itemListElement\":[{\"@type\":\"ListItem\",\"position\":1,\"name\":\"Portada\",\"item\":\"https:\/\/windyjets.com\/fr\/location-de-jet-prive\/\"},{\"@type\":\"ListItem\",\"position\":2,\"name\":\"Mentions l\u00e9gales\"}]},{\"@type\":\"WebSite\",\"@id\":\"https:\/\/windyjets.com\/fr\/#website\",\"url\":\"https:\/\/windyjets.com\/fr\/\",\"name\":\"WindyJets\",\"description\":\"Alquiler Jets Privados\",\"publisher\":{\"@id\":\"https:\/\/windyjets.com\/fr\/#organization\"},\"alternateName\":\"Windy Jets\",\"potentialAction\":[{\"@type\":\"SearchAction\",\"target\":{\"@type\":\"EntryPoint\",\"urlTemplate\":\"https:\/\/windyjets.com\/fr\/?s={search_term_string}\"},\"query-input\":\"required name=search_term_string\"}],\"inLanguage\":\"fr-FR\"},{\"@type\":\"Organization\",\"@id\":\"https:\/\/windyjets.com\/fr\/#organization\",\"name\":\"WindyJets\",\"alternateName\":\"Windy Jets\",\"url\":\"https:\/\/windyjets.com\/fr\/\",\"logo\":{\"@type\":\"ImageObject\",\"inLanguage\":\"fr-FR\",\"@id\":\"https:\/\/windyjets.com\/fr\/#\/schema\/logo\/image\/\",\"url\":\"https:\/\/windyjets.com\/wp-content\/uploads\/2023\/05\/logo-windyjets.png\",\"contentUrl\":\"https:\/\/windyjets.com\/wp-content\/uploads\/2023\/05\/logo-windyjets.png\",\"width\":1400,\"height\":250,\"caption\":\"WindyJets\"},\"image\":{\"@id\":\"https:\/\/windyjets.com\/fr\/#\/schema\/logo\/image\/\"}}]}<\/script>\n<!-- \/ Yoast SEO plugin. -->","yoast_head_json":{"title":"Mentions l\u00e9gales - WindyJets","robots":{"index":"noindex","follow":"nofollow"},"og_locale":"fr_FR","og_type":"article","og_title":"Mentions l\u00e9gales - WindyJets","og_description":"WINDYJETS, responsable du site Web, ci-apr\u00e8s RESPONSABLE, met ce document \u00e0 la disposition des utilisateurs, avec lesquels il entend se conformer aux obligations \u00e9nonc\u00e9es dans la loi 34\/2002, du 11 juillet, sur les services de la soci\u00e9t\u00e9 de l&rsquo;information et du commerce \u00e9lectronique ( LSSICE), ainsi que d&rsquo;informer tous les utilisateurs du site Web sur [&hellip;]","og_url":"https:\/\/windyjets.com\/fr\/mentions-legales\/","og_site_name":"WindyJets","twitter_card":"summary_large_image","twitter_misc":{"Dur\u00e9e de lecture estim\u00e9e":"7 minutes"},"schema":{"@context":"https:\/\/schema.org","@graph":[{"@type":"WebPage","@id":"https:\/\/windyjets.com\/fr\/mentions-legales\/","url":"https:\/\/windyjets.com\/fr\/mentions-legales\/","name":"Mentions l\u00e9gales - WindyJets","isPartOf":{"@id":"https:\/\/windyjets.com\/fr\/#website"},"datePublished":"2023-06-05T08:19:57+00:00","dateModified":"2023-06-05T08:19:57+00:00","breadcrumb":{"@id":"https:\/\/windyjets.com\/fr\/mentions-legales\/#breadcrumb"},"inLanguage":"fr-FR","potentialAction":[{"@type":"ReadAction","target":["https:\/\/windyjets.com\/fr\/mentions-legales\/"]}]},{"@type":"BreadcrumbList","@id":"https:\/\/windyjets.com\/fr\/mentions-legales\/#breadcrumb","itemListElement":[{"@type":"ListItem","position":1,"name":"Portada","item":"https:\/\/windyjets.com\/fr\/location-de-jet-prive\/"},{"@type":"ListItem","position":2,"name":"Mentions l\u00e9gales"}]},{"@type":"WebSite","@id":"https:\/\/windyjets.com\/fr\/#website","url":"https:\/\/windyjets.com\/fr\/","name":"WindyJets","description":"Alquiler Jets Privados","publisher":{"@id":"https:\/\/windyjets.com\/fr\/#organization"},"alternateName":"Windy Jets","potentialAction":[{"@type":"SearchAction","target":{"@type":"EntryPoint","urlTemplate":"https:\/\/windyjets.com\/fr\/?s={search_term_string}"},"query-input":"required name=search_term_string"}],"inLanguage":"fr-FR"},{"@type":"Organization","@id":"https:\/\/windyjets.com\/fr\/#organization","name":"WindyJets","alternateName":"Windy Jets","url":"https:\/\/windyjets.com\/fr\/","logo":{"@type":"ImageObject","inLanguage":"fr-FR","@id":"https:\/\/windyjets.com\/fr\/#\/schema\/logo\/image\/","url":"https:\/\/windyjets.com\/wp-content\/uploads\/2023\/05\/logo-windyjets.png","contentUrl":"https:\/\/windyjets.com\/wp-content\/uploads\/2023\/05\/logo-windyjets.png","width":1400,"height":250,"caption":"WindyJets"},"image":{"@id":"https:\/\/windyjets.com\/fr\/#\/schema\/logo\/image\/"}}]}},"_links":{"self":[{"href":"https:\/\/windyjets.com\/fr\/wp-json\/wp\/v2\/pages\/224766","targetHints":{"allow":["GET"]}}],"collection":[{"href":"https:\/\/windyjets.com\/fr\/wp-json\/wp\/v2\/pages"}],"about":[{"href":"https:\/\/windyjets.com\/fr\/wp-json\/wp\/v2\/types\/page"}],"author":[{"embeddable":true,"href":"https:\/\/windyjets.com\/fr\/wp-json\/wp\/v2\/users\/2"}],"replies":[{"embeddable":true,"href":"https:\/\/windyjets.com\/fr\/wp-json\/wp\/v2\/comments?post=224766"}],"version-history":[{"count":0,"href":"https:\/\/windyjets.com\/fr\/wp-json\/wp\/v2\/pages\/224766\/revisions"}],"wp:attachment":[{"href":"https:\/\/windyjets.com\/fr\/wp-json\/wp\/v2\/media?parent=224766"}],"curies":[{"name":"wp","href":"https:\/\/api.w.org\/{rel}","templated":true}]}}