{"id":224779,"date":"2023-06-05T08:19:57","date_gmt":"2023-06-05T08:19:57","guid":{"rendered":"https:\/\/windyjets.com\/avvertimento-legale\/"},"modified":"2023-06-05T08:19:57","modified_gmt":"2023-06-05T08:19:57","slug":"avvertimento-legale","status":"publish","type":"page","link":"https:\/\/windyjets.com\/it\/avvertimento-legale\/","title":{"rendered":"Avviso legale"},"content":{"rendered":"<p>WINDYJETS, responsabile del sito Web, di seguito RESPONSABILE, mette a disposizione degli utenti il \u200b\u200bpresente documento, con il quale intende ottemperare agli obblighi previsti dalla Legge 34\/2002, dell&#8217;11 luglio, sui Servizi della Societ\u00e0 dell&#8217;Informazione e del Commercio Elettronico ( LSSICE), nonch\u00e9 informare tutti gli utenti del sito Web in merito alle condizioni di utilizzo.Chiunque acceda a questo sito Web assume il ruolo di utente, impegnandosi alla stretta osservanza e conformit\u00e0 delle disposizioni qui stabilite, nonch\u00e9 di qualsiasi altra legge disposizione eventualmente applicabile. WINDYJETS si riserva il diritto di modificare qualsiasi tipo di informazione che possa apparire sul sito web, senza alcun obbligo di dare preavviso o informare gli utenti di tali obblighi, ritenendosi sufficiente con la pubblicazione sul sito web di WINDYJETS.COM. 1. DATI IDENTIFICATIVI Nome commerciale:WINDYJETS Indirizzo:Barcellona e-mail:info@windyjets.com<\/p>\n<p>2. OGGETTO Attraverso il Sito offriamo agli Utenti la possibilit\u00e0 di accedere alle informazioni sui nostri servizi.<\/p>\n<p>3. PRIVACY E TRATTAMENTO DEI DATI Quando \u00e8 necessario fornire dati personali per l&#8217;accesso a determinati contenuti o servizi, gli Utenti garantiranno la loro veridicit\u00e0, accuratezza, autenticit\u00e0 e validit\u00e0. La societ\u00e0 fornir\u00e0 a tali dati il \u200b\u200btrattamento automatizzato corrispondente a seconda della loro natura o finalit\u00e0, nei termini indicati nella sezione Privacy Policy. 4. PROPRIET\u00c0 INDUSTRIALE E INTELLETTUALE L&#8217;Utente riconosce e accetta che tutti i contenuti visualizzati sullo Spazio Web e, in particolare, disegni, testi, immagini, loghi, icone, pulsanti, software, nomi commerciali, marchi o qualsiasi altro segno suscettibile di l&#8217;uso industriale e\/o commerciale \u00e8 soggetto ai diritti di Propriet\u00e0 Intellettuale e tutti i marchi, nomi commerciali o segni distintivi, tutti i diritti di propriet\u00e0 industriale e intellettuale, sui contenuti e\/o su ogni altro elemento inserito nella pagina, che sono di propriet\u00e0 esclusiva della societ\u00e0 e\/o terzi, che hanno il diritto esclusivo di utilizzarli nel traffico economico. Per tutte queste ragioni, l&#8217;Utente si impegna a non riprodurre, copiare, distribuire, mettere a disposizione o in altro modo comunicare pubblicamente, trasformare o modificare tali contenuti, manlevando la societ\u00e0 da qualsiasi pretesa derivante dalla violazione di tali obblighi. In nessun caso l&#8217;accesso allo Spazio Web implica alcun tipo di rinuncia, trasmissione, licenza o cessione totale o parziale di detti diritti, salvo espressa indicazione contraria. Le presenti Condizioni Generali d&#8217;Uso dello Spazio Web non concedono agli Utenti alcun altro diritto di utilizzo, alterazione, sfruttamento, riproduzione, distribuzione o comunicazione pubblica dello Spazio Web e\/o dei suoi Contenuti diverso da quelli qui espressamente previsti. Qualsiasi altro uso o sfruttamento di qualsiasi diritto sar\u00e0 soggetto alla previa ed espressa autorizzazione specificamente concessa a tale scopo dalla societ\u00e0 o dal terzo titolare dei diritti interessati. I contenuti, i testi, le fotografie, i disegni, i loghi, le immagini, i programmi informatici, i codici sorgente e, in generale, ogni creazione intellettuale esistente in questo Spazio, nonch\u00e9 lo Spazio stesso nel suo insieme, in quanto opera artistica multimediale, sono protetti come diritti d&#8217;autore dalla legge sul diritto d&#8217;autore. La societ\u00e0 \u00e8 proprietaria degli elementi che compongono la veste grafica dello Spazio Web, dei menu, dei pulsanti di navigazione, del codice HTML, dei testi, delle immagini, delle texture, della grafica e di ogni altro contenuto dello Spazio Web o, comunque , ha la corrispondente autorizzazione per l&#8217;uso di detti elementi. I contenuti forniti nello Spazio Web non possono essere riprodotti in tutto o in parte, n\u00e9 trasmessi, n\u00e9 registrati da alcun sistema informatico, in qualsiasi forma e con qualsiasi mezzo, se non previa autorizzazione scritta del predetto Ente. Allo stesso modo, \u00e8 vietato eliminare, eludere e\/o manipolare il &#8220;copyright&#8221;, nonch\u00e9 i dispositivi tecnici di protezione o qualsiasi meccanismo di informazione che i contenuti possono contenere.<\/p>\n<p> L&#8217;Utente di questo Spazio Web si impegna a rispettare i diritti dichiarati e ad evitare qualsiasi azione che possa danneggiarlo, riservando in ogni caso alla societ\u00e0 l&#8217;esercizio di qualsiasi mezzo o azione legale che le corrisponda in difesa dei suoi legittimi diritti di propriet\u00e0 intellettuale e industriale . 5. RESPONSABILIT\u00c0 Non \u00e8 garantito l&#8217;accesso continuo, n\u00e9 la corretta visualizzazione, download o utilizzo degli elementi e delle informazioni contenute nel sito web che possono essere impedite, ostacolate o interrotte da fattori o circostanze indipendenti dalla sua volont\u00e0. Non \u00e8 responsabile delle decisioni che potrebbero essere adottate a seguito dell&#8217;accesso ai contenuti o alle informazioni offerte. Il servizio pu\u00f2 essere interrotto, o il rapporto con l&#8217;Utente cessato immediatamente, se viene rilevato che un utilizzo del suo Spazio Web, o di uno qualsiasi dei servizi ivi offerti, \u00e8 contrario alle presenti Condizioni Generali d&#8217;Uso. , perdite, perdite, reclami o spese derivanti dall&#8217;utilizzo dello Spazio Web. La societ\u00e0 esclude ogni responsabilit\u00e0 per danni di qualsiasi tipo che potrebbero essere dovuti all&#8217;uso improprio dei servizi liberamente disponibili e utilizzati dagli Utenti dello Spazio Web. Allo stesso modo, \u00e8 esonerato da ogni responsabilit\u00e0 per il contenuto e le informazioni che possono essere ricevute a seguito dei moduli di raccolta dati, essendo lo stesso solo per la fornitura di servizi di consultazione e dubbio. D&#8217;altra parte, in caso di danni causati da un uso illegale o scorretto di tali servizi, l&#8217;Utente pu\u00f2 essere richiesto per i danni o le perdite causate. Manleverai la societ\u00e0 da qualsiasi danno derivante da rivendicazioni, azioni o richieste di terzi a seguito del tuo accesso o utilizzo dello Spazio Web. Allo stesso modo, accetti di indennizzare qualsiasi danno che possa derivare dall&#8217;uso da parte tua di &#8220;robot&#8221;, &#8220;spider&#8221;, &#8220;crawler&#8221; o strumenti simili utilizzati allo scopo di raccogliere o estrarre dati o qualsiasi altra azione da parte tua che imponga un onere irragionevole per il funzionamento dello Spazio Web.<\/p>\n<p>6. COLLEGAMENTI IPERTESTUALI L&#8217;Utente si impegna a non riprodurre in alcun modo, neppure mediante collegamento ipertestuale o collegamento ipertestuale, lo Spazio Web, cos\u00ec come ogni suo contenuto, salvo espressa autorizzazione scritta del responsabile del file. Lo Spazio Web pu\u00f2 includere collegamenti ad altri spazi Web, gestiti da terzi, al fine di facilitare l&#8217;accesso dell&#8217;Utente alle informazioni di societ\u00e0 collaboratrici e\/o sponsor. In virt\u00f9 di ci\u00f2, la societ\u00e0 non \u00e8 responsabile del contenuto di detti Spazi Web, n\u00e9 si pone in posizione di garante e\/o di soggetto che offre i servizi e\/o le informazioni eventualmente offerti a terzi tramite link di terzi. . 10. DICHIARAZIONI E GARANZIE In generale, i contenuti ei servizi offerti nello Spazio Web hanno carattere meramente informativo. Pertanto, offrendoli, non viene prestata alcuna garanzia o dichiarazione in relazione ai contenuti e ai servizi offerti nello Spazio Web, incluse, a titolo esemplificativo, garanzie di liceit\u00e0, affidabilit\u00e0, utilit\u00e0, veridicit\u00e0, accuratezza o commerciabilit\u00e0, se non nell&#8217;ambito nella misura in cui tali dichiarazioni e garanzie non possono essere escluse dalla legge. 11. FORZA MAGGIORE La societ\u00e0 non risponder\u00e0 in alcun modo in caso di impossibilit\u00e0 alla prestazione del servizio, se questa sia dovuta a interruzioni prolungate della fornitura di energia elettrica, delle linee di telecomunicazione, conflitti sociali, scioperi, ribellioni, esplosioni, alluvioni, atti ed omissioni di il Governo, ed in generale tutti i casi di forza maggiore o caso fortuito. 12. RISOLUZIONE DELLE CONTROVERSIE. LEGGE APPLICABILE E FORO COMPETENTE Le presenti Condizioni Generali d&#8217;Uso, cos\u00ec come l&#8217;utilizzo dello Spazio Web, saranno regolate dalla legge spagnola. Per la risoluzione di qualsiasi controversia, le parti si rivolgeranno alle Corti e ai Tribunali della sede legale del responsabile del sito web. Nel caso in cui una qualsiasi clausola delle presenti Condizioni Generali d&#8217;Uso sia inapplicabile o nulla in virt\u00f9 della legislazione applicabile o in conseguenza di una decisione giudiziaria o amministrativa, detta inapplicabilit\u00e0 o nullit\u00e0 non render\u00e0 le presenti Condizioni Generali d&#8217;Uso inapplicabili o nulle in quanto Totale. In tali casi, la societ\u00e0 proceder\u00e0 a modificare o sostituire detta clausola con un&#8217;altra valida ed efficace e che, per quanto possibile, raggiunga l&#8217;obiettivo e la pretesa riflessi nella clausola originaria.<\/p>\n","protected":false},"excerpt":{"rendered":"<p>WINDYJETS, responsabile del sito Web, di seguito RESPONSABILE, mette a disposizione degli utenti il \u200b\u200bpresente documento, con il quale intende ottemperare agli obblighi previsti dalla Legge 34\/2002, dell&#8217;11 luglio, sui Servizi della Societ\u00e0 dell&#8217;Informazione e del Commercio Elettronico ( LSSICE), nonch\u00e9 informare tutti gli utenti del sito Web in merito alle condizioni di utilizzo.Chiunque acceda [&hellip;]<\/p>\n","protected":false},"author":2,"featured_media":0,"parent":0,"menu_order":0,"comment_status":"closed","ping_status":"closed","template":"","meta":{"_et_pb_use_builder":"","_et_pb_old_content":"","_et_gb_content_width":"","footnotes":""},"class_list":["post-224779","page","type-page","status-publish","hentry"],"yoast_head":"<!-- This site is optimized with the Yoast SEO plugin v22.6 - https:\/\/yoast.com\/wordpress\/plugins\/seo\/ -->\n<title>Avviso legale - WindyJets<\/title>\n<meta name=\"robots\" content=\"noindex, nofollow\" \/>\n<meta property=\"og:locale\" content=\"it_IT\" \/>\n<meta property=\"og:type\" content=\"article\" \/>\n<meta property=\"og:title\" content=\"Avviso legale - WindyJets\" \/>\n<meta property=\"og:description\" content=\"WINDYJETS, responsabile del sito Web, di seguito RESPONSABILE, mette a disposizione degli utenti il \u200b\u200bpresente documento, con il quale intende ottemperare agli obblighi previsti dalla Legge 34\/2002, dell&#8217;11 luglio, sui Servizi della Societ\u00e0 dell&#8217;Informazione e del Commercio Elettronico ( LSSICE), nonch\u00e9 informare tutti gli utenti del sito Web in merito alle condizioni di utilizzo.Chiunque acceda [&hellip;]\" \/>\n<meta property=\"og:url\" content=\"https:\/\/windyjets.com\/it\/avvertimento-legale\/\" \/>\n<meta property=\"og:site_name\" content=\"WindyJets\" \/>\n<meta name=\"twitter:card\" content=\"summary_large_image\" \/>\n<meta name=\"twitter:label1\" content=\"Tempo di lettura stimato\" \/>\n\t<meta name=\"twitter:data1\" content=\"6 minuti\" \/>\n<script type=\"application\/ld+json\" class=\"yoast-schema-graph\">{\"@context\":\"https:\/\/schema.org\",\"@graph\":[{\"@type\":\"WebPage\",\"@id\":\"https:\/\/windyjets.com\/it\/avvertimento-legale\/\",\"url\":\"https:\/\/windyjets.com\/it\/avvertimento-legale\/\",\"name\":\"Avviso legale - WindyJets\",\"isPartOf\":{\"@id\":\"https:\/\/windyjets.com\/it\/#website\"},\"datePublished\":\"2023-06-05T08:19:57+00:00\",\"dateModified\":\"2023-06-05T08:19:57+00:00\",\"breadcrumb\":{\"@id\":\"https:\/\/windyjets.com\/it\/avvertimento-legale\/#breadcrumb\"},\"inLanguage\":\"it-IT\",\"potentialAction\":[{\"@type\":\"ReadAction\",\"target\":[\"https:\/\/windyjets.com\/it\/avvertimento-legale\/\"]}]},{\"@type\":\"BreadcrumbList\",\"@id\":\"https:\/\/windyjets.com\/it\/avvertimento-legale\/#breadcrumb\",\"itemListElement\":[{\"@type\":\"ListItem\",\"position\":1,\"name\":\"Portada\",\"item\":\"https:\/\/windyjets.com\/it\/noleggio-jet-privato\/\"},{\"@type\":\"ListItem\",\"position\":2,\"name\":\"Avviso legale\"}]},{\"@type\":\"WebSite\",\"@id\":\"https:\/\/windyjets.com\/it\/#website\",\"url\":\"https:\/\/windyjets.com\/it\/\",\"name\":\"WindyJets\",\"description\":\"Alquiler Jets Privados\",\"publisher\":{\"@id\":\"https:\/\/windyjets.com\/it\/#organization\"},\"alternateName\":\"Windy Jets\",\"potentialAction\":[{\"@type\":\"SearchAction\",\"target\":{\"@type\":\"EntryPoint\",\"urlTemplate\":\"https:\/\/windyjets.com\/it\/?s={search_term_string}\"},\"query-input\":\"required name=search_term_string\"}],\"inLanguage\":\"it-IT\"},{\"@type\":\"Organization\",\"@id\":\"https:\/\/windyjets.com\/it\/#organization\",\"name\":\"WindyJets\",\"alternateName\":\"Windy Jets\",\"url\":\"https:\/\/windyjets.com\/it\/\",\"logo\":{\"@type\":\"ImageObject\",\"inLanguage\":\"it-IT\",\"@id\":\"https:\/\/windyjets.com\/it\/#\/schema\/logo\/image\/\",\"url\":\"https:\/\/windyjets.com\/wp-content\/uploads\/2023\/05\/logo-windyjets.png\",\"contentUrl\":\"https:\/\/windyjets.com\/wp-content\/uploads\/2023\/05\/logo-windyjets.png\",\"width\":1400,\"height\":250,\"caption\":\"WindyJets\"},\"image\":{\"@id\":\"https:\/\/windyjets.com\/it\/#\/schema\/logo\/image\/\"}}]}<\/script>\n<!-- \/ Yoast SEO plugin. -->","yoast_head_json":{"title":"Avviso legale - WindyJets","robots":{"index":"noindex","follow":"nofollow"},"og_locale":"it_IT","og_type":"article","og_title":"Avviso legale - WindyJets","og_description":"WINDYJETS, responsabile del sito Web, di seguito RESPONSABILE, mette a disposizione degli utenti il \u200b\u200bpresente documento, con il quale intende ottemperare agli obblighi previsti dalla Legge 34\/2002, dell&#8217;11 luglio, sui Servizi della Societ\u00e0 dell&#8217;Informazione e del Commercio Elettronico ( LSSICE), nonch\u00e9 informare tutti gli utenti del sito Web in merito alle condizioni di utilizzo.Chiunque acceda [&hellip;]","og_url":"https:\/\/windyjets.com\/it\/avvertimento-legale\/","og_site_name":"WindyJets","twitter_card":"summary_large_image","twitter_misc":{"Tempo di lettura stimato":"6 minuti"},"schema":{"@context":"https:\/\/schema.org","@graph":[{"@type":"WebPage","@id":"https:\/\/windyjets.com\/it\/avvertimento-legale\/","url":"https:\/\/windyjets.com\/it\/avvertimento-legale\/","name":"Avviso legale - WindyJets","isPartOf":{"@id":"https:\/\/windyjets.com\/it\/#website"},"datePublished":"2023-06-05T08:19:57+00:00","dateModified":"2023-06-05T08:19:57+00:00","breadcrumb":{"@id":"https:\/\/windyjets.com\/it\/avvertimento-legale\/#breadcrumb"},"inLanguage":"it-IT","potentialAction":[{"@type":"ReadAction","target":["https:\/\/windyjets.com\/it\/avvertimento-legale\/"]}]},{"@type":"BreadcrumbList","@id":"https:\/\/windyjets.com\/it\/avvertimento-legale\/#breadcrumb","itemListElement":[{"@type":"ListItem","position":1,"name":"Portada","item":"https:\/\/windyjets.com\/it\/noleggio-jet-privato\/"},{"@type":"ListItem","position":2,"name":"Avviso legale"}]},{"@type":"WebSite","@id":"https:\/\/windyjets.com\/it\/#website","url":"https:\/\/windyjets.com\/it\/","name":"WindyJets","description":"Alquiler Jets Privados","publisher":{"@id":"https:\/\/windyjets.com\/it\/#organization"},"alternateName":"Windy Jets","potentialAction":[{"@type":"SearchAction","target":{"@type":"EntryPoint","urlTemplate":"https:\/\/windyjets.com\/it\/?s={search_term_string}"},"query-input":"required name=search_term_string"}],"inLanguage":"it-IT"},{"@type":"Organization","@id":"https:\/\/windyjets.com\/it\/#organization","name":"WindyJets","alternateName":"Windy Jets","url":"https:\/\/windyjets.com\/it\/","logo":{"@type":"ImageObject","inLanguage":"it-IT","@id":"https:\/\/windyjets.com\/it\/#\/schema\/logo\/image\/","url":"https:\/\/windyjets.com\/wp-content\/uploads\/2023\/05\/logo-windyjets.png","contentUrl":"https:\/\/windyjets.com\/wp-content\/uploads\/2023\/05\/logo-windyjets.png","width":1400,"height":250,"caption":"WindyJets"},"image":{"@id":"https:\/\/windyjets.com\/it\/#\/schema\/logo\/image\/"}}]}},"_links":{"self":[{"href":"https:\/\/windyjets.com\/it\/wp-json\/wp\/v2\/pages\/224779","targetHints":{"allow":["GET"]}}],"collection":[{"href":"https:\/\/windyjets.com\/it\/wp-json\/wp\/v2\/pages"}],"about":[{"href":"https:\/\/windyjets.com\/it\/wp-json\/wp\/v2\/types\/page"}],"author":[{"embeddable":true,"href":"https:\/\/windyjets.com\/it\/wp-json\/wp\/v2\/users\/2"}],"replies":[{"embeddable":true,"href":"https:\/\/windyjets.com\/it\/wp-json\/wp\/v2\/comments?post=224779"}],"version-history":[{"count":0,"href":"https:\/\/windyjets.com\/it\/wp-json\/wp\/v2\/pages\/224779\/revisions"}],"wp:attachment":[{"href":"https:\/\/windyjets.com\/it\/wp-json\/wp\/v2\/media?parent=224779"}],"curies":[{"name":"wp","href":"https:\/\/api.w.org\/{rel}","templated":true}]}}