{"id":223846,"date":"2023-05-05T04:55:00","date_gmt":"2023-05-05T04:55:00","guid":{"rendered":"https:\/\/windyjets.com\/voos-para-grupos\/"},"modified":"2023-07-12T08:46:27","modified_gmt":"2023-07-12T08:46:27","slug":"voos-para-grupos","status":"publish","type":"page","link":"https:\/\/windyjets.com\/pt-pt\/voos-para-grupos\/","title":{"rendered":"Voos de grupo"},"content":{"rendered":"<p>[et_pb_section fb_built=&#8221;1&#8243; fullwidth=&#8221;on&#8221; custom_padding_last_edited=&#8221;on|phone&#8221; admin_label=&#8221;TextoHome-1&#8243; _builder_version=&#8221;4.21.0&#8243; _module_preset=&#8221;default&#8221; background_color=&#8221;RGBA(255,255,255,0)&#8221; use_background_color_gradient=&#8221;on&#8221; background_color_gradient_stops=&#8221;#003980 0%|#3077a1 98%&#8221; vertical_offset_tablet=&#8221;&#8221; vertical_offset_phone=&#8221;0px&#8221; vertical_offset_last_edited=&#8221;on|phone&#8221; width=&#8221;100%&#8221; width_tablet=&#8221;70%&#8221; width_phone=&#8221;100%&#8221; width_last_edited=&#8221;on|phone&#8221; max_width=&#8221;100%&#8221; max_width_tablet=&#8221;67%&#8221; max_width_phone=&#8221;100%&#8221; max_width_last_edited=&#8221;on|phone&#8221; module_alignment=&#8221;center&#8221; min_height=&#8221;388px&#8221; height=&#8221;300px&#8221; height_tablet=&#8221;&#8221; height_phone=&#8221;450px&#8221; height_last_edited=&#8221;on|phone&#8221; max_height_tablet=&#8221;&#8221; max_height_phone=&#8221;450px&#8221; max_height_last_edited=&#8221;on|phone&#8221; custom_margin_tablet=&#8221;&#8221; custom_margin_phone=&#8221;&#8221; custom_margin_last_edited=&#8221;on|phone&#8221; custom_padding=&#8221;0px||||false|false&#8221; custom_padding_tablet=&#8221;0px||||false|false&#8221; custom_padding_phone=&#8221;0px||||false|false&#8221; hover_enabled=&#8221;0&#8243; global_colors_info=&#8221;{}&#8221; sticky_enabled=&#8221;0&#8243;][et_pb_fullwidth_header title=&#8221;Fretar um avi\u00e3o para uma viagem de neg\u00f3cios ou lazer&#8221; subhead=&#8221;Empresas e grupos privados que viajam a lazer t\u00eam a op\u00e7\u00e3o de alugar um avi\u00e3o para uso particular, sem dividir o espa\u00e7o com outros viajantes.&#8221; text_orientation=&#8221;center&#8221; button_one_text=&#8221;Reserve agora&#8221; _builder_version=&#8221;4.21.0&#8243; _module_preset=&#8221;default&#8221; title_font_size=&#8221;40px&#8221; subhead_text_color=&#8221;rgba(255,255,255,0.78)&#8221; subhead_font_size=&#8221;20px&#8221; background_enable_color=&#8221;off&#8221; hover_enabled=&#8221;0&#8243; title_font_size_tablet=&#8221;40px&#8221; title_font_size_phone=&#8221;30px&#8221; title_font_size_last_edited=&#8221;on|phone&#8221; global_colors_info=&#8221;{}&#8221; custom_padding=&#8221;80px||||false|false&#8221; title_text=&#8221;cessna-citation-bravo&#8221; background_image=&#8221;https:\/\/windyjets.com\/wp-content\/uploads\/2023\/05\/cessna-citation-bravo.jpg&#8221; sticky_enabled=&#8221;0&#8243; background_overlay_color=&#8221;rgba(0,31,109,0.51)&#8221;][\/et_pb_fullwidth_header][\/et_pb_section][et_pb_section fb_built=&#8221;1&#8243; specialty=&#8221;on&#8221; _builder_version=&#8221;4.21.0&#8243; _module_preset=&#8221;default&#8221; global_colors_info=&#8221;{}&#8221;][et_pb_column type=&#8221;1_2&#8243; specialty_columns=&#8221;2&#8243; _builder_version=&#8221;4.16&#8243; custom_padding=&#8221;|||&#8221; global_colors_info=&#8221;{}&#8221; custom_padding__hover=&#8221;|||&#8221;][et_pb_row_inner _builder_version=&#8221;4.21.0&#8243; _module_preset=&#8221;default&#8221; hover_enabled=&#8221;0&#8243; global_colors_info=&#8221;{}&#8221; custom_padding_last_edited=&#8221;on|desktop&#8221; custom_padding=&#8221;60px||||false|false&#8221; sticky_enabled=&#8221;0&#8243; custom_padding_tablet=&#8221;60px||||false|false&#8221; custom_padding_phone=&#8221;60px||||false|false&#8221;][et_pb_column_inner saved_specialty_column_type=&#8221;1_2&#8243; _builder_version=&#8221;4.21.0&#8243; _module_preset=&#8221;default&#8221; global_colors_info=&#8221;{}&#8221;][et_pb_image src=&#8221;https:\/\/windyjets.com\/wp-content\/uploads\/2023\/04\/hero_image.jpg&#8221; title_text=&#8221;hero_image&#8221; disabled_on=&#8221;on|off|off&#8221; _builder_version=&#8221;4.21.0&#8243; _module_preset=&#8221;default&#8221; global_colors_info=&#8221;{}&#8221;][\/et_pb_image][\/et_pb_column_inner][\/et_pb_row_inner][et_pb_row_inner column_structure=&#8221;1_3,1_3,1_3&#8243; _builder_version=&#8221;4.21.0&#8243; _module_preset=&#8221;default&#8221; background_color=&#8221;RGBA(255,255,255,0)&#8221; use_background_color_gradient=&#8221;on&#8221; background_color_gradient_stops=&#8221;rgba(255,255,255,0) 1%|#ffffff 37%&#8221; vertical_offset=&#8221;0px&#8221; z_index=&#8221;68&#8243; width=&#8221;86%&#8221; module_alignment=&#8221;center&#8221; custom_margin=&#8221;-80px||||false|false&#8221; hover_enabled=&#8221;0&#8243; global_colors_info=&#8221;{}&#8221; sticky_enabled=&#8221;0&#8243;][et_pb_column_inner type=&#8221;1_3&#8243; saved_specialty_column_type=&#8221;1_2&#8243; _builder_version=&#8221;4.21.0&#8243; _module_preset=&#8221;default&#8221; hover_enabled=&#8221;0&#8243; global_colors_info=&#8221;{}&#8221; sticky_enabled=&#8221;0&#8243;][et_pb_icon font_icon=&#8221;&#xf5b0;||fa||900&#8243; icon_color=&#8221;#0C71C3&#8243; icon_width=&#8221;61px&#8221; _builder_version=&#8221;4.21.0&#8243; _module_preset=&#8221;default&#8221; global_colors_info=&#8221;{}&#8221;][\/et_pb_icon][et_pb_text _builder_version=&#8221;4.21.0&#8243; _module_preset=&#8221;default&#8221; text_font=&#8221;||||||||&#8221; text_font_size=&#8221;16px&#8221; custom_margin=&#8221;-12px||-12px||true|false&#8221; global_colors_info=&#8221;{}&#8221;]<\/p>\n<p>Escolher aeroporto<\/p>\n<p>[\/et_pb_text][\/et_pb_column_inner][et_pb_column_inner type=&#8221;1_3&#8243; saved_specialty_column_type=&#8221;1_2&#8243; _builder_version=&#8221;4.21.0&#8243; _module_preset=&#8221;default&#8221; global_colors_info=&#8221;{}&#8221;][et_pb_icon font_icon=&#8221;&#xf274;||fa||400&#8243; icon_color=&#8221;#0C71C3&#8243; icon_width=&#8221;61px&#8221; _builder_version=&#8221;4.21.0&#8243; _module_preset=&#8221;default&#8221; global_colors_info=&#8221;{}&#8221;][\/et_pb_icon][et_pb_text _builder_version=&#8221;4.21.0&#8243; _module_preset=&#8221;default&#8221; text_font=&#8221;||||||||&#8221; text_font_size=&#8221;16px&#8221; custom_margin=&#8221;-12px||-12px||true|false&#8221; global_colors_info=&#8221;{}&#8221;]<\/p>\n<p>Escolher datas<\/p>\n<p>[\/et_pb_text][\/et_pb_column_inner][et_pb_column_inner type=&#8221;1_3&#8243; saved_specialty_column_type=&#8221;1_2&#8243; _builder_version=&#8221;4.21.0&#8243; _module_preset=&#8221;default&#8221; global_colors_info=&#8221;{}&#8221;][et_pb_icon font_icon=&#8221;&#xf2e7;||fa||900&#8243; icon_color=&#8221;#0C71C3&#8243; icon_width=&#8221;61px&#8221; _builder_version=&#8221;4.21.0&#8243; _module_preset=&#8221;default&#8221; global_colors_info=&#8221;{}&#8221;][\/et_pb_icon][et_pb_text _builder_version=&#8221;4.21.0&#8243; _module_preset=&#8221;default&#8221; text_font=&#8221;||||||||&#8221; text_font_size=&#8221;16px&#8221; custom_margin=&#8221;-12px||-12px||true|false&#8221; global_colors_info=&#8221;{}&#8221;]<\/p>\n<p>Escolher Servi\u00e7os<\/p>\n<p>[\/et_pb_text][\/et_pb_column_inner][\/et_pb_row_inner][\/et_pb_column][et_pb_column type=&#8221;1_2&#8243; _builder_version=&#8221;4.16&#8243; custom_padding=&#8221;|||&#8221; global_colors_info=&#8221;{}&#8221; custom_padding__hover=&#8221;|||&#8221;][et_pb_text _builder_version=&#8221;4.21.0&#8243; _module_preset=&#8221;default&#8221; text_font=&#8221;||||||||&#8221; text_font_size=&#8221;16px&#8221; text_orientation=&#8221;left&#8221; hover_enabled=&#8221;0&#8243; global_colors_info=&#8221;{}&#8221; text_text_color=&#8221;#003890&#8243; sticky_enabled=&#8221;0&#8243;]<\/p>\n<p>Ao escolher um <strong><em>fretamento privado para uma viagem em grupo,<\/em><\/strong> voc\u00ea pode escolher a data e o hor\u00e1rio de partida que melhor se adaptam \u00e0s suas necessidades, em vez de se limitar a hor\u00e1rios de voos comerciais. Eles tamb\u00e9m podem <em><strong>escolher o aeroporto de partid<\/strong><\/em>a e <strong><em>destino<\/em><\/strong> que melhor lhes convier, mesmo que n\u00e3o sejam atendidos por companhias a\u00e9reas comerciais. <\/p>\n<p><strong><em>Fretar um jato particular para grupos<\/em><\/strong> significa desfrutar da privacidade e da comodidade de ter todo o jato para eles. Eles n\u00e3o precisam dividir o espa\u00e7o com estranhos e podem personalizar a experi\u00eancia de acordo com suas necessidades espec\u00edficas. Por exemplo, podem solicitar refei\u00e7\u00f5es e bebidas especiais, podem trazer equipamentos que n\u00e3o poderiam ser transportados na cabine em voos comerciais, <strong><em>viajar com animais de estima\u00e7\u00e3o..<\/em><\/strong>.  <\/p>\n<p>Voc\u00ea tamb\u00e9m evita as longas filas de check-in e seguran\u00e7a frequentemente encontradas em aeroportos comerciais. E por n\u00e3o terem que seguir hor\u00e1rios de voos regulares, eles podem <strong><em>economizar tempo<\/em><\/strong> total em suas viagens. <\/p>\n<p>Para verificar se contratar um charter privado para a sua empresa ou para o seu grupo de amigos \u00e9 a melhor op\u00e7\u00e3o, contacte a <strong><em>WindyJets<\/em><\/strong> para solicitar informa\u00e7\u00f5es sobre os custos do aluguer de um jato privado e as vantagens que lhe podemos oferecer.<\/p>\n<p>[\/et_pb_text][\/et_pb_column][\/et_pb_section][et_pb_section fb_built=&#8221;1&#8243; admin_label=&#8221;Contactar&#8221; _builder_version=&#8221;4.21.0&#8243; _module_preset=&#8221;default&#8221; vertical_offset_tablet=&#8221;&#8221; vertical_offset_phone=&#8221;0px&#8221; vertical_offset_last_edited=&#8221;on|phone&#8221; top_divider_style=&#8221;curve2&#8243; top_divider_color=&#8221;#003890&#8243; top_divider_height=&#8221;39px&#8221; top_divider_repeat=&#8221;1x&#8221; top_divider_flip=&#8221;vertical&#8221; top_divider_arrangement=&#8221;above_content&#8221; top_divider_style_tablet=&#8221;curve&#8221; top_divider_style_phone=&#8221;curve&#8221; top_divider_style_last_edited=&#8221;on|phone&#8221; hover_enabled=&#8221;0&#8243; border_width_all=&#8221;4px&#8221; border_color_all=&#8221;#0C71C3&#8243; border_style_all=&#8221;outset&#8221; locked=&#8221;off&#8221; global_colors_info=&#8221;{}&#8221; sticky_enabled=&#8221;0&#8243;][et_pb_row _builder_version=&#8221;4.21.0&#8243; _module_preset=&#8221;default&#8221; global_colors_info=&#8221;{}&#8221;][et_pb_column type=&#8221;4_4&#8243; _builder_version=&#8221;4.21.0&#8243; _module_preset=&#8221;default&#8221; global_colors_info=&#8221;{}&#8221;][et_pb_text _builder_version=&#8221;4.21.0&#8243; _module_preset=&#8221;default&#8221; text_text_color=&#8221;#003890&#8243; text_font_size_tablet=&#8221;&#8221; text_font_size_phone=&#8221;34px&#8221; text_font_size_last_edited=&#8221;on|phone&#8221; global_colors_info=&#8221;{}&#8221;]<\/p>\n<p>Contacte-nos<\/p>\n<p>[\/et_pb_text][\/et_pb_column][\/et_pb_row][et_pb_row column_structure=&#8221;1_2,1_2&#8243; _builder_version=&#8221;4.21.0&#8243; _module_preset=&#8221;default&#8221; global_colors_info=&#8221;{}&#8221;][et_pb_column type=&#8221;1_2&#8243; _builder_version=&#8221;4.21.0&#8243; _module_preset=&#8221;default&#8221; global_colors_info=&#8221;{}&#8221;][et_pb_text _builder_version=&#8221;4.21.0&#8243; _module_preset=&#8221;default&#8221; text_text_color=&#8221;#003890&#8243; text_font_size=&#8221;22px&#8221; global_colors_info=&#8221;{}&#8221;]<\/p>\n<p>Contacte-nos para qualquer d\u00favida ou coment\u00e1rio sobre os nossos servi\u00e7os para viagens em voos privados: pre\u00e7os, disponibilidade, servi\u00e7os adicionais&#8230;<\/p>\n<p>Se pretender um or\u00e7amento para alugar um jato privado, um charter para um grupo ou para qualquer servi\u00e7o relacionado, pode contactar-nos atrav\u00e9s do formul\u00e1rio ou por e-mail:<\/p>\n<p>[\/et_pb_text][dsm_icon_list list_layout=&#8221;horizontal&#8221; list_alignment=&#8221;center&#8221; list_space_between=&#8221;51px&#8221; list_background=&#8221;RGBA(255,255,255,0)&#8221; _builder_version=&#8221;4.21.0&#8243; _module_preset=&#8221;default&#8221; module_alignment=&#8221;center&#8221; box_shadow_style=&#8221;preset1&#8243; global_colors_info=&#8221;{}&#8221;][dsm_icon_list_child text=&#8221;info@windyjets.com&#8221; font_icon=&#8221;&#xe010;||divi||400&#8243; icon_padding=&#8221;4px&#8221; icon_font_size=&#8221;27px&#8221; url=&#8221;mailto:info@windyjets.com&#8221; url_new_window=&#8221;on&#8221; _builder_version=&#8221;4.21.0&#8243; _module_preset=&#8221;default&#8221; text_text_color=&#8221;#003890&#8243; text_font_size=&#8221;18px&#8221; global_colors_info=&#8221;{}&#8221;][\/dsm_icon_list_child][\/dsm_icon_list][dsm_icon_list list_layout=&#8221;horizontal&#8221; list_alignment=&#8221;center&#8221; list_space_between=&#8221;51px&#8221; list_background=&#8221;RGBA(255,255,255,0)&#8221; _builder_version=&#8221;4.21.0&#8243; _module_preset=&#8221;default&#8221; module_alignment=&#8221;center&#8221; box_shadow_style=&#8221;preset1&#8243; global_colors_info=&#8221;{}&#8221;][dsm_icon_list_child text=&#8221;+34 626 680 092&#8243; font_icon=&#8221;&#xe090;||divi||400&#8243; icon_padding=&#8221;3px&#8221; icon_font_size=&#8221;29px&#8221; url=&#8221;tel:+34626680092&#8243; _builder_version=&#8221;4.21.0&#8243; _module_preset=&#8221;default&#8221; text_text_color=&#8221;#003890&#8243; global_colors_info=&#8221;{}&#8221;][\/dsm_icon_list_child][\/dsm_icon_list][et_pb_image src=&#8221;https:\/\/windyjets.com\/wp-content\/uploads\/2023\/05\/favicon.png&#8221; title_text=&#8221;favicon&#8221; align=&#8221;center&#8221; _builder_version=&#8221;4.21.0&#8243; _module_preset=&#8221;default&#8221; width=&#8221;44%&#8221; width_tablet=&#8221;44%&#8221; width_phone=&#8221;36%&#8221; width_last_edited=&#8221;on|phone&#8221; animation_style=&#8221;roll&#8221; locked=&#8221;off&#8221; global_colors_info=&#8221;{}&#8221;][\/et_pb_image][\/et_pb_column][et_pb_column type=&#8221;1_2&#8243; _builder_version=&#8221;4.21.0&#8243; _module_preset=&#8221;default&#8221; global_colors_info=&#8221;{}&#8221;][dvppl_cf7_styler form_padding=&#8221;1px|0px|1px|0px|false|false&#8221; use_form_button_fullwidth=&#8221;on&#8221; cf7=&#8221;216916&#8243; form_field_height=&#8221;35px&#8221; form_field_spacing=&#8221;0px&#8221; form_label_spacing=&#8221;0px&#8221; cr_custom_styles=&#8221;on&#8221; cr_size=&#8221;26px&#8221; cr_selected_color=&#8221;#003890&#8243; _builder_version=&#8221;4.21.0&#8243; _module_preset=&#8221;default&#8221; placeholder_text_color=&#8221;#003890&#8243; placeholder_font_size=&#8221;16px&#8221; placeholder_line_height=&#8221;1em&#8221; custom_submit_button=&#8221;on&#8221; submit_button_text_color=&#8221;#003890&#8243; submit_button_border_radius=&#8221;0px&#8221; border_radii_field=&#8221;on|20px|20px|20px|20px&#8221; border_color_all_field=&#8221;#003890&#8243; border_style_all_field=&#8221;dashed&#8221; global_colors_info=&#8221;{}&#8221;][\/dvppl_cf7_styler][et_pb_text _builder_version=&#8221;4.21.0&#8243; _module_preset=&#8221;default&#8221; text_font=&#8221;||||||||&#8221; text_font_size=&#8221;14px&#8221; locked=&#8221;off&#8221; global_colors_info=&#8221;{}&#8221;]<\/p>\n<p style=\"text-align: left;\">* Campo obrigat\u00f3rio Ao enviar a mensagem atrav\u00e9s do nosso formul\u00e1rio, est\u00e1 a aceitar a nossa <a href=\"\" target=\"\" rel=\"noopener\">Pol\u00edtica de Privacidade.<\/a><\/p>\n<p>This site is protected by reCAPTCHA and the Google. <a href=\"https:\/\/policies.google.com\/privacy\" rel=\"nofollow\">Privacy Policy<\/a> and <a href=\"https:\/\/policies.google.com\/terms\" rel=\"nofollow\">Terms of Service<\/a> apply.<\/p>\n<p>[\/et_pb_text][\/et_pb_column][\/et_pb_row][\/et_pb_section]<\/p>\n","protected":false},"excerpt":{"rendered":"<p>Empresas e grupos privados que viajam a lazer t\u00eam a op\u00e7\u00e3o de alugar um avi\u00e3o para uso particular, sem dividir o espa\u00e7o com outros viajantes.<\/p>\n","protected":false},"author":2,"featured_media":223770,"parent":0,"menu_order":0,"comment_status":"closed","ping_status":"closed","template":"","meta":{"_et_pb_use_builder":"on","_et_pb_old_content":"","_et_gb_content_width":"","footnotes":""},"class_list":["post-223846","page","type-page","status-publish","has-post-thumbnail","hentry"],"yoast_head":"<!-- This site is optimized with the Yoast SEO plugin v22.6 - https:\/\/yoast.com\/wordpress\/plugins\/seo\/ -->\n<title>Voos privados para grupos - Charter para grupos - WindyJets<\/title>\n<meta name=\"description\" content=\"Alugue voos privados para grupos em todo o mundo. Aluguel de aeronaves comerciais para mais de 20 passageiros a neg\u00f3cios ou lazer\" \/>\n<meta name=\"robots\" content=\"index, follow, max-snippet:-1, max-image-preview:large, max-video-preview:-1\" \/>\n<link rel=\"canonical\" href=\"https:\/\/windyjets.com\/pt-pt\/voos-para-grupos\/\" \/>\n<meta property=\"og:locale\" content=\"pt_PT\" \/>\n<meta property=\"og:type\" content=\"article\" \/>\n<meta property=\"og:title\" content=\"Voos privados para grupos - Charter para grupos - WindyJets\" \/>\n<meta property=\"og:description\" content=\"Alugue voos privados para grupos em todo o mundo. Aluguel de aeronaves comerciais para mais de 20 passageiros a neg\u00f3cios ou lazer\" \/>\n<meta property=\"og:url\" content=\"https:\/\/windyjets.com\/pt-pt\/voos-para-grupos\/\" \/>\n<meta property=\"og:site_name\" content=\"WindyJets\" \/>\n<meta property=\"article:modified_time\" content=\"2023-07-12T08:46:27+00:00\" \/>\n<meta property=\"og:image\" content=\"https:\/\/windyjets.com\/wp-content\/uploads\/2023\/05\/Dornier_328_Flybe.jpg\" \/>\n\t<meta property=\"og:image:width\" content=\"1315\" \/>\n\t<meta property=\"og:image:height\" content=\"770\" \/>\n\t<meta property=\"og:image:type\" content=\"image\/jpeg\" \/>\n<meta name=\"twitter:card\" content=\"summary_large_image\" \/>\n<meta name=\"twitter:label1\" content=\"Tempo estimado de leitura\" \/>\n\t<meta name=\"twitter:data1\" content=\"8 minutos\" \/>\n<script type=\"application\/ld+json\" class=\"yoast-schema-graph\">{\"@context\":\"https:\/\/schema.org\",\"@graph\":[{\"@type\":\"WebPage\",\"@id\":\"https:\/\/windyjets.com\/pt-pt\/voos-para-grupos\/\",\"url\":\"https:\/\/windyjets.com\/pt-pt\/voos-para-grupos\/\",\"name\":\"Voos privados para grupos - Charter para grupos - WindyJets\",\"isPartOf\":{\"@id\":\"https:\/\/windyjets.com\/pt-pt\/#website\"},\"primaryImageOfPage\":{\"@id\":\"https:\/\/windyjets.com\/pt-pt\/voos-para-grupos\/#primaryimage\"},\"image\":{\"@id\":\"https:\/\/windyjets.com\/pt-pt\/voos-para-grupos\/#primaryimage\"},\"thumbnailUrl\":\"https:\/\/windyjets.com\/wp-content\/uploads\/2023\/05\/Dornier_328_Flybe.jpg\",\"datePublished\":\"2023-05-05T04:55:00+00:00\",\"dateModified\":\"2023-07-12T08:46:27+00:00\",\"description\":\"Alugue voos privados para grupos em todo o mundo. Aluguel de aeronaves comerciais para mais de 20 passageiros a neg\u00f3cios ou lazer\",\"breadcrumb\":{\"@id\":\"https:\/\/windyjets.com\/pt-pt\/voos-para-grupos\/#breadcrumb\"},\"inLanguage\":\"pt-PT\",\"potentialAction\":[{\"@type\":\"ReadAction\",\"target\":[\"https:\/\/windyjets.com\/pt-pt\/voos-para-grupos\/\"]}]},{\"@type\":\"ImageObject\",\"inLanguage\":\"pt-PT\",\"@id\":\"https:\/\/windyjets.com\/pt-pt\/voos-para-grupos\/#primaryimage\",\"url\":\"https:\/\/windyjets.com\/wp-content\/uploads\/2023\/05\/Dornier_328_Flybe.jpg\",\"contentUrl\":\"https:\/\/windyjets.com\/wp-content\/uploads\/2023\/05\/Dornier_328_Flybe.jpg\",\"width\":1315,\"height\":770},{\"@type\":\"BreadcrumbList\",\"@id\":\"https:\/\/windyjets.com\/pt-pt\/voos-para-grupos\/#breadcrumb\",\"itemListElement\":[{\"@type\":\"ListItem\",\"position\":1,\"name\":\"Portada\",\"item\":\"https:\/\/windyjets.com\/pt-pt\/jactos-privados\/\"},{\"@type\":\"ListItem\",\"position\":2,\"name\":\"Voos de grupo\"}]},{\"@type\":\"WebSite\",\"@id\":\"https:\/\/windyjets.com\/pt-pt\/#website\",\"url\":\"https:\/\/windyjets.com\/pt-pt\/\",\"name\":\"WindyJets\",\"description\":\"Alquiler Jets Privados\",\"publisher\":{\"@id\":\"https:\/\/windyjets.com\/pt-pt\/#organization\"},\"alternateName\":\"Windy Jets\",\"potentialAction\":[{\"@type\":\"SearchAction\",\"target\":{\"@type\":\"EntryPoint\",\"urlTemplate\":\"https:\/\/windyjets.com\/pt-pt\/?s={search_term_string}\"},\"query-input\":\"required name=search_term_string\"}],\"inLanguage\":\"pt-PT\"},{\"@type\":\"Organization\",\"@id\":\"https:\/\/windyjets.com\/pt-pt\/#organization\",\"name\":\"WindyJets\",\"alternateName\":\"Windy Jets\",\"url\":\"https:\/\/windyjets.com\/pt-pt\/\",\"logo\":{\"@type\":\"ImageObject\",\"inLanguage\":\"pt-PT\",\"@id\":\"https:\/\/windyjets.com\/pt-pt\/#\/schema\/logo\/image\/\",\"url\":\"https:\/\/windyjets.com\/wp-content\/uploads\/2023\/05\/logo-windyjets.png\",\"contentUrl\":\"https:\/\/windyjets.com\/wp-content\/uploads\/2023\/05\/logo-windyjets.png\",\"width\":1400,\"height\":250,\"caption\":\"WindyJets\"},\"image\":{\"@id\":\"https:\/\/windyjets.com\/pt-pt\/#\/schema\/logo\/image\/\"}}]}<\/script>\n<!-- \/ Yoast SEO plugin. -->","yoast_head_json":{"title":"Voos privados para grupos - Charter para grupos - WindyJets","description":"Alugue voos privados para grupos em todo o mundo. Aluguel de aeronaves comerciais para mais de 20 passageiros a neg\u00f3cios ou lazer","robots":{"index":"index","follow":"follow","max-snippet":"max-snippet:-1","max-image-preview":"max-image-preview:large","max-video-preview":"max-video-preview:-1"},"canonical":"https:\/\/windyjets.com\/pt-pt\/voos-para-grupos\/","og_locale":"pt_PT","og_type":"article","og_title":"Voos privados para grupos - Charter para grupos - WindyJets","og_description":"Alugue voos privados para grupos em todo o mundo. Aluguel de aeronaves comerciais para mais de 20 passageiros a neg\u00f3cios ou lazer","og_url":"https:\/\/windyjets.com\/pt-pt\/voos-para-grupos\/","og_site_name":"WindyJets","article_modified_time":"2023-07-12T08:46:27+00:00","og_image":[{"width":1315,"height":770,"url":"https:\/\/windyjets.com\/wp-content\/uploads\/2023\/05\/Dornier_328_Flybe.jpg","type":"image\/jpeg"}],"twitter_card":"summary_large_image","twitter_misc":{"Tempo estimado de leitura":"8 minutos"},"schema":{"@context":"https:\/\/schema.org","@graph":[{"@type":"WebPage","@id":"https:\/\/windyjets.com\/pt-pt\/voos-para-grupos\/","url":"https:\/\/windyjets.com\/pt-pt\/voos-para-grupos\/","name":"Voos privados para grupos - Charter para grupos - WindyJets","isPartOf":{"@id":"https:\/\/windyjets.com\/pt-pt\/#website"},"primaryImageOfPage":{"@id":"https:\/\/windyjets.com\/pt-pt\/voos-para-grupos\/#primaryimage"},"image":{"@id":"https:\/\/windyjets.com\/pt-pt\/voos-para-grupos\/#primaryimage"},"thumbnailUrl":"https:\/\/windyjets.com\/wp-content\/uploads\/2023\/05\/Dornier_328_Flybe.jpg","datePublished":"2023-05-05T04:55:00+00:00","dateModified":"2023-07-12T08:46:27+00:00","description":"Alugue voos privados para grupos em todo o mundo. Aluguel de aeronaves comerciais para mais de 20 passageiros a neg\u00f3cios ou lazer","breadcrumb":{"@id":"https:\/\/windyjets.com\/pt-pt\/voos-para-grupos\/#breadcrumb"},"inLanguage":"pt-PT","potentialAction":[{"@type":"ReadAction","target":["https:\/\/windyjets.com\/pt-pt\/voos-para-grupos\/"]}]},{"@type":"ImageObject","inLanguage":"pt-PT","@id":"https:\/\/windyjets.com\/pt-pt\/voos-para-grupos\/#primaryimage","url":"https:\/\/windyjets.com\/wp-content\/uploads\/2023\/05\/Dornier_328_Flybe.jpg","contentUrl":"https:\/\/windyjets.com\/wp-content\/uploads\/2023\/05\/Dornier_328_Flybe.jpg","width":1315,"height":770},{"@type":"BreadcrumbList","@id":"https:\/\/windyjets.com\/pt-pt\/voos-para-grupos\/#breadcrumb","itemListElement":[{"@type":"ListItem","position":1,"name":"Portada","item":"https:\/\/windyjets.com\/pt-pt\/jactos-privados\/"},{"@type":"ListItem","position":2,"name":"Voos de grupo"}]},{"@type":"WebSite","@id":"https:\/\/windyjets.com\/pt-pt\/#website","url":"https:\/\/windyjets.com\/pt-pt\/","name":"WindyJets","description":"Alquiler Jets Privados","publisher":{"@id":"https:\/\/windyjets.com\/pt-pt\/#organization"},"alternateName":"Windy Jets","potentialAction":[{"@type":"SearchAction","target":{"@type":"EntryPoint","urlTemplate":"https:\/\/windyjets.com\/pt-pt\/?s={search_term_string}"},"query-input":"required name=search_term_string"}],"inLanguage":"pt-PT"},{"@type":"Organization","@id":"https:\/\/windyjets.com\/pt-pt\/#organization","name":"WindyJets","alternateName":"Windy Jets","url":"https:\/\/windyjets.com\/pt-pt\/","logo":{"@type":"ImageObject","inLanguage":"pt-PT","@id":"https:\/\/windyjets.com\/pt-pt\/#\/schema\/logo\/image\/","url":"https:\/\/windyjets.com\/wp-content\/uploads\/2023\/05\/logo-windyjets.png","contentUrl":"https:\/\/windyjets.com\/wp-content\/uploads\/2023\/05\/logo-windyjets.png","width":1400,"height":250,"caption":"WindyJets"},"image":{"@id":"https:\/\/windyjets.com\/pt-pt\/#\/schema\/logo\/image\/"}}]}},"_links":{"self":[{"href":"https:\/\/windyjets.com\/pt-pt\/wp-json\/wp\/v2\/pages\/223846","targetHints":{"allow":["GET"]}}],"collection":[{"href":"https:\/\/windyjets.com\/pt-pt\/wp-json\/wp\/v2\/pages"}],"about":[{"href":"https:\/\/windyjets.com\/pt-pt\/wp-json\/wp\/v2\/types\/page"}],"author":[{"embeddable":true,"href":"https:\/\/windyjets.com\/pt-pt\/wp-json\/wp\/v2\/users\/2"}],"replies":[{"embeddable":true,"href":"https:\/\/windyjets.com\/pt-pt\/wp-json\/wp\/v2\/comments?post=223846"}],"version-history":[{"count":7,"href":"https:\/\/windyjets.com\/pt-pt\/wp-json\/wp\/v2\/pages\/223846\/revisions"}],"predecessor-version":[{"id":225355,"href":"https:\/\/windyjets.com\/pt-pt\/wp-json\/wp\/v2\/pages\/223846\/revisions\/225355"}],"wp:featuredmedia":[{"embeddable":true,"href":"https:\/\/windyjets.com\/pt-pt\/wp-json\/wp\/v2\/media\/223770"}],"wp:attachment":[{"href":"https:\/\/windyjets.com\/pt-pt\/wp-json\/wp\/v2\/media?parent=223846"}],"curies":[{"name":"wp","href":"https:\/\/api.w.org\/{rel}","templated":true}]}}