{"id":223867,"date":"2023-05-13T07:50:53","date_gmt":"2023-05-13T07:50:53","guid":{"rendered":"https:\/\/windyjets.com\/guia-de-aeronave\/"},"modified":"2023-07-17T08:33:22","modified_gmt":"2023-07-17T08:33:22","slug":"guia-de-aeronave","status":"publish","type":"page","link":"https:\/\/windyjets.com\/pt-pt\/guia-de-aeronave\/","title":{"rendered":"Guia de Aeronaves"},"content":{"rendered":"<p>[et_pb_section fb_built=&#8221;1&#8243; prev_background_color=&#8221;#003890&#8243; _builder_version=&#8221;4.21.0&#8243; _module_preset=&#8221;default&#8221; top_divider_style=&#8221;ramp2&#8243; top_divider_height=&#8221;50px&#8221; top_divider_height_tablet=&#8221;50px&#8221; top_divider_height_phone=&#8221;50px&#8221; top_divider_height_last_edited=&#8221;on|desktop&#8221; global_colors_info=&#8221;{}&#8221;][et_pb_row _builder_version=&#8221;4.21.0&#8243; _module_preset=&#8221;default&#8221; custom_margin=&#8221;0px||||false|false&#8221; global_colors_info=&#8221;{}&#8221;][et_pb_column type=&#8221;4_4&#8243; _builder_version=&#8221;4.21.0&#8243; _module_preset=&#8221;default&#8221; global_colors_info=&#8221;{}&#8221;][et_pb_blurb title=&#8221;Guia de aeronaves para alugar&#8221; use_icon=&#8221;on&#8221; font_icon=&#8221;&#xf5b0;||fa||900&#8243; icon_placement=&#8221;left&#8221; image_icon_width=&#8221;200px&#8221; content_max_width=&#8221;847px&#8221; icon_placement_tablet=&#8221;top&#8221; icon_placement_phone=&#8221;top&#8221; icon_placement_last_edited=&#8221;on|tablet&#8221; image_icon_width_tablet=&#8221;112px&#8221; image_icon_width_phone=&#8221;112px&#8221; image_icon_width_last_edited=&#8221;on|tablet&#8221; _builder_version=&#8221;4.21.0&#8243; _module_preset=&#8221;default&#8221; header_level=&#8221;h1&#8243; header_text_color=&#8221;#003890&#8243; header_font_size=&#8221;40px&#8221; body_font_size=&#8221;18px&#8221; text_orientation=&#8221;center&#8221; animation_style=&#8221;roll&#8221; animation=&#8221;left&#8221; body_font_size_tablet=&#8221;16px&#8221; body_font_size_phone=&#8221;16px&#8221; body_font_size_last_edited=&#8221;on|tablet&#8221; global_colors_info=&#8221;{}&#8221;]<\/p>\n<p><span>Descubra jatos particulares de qualquer tamanho para fretamento. Aqui voc\u00ea encontra jatos para alugar de todos os modelos. Conhe\u00e7a os diferentes modelos de aeronaves dispon\u00edveis e escolha a op\u00e7\u00e3o que melhor se adapta \u00e0s suas necessidades.  <\/span><\/p>\n<p><span>Escolha por marca, modelo, n\u00famero de assentos, servi\u00e7os a bordo&#8230; Todos os jatos particulares atendem aos padr\u00f5es de seguran\u00e7a e conforto que voc\u00ea procura.<\/span><\/p>\n<p>[\/et_pb_blurb][\/et_pb_column][\/et_pb_row][\/et_pb_section][et_pb_section fb_built=&#8221;1&#8243; _builder_version=&#8221;4.21.0&#8243; _module_preset=&#8221;default&#8221; custom_margin=&#8221;-100px||||false|false&#8221; global_colors_info=&#8221;{}&#8221;][et_pb_row _builder_version=&#8221;4.21.0&#8243; _module_preset=&#8221;default&#8221; global_colors_info=&#8221;{}&#8221;][et_pb_column type=&#8221;4_4&#8243; _builder_version=&#8221;4.21.0&#8243; _module_preset=&#8221;default&#8221; global_colors_info=&#8221;{}&#8221;][ba_advanced_divider active_element=&#8221;text&#8221; title=&#8221;Turbo Props&#8221; border_style_classic=&#8221;solid&#8221; border_color=&#8221;#003890&#8243; border_weight=&#8221;1.3px&#8221; _builder_version=&#8221;4.21.0&#8243; _module_preset=&#8221;default&#8221; title_level=&#8221;h2&#8243; title_text_color=&#8221;#003890&#8243; global_colors_info=&#8221;{}&#8221;][\/ba_advanced_divider][ba_post_list include_categories=&#8221;19&#8243; show_excerpt=&#8221;off&#8221; list_type=&#8221;grid&#8221; items=&#8221;5&#8243; alignment=&#8221;center&#8221; image_width=&#8221;196px&#8221; image_height=&#8221;134px&#8221; image_spacing=&#8221;24px&#8221; items_tablet=&#8221;&#8221; items_phone=&#8221;2&#8243; items_last_edited=&#8221;on|phone&#8221; item_spacing_tablet=&#8221;10px&#8221; item_spacing_phone=&#8221;10px&#8221; item_spacing_last_edited=&#8221;on|tablet&#8221; image_width_tablet=&#8221;122px&#8221; image_width_phone=&#8221;142px&#8221; image_width_last_edited=&#8221;on|phone&#8221; image_height_tablet=&#8221;95px&#8221; image_height_phone=&#8221;120px&#8221; image_height_last_edited=&#8221;on|tablet&#8221; _builder_version=&#8221;4.21.0&#8243; _module_preset=&#8221;default&#8221; title_font_size_tablet=&#8221;16px&#8221; title_font_size_phone=&#8221;16px&#8221; title_font_size_last_edited=&#8221;on|tablet&#8221; border_radii_image=&#8221;on|12px|12px|12px|12px&#8221; border_width_all_image=&#8221;30px&#8221; global_colors_info=&#8221;{}&#8221;][\/ba_post_list][ba_advanced_divider active_element=&#8221;text&#8221; title=&#8221;Very Ligth Jets&#8221; border_style_classic=&#8221;solid&#8221; border_color=&#8221;#003890&#8243; border_weight=&#8221;1.3px&#8221; _builder_version=&#8221;4.21.0&#8243; _module_preset=&#8221;default&#8221; title_level=&#8221;h2&#8243; title_text_color=&#8221;#003890&#8243; global_colors_info=&#8221;{}&#8221;][\/ba_advanced_divider][ba_post_list include_categories=&#8221;297&#8243; show_excerpt=&#8221;off&#8221; list_type=&#8221;grid&#8221; items=&#8221;5&#8243; alignment=&#8221;center&#8221; image_width=&#8221;196px&#8221; image_height=&#8221;134px&#8221; image_spacing=&#8221;24px&#8221; items_tablet=&#8221;&#8221; items_phone=&#8221;2&#8243; items_last_edited=&#8221;on|phone&#8221; item_spacing_tablet=&#8221;10px&#8221; item_spacing_phone=&#8221;10px&#8221; item_spacing_last_edited=&#8221;on|tablet&#8221; image_width_tablet=&#8221;122px&#8221; image_width_phone=&#8221;142px&#8221; image_width_last_edited=&#8221;on|phone&#8221; image_height_tablet=&#8221;95px&#8221; image_height_phone=&#8221;120px&#8221; image_height_last_edited=&#8221;on|tablet&#8221; _builder_version=&#8221;4.21.0&#8243; _module_preset=&#8221;default&#8221; title_font_size_tablet=&#8221;16px&#8221; title_font_size_phone=&#8221;16px&#8221; title_font_size_last_edited=&#8221;on|tablet&#8221; border_radii_image=&#8221;on|12px|12px|12px|12px&#8221; border_width_all_image=&#8221;30px&#8221; global_colors_info=&#8221;{}&#8221;][\/ba_post_list][ba_advanced_divider active_element=&#8221;text&#8221; title=&#8221;Light Jets&#8221; border_style_classic=&#8221;solid&#8221; border_color=&#8221;#003890&#8243; border_weight=&#8221;1.3px&#8221; _builder_version=&#8221;4.21.0&#8243; _module_preset=&#8221;default&#8221; title_level=&#8221;h2&#8243; title_text_color=&#8221;#003890&#8243; global_colors_info=&#8221;{}&#8221;][\/ba_advanced_divider][ba_post_list include_categories=&#8221;21&#8243; posts_number=&#8221;20&#8243; show_excerpt=&#8221;off&#8221; list_type=&#8221;grid&#8221; items=&#8221;5&#8243; alignment=&#8221;center&#8221; image_width=&#8221;196px&#8221; image_height=&#8221;134px&#8221; image_spacing=&#8221;24px&#8221; items_tablet=&#8221;&#8221; items_phone=&#8221;2&#8243; items_last_edited=&#8221;on|phone&#8221; item_spacing_tablet=&#8221;10px&#8221; item_spacing_phone=&#8221;10px&#8221; item_spacing_last_edited=&#8221;on|tablet&#8221; image_width_tablet=&#8221;122px&#8221; image_width_phone=&#8221;142px&#8221; image_width_last_edited=&#8221;on|phone&#8221; image_height_tablet=&#8221;95px&#8221; image_height_phone=&#8221;120px&#8221; image_height_last_edited=&#8221;on|tablet&#8221; _builder_version=&#8221;4.21.0&#8243; _module_preset=&#8221;default&#8221; title_font_size_tablet=&#8221;16px&#8221; title_font_size_phone=&#8221;16px&#8221; title_font_size_last_edited=&#8221;on|tablet&#8221; border_radii_image=&#8221;on|12px|12px|12px|12px&#8221; border_width_all_image=&#8221;30px&#8221; global_colors_info=&#8221;{}&#8221;][\/ba_post_list][ba_advanced_divider active_element=&#8221;text&#8221; title=&#8221;Super Light Jets&#8221; border_style_classic=&#8221;solid&#8221; border_color=&#8221;#003890&#8243; border_weight=&#8221;1.3px&#8221; _builder_version=&#8221;4.21.0&#8243; _module_preset=&#8221;default&#8221; title_level=&#8221;h2&#8243; title_text_color=&#8221;#003890&#8243; global_colors_info=&#8221;{}&#8221;][\/ba_advanced_divider][ba_post_list include_categories=&#8221;307&#8243; posts_number=&#8221;20&#8243; show_excerpt=&#8221;off&#8221; list_type=&#8221;grid&#8221; items=&#8221;5&#8243; alignment=&#8221;center&#8221; image_width=&#8221;196px&#8221; image_height=&#8221;134px&#8221; image_spacing=&#8221;24px&#8221; items_tablet=&#8221;&#8221; items_phone=&#8221;2&#8243; items_last_edited=&#8221;on|phone&#8221; item_spacing_tablet=&#8221;10px&#8221; item_spacing_phone=&#8221;10px&#8221; item_spacing_last_edited=&#8221;on|tablet&#8221; image_width_tablet=&#8221;122px&#8221; image_width_phone=&#8221;142px&#8221; image_width_last_edited=&#8221;on|phone&#8221; image_height_tablet=&#8221;95px&#8221; image_height_phone=&#8221;120px&#8221; image_height_last_edited=&#8221;on|tablet&#8221; _builder_version=&#8221;4.21.0&#8243; _module_preset=&#8221;default&#8221; title_font_size_tablet=&#8221;16px&#8221; title_font_size_phone=&#8221;16px&#8221; title_font_size_last_edited=&#8221;on|tablet&#8221; border_radii_image=&#8221;on|12px|12px|12px|12px&#8221; border_width_all_image=&#8221;30px&#8221; global_colors_info=&#8221;{}&#8221;][\/ba_post_list][ba_advanced_divider active_element=&#8221;text&#8221; title=&#8221;Midsize Jets&#8221; border_style_classic=&#8221;solid&#8221; border_color=&#8221;#003890&#8243; border_weight=&#8221;1.3px&#8221; _builder_version=&#8221;4.21.0&#8243; _module_preset=&#8221;default&#8221; title_level=&#8221;h2&#8243; title_text_color=&#8221;#003890&#8243; global_colors_info=&#8221;{}&#8221;][\/ba_advanced_divider][ba_post_list include_categories=&#8221;317&#8243; posts_number=&#8221;20&#8243; show_excerpt=&#8221;off&#8221; list_type=&#8221;grid&#8221; items=&#8221;5&#8243; alignment=&#8221;center&#8221; image_width=&#8221;196px&#8221; image_height=&#8221;134px&#8221; image_spacing=&#8221;24px&#8221; items_tablet=&#8221;&#8221; items_phone=&#8221;2&#8243; items_last_edited=&#8221;on|phone&#8221; item_spacing_tablet=&#8221;10px&#8221; item_spacing_phone=&#8221;10px&#8221; item_spacing_last_edited=&#8221;on|tablet&#8221; image_width_tablet=&#8221;122px&#8221; image_width_phone=&#8221;142px&#8221; image_width_last_edited=&#8221;on|phone&#8221; image_height_tablet=&#8221;95px&#8221; image_height_phone=&#8221;120px&#8221; image_height_last_edited=&#8221;on|tablet&#8221; _builder_version=&#8221;4.21.0&#8243; _module_preset=&#8221;default&#8221; title_font_size_tablet=&#8221;16px&#8221; title_font_size_phone=&#8221;16px&#8221; title_font_size_last_edited=&#8221;on|tablet&#8221; border_radii_image=&#8221;on|12px|12px|12px|12px&#8221; border_width_all_image=&#8221;30px&#8221; global_colors_info=&#8221;{}&#8221;][\/ba_post_list][\/et_pb_column][\/et_pb_row][\/et_pb_section][et_pb_section fb_built=&#8221;1&#8243; admin_label=&#8221;Contactar&#8221; _builder_version=&#8221;4.21.0&#8243; _module_preset=&#8221;default&#8221; vertical_offset_tablet=&#8221;&#8221; vertical_offset_phone=&#8221;-157px&#8221; vertical_offset_last_edited=&#8221;on|phone&#8221; top_divider_style=&#8221;curve2&#8243; top_divider_color=&#8221;#003890&#8243; top_divider_height=&#8221;39px&#8221; top_divider_repeat=&#8221;1x&#8221; top_divider_flip=&#8221;vertical&#8221; top_divider_arrangement=&#8221;above_content&#8221; top_divider_style_tablet=&#8221;curve&#8221; top_divider_style_phone=&#8221;curve&#8221; top_divider_style_last_edited=&#8221;on|phone&#8221; border_width_all=&#8221;4px&#8221; border_color_all=&#8221;#0C71C3&#8243; border_style_all=&#8221;outset&#8221; locked=&#8221;off&#8221; global_colors_info=&#8221;{}&#8221;][et_pb_row _builder_version=&#8221;4.21.0&#8243; _module_preset=&#8221;default&#8221; global_colors_info=&#8221;{}&#8221;][et_pb_column type=&#8221;4_4&#8243; _builder_version=&#8221;4.21.0&#8243; _module_preset=&#8221;default&#8221; global_colors_info=&#8221;{}&#8221;][et_pb_text _builder_version=&#8221;4.21.0&#8243; _module_preset=&#8221;default&#8221; text_text_color=&#8221;#003890&#8243; text_font_size_tablet=&#8221;&#8221; text_font_size_phone=&#8221;34px&#8221; text_font_size_last_edited=&#8221;on|phone&#8221; global_colors_info=&#8221;{}&#8221;]<\/p>\n<p>Contacte-nos<\/p>\n<p>[\/et_pb_text][\/et_pb_column][\/et_pb_row][et_pb_row column_structure=&#8221;1_2,1_2&#8243; _builder_version=&#8221;4.21.0&#8243; _module_preset=&#8221;default&#8221; global_colors_info=&#8221;{}&#8221;][et_pb_column type=&#8221;1_2&#8243; _builder_version=&#8221;4.21.0&#8243; _module_preset=&#8221;default&#8221; global_colors_info=&#8221;{}&#8221;][et_pb_text _builder_version=&#8221;4.21.0&#8243; _module_preset=&#8221;default&#8221; text_text_color=&#8221;#003890&#8243; text_font_size=&#8221;22px&#8221; global_colors_info=&#8221;{}&#8221;]<\/p>\n<p>Contacte-nos para qualquer d\u00favida ou coment\u00e1rio sobre os nossos servi\u00e7os para viagens em voos privados: pre\u00e7os, disponibilidade, servi\u00e7os adicionais&#8230;<\/p>\n<p>Se pretender um or\u00e7amento para alugar um jato privado, um charter para um grupo ou para qualquer servi\u00e7o relacionado, pode contactar-nos atrav\u00e9s do formul\u00e1rio ou por e-mail:<\/p>\n<p>[\/et_pb_text][dsm_icon_list list_layout=&#8221;horizontal&#8221; list_alignment=&#8221;center&#8221; list_space_between=&#8221;51px&#8221; list_background=&#8221;RGBA(255,255,255,0)&#8221; _builder_version=&#8221;4.21.0&#8243; _module_preset=&#8221;default&#8221; module_alignment=&#8221;center&#8221; box_shadow_style=&#8221;preset1&#8243; global_colors_info=&#8221;{}&#8221;][dsm_icon_list_child text=&#8221;info@windyjets.com&#8221; font_icon=&#8221;&#xe010;||divi||400&#8243; icon_padding=&#8221;4px&#8221; icon_font_size=&#8221;27px&#8221; url=&#8221;mailto:info@windyjets.com&#8221; url_new_window=&#8221;on&#8221; _builder_version=&#8221;4.21.0&#8243; _module_preset=&#8221;default&#8221; text_text_color=&#8221;#003890&#8243; text_font_size=&#8221;18px&#8221; global_colors_info=&#8221;{}&#8221;][\/dsm_icon_list_child][\/dsm_icon_list][dsm_icon_list list_layout=&#8221;horizontal&#8221; list_alignment=&#8221;center&#8221; list_space_between=&#8221;51px&#8221; list_background=&#8221;RGBA(255,255,255,0)&#8221; _builder_version=&#8221;4.21.0&#8243; _module_preset=&#8221;default&#8221; module_alignment=&#8221;center&#8221; box_shadow_style=&#8221;preset1&#8243; global_colors_info=&#8221;{}&#8221;][dsm_icon_list_child text=&#8221;+34 626 680 092&#8243; font_icon=&#8221;&#xe090;||divi||400&#8243; icon_padding=&#8221;3px&#8221; icon_font_size=&#8221;29px&#8221; url=&#8221;tel:+34626680092&#8243; _builder_version=&#8221;4.21.0&#8243; _module_preset=&#8221;default&#8221; text_text_color=&#8221;#003890&#8243; global_colors_info=&#8221;{}&#8221;][\/dsm_icon_list_child][\/dsm_icon_list][et_pb_image src=&#8221;https:\/\/windyjets.com\/wp-content\/uploads\/2023\/05\/favicon.png&#8221; title_text=&#8221;favicon&#8221; align=&#8221;center&#8221; _builder_version=&#8221;4.21.0&#8243; _module_preset=&#8221;default&#8221; width=&#8221;44%&#8221; width_tablet=&#8221;44%&#8221; width_phone=&#8221;36%&#8221; width_last_edited=&#8221;on|phone&#8221; animation_style=&#8221;roll&#8221; locked=&#8221;off&#8221; global_colors_info=&#8221;{}&#8221;][\/et_pb_image][\/et_pb_column][et_pb_column type=&#8221;1_2&#8243; _builder_version=&#8221;4.21.0&#8243; _module_preset=&#8221;default&#8221; global_colors_info=&#8221;{}&#8221;][dvppl_cf7_styler form_padding=&#8221;1px|0px|1px|0px|false|false&#8221; use_form_button_fullwidth=&#8221;on&#8221; cf7=&#8221;216916&#8243; form_field_height=&#8221;35px&#8221; form_field_spacing=&#8221;0px&#8221; form_label_spacing=&#8221;0px&#8221; cr_custom_styles=&#8221;on&#8221; cr_size=&#8221;26px&#8221; cr_selected_color=&#8221;#003890&#8243; _builder_version=&#8221;4.21.0&#8243; _module_preset=&#8221;default&#8221; placeholder_text_color=&#8221;#003890&#8243; placeholder_font_size=&#8221;16px&#8221; placeholder_line_height=&#8221;1em&#8221; custom_submit_button=&#8221;on&#8221; submit_button_text_color=&#8221;#003890&#8243; submit_button_border_radius=&#8221;0px&#8221; border_radii_field=&#8221;on|20px|20px|20px|20px&#8221; border_color_all_field=&#8221;#003890&#8243; border_style_all_field=&#8221;dashed&#8221; global_colors_info=&#8221;{}&#8221;][\/dvppl_cf7_styler][et_pb_text _builder_version=&#8221;4.21.0&#8243; _module_preset=&#8221;default&#8221; text_font=&#8221;||||||||&#8221; text_font_size=&#8221;14px&#8221; locked=&#8221;off&#8221; global_colors_info=&#8221;{}&#8221;]<\/p>\n<p style=\"text-align: left;\">* Campo obrigat\u00f3rio Ao enviar a mensagem atrav\u00e9s do nosso formul\u00e1rio, est\u00e1 a aceitar a nossa <a href=\"\" target=\"\" rel=\"noopener\">Pol\u00edtica de Privacidade.<\/a><\/p>\n<p>This site is protected by reCAPTCHA and the Google. <a href=\"https:\/\/policies.google.com\/privacy\" rel=\"nofollow\">Privacy Policy<\/a> and <a href=\"https:\/\/policies.google.com\/terms\" rel=\"nofollow\">Terms of Service<\/a> apply.<\/p>\n<p>[\/et_pb_text][\/et_pb_column][\/et_pb_row][\/et_pb_section]<\/p>\n","protected":false},"excerpt":{"rendered":"<p>Descubra jatos particulares de qualquer tamanho para fretamento. Aqui voc\u00ea encontra jatos para alugar de todos os modelos.<\/p>\n","protected":false},"author":2,"featured_media":0,"parent":0,"menu_order":0,"comment_status":"closed","ping_status":"closed","template":"","meta":{"_et_pb_use_builder":"on","_et_pb_old_content":"","_et_gb_content_width":"","footnotes":""},"class_list":["post-223867","page","type-page","status-publish","hentry"],"yoast_head":"<!-- This site is optimized with the Yoast SEO plugin v22.6 - https:\/\/yoast.com\/wordpress\/plugins\/seo\/ -->\n<title>Private Jet Guide - Todos os nossos modelos - WindyJets<\/title>\n<meta name=\"description\" content=\"Descubra todos os nossos modelos de jactos privados dispon\u00edveis e escolha aquele que melhor se adapta \u00e0s suas necessidades. Turbo\u00e9lices, jatos leves e pesados, avi\u00f5es VIP e muito mais.\" \/>\n<meta name=\"robots\" content=\"index, follow, max-snippet:-1, max-image-preview:large, max-video-preview:-1\" \/>\n<link rel=\"canonical\" href=\"https:\/\/windyjets.com\/pt-pt\/guia-de-aeronave\/\" \/>\n<meta property=\"og:locale\" content=\"pt_PT\" \/>\n<meta property=\"og:type\" content=\"article\" \/>\n<meta property=\"og:title\" content=\"Private Jet Guide - Todos os nossos modelos - WindyJets\" \/>\n<meta property=\"og:description\" content=\"Descubra todos os nossos modelos de jactos privados dispon\u00edveis e escolha aquele que melhor se adapta \u00e0s suas necessidades. Turbo\u00e9lices, jatos leves e pesados, avi\u00f5es VIP e muito mais.\" \/>\n<meta property=\"og:url\" content=\"https:\/\/windyjets.com\/pt-pt\/guia-de-aeronave\/\" \/>\n<meta property=\"og:site_name\" content=\"WindyJets\" \/>\n<meta property=\"article:modified_time\" content=\"2023-07-17T08:33:22+00:00\" \/>\n<meta name=\"twitter:card\" content=\"summary_large_image\" \/>\n<meta name=\"twitter:label1\" content=\"Tempo estimado de leitura\" \/>\n\t<meta name=\"twitter:data1\" content=\"8 minutos\" \/>\n<script type=\"application\/ld+json\" class=\"yoast-schema-graph\">{\"@context\":\"https:\/\/schema.org\",\"@graph\":[{\"@type\":\"WebPage\",\"@id\":\"https:\/\/windyjets.com\/pt-pt\/guia-de-aeronave\/\",\"url\":\"https:\/\/windyjets.com\/pt-pt\/guia-de-aeronave\/\",\"name\":\"Private Jet Guide - Todos os nossos modelos - WindyJets\",\"isPartOf\":{\"@id\":\"https:\/\/windyjets.com\/pt-pt\/#website\"},\"datePublished\":\"2023-05-13T07:50:53+00:00\",\"dateModified\":\"2023-07-17T08:33:22+00:00\",\"description\":\"Descubra todos os nossos modelos de jactos privados dispon\u00edveis e escolha aquele que melhor se adapta \u00e0s suas necessidades. Turbo\u00e9lices, jatos leves e pesados, avi\u00f5es VIP e muito mais.\",\"breadcrumb\":{\"@id\":\"https:\/\/windyjets.com\/pt-pt\/guia-de-aeronave\/#breadcrumb\"},\"inLanguage\":\"pt-PT\",\"potentialAction\":[{\"@type\":\"ReadAction\",\"target\":[\"https:\/\/windyjets.com\/pt-pt\/guia-de-aeronave\/\"]}]},{\"@type\":\"BreadcrumbList\",\"@id\":\"https:\/\/windyjets.com\/pt-pt\/guia-de-aeronave\/#breadcrumb\",\"itemListElement\":[{\"@type\":\"ListItem\",\"position\":1,\"name\":\"Portada\",\"item\":\"https:\/\/windyjets.com\/pt-pt\/jactos-privados\/\"},{\"@type\":\"ListItem\",\"position\":2,\"name\":\"Guia de Aeronaves\"}]},{\"@type\":\"WebSite\",\"@id\":\"https:\/\/windyjets.com\/pt-pt\/#website\",\"url\":\"https:\/\/windyjets.com\/pt-pt\/\",\"name\":\"WindyJets\",\"description\":\"Alquiler Jets Privados\",\"publisher\":{\"@id\":\"https:\/\/windyjets.com\/pt-pt\/#organization\"},\"alternateName\":\"Windy Jets\",\"potentialAction\":[{\"@type\":\"SearchAction\",\"target\":{\"@type\":\"EntryPoint\",\"urlTemplate\":\"https:\/\/windyjets.com\/pt-pt\/?s={search_term_string}\"},\"query-input\":\"required name=search_term_string\"}],\"inLanguage\":\"pt-PT\"},{\"@type\":\"Organization\",\"@id\":\"https:\/\/windyjets.com\/pt-pt\/#organization\",\"name\":\"WindyJets\",\"alternateName\":\"Windy Jets\",\"url\":\"https:\/\/windyjets.com\/pt-pt\/\",\"logo\":{\"@type\":\"ImageObject\",\"inLanguage\":\"pt-PT\",\"@id\":\"https:\/\/windyjets.com\/pt-pt\/#\/schema\/logo\/image\/\",\"url\":\"https:\/\/windyjets.com\/wp-content\/uploads\/2023\/05\/logo-windyjets.png\",\"contentUrl\":\"https:\/\/windyjets.com\/wp-content\/uploads\/2023\/05\/logo-windyjets.png\",\"width\":1400,\"height\":250,\"caption\":\"WindyJets\"},\"image\":{\"@id\":\"https:\/\/windyjets.com\/pt-pt\/#\/schema\/logo\/image\/\"}}]}<\/script>\n<!-- \/ Yoast SEO plugin. -->","yoast_head_json":{"title":"Private Jet Guide - Todos os nossos modelos - WindyJets","description":"Descubra todos os nossos modelos de jactos privados dispon\u00edveis e escolha aquele que melhor se adapta \u00e0s suas necessidades. Turbo\u00e9lices, jatos leves e pesados, avi\u00f5es VIP e muito mais.","robots":{"index":"index","follow":"follow","max-snippet":"max-snippet:-1","max-image-preview":"max-image-preview:large","max-video-preview":"max-video-preview:-1"},"canonical":"https:\/\/windyjets.com\/pt-pt\/guia-de-aeronave\/","og_locale":"pt_PT","og_type":"article","og_title":"Private Jet Guide - Todos os nossos modelos - WindyJets","og_description":"Descubra todos os nossos modelos de jactos privados dispon\u00edveis e escolha aquele que melhor se adapta \u00e0s suas necessidades. Turbo\u00e9lices, jatos leves e pesados, avi\u00f5es VIP e muito mais.","og_url":"https:\/\/windyjets.com\/pt-pt\/guia-de-aeronave\/","og_site_name":"WindyJets","article_modified_time":"2023-07-17T08:33:22+00:00","twitter_card":"summary_large_image","twitter_misc":{"Tempo estimado de leitura":"8 minutos"},"schema":{"@context":"https:\/\/schema.org","@graph":[{"@type":"WebPage","@id":"https:\/\/windyjets.com\/pt-pt\/guia-de-aeronave\/","url":"https:\/\/windyjets.com\/pt-pt\/guia-de-aeronave\/","name":"Private Jet Guide - Todos os nossos modelos - WindyJets","isPartOf":{"@id":"https:\/\/windyjets.com\/pt-pt\/#website"},"datePublished":"2023-05-13T07:50:53+00:00","dateModified":"2023-07-17T08:33:22+00:00","description":"Descubra todos os nossos modelos de jactos privados dispon\u00edveis e escolha aquele que melhor se adapta \u00e0s suas necessidades. Turbo\u00e9lices, jatos leves e pesados, avi\u00f5es VIP e muito mais.","breadcrumb":{"@id":"https:\/\/windyjets.com\/pt-pt\/guia-de-aeronave\/#breadcrumb"},"inLanguage":"pt-PT","potentialAction":[{"@type":"ReadAction","target":["https:\/\/windyjets.com\/pt-pt\/guia-de-aeronave\/"]}]},{"@type":"BreadcrumbList","@id":"https:\/\/windyjets.com\/pt-pt\/guia-de-aeronave\/#breadcrumb","itemListElement":[{"@type":"ListItem","position":1,"name":"Portada","item":"https:\/\/windyjets.com\/pt-pt\/jactos-privados\/"},{"@type":"ListItem","position":2,"name":"Guia de Aeronaves"}]},{"@type":"WebSite","@id":"https:\/\/windyjets.com\/pt-pt\/#website","url":"https:\/\/windyjets.com\/pt-pt\/","name":"WindyJets","description":"Alquiler Jets Privados","publisher":{"@id":"https:\/\/windyjets.com\/pt-pt\/#organization"},"alternateName":"Windy Jets","potentialAction":[{"@type":"SearchAction","target":{"@type":"EntryPoint","urlTemplate":"https:\/\/windyjets.com\/pt-pt\/?s={search_term_string}"},"query-input":"required name=search_term_string"}],"inLanguage":"pt-PT"},{"@type":"Organization","@id":"https:\/\/windyjets.com\/pt-pt\/#organization","name":"WindyJets","alternateName":"Windy Jets","url":"https:\/\/windyjets.com\/pt-pt\/","logo":{"@type":"ImageObject","inLanguage":"pt-PT","@id":"https:\/\/windyjets.com\/pt-pt\/#\/schema\/logo\/image\/","url":"https:\/\/windyjets.com\/wp-content\/uploads\/2023\/05\/logo-windyjets.png","contentUrl":"https:\/\/windyjets.com\/wp-content\/uploads\/2023\/05\/logo-windyjets.png","width":1400,"height":250,"caption":"WindyJets"},"image":{"@id":"https:\/\/windyjets.com\/pt-pt\/#\/schema\/logo\/image\/"}}]}},"_links":{"self":[{"href":"https:\/\/windyjets.com\/pt-pt\/wp-json\/wp\/v2\/pages\/223867","targetHints":{"allow":["GET"]}}],"collection":[{"href":"https:\/\/windyjets.com\/pt-pt\/wp-json\/wp\/v2\/pages"}],"about":[{"href":"https:\/\/windyjets.com\/pt-pt\/wp-json\/wp\/v2\/types\/page"}],"author":[{"embeddable":true,"href":"https:\/\/windyjets.com\/pt-pt\/wp-json\/wp\/v2\/users\/2"}],"replies":[{"embeddable":true,"href":"https:\/\/windyjets.com\/pt-pt\/wp-json\/wp\/v2\/comments?post=223867"}],"version-history":[{"count":24,"href":"https:\/\/windyjets.com\/pt-pt\/wp-json\/wp\/v2\/pages\/223867\/revisions"}],"predecessor-version":[{"id":226940,"href":"https:\/\/windyjets.com\/pt-pt\/wp-json\/wp\/v2\/pages\/223867\/revisions\/226940"}],"wp:attachment":[{"href":"https:\/\/windyjets.com\/pt-pt\/wp-json\/wp\/v2\/media?parent=223867"}],"curies":[{"name":"wp","href":"https:\/\/api.w.org\/{rel}","templated":true}]}}