{"id":223890,"date":"2023-05-06T16:19:42","date_gmt":"2023-05-06T16:19:42","guid":{"rendered":"https:\/\/windyjets.com\/compra-venda-de-jatos-privados\/"},"modified":"2023-06-26T08:17:58","modified_gmt":"2023-06-26T08:17:58","slug":"compra-venda-de-jatos-privados","status":"publish","type":"page","link":"https:\/\/windyjets.com\/pt-pt\/compra-venda-de-jatos-privados\/","title":{"rendered":"Jatos \u00e0 venta"},"content":{"rendered":"<p>[et_pb_section fb_built=&#8221;1&#8243; fullwidth=&#8221;on&#8221; custom_padding_last_edited=&#8221;on|phone&#8221; admin_label=&#8221;TextoHome-1&#8243; _builder_version=&#8221;4.21.0&#8243; _module_preset=&#8221;default&#8221; background_color=&#8221;RGBA(255,255,255,0)&#8221; use_background_color_gradient=&#8221;on&#8221; background_color_gradient_stops=&#8221;#003980 0%|#3077a1 98%&#8221; vertical_offset_tablet=&#8221;&#8221; vertical_offset_phone=&#8221;0px&#8221; vertical_offset_last_edited=&#8221;on|phone&#8221; width=&#8221;100%&#8221; width_tablet=&#8221;70%&#8221; width_phone=&#8221;100%&#8221; width_last_edited=&#8221;on|phone&#8221; max_width=&#8221;100%&#8221; max_width_tablet=&#8221;67%&#8221; max_width_phone=&#8221;100%&#8221; max_width_last_edited=&#8221;on|phone&#8221; module_alignment=&#8221;center&#8221; min_height=&#8221;300px&#8221; height=&#8221;300px&#8221; height_tablet=&#8221;&#8221; height_phone=&#8221;400px&#8221; height_last_edited=&#8221;on|phone&#8221; max_height_tablet=&#8221;&#8221; max_height_phone=&#8221;400px&#8221; max_height_last_edited=&#8221;on|phone&#8221; custom_margin_tablet=&#8221;&#8221; custom_margin_phone=&#8221;&#8221; custom_margin_last_edited=&#8221;on|phone&#8221; custom_padding=&#8221;0px||||false|false&#8221; custom_padding_tablet=&#8221;0px||||false|false&#8221; custom_padding_phone=&#8221;0px||||false|false&#8221; global_colors_info=&#8221;{}&#8221;][et_pb_fullwidth_header title=&#8221;Jatos privados \u00e0 venta&#8221; subhead=&#8221;A decis\u00e3o de comprar um jato particular \u00e9 uma decis\u00e3o importante e depende de v\u00e1rios fatores. \u00c9 importante ter bons conselhos &#8221; text_orientation=&#8221;center&#8221; button_one_text=&#8221;Solicitar informa\u00e7\u00e3o&#8221; button_one_url=&#8221;https:\/\/windyjets.com\/pt-pt\/contato\/&#8221; _builder_version=&#8221;4.21.0&#8243; _module_preset=&#8221;default&#8221; title_level=&#8221;h2&#8243; content_text_color=&#8221;RGBA(255,255,255,0)&#8221; content_line_height=&#8221;1.9em&#8221; subhead_text_color=&#8221;rgba(255,255,255,0.78)&#8221; subhead_font_size=&#8221;20px&#8221; subhead_line_height=&#8221;1.2em&#8221; background_enable_color=&#8221;off&#8221; custom_button_one=&#8221;on&#8221; button_one_icon=&#8221;&#xf072;||fa||900&#8243; global_colors_info=&#8221;{}&#8221;]<\/p>\n<p>xxxx<\/p>\n<p>xxxx<\/p>\n<p>[\/et_pb_fullwidth_header][\/et_pb_section][et_pb_section fb_built=&#8221;1&#8243; specialty=&#8221;on&#8221; bg_img_2=&#8221;https:\/\/windyjets.com\/wp-content\/uploads\/2023\/05\/favicon-blanc-fons.png&#8221; _builder_version=&#8221;4.21.0&#8243; _module_preset=&#8221;default&#8221; top_divider_style=&#8221;arrow2&#8243; top_divider_color=&#8221;#3077a1&#8243; global_colors_info=&#8221;{}&#8221;][et_pb_column type=&#8221;1_2&#8243; specialty_columns=&#8221;2&#8243; _builder_version=&#8221;4.16&#8243; custom_padding=&#8221;|||&#8221; global_colors_info=&#8221;{}&#8221; custom_padding__hover=&#8221;|||&#8221;][et_pb_row_inner _builder_version=&#8221;4.21.0&#8243; _module_preset=&#8221;default&#8221; vertical_offset=&#8221;95px&#8221; global_colors_info=&#8221;{}&#8221;][et_pb_column_inner saved_specialty_column_type=&#8221;1_2&#8243; _builder_version=&#8221;4.21.0&#8243; _module_preset=&#8221;default&#8221; global_colors_info=&#8221;{}&#8221;][et_pb_text _builder_version=&#8221;4.21.0&#8243; _module_preset=&#8221;default&#8221; global_colors_info=&#8221;{}&#8221;]<\/p>\n<h2><strong>Jatos particulares \u00e0 venda<\/strong><\/h2>\n<p>[\/et_pb_text][ba_post_list include_categories=&#8221;12&#8243; order_by=&#8221;title&#8221; show_excerpt=&#8221;off&#8221; item_spacing=&#8221;55px&#8221; item_padding=&#8221;20px|0px|20px|0px|true|false&#8221; alignment=&#8221;center&#8221; image_width=&#8221;300px&#8221; image_height=&#8221;92px&#8221; image_spacing=&#8221;19px&#8221; _builder_version=&#8221;4.21.0&#8243; _module_preset=&#8221;default&#8221; box_shadow_style_post=&#8221;preset1&#8243; global_colors_info=&#8221;{}&#8221;][\/ba_post_list][\/et_pb_column_inner][\/et_pb_row_inner][\/et_pb_column][et_pb_column type=&#8221;1_2&#8243; _builder_version=&#8221;4.16&#8243; custom_padding=&#8221;|||&#8221; global_colors_info=&#8221;{}&#8221; custom_padding__hover=&#8221;|||&#8221;][et_pb_text _builder_version=&#8221;4.21.0&#8243; _module_preset=&#8221;default&#8221; text_font_size=&#8221;29px&#8221; positioning=&#8221;relative&#8221; vertical_offset=&#8221;166px&#8221; custom_margin_tablet=&#8221;&#8221; custom_margin_phone=&#8221;-100px||||false|false&#8221; custom_margin_last_edited=&#8221;on|phone&#8221; hover_enabled=&#8221;0&#8243; background_last_edited=&#8221;on|phone&#8221; global_colors_info=&#8221;{}&#8221; text_text_color=&#8221;#003890&#8243; sticky_enabled=&#8221;0&#8243;]<\/p>\n<h2>Compra\/venda de jatos particulares usados<\/h2>\n<p>[\/et_pb_text][et_pb_text _builder_version=&#8221;4.21.0&#8243; _module_preset=&#8221;default&#8221; text_font=&#8221;||||||||&#8221; text_font_size=&#8221;18px&#8221; positioning=&#8221;relative&#8221; vertical_offset=&#8221;166px&#8221; text_orientation=&#8221;left&#8221; hover_enabled=&#8221;0&#8243; global_colors_info=&#8221;{}&#8221; text_text_color=&#8221;#003890&#8243; sticky_enabled=&#8221;0&#8243;]<\/p>\n<p>Se voc\u00ea viaja com frequ\u00eancia e precisa de transporte r\u00e1pido e conveniente, <strong>comprar um jato particular usado<\/strong> pode ser sua melhor op\u00e7\u00e3o. Os avi\u00f5es particulares podem viajar para destinos que n\u00e3o s\u00e3o conectados por voos comerciais ou n\u00e3o s\u00e3o muito frequentes. Al\u00e9m disso, se voc\u00ea administra uma empresa que exige viagens frequentes e precisa de uma maneira eficiente de chegar aos destinos, comprar um jato particular pode ser um investimento valioso.  <\/p>\n<p>Comprar um jato particular pode ser caro e os custos operacionais e de manuten\u00e7\u00e3o podem ser significativos. \u00c9 importante que um profissional experiente na <strong>compra\/venda de avi\u00f5es particulare<\/strong>s o aconselhe. Na <strong>WindyJets<\/strong> podemos oferecer-lhe um cat\u00e1logo de jactos privados para venda e avaliando todos os pontos a ter em conta na hora de definir o pre\u00e7o de compra de um jacto privado.  <\/p>\n<p>&nbsp;<\/p>\n<p>[\/et_pb_text][et_pb_button button_url=&#8221;https:\/\/windyjets.com\/pt-pt\/contato\/&#8221; button_text=&#8221;Solicitar informa\u00e7\u00e3o&#8221; button_alignment=&#8221;center&#8221; _builder_version=&#8221;4.21.0&#8243; _module_preset=&#8221;default&#8221; custom_button=&#8221;on&#8221; button_text_color=&#8221;#003980&#8243; button_bg_color=&#8221;RGBA(255,255,255,0)&#8221; button_icon=&#8221;&#xf072;||fa||900&#8243; positioning=&#8221;relative&#8221; vertical_offset=&#8221;146px&#8221; custom_margin=&#8221;70px||||false|false&#8221; hover_enabled=&#8221;0&#8243; locked=&#8221;off&#8221; global_colors_info=&#8221;{}&#8221; custom_margin_last_edited=&#8221;on|desktop&#8221; sticky_enabled=&#8221;0&#8243; custom_margin_tablet=&#8221;70px||||false|false&#8221; custom_margin_phone=&#8221;70px||||false|false&#8221;][\/et_pb_button][\/et_pb_column][\/et_pb_section][et_pb_section fb_built=&#8221;1&#8243; admin_label=&#8221;Contactar&#8221; _builder_version=&#8221;4.21.0&#8243; _module_preset=&#8221;default&#8221; vertical_offset_tablet=&#8221;&#8221; vertical_offset_phone=&#8221;0px&#8221; vertical_offset_last_edited=&#8221;on|phone&#8221; custom_margin_tablet=&#8221;&#8221; custom_margin_phone=&#8221;150px||||false|false&#8221; custom_margin_last_edited=&#8221;on|phone&#8221; top_divider_style=&#8221;curve2&#8243; top_divider_color=&#8221;#003890&#8243; top_divider_height=&#8221;39px&#8221; top_divider_repeat=&#8221;1x&#8221; top_divider_flip=&#8221;vertical&#8221; top_divider_arrangement=&#8221;above_content&#8221; top_divider_style_tablet=&#8221;curve&#8221; top_divider_style_phone=&#8221;curve&#8221; top_divider_style_last_edited=&#8221;on|phone&#8221; border_width_all=&#8221;4px&#8221; border_color_all=&#8221;#0C71C3&#8243; border_style_all=&#8221;outset&#8221; locked=&#8221;off&#8221; global_colors_info=&#8221;{}&#8221;][et_pb_row _builder_version=&#8221;4.21.0&#8243; _module_preset=&#8221;default&#8221; global_colors_info=&#8221;{}&#8221;][et_pb_column type=&#8221;4_4&#8243; _builder_version=&#8221;4.21.0&#8243; _module_preset=&#8221;default&#8221; global_colors_info=&#8221;{}&#8221;][et_pb_text _builder_version=&#8221;4.21.0&#8243; _module_preset=&#8221;default&#8221; text_text_color=&#8221;#003890&#8243; text_font_size_tablet=&#8221;&#8221; text_font_size_phone=&#8221;34px&#8221; text_font_size_last_edited=&#8221;on|phone&#8221; global_colors_info=&#8221;{}&#8221;]<\/p>\n<p>Contacte-nos<\/p>\n<p>[\/et_pb_text][\/et_pb_column][\/et_pb_row][et_pb_row column_structure=&#8221;1_2,1_2&#8243; _builder_version=&#8221;4.21.0&#8243; _module_preset=&#8221;default&#8221; global_colors_info=&#8221;{}&#8221;][et_pb_column type=&#8221;1_2&#8243; _builder_version=&#8221;4.21.0&#8243; _module_preset=&#8221;default&#8221; global_colors_info=&#8221;{}&#8221;][et_pb_text _builder_version=&#8221;4.21.0&#8243; _module_preset=&#8221;default&#8221; text_text_color=&#8221;#003890&#8243; text_font_size=&#8221;22px&#8221; global_colors_info=&#8221;{}&#8221;]<\/p>\n<p>Contacte-nos para qualquer d\u00favida ou coment\u00e1rio sobre os nossos servi\u00e7os para viagens em voos privados: pre\u00e7os, disponibilidade, servi\u00e7os adicionais&#8230;<\/p>\n<p>Se pretender um or\u00e7amento para alugar um jato privado, um charter para um grupo ou para qualquer servi\u00e7o relacionado, pode contactar-nos atrav\u00e9s do formul\u00e1rio ou por e-mail:<\/p>\n<p>[\/et_pb_text][dsm_icon_list list_layout=&#8221;horizontal&#8221; list_alignment=&#8221;center&#8221; list_space_between=&#8221;51px&#8221; list_background=&#8221;RGBA(255,255,255,0)&#8221; _builder_version=&#8221;4.21.0&#8243; _module_preset=&#8221;default&#8221; module_alignment=&#8221;center&#8221; box_shadow_style=&#8221;preset1&#8243; global_colors_info=&#8221;{}&#8221;][dsm_icon_list_child text=&#8221;info@windyjets.com&#8221; font_icon=&#8221;&#xe010;||divi||400&#8243; icon_padding=&#8221;4px&#8221; icon_font_size=&#8221;27px&#8221; url=&#8221;mailto:info@windyjets.com&#8221; url_new_window=&#8221;on&#8221; _builder_version=&#8221;4.21.0&#8243; _module_preset=&#8221;default&#8221; text_text_color=&#8221;#003890&#8243; text_font_size=&#8221;18px&#8221; global_colors_info=&#8221;{}&#8221;][\/dsm_icon_list_child][\/dsm_icon_list][dsm_icon_list list_layout=&#8221;horizontal&#8221; list_alignment=&#8221;center&#8221; list_space_between=&#8221;51px&#8221; list_background=&#8221;RGBA(255,255,255,0)&#8221; _builder_version=&#8221;4.21.0&#8243; _module_preset=&#8221;default&#8221; module_alignment=&#8221;center&#8221; box_shadow_style=&#8221;preset1&#8243; global_colors_info=&#8221;{}&#8221;][dsm_icon_list_child text=&#8221;+34 626 680 092&#8243; font_icon=&#8221;&#xe090;||divi||400&#8243; icon_padding=&#8221;3px&#8221; icon_font_size=&#8221;29px&#8221; url=&#8221;tel:+34626680092&#8243; _builder_version=&#8221;4.21.0&#8243; _module_preset=&#8221;default&#8221; text_text_color=&#8221;#003890&#8243; global_colors_info=&#8221;{}&#8221;][\/dsm_icon_list_child][\/dsm_icon_list][et_pb_image src=&#8221;https:\/\/windyjets.com\/wp-content\/uploads\/2023\/05\/favicon.png&#8221; title_text=&#8221;favicon&#8221; align=&#8221;center&#8221; _builder_version=&#8221;4.21.0&#8243; _module_preset=&#8221;default&#8221; width=&#8221;44%&#8221; width_tablet=&#8221;44%&#8221; width_phone=&#8221;36%&#8221; width_last_edited=&#8221;on|phone&#8221; animation_style=&#8221;roll&#8221; locked=&#8221;off&#8221; global_colors_info=&#8221;{}&#8221;][\/et_pb_image][\/et_pb_column][et_pb_column type=&#8221;1_2&#8243; _builder_version=&#8221;4.21.0&#8243; _module_preset=&#8221;default&#8221; global_colors_info=&#8221;{}&#8221;][dvppl_cf7_styler form_padding=&#8221;1px|0px|1px|0px|false|false&#8221; use_form_button_fullwidth=&#8221;on&#8221; cf7=&#8221;216916&#8243; form_field_height=&#8221;35px&#8221; form_field_spacing=&#8221;0px&#8221; form_label_spacing=&#8221;0px&#8221; cr_custom_styles=&#8221;on&#8221; cr_size=&#8221;26px&#8221; cr_selected_color=&#8221;#003890&#8243; _builder_version=&#8221;4.21.0&#8243; _module_preset=&#8221;default&#8221; placeholder_text_color=&#8221;#003890&#8243; placeholder_font_size=&#8221;16px&#8221; placeholder_line_height=&#8221;1em&#8221; custom_submit_button=&#8221;on&#8221; submit_button_text_color=&#8221;#003890&#8243; submit_button_border_radius=&#8221;0px&#8221; border_radii_field=&#8221;on|20px|20px|20px|20px&#8221; border_color_all_field=&#8221;#003890&#8243; border_style_all_field=&#8221;dashed&#8221; global_colors_info=&#8221;{}&#8221;][\/dvppl_cf7_styler][et_pb_text _builder_version=&#8221;4.21.0&#8243; _module_preset=&#8221;default&#8221; text_font=&#8221;||||||||&#8221; text_font_size=&#8221;14px&#8221; locked=&#8221;off&#8221; global_colors_info=&#8221;{}&#8221;]<\/p>\n<p style=\"text-align: left;\">* Campo obrigat\u00f3rio Ao enviar a mensagem atrav\u00e9s do nosso formul\u00e1rio, est\u00e1 a aceitar a nossa <a href=\"\" target=\"\" rel=\"noopener\">Pol\u00edtica de Privacidade.<\/a><\/p>\n<p>This site is protected by reCAPTCHA and the Google. <a href=\"https:\/\/policies.google.com\/privacy\" rel=\"nofollow\">Privacy Policy<\/a> and <a href=\"https:\/\/policies.google.com\/terms\" rel=\"nofollow\">Terms of Service<\/a> apply.<\/p>\n<p>[\/et_pb_text][\/et_pb_column][\/et_pb_row][\/et_pb_section]<\/p>\n","protected":false},"excerpt":{"rendered":"<p>Se voc\u00ea viaja com frequ\u00eancia e precisa de transporte r\u00e1pido e conveniente, comprar um jato particular usado pode ser sua melhor op\u00e7\u00e3o.<\/p>\n","protected":false},"author":2,"featured_media":0,"parent":0,"menu_order":0,"comment_status":"closed","ping_status":"closed","template":"","meta":{"_et_pb_use_builder":"on","_et_pb_old_content":"","_et_gb_content_width":"","footnotes":""},"class_list":["post-223890","page","type-page","status-publish","hentry"],"yoast_head":"<!-- This site is optimized with the Yoast SEO plugin v22.6 - https:\/\/yoast.com\/wordpress\/plugins\/seo\/ -->\n<title>Compre e venda jatos privados - WindyJets<\/title>\n<meta name=\"description\" content=\"Torne-se propriet\u00e1rio de um jato particular. Conhe\u00e7a os modelos de avi\u00f5es particulares \u00e0 venda e escolha a melhor op\u00e7\u00e3o.\" \/>\n<meta name=\"robots\" content=\"index, follow, max-snippet:-1, max-image-preview:large, max-video-preview:-1\" \/>\n<link rel=\"canonical\" href=\"https:\/\/windyjets.com\/pt-pt\/compra-venda-de-jatos-privados\/\" \/>\n<meta property=\"og:locale\" content=\"pt_PT\" \/>\n<meta property=\"og:type\" content=\"article\" \/>\n<meta property=\"og:title\" content=\"Compre e venda jatos privados - WindyJets\" \/>\n<meta property=\"og:description\" content=\"Torne-se propriet\u00e1rio de um jato particular. Conhe\u00e7a os modelos de avi\u00f5es particulares \u00e0 venda e escolha a melhor op\u00e7\u00e3o.\" \/>\n<meta property=\"og:url\" content=\"https:\/\/windyjets.com\/pt-pt\/compra-venda-de-jatos-privados\/\" \/>\n<meta property=\"og:site_name\" content=\"WindyJets\" \/>\n<meta property=\"article:modified_time\" content=\"2023-06-26T08:17:58+00:00\" \/>\n<meta name=\"twitter:card\" content=\"summary_large_image\" \/>\n<meta name=\"twitter:label1\" content=\"Tempo estimado de leitura\" \/>\n\t<meta name=\"twitter:data1\" content=\"7 minutos\" \/>\n<script type=\"application\/ld+json\" class=\"yoast-schema-graph\">{\"@context\":\"https:\/\/schema.org\",\"@graph\":[{\"@type\":\"WebPage\",\"@id\":\"https:\/\/windyjets.com\/pt-pt\/compra-venda-de-jatos-privados\/\",\"url\":\"https:\/\/windyjets.com\/pt-pt\/compra-venda-de-jatos-privados\/\",\"name\":\"Compre e venda jatos privados - WindyJets\",\"isPartOf\":{\"@id\":\"https:\/\/windyjets.com\/pt-pt\/#website\"},\"datePublished\":\"2023-05-06T16:19:42+00:00\",\"dateModified\":\"2023-06-26T08:17:58+00:00\",\"description\":\"Torne-se propriet\u00e1rio de um jato particular. Conhe\u00e7a os modelos de avi\u00f5es particulares \u00e0 venda e escolha a melhor op\u00e7\u00e3o.\",\"breadcrumb\":{\"@id\":\"https:\/\/windyjets.com\/pt-pt\/compra-venda-de-jatos-privados\/#breadcrumb\"},\"inLanguage\":\"pt-PT\",\"potentialAction\":[{\"@type\":\"ReadAction\",\"target\":[\"https:\/\/windyjets.com\/pt-pt\/compra-venda-de-jatos-privados\/\"]}]},{\"@type\":\"BreadcrumbList\",\"@id\":\"https:\/\/windyjets.com\/pt-pt\/compra-venda-de-jatos-privados\/#breadcrumb\",\"itemListElement\":[{\"@type\":\"ListItem\",\"position\":1,\"name\":\"Portada\",\"item\":\"https:\/\/windyjets.com\/pt-pt\/jactos-privados\/\"},{\"@type\":\"ListItem\",\"position\":2,\"name\":\"Jatos \u00e0 venta\"}]},{\"@type\":\"WebSite\",\"@id\":\"https:\/\/windyjets.com\/pt-pt\/#website\",\"url\":\"https:\/\/windyjets.com\/pt-pt\/\",\"name\":\"WindyJets\",\"description\":\"Alquiler Jets Privados\",\"publisher\":{\"@id\":\"https:\/\/windyjets.com\/pt-pt\/#organization\"},\"alternateName\":\"Windy Jets\",\"potentialAction\":[{\"@type\":\"SearchAction\",\"target\":{\"@type\":\"EntryPoint\",\"urlTemplate\":\"https:\/\/windyjets.com\/pt-pt\/?s={search_term_string}\"},\"query-input\":\"required name=search_term_string\"}],\"inLanguage\":\"pt-PT\"},{\"@type\":\"Organization\",\"@id\":\"https:\/\/windyjets.com\/pt-pt\/#organization\",\"name\":\"WindyJets\",\"alternateName\":\"Windy Jets\",\"url\":\"https:\/\/windyjets.com\/pt-pt\/\",\"logo\":{\"@type\":\"ImageObject\",\"inLanguage\":\"pt-PT\",\"@id\":\"https:\/\/windyjets.com\/pt-pt\/#\/schema\/logo\/image\/\",\"url\":\"https:\/\/windyjets.com\/wp-content\/uploads\/2023\/05\/logo-windyjets.png\",\"contentUrl\":\"https:\/\/windyjets.com\/wp-content\/uploads\/2023\/05\/logo-windyjets.png\",\"width\":1400,\"height\":250,\"caption\":\"WindyJets\"},\"image\":{\"@id\":\"https:\/\/windyjets.com\/pt-pt\/#\/schema\/logo\/image\/\"}}]}<\/script>\n<!-- \/ Yoast SEO plugin. -->","yoast_head_json":{"title":"Compre e venda jatos privados - WindyJets","description":"Torne-se propriet\u00e1rio de um jato particular. Conhe\u00e7a os modelos de avi\u00f5es particulares \u00e0 venda e escolha a melhor op\u00e7\u00e3o.","robots":{"index":"index","follow":"follow","max-snippet":"max-snippet:-1","max-image-preview":"max-image-preview:large","max-video-preview":"max-video-preview:-1"},"canonical":"https:\/\/windyjets.com\/pt-pt\/compra-venda-de-jatos-privados\/","og_locale":"pt_PT","og_type":"article","og_title":"Compre e venda jatos privados - WindyJets","og_description":"Torne-se propriet\u00e1rio de um jato particular. Conhe\u00e7a os modelos de avi\u00f5es particulares \u00e0 venda e escolha a melhor op\u00e7\u00e3o.","og_url":"https:\/\/windyjets.com\/pt-pt\/compra-venda-de-jatos-privados\/","og_site_name":"WindyJets","article_modified_time":"2023-06-26T08:17:58+00:00","twitter_card":"summary_large_image","twitter_misc":{"Tempo estimado de leitura":"7 minutos"},"schema":{"@context":"https:\/\/schema.org","@graph":[{"@type":"WebPage","@id":"https:\/\/windyjets.com\/pt-pt\/compra-venda-de-jatos-privados\/","url":"https:\/\/windyjets.com\/pt-pt\/compra-venda-de-jatos-privados\/","name":"Compre e venda jatos privados - WindyJets","isPartOf":{"@id":"https:\/\/windyjets.com\/pt-pt\/#website"},"datePublished":"2023-05-06T16:19:42+00:00","dateModified":"2023-06-26T08:17:58+00:00","description":"Torne-se propriet\u00e1rio de um jato particular. Conhe\u00e7a os modelos de avi\u00f5es particulares \u00e0 venda e escolha a melhor op\u00e7\u00e3o.","breadcrumb":{"@id":"https:\/\/windyjets.com\/pt-pt\/compra-venda-de-jatos-privados\/#breadcrumb"},"inLanguage":"pt-PT","potentialAction":[{"@type":"ReadAction","target":["https:\/\/windyjets.com\/pt-pt\/compra-venda-de-jatos-privados\/"]}]},{"@type":"BreadcrumbList","@id":"https:\/\/windyjets.com\/pt-pt\/compra-venda-de-jatos-privados\/#breadcrumb","itemListElement":[{"@type":"ListItem","position":1,"name":"Portada","item":"https:\/\/windyjets.com\/pt-pt\/jactos-privados\/"},{"@type":"ListItem","position":2,"name":"Jatos \u00e0 venta"}]},{"@type":"WebSite","@id":"https:\/\/windyjets.com\/pt-pt\/#website","url":"https:\/\/windyjets.com\/pt-pt\/","name":"WindyJets","description":"Alquiler Jets Privados","publisher":{"@id":"https:\/\/windyjets.com\/pt-pt\/#organization"},"alternateName":"Windy Jets","potentialAction":[{"@type":"SearchAction","target":{"@type":"EntryPoint","urlTemplate":"https:\/\/windyjets.com\/pt-pt\/?s={search_term_string}"},"query-input":"required name=search_term_string"}],"inLanguage":"pt-PT"},{"@type":"Organization","@id":"https:\/\/windyjets.com\/pt-pt\/#organization","name":"WindyJets","alternateName":"Windy Jets","url":"https:\/\/windyjets.com\/pt-pt\/","logo":{"@type":"ImageObject","inLanguage":"pt-PT","@id":"https:\/\/windyjets.com\/pt-pt\/#\/schema\/logo\/image\/","url":"https:\/\/windyjets.com\/wp-content\/uploads\/2023\/05\/logo-windyjets.png","contentUrl":"https:\/\/windyjets.com\/wp-content\/uploads\/2023\/05\/logo-windyjets.png","width":1400,"height":250,"caption":"WindyJets"},"image":{"@id":"https:\/\/windyjets.com\/pt-pt\/#\/schema\/logo\/image\/"}}]}},"_links":{"self":[{"href":"https:\/\/windyjets.com\/pt-pt\/wp-json\/wp\/v2\/pages\/223890","targetHints":{"allow":["GET"]}}],"collection":[{"href":"https:\/\/windyjets.com\/pt-pt\/wp-json\/wp\/v2\/pages"}],"about":[{"href":"https:\/\/windyjets.com\/pt-pt\/wp-json\/wp\/v2\/types\/page"}],"author":[{"embeddable":true,"href":"https:\/\/windyjets.com\/pt-pt\/wp-json\/wp\/v2\/users\/2"}],"replies":[{"embeddable":true,"href":"https:\/\/windyjets.com\/pt-pt\/wp-json\/wp\/v2\/comments?post=223890"}],"version-history":[{"count":7,"href":"https:\/\/windyjets.com\/pt-pt\/wp-json\/wp\/v2\/pages\/223890\/revisions"}],"predecessor-version":[{"id":224924,"href":"https:\/\/windyjets.com\/pt-pt\/wp-json\/wp\/v2\/pages\/223890\/revisions\/224924"}],"wp:attachment":[{"href":"https:\/\/windyjets.com\/pt-pt\/wp-json\/wp\/v2\/media?parent=223890"}],"curies":[{"name":"wp","href":"https:\/\/api.w.org\/{rel}","templated":true}]}}