{"id":223896,"date":"2023-05-11T05:36:09","date_gmt":"2023-05-11T05:36:09","guid":{"rendered":"https:\/\/windyjets.com\/blog\/"},"modified":"2023-06-21T14:31:12","modified_gmt":"2023-06-21T14:31:12","slug":"blog","status":"publish","type":"page","link":"https:\/\/windyjets.com\/pt-pt\/blog\/","title":{"rendered":"Blog"},"content":{"rendered":"<p>[et_pb_section fb_built=&#8221;1&#8243; inner_shadow=&#8221;on&#8221; fullwidth=&#8221;on&#8221; _builder_version=&#8221;4.21.0&#8243; _module_preset=&#8221;default&#8221; background_image=&#8221;https:\/\/windyjets.com\/wp-content\/uploads\/2023\/05\/blog.jpg&#8221; parallax=&#8221;on&#8221; min_height=&#8221;275px&#8221; height=&#8221;275px&#8221; max_height=&#8221;275px&#8221; custom_margin=&#8221;||-130px|||&#8221; global_colors_info=&#8221;{}&#8221; height__hover_enabled=&#8221;on|desktop&#8221; height__hover=&#8221;490px&#8221;][et_pb_fullwidth_header title=&#8221;Not\u00edcias da avia\u00e7\u00e3o privada e comercial&#8221; _builder_version=&#8221;4.21.0&#8243; _module_preset=&#8221;default&#8221; title_font=&#8221;|600|||||||&#8221; title_text_align=&#8221;center&#8221; title_font_size=&#8221;29px&#8221; title_line_height=&#8221;1.1em&#8221; background_image=&#8221;https:\/\/windyjets.com\/wp-content\/uploads\/2023\/05\/blog.jpg&#8221; parallax=&#8221;on&#8221; module_alignment=&#8221;center&#8221; custom_margin=&#8221;0px||||false|false&#8221; custom_margin_tablet=&#8221;0px||||false|false&#8221; custom_margin_phone=&#8221;0px||||false|false&#8221; custom_margin_last_edited=&#8221;on|phone&#8221; custom_padding_tablet=&#8221;&#8221; custom_padding_phone=&#8221;8px||||false|false&#8221; custom_padding_last_edited=&#8221;on|phone&#8221; module_alignment_tablet=&#8221;center&#8221; module_alignment_phone=&#8221;center&#8221; module_alignment_last_edited=&#8221;on|phone&#8221; title_text_shadow_style=&#8221;preset1&#8243; global_colors_info=&#8221;{}&#8221;][\/et_pb_fullwidth_header][\/et_pb_section][et_pb_section fb_built=&#8221;1&#8243; _builder_version=&#8221;4.21.0&#8243; _module_preset=&#8221;default&#8221; global_colors_info=&#8221;{}&#8221;][et_pb_row _builder_version=&#8221;4.21.0&#8243; _module_preset=&#8221;default&#8221; global_colors_info=&#8221;{}&#8221;][et_pb_column type=&#8221;4_4&#8243; _builder_version=&#8221;4.21.0&#8243; _module_preset=&#8221;default&#8221; global_colors_info=&#8221;{}&#8221;][et_pb_text _builder_version=&#8221;4.21.0&#8243; _module_preset=&#8221;default&#8221; custom_padding=&#8221;0px|||||&#8221; global_colors_info=&#8221;{}&#8221;]<\/p>\n<h2>Informa\u00e7\u00f5es e not\u00edcias sobre todos os tipos de avi\u00f5es privados e voos charter<\/h2>\n<p>[\/et_pb_text][\/et_pb_column][\/et_pb_row][\/et_pb_section][et_pb_section fb_built=&#8221;1&#8243; _builder_version=&#8221;4.21.0&#8243; _module_preset=&#8221;default&#8221; custom_margin=&#8221;-100px||||false|false&#8221; custom_margin_tablet=&#8221;-100px||||false|false&#8221; custom_margin_phone=&#8221;-100px||||false|false&#8221; custom_margin_last_edited=&#8221;on|phone&#8221; global_colors_info=&#8221;{}&#8221;][et_pb_row _builder_version=&#8221;4.21.0&#8243; _module_preset=&#8221;default&#8221; hover_enabled=&#8221;0&#8243; global_colors_info=&#8221;{}&#8221; sticky_enabled=&#8221;0&#8243;][et_pb_column type=&#8221;4_4&#8243; _builder_version=&#8221;4.21.0&#8243; _module_preset=&#8221;default&#8221; hover_enabled=&#8221;0&#8243; global_colors_info=&#8221;{}&#8221; sticky_enabled=&#8221;0&#8243;][et_pb_blog fullwidth=&#8221;off&#8221; posts_number=&#8221;15&#8243; include_categories=&#8221;22&#8243; excerpt_length=&#8221;200&#8243; show_more=&#8221;on&#8221; show_author=&#8221;off&#8221; show_date=&#8221;off&#8221; show_categories=&#8221;off&#8221; use_overlay=&#8221;on&#8221; hover_overlay_color=&#8221;rgba(12,113,195,0.29)&#8221; module_class=&#8221;igualar-alturas&#8221; _builder_version=&#8221;4.21.0&#8243; _module_preset=&#8221;default&#8221; header_text_align=&#8221;center&#8221; header_text_color=&#8221;#003890&#8243; header_font_size=&#8221;25px&#8221; read_more_font=&#8221;|||||on|||&#8221; text_orientation=&#8221;left&#8221; hover_enabled=&#8221;0&#8243; border_radii_image=&#8221;on|25px|25px|25px|25px&#8221; global_colors_info=&#8221;{}&#8221; sticky_enabled=&#8221;0&#8243;][\/et_pb_blog][et_pb_code _builder_version=&#8221;4.21.0&#8243; _module_preset=&#8221;default&#8221; global_colors_info=&#8221;{}&#8221;]<\/p>\n<style><!-- [et_pb_line_break_holder] -->@media all and (min-width: 981px) {<!-- [et_pb_line_break_holder] --><!-- [et_pb_line_break_holder] -->.igualar-alturas .et_pb_post {<!-- [et_pb_line_break_holder] -->min-height: 400px;<!-- [et_pb_line_break_holder] -->}<!-- [et_pb_line_break_holder] -->}<!-- [et_pb_line_break_holder] --><\/style>\n<p>[\/et_pb_code][\/et_pb_column][\/et_pb_row][\/et_pb_section][et_pb_section fb_built=&#8221;1&#8243; admin_label=&#8221;Contactar&#8221; _builder_version=&#8221;4.21.0&#8243; _module_preset=&#8221;default&#8221; vertical_offset_tablet=&#8221;&#8221; vertical_offset_phone=&#8221;0px&#8221; vertical_offset_last_edited=&#8221;on|phone&#8221; top_divider_style=&#8221;curve2&#8243; top_divider_color=&#8221;#003890&#8243; top_divider_height=&#8221;39px&#8221; top_divider_repeat=&#8221;1x&#8221; top_divider_flip=&#8221;vertical&#8221; top_divider_arrangement=&#8221;above_content&#8221; top_divider_style_tablet=&#8221;curve&#8221; top_divider_style_phone=&#8221;curve&#8221; top_divider_style_last_edited=&#8221;on|phone&#8221; border_width_all=&#8221;4px&#8221; border_color_all=&#8221;#0C71C3&#8243; border_style_all=&#8221;outset&#8221; locked=&#8221;off&#8221; global_colors_info=&#8221;{}&#8221;][et_pb_row _builder_version=&#8221;4.21.0&#8243; _module_preset=&#8221;default&#8221; global_colors_info=&#8221;{}&#8221;][et_pb_column type=&#8221;4_4&#8243; _builder_version=&#8221;4.21.0&#8243; _module_preset=&#8221;default&#8221; global_colors_info=&#8221;{}&#8221;][et_pb_text _builder_version=&#8221;4.21.0&#8243; _module_preset=&#8221;default&#8221; text_text_color=&#8221;#003890&#8243; text_font_size_tablet=&#8221;&#8221; text_font_size_phone=&#8221;34px&#8221; text_font_size_last_edited=&#8221;on|phone&#8221; global_colors_info=&#8221;{}&#8221;]<\/p>\n<p>Contacte-nos<\/p>\n<p>[\/et_pb_text][\/et_pb_column][\/et_pb_row][et_pb_row column_structure=&#8221;1_2,1_2&#8243; _builder_version=&#8221;4.21.0&#8243; _module_preset=&#8221;default&#8221; global_colors_info=&#8221;{}&#8221;][et_pb_column type=&#8221;1_2&#8243; _builder_version=&#8221;4.21.0&#8243; _module_preset=&#8221;default&#8221; global_colors_info=&#8221;{}&#8221;][et_pb_text _builder_version=&#8221;4.21.0&#8243; _module_preset=&#8221;default&#8221; text_text_color=&#8221;#003890&#8243; text_font_size=&#8221;22px&#8221; global_colors_info=&#8221;{}&#8221;]<\/p>\n<p>Contacte-nos para qualquer d\u00favida ou coment\u00e1rio sobre os nossos servi\u00e7os para viagens em voos privados: pre\u00e7os, disponibilidade, servi\u00e7os adicionais&#8230;<\/p>\n<p>Se pretender um or\u00e7amento para alugar um jato privado, um charter para um grupo ou para qualquer servi\u00e7o relacionado, pode contactar-nos atrav\u00e9s do formul\u00e1rio ou por e-mail:<\/p>\n<p>[\/et_pb_text][dsm_icon_list list_layout=&#8221;horizontal&#8221; list_alignment=&#8221;center&#8221; list_space_between=&#8221;51px&#8221; list_background=&#8221;RGBA(255,255,255,0)&#8221; _builder_version=&#8221;4.21.0&#8243; _module_preset=&#8221;default&#8221; module_alignment=&#8221;center&#8221; box_shadow_style=&#8221;preset1&#8243; global_colors_info=&#8221;{}&#8221;][dsm_icon_list_child text=&#8221;info@windyjets.com&#8221; font_icon=&#8221;&#xe010;||divi||400&#8243; icon_padding=&#8221;4px&#8221; icon_font_size=&#8221;27px&#8221; url=&#8221;mailto:info@windyjets.com&#8221; url_new_window=&#8221;on&#8221; _builder_version=&#8221;4.21.0&#8243; _module_preset=&#8221;default&#8221; text_text_color=&#8221;#003890&#8243; text_font_size=&#8221;18px&#8221; global_colors_info=&#8221;{}&#8221;][\/dsm_icon_list_child][\/dsm_icon_list][dsm_icon_list list_layout=&#8221;horizontal&#8221; list_alignment=&#8221;center&#8221; list_space_between=&#8221;51px&#8221; list_background=&#8221;RGBA(255,255,255,0)&#8221; _builder_version=&#8221;4.21.0&#8243; _module_preset=&#8221;default&#8221; module_alignment=&#8221;center&#8221; box_shadow_style=&#8221;preset1&#8243; global_colors_info=&#8221;{}&#8221;][dsm_icon_list_child text=&#8221;+34 626 680 092&#8243; font_icon=&#8221;&#xe090;||divi||400&#8243; icon_padding=&#8221;3px&#8221; icon_font_size=&#8221;29px&#8221; url=&#8221;tel:+34626680092&#8243; _builder_version=&#8221;4.21.0&#8243; _module_preset=&#8221;default&#8221; text_text_color=&#8221;#003890&#8243; global_colors_info=&#8221;{}&#8221;][\/dsm_icon_list_child][\/dsm_icon_list][et_pb_image src=&#8221;https:\/\/windyjets.com\/wp-content\/uploads\/2023\/05\/favicon.png&#8221; title_text=&#8221;favicon&#8221; align=&#8221;center&#8221; _builder_version=&#8221;4.21.0&#8243; _module_preset=&#8221;default&#8221; width=&#8221;44%&#8221; width_tablet=&#8221;44%&#8221; width_phone=&#8221;36%&#8221; width_last_edited=&#8221;on|phone&#8221; animation_style=&#8221;roll&#8221; locked=&#8221;off&#8221; global_colors_info=&#8221;{}&#8221;][\/et_pb_image][\/et_pb_column][et_pb_column type=&#8221;1_2&#8243; _builder_version=&#8221;4.21.0&#8243; _module_preset=&#8221;default&#8221; global_colors_info=&#8221;{}&#8221;][dvppl_cf7_styler form_padding=&#8221;1px|0px|1px|0px|false|false&#8221; use_form_button_fullwidth=&#8221;on&#8221; cf7=&#8221;216916&#8243; form_field_height=&#8221;35px&#8221; form_field_spacing=&#8221;0px&#8221; form_label_spacing=&#8221;0px&#8221; cr_custom_styles=&#8221;on&#8221; cr_size=&#8221;26px&#8221; cr_selected_color=&#8221;#003890&#8243; _builder_version=&#8221;4.21.0&#8243; _module_preset=&#8221;default&#8221; placeholder_text_color=&#8221;#003890&#8243; placeholder_font_size=&#8221;16px&#8221; placeholder_line_height=&#8221;1em&#8221; custom_submit_button=&#8221;on&#8221; submit_button_text_color=&#8221;#003890&#8243; submit_button_border_radius=&#8221;0px&#8221; border_radii_field=&#8221;on|20px|20px|20px|20px&#8221; border_color_all_field=&#8221;#003890&#8243; border_style_all_field=&#8221;dashed&#8221; global_colors_info=&#8221;{}&#8221;][\/dvppl_cf7_styler][et_pb_text _builder_version=&#8221;4.21.0&#8243; _module_preset=&#8221;default&#8221; text_font=&#8221;||||||||&#8221; text_font_size=&#8221;14px&#8221; locked=&#8221;off&#8221; global_colors_info=&#8221;{}&#8221;]<\/p>\n<p style=\"text-align: left;\">* Campo obrigat\u00f3rio Ao enviar a mensagem atrav\u00e9s do nosso formul\u00e1rio, est\u00e1 a aceitar a nossa <a href=\"\" target=\"\" rel=\"noopener\">Pol\u00edtica de Privacidade.<\/a><\/p>\n<p>This site is protected by reCAPTCHA and the Google. <a href=\"https:\/\/policies.google.com\/privacy\" rel=\"\u201dnofollow\u201d\">Privacy Policy<\/a> and <a href=\"https:\/\/policies.google.com\/terms\" rel=\"\u201dnofollow\u201d\">Terms of Service<\/a> apply.<\/p>\n<p>[\/et_pb_text][\/et_pb_column][\/et_pb_row][\/et_pb_section]<\/p>\n","protected":false},"excerpt":{"rendered":"<p>Informa\u00e7\u00f5es e not\u00edcias sobre todos os tipos de avi\u00f5es privados e voos charter<\/p>\n","protected":false},"author":2,"featured_media":0,"parent":0,"menu_order":0,"comment_status":"closed","ping_status":"closed","template":"","meta":{"_et_pb_use_builder":"on","_et_pb_old_content":"","_et_gb_content_width":"","footnotes":""},"class_list":["post-223896","page","type-page","status-publish","hentry"],"yoast_head":"<!-- This site is optimized with the Yoast SEO plugin v22.6 - https:\/\/yoast.com\/wordpress\/plugins\/seo\/ -->\n<title>Blog - Informa\u00e7\u00e3o sobre voos privados e avia\u00e7\u00e3o comercial - WindyJets<\/title>\n<meta name=\"description\" content=\"Encontre no nosso blog todas as informa\u00e7\u00f5es e novidades sobre todo o tipo de avi\u00f5es privados e voos charter. Numerosos destinos em jato particular.\" \/>\n<meta name=\"robots\" content=\"index, follow, max-snippet:-1, max-image-preview:large, max-video-preview:-1\" \/>\n<link rel=\"canonical\" href=\"https:\/\/windyjets.com\/pt-pt\/blog\/\" \/>\n<meta property=\"og:locale\" content=\"pt_PT\" \/>\n<meta property=\"og:type\" content=\"article\" \/>\n<meta property=\"og:title\" content=\"Blog - Informa\u00e7\u00e3o sobre voos privados e avia\u00e7\u00e3o comercial - WindyJets\" \/>\n<meta property=\"og:description\" content=\"Encontre no nosso blog todas as informa\u00e7\u00f5es e novidades sobre todo o tipo de avi\u00f5es privados e voos charter. Numerosos destinos em jato particular.\" \/>\n<meta property=\"og:url\" content=\"https:\/\/windyjets.com\/pt-pt\/blog\/\" \/>\n<meta property=\"og:site_name\" content=\"WindyJets\" \/>\n<meta property=\"article:modified_time\" content=\"2023-06-21T14:31:12+00:00\" \/>\n<meta name=\"twitter:card\" content=\"summary_large_image\" \/>\n<meta name=\"twitter:label1\" content=\"Tempo estimado de leitura\" \/>\n\t<meta name=\"twitter:data1\" content=\"5 minutos\" \/>\n<script type=\"application\/ld+json\" class=\"yoast-schema-graph\">{\"@context\":\"https:\/\/schema.org\",\"@graph\":[{\"@type\":\"WebPage\",\"@id\":\"https:\/\/windyjets.com\/pt-pt\/blog\/\",\"url\":\"https:\/\/windyjets.com\/pt-pt\/blog\/\",\"name\":\"Blog - Informa\u00e7\u00e3o sobre voos privados e avia\u00e7\u00e3o comercial - WindyJets\",\"isPartOf\":{\"@id\":\"https:\/\/windyjets.com\/pt-pt\/#website\"},\"datePublished\":\"2023-05-11T05:36:09+00:00\",\"dateModified\":\"2023-06-21T14:31:12+00:00\",\"description\":\"Encontre no nosso blog todas as informa\u00e7\u00f5es e novidades sobre todo o tipo de avi\u00f5es privados e voos charter. Numerosos destinos em jato particular.\",\"breadcrumb\":{\"@id\":\"https:\/\/windyjets.com\/pt-pt\/blog\/#breadcrumb\"},\"inLanguage\":\"pt-PT\",\"potentialAction\":[{\"@type\":\"ReadAction\",\"target\":[\"https:\/\/windyjets.com\/pt-pt\/blog\/\"]}]},{\"@type\":\"BreadcrumbList\",\"@id\":\"https:\/\/windyjets.com\/pt-pt\/blog\/#breadcrumb\",\"itemListElement\":[{\"@type\":\"ListItem\",\"position\":1,\"name\":\"Portada\",\"item\":\"https:\/\/windyjets.com\/pt-pt\/jactos-privados\/\"},{\"@type\":\"ListItem\",\"position\":2,\"name\":\"Blog\"}]},{\"@type\":\"WebSite\",\"@id\":\"https:\/\/windyjets.com\/pt-pt\/#website\",\"url\":\"https:\/\/windyjets.com\/pt-pt\/\",\"name\":\"WindyJets\",\"description\":\"Alquiler Jets Privados\",\"publisher\":{\"@id\":\"https:\/\/windyjets.com\/pt-pt\/#organization\"},\"alternateName\":\"Windy Jets\",\"potentialAction\":[{\"@type\":\"SearchAction\",\"target\":{\"@type\":\"EntryPoint\",\"urlTemplate\":\"https:\/\/windyjets.com\/pt-pt\/?s={search_term_string}\"},\"query-input\":\"required name=search_term_string\"}],\"inLanguage\":\"pt-PT\"},{\"@type\":\"Organization\",\"@id\":\"https:\/\/windyjets.com\/pt-pt\/#organization\",\"name\":\"WindyJets\",\"alternateName\":\"Windy Jets\",\"url\":\"https:\/\/windyjets.com\/pt-pt\/\",\"logo\":{\"@type\":\"ImageObject\",\"inLanguage\":\"pt-PT\",\"@id\":\"https:\/\/windyjets.com\/pt-pt\/#\/schema\/logo\/image\/\",\"url\":\"https:\/\/windyjets.com\/wp-content\/uploads\/2023\/05\/logo-windyjets.png\",\"contentUrl\":\"https:\/\/windyjets.com\/wp-content\/uploads\/2023\/05\/logo-windyjets.png\",\"width\":1400,\"height\":250,\"caption\":\"WindyJets\"},\"image\":{\"@id\":\"https:\/\/windyjets.com\/pt-pt\/#\/schema\/logo\/image\/\"}}]}<\/script>\n<!-- \/ Yoast SEO plugin. -->","yoast_head_json":{"title":"Blog - Informa\u00e7\u00e3o sobre voos privados e avia\u00e7\u00e3o comercial - WindyJets","description":"Encontre no nosso blog todas as informa\u00e7\u00f5es e novidades sobre todo o tipo de avi\u00f5es privados e voos charter. Numerosos destinos em jato particular.","robots":{"index":"index","follow":"follow","max-snippet":"max-snippet:-1","max-image-preview":"max-image-preview:large","max-video-preview":"max-video-preview:-1"},"canonical":"https:\/\/windyjets.com\/pt-pt\/blog\/","og_locale":"pt_PT","og_type":"article","og_title":"Blog - Informa\u00e7\u00e3o sobre voos privados e avia\u00e7\u00e3o comercial - WindyJets","og_description":"Encontre no nosso blog todas as informa\u00e7\u00f5es e novidades sobre todo o tipo de avi\u00f5es privados e voos charter. Numerosos destinos em jato particular.","og_url":"https:\/\/windyjets.com\/pt-pt\/blog\/","og_site_name":"WindyJets","article_modified_time":"2023-06-21T14:31:12+00:00","twitter_card":"summary_large_image","twitter_misc":{"Tempo estimado de leitura":"5 minutos"},"schema":{"@context":"https:\/\/schema.org","@graph":[{"@type":"WebPage","@id":"https:\/\/windyjets.com\/pt-pt\/blog\/","url":"https:\/\/windyjets.com\/pt-pt\/blog\/","name":"Blog - Informa\u00e7\u00e3o sobre voos privados e avia\u00e7\u00e3o comercial - WindyJets","isPartOf":{"@id":"https:\/\/windyjets.com\/pt-pt\/#website"},"datePublished":"2023-05-11T05:36:09+00:00","dateModified":"2023-06-21T14:31:12+00:00","description":"Encontre no nosso blog todas as informa\u00e7\u00f5es e novidades sobre todo o tipo de avi\u00f5es privados e voos charter. Numerosos destinos em jato particular.","breadcrumb":{"@id":"https:\/\/windyjets.com\/pt-pt\/blog\/#breadcrumb"},"inLanguage":"pt-PT","potentialAction":[{"@type":"ReadAction","target":["https:\/\/windyjets.com\/pt-pt\/blog\/"]}]},{"@type":"BreadcrumbList","@id":"https:\/\/windyjets.com\/pt-pt\/blog\/#breadcrumb","itemListElement":[{"@type":"ListItem","position":1,"name":"Portada","item":"https:\/\/windyjets.com\/pt-pt\/jactos-privados\/"},{"@type":"ListItem","position":2,"name":"Blog"}]},{"@type":"WebSite","@id":"https:\/\/windyjets.com\/pt-pt\/#website","url":"https:\/\/windyjets.com\/pt-pt\/","name":"WindyJets","description":"Alquiler Jets Privados","publisher":{"@id":"https:\/\/windyjets.com\/pt-pt\/#organization"},"alternateName":"Windy Jets","potentialAction":[{"@type":"SearchAction","target":{"@type":"EntryPoint","urlTemplate":"https:\/\/windyjets.com\/pt-pt\/?s={search_term_string}"},"query-input":"required name=search_term_string"}],"inLanguage":"pt-PT"},{"@type":"Organization","@id":"https:\/\/windyjets.com\/pt-pt\/#organization","name":"WindyJets","alternateName":"Windy Jets","url":"https:\/\/windyjets.com\/pt-pt\/","logo":{"@type":"ImageObject","inLanguage":"pt-PT","@id":"https:\/\/windyjets.com\/pt-pt\/#\/schema\/logo\/image\/","url":"https:\/\/windyjets.com\/wp-content\/uploads\/2023\/05\/logo-windyjets.png","contentUrl":"https:\/\/windyjets.com\/wp-content\/uploads\/2023\/05\/logo-windyjets.png","width":1400,"height":250,"caption":"WindyJets"},"image":{"@id":"https:\/\/windyjets.com\/pt-pt\/#\/schema\/logo\/image\/"}}]}},"_links":{"self":[{"href":"https:\/\/windyjets.com\/pt-pt\/wp-json\/wp\/v2\/pages\/223896","targetHints":{"allow":["GET"]}}],"collection":[{"href":"https:\/\/windyjets.com\/pt-pt\/wp-json\/wp\/v2\/pages"}],"about":[{"href":"https:\/\/windyjets.com\/pt-pt\/wp-json\/wp\/v2\/types\/page"}],"author":[{"embeddable":true,"href":"https:\/\/windyjets.com\/pt-pt\/wp-json\/wp\/v2\/users\/2"}],"replies":[{"embeddable":true,"href":"https:\/\/windyjets.com\/pt-pt\/wp-json\/wp\/v2\/comments?post=223896"}],"version-history":[{"count":2,"href":"https:\/\/windyjets.com\/pt-pt\/wp-json\/wp\/v2\/pages\/223896\/revisions"}],"predecessor-version":[{"id":223898,"href":"https:\/\/windyjets.com\/pt-pt\/wp-json\/wp\/v2\/pages\/223896\/revisions\/223898"}],"wp:attachment":[{"href":"https:\/\/windyjets.com\/pt-pt\/wp-json\/wp\/v2\/media?parent=223896"}],"curies":[{"name":"wp","href":"https:\/\/api.w.org\/{rel}","templated":true}]}}