{"id":224781,"date":"2023-06-05T08:19:57","date_gmt":"2023-06-05T08:19:57","guid":{"rendered":"https:\/\/windyjets.com\/aviso-legal\/"},"modified":"2023-06-05T08:19:57","modified_gmt":"2023-06-05T08:19:57","slug":"aviso-legal","status":"publish","type":"page","link":"https:\/\/windyjets.com\/pt-pt\/aviso-legal\/","title":{"rendered":"Aviso Legal"},"content":{"rendered":"<p>A WINDYJETS, respons\u00e1vel pelo site, doravante RESPONS\u00c1VEL, p\u00f5e \u00e0 disposi\u00e7\u00e3o dos utilizadores o presente documento, com o qual pretende dar cumprimento \u00e0s obriga\u00e7\u00f5es previstas na Lei 34\/2002, de 11 de julho, sobre Servi\u00e7os da Sociedade da Informa\u00e7\u00e3o e Com\u00e9rcio Eletr\u00f3nico ( LSSICE), bem como informar todos os utilizadores do website sobre as condi\u00e7\u00f5es de utiliza\u00e7\u00e3o. Qualquer pessoa que aceda a este website assume o papel de utilizador, comprometendo-se com a estrita observ\u00e2ncia e cumprimento das disposi\u00e7\u00f5es aqui previstas, bem como de quaisquer outras disposi\u00e7\u00f5es legais disposi\u00e7\u00e3o aplic\u00e1vel. A WINDYJETS reserva-se o direito de modificar qualquer tipo de informa\u00e7\u00e3o que possa constar do website, sem que haja qualquer obriga\u00e7\u00e3o de pr\u00e9-aviso ou de informa\u00e7\u00e3o dos utilizadores sobre tais obriga\u00e7\u00f5es, entendendo-se como suficiente a publica\u00e7\u00e3o no website da WINDYJETS.COM. 1. DADOS DE IDENTIFICA\u00c7\u00c3O Nome comercial:WINDYJETS Endere\u00e7o:Barcelona e-mail:info@windyjets.com<\/p>\n<p>2. OBJETO Atrav\u00e9s do Site, oferecemos aos Usu\u00e1rios a possibilidade de acessar informa\u00e7\u00f5es sobre nossos servi\u00e7os.<\/p>\n<p>3. PRIVACIDADE E TRATAMENTO DE DADOS Quando for necess\u00e1rio fornecer dados pessoais para acesso a determinado conte\u00fado ou servi\u00e7o, os Usu\u00e1rios garantir\u00e3o sua veracidade, exatid\u00e3o, autenticidade e vig\u00eancia. A empresa dar\u00e1 a esses dados o tratamento automatizado correspondente dependendo de sua natureza ou finalidade, nos termos indicados na se\u00e7\u00e3o Pol\u00edtica de Privacidade. 4. PROPRIEDADE INDUSTRIAL E INTELECTUAL O Utilizador reconhece e aceita que todo o conte\u00fado apresentado no Espa\u00e7o Web e, em particular, desenhos, textos, imagens, log\u00f3tipos, \u00edcones, bot\u00f5es, software, nomes comerciais, marcas, ou quaisquer outros ind\u00edcios suscept\u00edveis de uso industrial e\/ou comercial est\u00e3o sujeitos a direitos de Propriedade Intelectual e todas as marcas, nomes comerciais ou sinais distintivos, todos os direitos de propriedade industrial e intelectual, sobre os conte\u00fados e\/ou quaisquer outros elementos inseridos na p\u00e1gina, que s\u00e3o propriedade exclusiva da empresa e\/ou terceiros, que tenham o direito exclusivo de utiliz\u00e1-los no tr\u00e1fego econ\u00f4mico. Por todas estas raz\u00f5es, o Usu\u00e1rio concorda em n\u00e3o reproduzir, copiar, distribuir, disponibilizar ou de qualquer outra forma comunicar publicamente, transformar ou modificar tal conte\u00fado, isentando a empresa de qualquer reclama\u00e7\u00e3o decorrente do descumprimento de tais obriga\u00e7\u00f5es. Em caso algum o acesso ao Espa\u00e7o Web implica qualquer tipo de ren\u00fancia, transmiss\u00e3o, licen\u00e7a ou cess\u00e3o total ou parcial dos referidos direitos, salvo indica\u00e7\u00e3o expressa em contr\u00e1rio. As presentes Condi\u00e7\u00f5es Gerais de Utiliza\u00e7\u00e3o do Espa\u00e7o Web n\u00e3o conferem aos Utilizadores qualquer outro direito de utiliza\u00e7\u00e3o, altera\u00e7\u00e3o, explora\u00e7\u00e3o, reprodu\u00e7\u00e3o, distribui\u00e7\u00e3o ou comunica\u00e7\u00e3o p\u00fablica do Espa\u00e7o Web e\/ou dos seus Conte\u00fados para al\u00e9m dos aqui expressamente previstos. Qualquer outra utiliza\u00e7\u00e3o ou explora\u00e7\u00e3o de quaisquer direitos estar\u00e1 sujeita \u00e0 autoriza\u00e7\u00e3o pr\u00e9via e expressa expressamente concedida para o efeito pela empresa ou terceiro titular dos direitos afetados. Os conte\u00fados, textos, fotografias, desenhos, logotipos, imagens, programas de computador, c\u00f3digos-fonte e, em geral, qualquer cria\u00e7\u00e3o intelectual existente neste Espa\u00e7o, bem como o pr\u00f3prio Espa\u00e7o como um todo, como obra art\u00edstica multim\u00eddia, s\u00e3o protegidos como direitos autorais pela lei de direitos autorais. A empresa \u00e9 propriet\u00e1ria dos elementos que comp\u00f5em o design gr\u00e1fico do Espa\u00e7o Web, os menus, bot\u00f5es de navega\u00e7\u00e3o, o c\u00f3digo HTML, os textos, imagens, texturas, gr\u00e1ficos e qualquer outro conte\u00fado do Espa\u00e7o Web ou, em qualquer caso , tem a correspondente autoriza\u00e7\u00e3o para a utiliza\u00e7\u00e3o dos referidos elementos. Os conte\u00fados disponibilizados no Espa\u00e7o Web n\u00e3o podem ser reproduzidos no todo ou em parte, nem transmitidos, nem registados por qualquer sistema de recupera\u00e7\u00e3o de informa\u00e7\u00e3o, sob qualquer forma ou por qualquer meio, salvo autoriza\u00e7\u00e3o pr\u00e9via, por escrito, da referida Entidade. Da mesma forma, \u00e9 proibido deletar, burlar e\/ou manipular os &#8220;direitos autorais&#8221;, bem como os dispositivos t\u00e9cnicos de prote\u00e7\u00e3o, ou quaisquer mecanismos de informa\u00e7\u00e3o que os conte\u00fados possam conter.<\/p>\n<p> O Utilizador deste Espa\u00e7o Web compromete-se a respeitar os direitos declarados e a evitar qualquer a\u00e7\u00e3o que possa prejudic\u00e1-los, reservando-se em qualquer caso \u00e0 empresa o exerc\u00edcio de quaisquer meios ou a\u00e7\u00f5es legais que lhe correspondam em defesa dos seus leg\u00edtimos direitos de propriedade intelectual e industrial . 5. RESPONSABILIDADES N\u00e3o \u00e9 garantido o acesso cont\u00ednuo, nem a correta visualiza\u00e7\u00e3o, download ou utiliza\u00e7\u00e3o dos elementos e informa\u00e7\u00f5es contidas no site que possam ser impedidos, dificultados ou interrompidos por fatores ou circunst\u00e2ncias alheias ao seu controle. N\u00e3o se responsabiliza pelas decis\u00f5es que possam ser adotadas em decorr\u00eancia do acesso aos conte\u00fados ou informa\u00e7\u00f5es oferecidos. O servi\u00e7o poder\u00e1 ser interrompido, ou a rela\u00e7\u00e3o com o Utilizador rescindida de imediato, caso seja detetado que uma utiliza\u00e7\u00e3o do seu Espa\u00e7o Web, ou de algum dos servi\u00e7os nele oferecidos, \u00e9 contr\u00e1ria \u00e0s presentes Condi\u00e7\u00f5es Gerais de Utiliza\u00e7\u00e3o. N\u00e3o nos responsabilizamos por danos , perdas, perdas, reclama\u00e7\u00f5es ou despesas derivadas da utiliza\u00e7\u00e3o do Espa\u00e7o Web. A empresa exclui qualquer responsabilidade por danos e preju\u00edzos de qualquer tipo que possam decorrer do uso indevido dos servi\u00e7os disponibilizados gratuitamente e utilizados pelos Utilizadores do Espa\u00e7o Web. Da mesma forma, exonera-se de qualquer responsabilidade sobre o conte\u00fado e informa\u00e7\u00f5es que possam ser recebidas em decorr\u00eancia dos formul\u00e1rios de coleta de dados, sendo o mesmo apenas para a presta\u00e7\u00e3o de servi\u00e7os de consulta e d\u00favidas. Por outro lado, no caso de causar danos devido a uma utiliza\u00e7\u00e3o ilegal ou incorreta dos referidos servi\u00e7os, o Utilizador poder\u00e1 ser reclamado pelos danos ou preju\u00edzos causados. Voc\u00ea isentar\u00e1 a empresa de quaisquer danos decorrentes de reclama\u00e7\u00f5es, a\u00e7\u00f5es ou demandas de terceiros como resultado de seu acesso ou uso do Espa\u00e7o Web. Da mesma forma, voc\u00ea concorda em indenizar por quaisquer danos que possam surgir do uso por voc\u00ea de &#8220;rob\u00f4s&#8221;, &#8220;spiders&#8221;, &#8220;crawlers&#8221; ou ferramentas semelhantes usadas com a finalidade de coletar ou extrair dados ou qualquer outra a\u00e7\u00e3o de sua parte que imponha um fardo excessivo para o funcionamento do Espa\u00e7o Web.<\/p>\n<p>6. HYPERLINKS O Utilizador compromete-se a n\u00e3o reproduzir por qualquer forma, nem sequer atrav\u00e9s de hiperlink ou hiperlink, o Espa\u00e7o Web, bem como qualquer dos seus conte\u00fados, salvo autoriza\u00e7\u00e3o expressa por escrito do respons\u00e1vel pelo ficheiro. O Espa\u00e7o Web pode incluir links para outros espa\u00e7os web, administrados por terceiros, a fim de facilitar o acesso do Usu\u00e1rio a informa\u00e7\u00f5es de empresas colaboradoras e\/ou patrocinadoras. De acordo com isto, a empresa n\u00e3o \u00e9 respons\u00e1vel pelo conte\u00fado dos referidos Espa\u00e7os Web, nem se encontra na qualidade de garante ou\/ou ofertante dos servi\u00e7os e\/ou informa\u00e7\u00f5es que possam ser oferecidos a terceiros atrav\u00e9s de links de terceiros. . 10. DECLARA\u00c7\u00d5ES E GARANTIAS Em geral, os conte\u00fados e servi\u00e7os oferecidos no Espa\u00e7o Web s\u00e3o meramente informativos. Portanto, ao oferec\u00ea-los, nenhuma garantia ou declara\u00e7\u00e3o \u00e9 dada em rela\u00e7\u00e3o aos conte\u00fados e servi\u00e7os oferecidos no Espa\u00e7o Web, incluindo, sem limita\u00e7\u00e3o, garantias de legalidade, confiabilidade, utilidade, veracidade, precis\u00e3o ou comercializa\u00e7\u00e3o, exceto no na medida em que tais representa\u00e7\u00f5es e garantias n\u00e3o podem ser exclu\u00eddas por lei. 11. FOR\u00c7A MAIOR A empresa n\u00e3o ser\u00e1 respons\u00e1vel em caso de impossibilidade de presta\u00e7\u00e3o do servi\u00e7o, se esta se dever a interrup\u00e7\u00f5es prolongadas no fornecimento de energia el\u00e9trica, linhas de telecomunica\u00e7\u00f5es, conflitos sociais, greves, rebeli\u00f5es, explos\u00f5es, inunda\u00e7\u00f5es, atos e omiss\u00f5es de o Governo e, em geral, todos os casos de for\u00e7a maior ou caso fortuito. 12. RESOLU\u00c7\u00c3O DE DISPUTAS. LEGISLA\u00c7\u00c3O APLIC\u00c1VEL E JURISDI\u00c7\u00c3O As presentes Condi\u00e7\u00f5es Gerais de Utiliza\u00e7\u00e3o, bem como a utiliza\u00e7\u00e3o do Espa\u00e7o Web, ser\u00e3o regidas pela legisla\u00e7\u00e3o espanhola. Para a resolu\u00e7\u00e3o de qualquer controv\u00e9rsia, as partes se submeter\u00e3o aos Ju\u00edzos e Tribunais da sede do respons\u00e1vel pelo site. No caso de qualquer estipula\u00e7\u00e3o destas Condi\u00e7\u00f5es Gerais de Uso ser inexequ\u00edvel ou nula em virtude da legisla\u00e7\u00e3o aplic\u00e1vel ou como consequ\u00eancia de uma resolu\u00e7\u00e3o judicial ou administrativa, a referida inexequibilidade ou nulidade n\u00e3o tornar\u00e1 estas Condi\u00e7\u00f5es Gerais de Uso inexequ\u00edveis ou nulas como um todo. Nesses casos, a empresa proceder\u00e1 \u00e0 modifica\u00e7\u00e3o ou substitui\u00e7\u00e3o da referida estipula\u00e7\u00e3o por outra que seja v\u00e1lida e exequ\u00edvel e que, na medida do poss\u00edvel, alcance o objetivo e pretens\u00e3o refletidos na estipula\u00e7\u00e3o original.<\/p>\n","protected":false},"excerpt":{"rendered":"<p>A WINDYJETS, respons\u00e1vel pelo site, doravante RESPONS\u00c1VEL, p\u00f5e \u00e0 disposi\u00e7\u00e3o dos utilizadores o presente documento, com o qual pretende dar cumprimento \u00e0s obriga\u00e7\u00f5es previstas na Lei 34\/2002, de 11 de julho, sobre Servi\u00e7os da Sociedade da Informa\u00e7\u00e3o e Com\u00e9rcio Eletr\u00f3nico ( LSSICE), bem como informar todos os utilizadores do website sobre as condi\u00e7\u00f5es de utiliza\u00e7\u00e3o. [&hellip;]<\/p>\n","protected":false},"author":2,"featured_media":0,"parent":0,"menu_order":0,"comment_status":"closed","ping_status":"closed","template":"","meta":{"_et_pb_use_builder":"","_et_pb_old_content":"","_et_gb_content_width":"","footnotes":""},"class_list":["post-224781","page","type-page","status-publish","hentry"],"yoast_head":"<!-- This site is optimized with the Yoast SEO plugin v22.6 - https:\/\/yoast.com\/wordpress\/plugins\/seo\/ -->\n<title>Aviso Legal - WindyJets<\/title>\n<meta name=\"robots\" content=\"noindex, nofollow\" \/>\n<meta property=\"og:locale\" content=\"pt_PT\" \/>\n<meta property=\"og:type\" content=\"article\" \/>\n<meta property=\"og:title\" content=\"Aviso Legal - WindyJets\" \/>\n<meta property=\"og:description\" content=\"A WINDYJETS, respons\u00e1vel pelo site, doravante RESPONS\u00c1VEL, p\u00f5e \u00e0 disposi\u00e7\u00e3o dos utilizadores o presente documento, com o qual pretende dar cumprimento \u00e0s obriga\u00e7\u00f5es previstas na Lei 34\/2002, de 11 de julho, sobre Servi\u00e7os da Sociedade da Informa\u00e7\u00e3o e Com\u00e9rcio Eletr\u00f3nico ( LSSICE), bem como informar todos os utilizadores do website sobre as condi\u00e7\u00f5es de utiliza\u00e7\u00e3o. [&hellip;]\" \/>\n<meta property=\"og:url\" content=\"https:\/\/windyjets.com\/pt-pt\/aviso-legal\/\" \/>\n<meta property=\"og:site_name\" content=\"WindyJets\" \/>\n<meta name=\"twitter:card\" content=\"summary_large_image\" \/>\n<meta name=\"twitter:label1\" content=\"Tempo estimado de leitura\" \/>\n\t<meta name=\"twitter:data1\" content=\"7 minutos\" \/>\n<script type=\"application\/ld+json\" class=\"yoast-schema-graph\">{\"@context\":\"https:\/\/schema.org\",\"@graph\":[{\"@type\":\"WebPage\",\"@id\":\"https:\/\/windyjets.com\/pt-pt\/aviso-legal\/\",\"url\":\"https:\/\/windyjets.com\/pt-pt\/aviso-legal\/\",\"name\":\"Aviso Legal - WindyJets\",\"isPartOf\":{\"@id\":\"https:\/\/windyjets.com\/pt-pt\/#website\"},\"datePublished\":\"2023-06-05T08:19:57+00:00\",\"dateModified\":\"2023-06-05T08:19:57+00:00\",\"breadcrumb\":{\"@id\":\"https:\/\/windyjets.com\/pt-pt\/aviso-legal\/#breadcrumb\"},\"inLanguage\":\"pt-PT\",\"potentialAction\":[{\"@type\":\"ReadAction\",\"target\":[\"https:\/\/windyjets.com\/pt-pt\/aviso-legal\/\"]}]},{\"@type\":\"BreadcrumbList\",\"@id\":\"https:\/\/windyjets.com\/pt-pt\/aviso-legal\/#breadcrumb\",\"itemListElement\":[{\"@type\":\"ListItem\",\"position\":1,\"name\":\"Portada\",\"item\":\"https:\/\/windyjets.com\/pt-pt\/jactos-privados\/\"},{\"@type\":\"ListItem\",\"position\":2,\"name\":\"Aviso Legal\"}]},{\"@type\":\"WebSite\",\"@id\":\"https:\/\/windyjets.com\/pt-pt\/#website\",\"url\":\"https:\/\/windyjets.com\/pt-pt\/\",\"name\":\"WindyJets\",\"description\":\"Alquiler Jets Privados\",\"publisher\":{\"@id\":\"https:\/\/windyjets.com\/pt-pt\/#organization\"},\"alternateName\":\"Windy Jets\",\"potentialAction\":[{\"@type\":\"SearchAction\",\"target\":{\"@type\":\"EntryPoint\",\"urlTemplate\":\"https:\/\/windyjets.com\/pt-pt\/?s={search_term_string}\"},\"query-input\":\"required name=search_term_string\"}],\"inLanguage\":\"pt-PT\"},{\"@type\":\"Organization\",\"@id\":\"https:\/\/windyjets.com\/pt-pt\/#organization\",\"name\":\"WindyJets\",\"alternateName\":\"Windy Jets\",\"url\":\"https:\/\/windyjets.com\/pt-pt\/\",\"logo\":{\"@type\":\"ImageObject\",\"inLanguage\":\"pt-PT\",\"@id\":\"https:\/\/windyjets.com\/pt-pt\/#\/schema\/logo\/image\/\",\"url\":\"https:\/\/windyjets.com\/wp-content\/uploads\/2023\/05\/logo-windyjets.png\",\"contentUrl\":\"https:\/\/windyjets.com\/wp-content\/uploads\/2023\/05\/logo-windyjets.png\",\"width\":1400,\"height\":250,\"caption\":\"WindyJets\"},\"image\":{\"@id\":\"https:\/\/windyjets.com\/pt-pt\/#\/schema\/logo\/image\/\"}}]}<\/script>\n<!-- \/ Yoast SEO plugin. -->","yoast_head_json":{"title":"Aviso Legal - WindyJets","robots":{"index":"noindex","follow":"nofollow"},"og_locale":"pt_PT","og_type":"article","og_title":"Aviso Legal - WindyJets","og_description":"A WINDYJETS, respons\u00e1vel pelo site, doravante RESPONS\u00c1VEL, p\u00f5e \u00e0 disposi\u00e7\u00e3o dos utilizadores o presente documento, com o qual pretende dar cumprimento \u00e0s obriga\u00e7\u00f5es previstas na Lei 34\/2002, de 11 de julho, sobre Servi\u00e7os da Sociedade da Informa\u00e7\u00e3o e Com\u00e9rcio Eletr\u00f3nico ( LSSICE), bem como informar todos os utilizadores do website sobre as condi\u00e7\u00f5es de utiliza\u00e7\u00e3o. [&hellip;]","og_url":"https:\/\/windyjets.com\/pt-pt\/aviso-legal\/","og_site_name":"WindyJets","twitter_card":"summary_large_image","twitter_misc":{"Tempo estimado de leitura":"7 minutos"},"schema":{"@context":"https:\/\/schema.org","@graph":[{"@type":"WebPage","@id":"https:\/\/windyjets.com\/pt-pt\/aviso-legal\/","url":"https:\/\/windyjets.com\/pt-pt\/aviso-legal\/","name":"Aviso Legal - WindyJets","isPartOf":{"@id":"https:\/\/windyjets.com\/pt-pt\/#website"},"datePublished":"2023-06-05T08:19:57+00:00","dateModified":"2023-06-05T08:19:57+00:00","breadcrumb":{"@id":"https:\/\/windyjets.com\/pt-pt\/aviso-legal\/#breadcrumb"},"inLanguage":"pt-PT","potentialAction":[{"@type":"ReadAction","target":["https:\/\/windyjets.com\/pt-pt\/aviso-legal\/"]}]},{"@type":"BreadcrumbList","@id":"https:\/\/windyjets.com\/pt-pt\/aviso-legal\/#breadcrumb","itemListElement":[{"@type":"ListItem","position":1,"name":"Portada","item":"https:\/\/windyjets.com\/pt-pt\/jactos-privados\/"},{"@type":"ListItem","position":2,"name":"Aviso Legal"}]},{"@type":"WebSite","@id":"https:\/\/windyjets.com\/pt-pt\/#website","url":"https:\/\/windyjets.com\/pt-pt\/","name":"WindyJets","description":"Alquiler Jets Privados","publisher":{"@id":"https:\/\/windyjets.com\/pt-pt\/#organization"},"alternateName":"Windy Jets","potentialAction":[{"@type":"SearchAction","target":{"@type":"EntryPoint","urlTemplate":"https:\/\/windyjets.com\/pt-pt\/?s={search_term_string}"},"query-input":"required name=search_term_string"}],"inLanguage":"pt-PT"},{"@type":"Organization","@id":"https:\/\/windyjets.com\/pt-pt\/#organization","name":"WindyJets","alternateName":"Windy Jets","url":"https:\/\/windyjets.com\/pt-pt\/","logo":{"@type":"ImageObject","inLanguage":"pt-PT","@id":"https:\/\/windyjets.com\/pt-pt\/#\/schema\/logo\/image\/","url":"https:\/\/windyjets.com\/wp-content\/uploads\/2023\/05\/logo-windyjets.png","contentUrl":"https:\/\/windyjets.com\/wp-content\/uploads\/2023\/05\/logo-windyjets.png","width":1400,"height":250,"caption":"WindyJets"},"image":{"@id":"https:\/\/windyjets.com\/pt-pt\/#\/schema\/logo\/image\/"}}]}},"_links":{"self":[{"href":"https:\/\/windyjets.com\/pt-pt\/wp-json\/wp\/v2\/pages\/224781","targetHints":{"allow":["GET"]}}],"collection":[{"href":"https:\/\/windyjets.com\/pt-pt\/wp-json\/wp\/v2\/pages"}],"about":[{"href":"https:\/\/windyjets.com\/pt-pt\/wp-json\/wp\/v2\/types\/page"}],"author":[{"embeddable":true,"href":"https:\/\/windyjets.com\/pt-pt\/wp-json\/wp\/v2\/users\/2"}],"replies":[{"embeddable":true,"href":"https:\/\/windyjets.com\/pt-pt\/wp-json\/wp\/v2\/comments?post=224781"}],"version-history":[{"count":0,"href":"https:\/\/windyjets.com\/pt-pt\/wp-json\/wp\/v2\/pages\/224781\/revisions"}],"wp:attachment":[{"href":"https:\/\/windyjets.com\/pt-pt\/wp-json\/wp\/v2\/media?parent=224781"}],"curies":[{"name":"wp","href":"https:\/\/api.w.org\/{rel}","templated":true}]}}