{"id":224822,"date":"2023-05-18T07:45:10","date_gmt":"2023-05-18T07:45:10","guid":{"rendered":"https:\/\/windyjets.com\/politica-de-privacidad\/"},"modified":"2023-06-24T10:12:16","modified_gmt":"2023-06-24T10:12:16","slug":"politica-de-privacidad","status":"publish","type":"page","link":"https:\/\/windyjets.com\/ru\/politica-de-privacidad\/","title":{"rendered":"Politica de Privacidad"},"content":{"rendered":"<p>[et_pb_section fb_built=&#187;1&#8243; _builder_version=&#187;4.21.0&#8243; _module_preset=&#187;default&#187; global_colors_info=&#187;{}&#187;][et_pb_row _builder_version=&#187;4.21.0&#8243; _module_preset=&#187;default&#187; global_colors_info=&#187;{}&#187;][et_pb_column type=&#187;4_4&#8243; _builder_version=&#187;4.21.0&#8243; _module_preset=&#187;default&#187; global_colors_info=&#187;{}&#187;][et_pb_text _builder_version=&#187;4.21.0&#8243; _module_preset=&#187;default&#187; global_colors_info=&#187;{}&#187;]<\/p>\n<h2>Politica de protecci\u00f3n de datos<\/h2>\n<p>[\/et_pb_text][et_pb_text _builder_version=&#187;4.21.0&#8243; _module_preset=&#187;default&#187; text_font=&#187;||||||||&#187; text_font_size=&#187;16px&#187; global_colors_info=&#187;{}&#187;]<\/p>\n<p style=\"text-align: left;\">WINDYJETS, en aplicaci\u00f3n de la normativa vigente en materia de protecci\u00f3n de datos de car\u00e1cter personal, informa que los datos personales que se recogen a trav\u00e9s de los formularios en papel o soporte inform\u00e1tico se incluyen en los ficheros automatizados espec\u00edficos de usuarios de los servicios de WINDYJETS.<\/p>\n<p style=\"text-align: left;\">La recogida y tratamiento automatizado de los datos de car\u00e1cter personal tiene como finalidad el mantenimiento de la relaci\u00f3n comercial y el desempe\u00f1o de tareas de informaci\u00f3n, formaci\u00f3n, asesoramiento y otras actividades propias de WINDYJETS.<\/p>\n<p style=\"text-align: left;\">Estos datos no ser\u00e1n cedidos a ninguna entidadajena a WINDYJETS con la \u00fanica excepci\u00f3n de obligaci\u00f3n o mandato legal.<\/p>\n<p style=\"text-align: left;\">WINDYJETS adopta las medidas necesarias para garantizar la seguridad, integridad y confidencialidad de los datos conforme a lo dispuesto en el Reglamento (UE) 2016\/679 del Parlamento Europeo y del Consejo, de 27 de abril de 2016, relativo a la protecci\u00f3n de las personas f\u00edsicas en lo que respecta al tratamiento de datos personales y a la libre circulaci\u00f3n de los mismos.<\/p>\n<p style=\"text-align: left;\">El usuario podr\u00e1 en cualquier momento ejercitar los derechos de acceso, oposici\u00f3n, rectificaci\u00f3n y cancelaci\u00f3n reconocidos en el citado Reglamento (UE). El ejercicio de estos derechos puede realizarlo el propio usuario a trav\u00e9s de email a: Info@windyjets.com <\/p>\n<p style=\"text-align: left;\">El usuario manifiesta que todos los datos facilitados por \u00e9l son ciertos y correctos, y se compromete a mantenerlos actualizados, comunicando los cambios a WINDYJETS.<\/p>\n<p style=\"text-align: left;\"><strong>Finalidad del tratamiento de los datos personales:<\/strong><\/p>\n<p style=\"text-align: left;\">\u00bfCon qu\u00e9 finalidad trataremos sus datos personales?<br \/>1. En caso de contrataci\u00f3n de los servicios ofertados para mantener la relaci\u00f3n contractual, as\u00ed como la gesti\u00f3n, administraci\u00f3n, informaci\u00f3n, prestaci\u00f3n y mejora del servicio.<\/p>\n<p style=\"text-align: left;\">2. Env\u00edo de informaci\u00f3n solicitada a trav\u00e9s de los formularios dispuestos en soporte digital o f\u00edsico.<\/p>\n<p style=\"text-align: left;\">3. Remitir boletines (newsletters), as\u00ed como comunicaciones comerciales de promociones y\/o publicidad de nuestra entidad y\/o del sector. En este caso, existe en los formularios y contratos una casilla diferenciada a rellenar voluntariamente por el usuario para recibir dicha informaci\u00f3n. <br \/>Le recordamos que puede oponerse al env\u00edo de comunicaciones comerciales por cualquier v\u00eda y en cualquier momento, remitiendo un correo electr\u00f3nico a la direcci\u00f3n indicada anteriormente.<\/p>\n<p style=\"text-align: left;\"><strong>\u00bfPor cu\u00e1nto tiempo se conservan los datos personales recabados?<\/strong><br \/>Los datos personales proporcionados se conservar\u00e1n mientras se mantenga la relaci\u00f3n comercial y no se solicite su supresi\u00f3n. Posteriormente a la misma, se conservar\u00e1n durante los plazos legalmente exigidos (salvo, en ambos casos, que el tratamiento se basase en el consentimiento del Usuario y \u00e9ste lo revocase, en cuyo caso se conservar\u00e1n hasta que se reciba tal revocaci\u00f3n). <br \/>Por lo tanto, podemos garantizar que sus datos no se conservar\u00e1n m\u00e1s tiempo del necesario para los fines descritos anteriormente, sin perjuicio de la conservaci\u00f3n que resultase necesaria para la formulaci\u00f3n, el ejercicio o la defensa de potenciales reclamaciones y\/o siempre que lo permitiese la legislaci\u00f3n aplicable.<\/p>\n<p style=\"text-align: left;\"><strong>Legitimaci\u00f3n<\/strong><br \/>El tratamiento de sus datos se realiza con las siguientes bases jur\u00eddicas que legitiman el mismo:<\/p>\n<p style=\"text-align: left;\">1. La solicitud de informaci\u00f3n y\/o la contrataci\u00f3n de los servicios de WINDYJETS, cuyos t\u00e9rminos y condiciones se pondr\u00e1n a su disposici\u00f3n en todo caso de forma previa a una eventual contrataci\u00f3n.<\/p>\n<p style=\"text-align: left;\">2. El consentimiento libre, espec\u00edfico, informado e inequ\u00edvoco, en tanto que le informamos poniendo a su disposici\u00f3n la presente pol\u00edtica de privacidad, que tras la lectura de la misma, en caso de estar conforme, puede aceptar mediante una declaraci\u00f3n o una clara acci\u00f3n afirmativa, como el marcado de una casilla dispuesta al efecto.<\/p>\n<p style=\"text-align: left;\">En caso de que no nos facilite sus datos o lo haga de forma err\u00f3nea o incompleta, no podremos atender su solicitud, resultando del todo imposible proporcionarle la informaci\u00f3n solicitada o llevar a cabo la contrataci\u00f3n de los servicios.<\/p>\n<p style=\"text-align: left;\"><strong>Destinatarios<\/strong><br \/>Los datos no se comunicar\u00e1n a ning\u00fan tercero ajeno a WINDYJETS, salvo obligaci\u00f3n legal.<br \/>Una \u00f3ptima prestaci\u00f3n del servicio que WINDYJETS ofrece puede requerir que otros terceros WINDYJETS accedan a los datos personales del Usuario como encargados del tratamiento.<\/p>\n<p style=\"text-align: left;\">Adem\u00e1s de lo anterior, WINDYJETS. podr\u00e1 realizar cesiones o comunicaciones de datos personales para atender sus obligaciones con las Administraciones P\u00fablicas en los casos que as\u00ed se requiera de acuerdo con la legislaci\u00f3n vigente en cada momento y en su caso, igualmente a otros \u00f3rganos como Fuerzas y Cuerpos de seguridad del Estado y a los \u00f3rganos Judiciales. <\/p>\n<p style=\"text-align: left;\"><strong>Derechos de los usuarios<\/strong><br \/>WINDYJETS informa al Usuario sobre la posibilidad que le asiste de ejercitar los derechos de acceso, rectificaci\u00f3n, oposici\u00f3n, supresi\u00f3n, portabilidad y limitaci\u00f3n del tratamiento as\u00ed como a rechazar el tratamiento automatizado de los datos personales recogidos por WINDYJETS<\/p>\n<p style=\"text-align: left;\">Adem\u00e1s de los anteriores derechos, el Usuario tendr\u00e1 derecho a retirar el consentimiento otorgado en cualquier momento mediante el procedimiento m\u00e1s arriba descrito, sin que dicha retirada del consentimiento afecte a la licitud del tratamiento anterior a la retirada del mismo. WINDYJETS. podr\u00e1 continuar tratando los datos del Usuario en la medida en que la ley aplicable lo permita.  <\/p>\n<p style=\"text-align: left;\">WINDYJETS recuerda al Usuario que tiene derecho a presentar una reclamaci\u00f3n ante la autoridad de control pertinente.<\/p>\n<p style=\"text-align: left;\"><strong>Medidas de seguridad implementadas<\/strong><br \/>WINDYJETS se compromete al cumplimiento de su obligaci\u00f3n de secreto de los datos de car\u00e1cter personal y de su deber de guardarlos, y adoptar\u00e1 las medidas necesarias para evitar su alteraci\u00f3n, p\u00e9rdida, tratamiento o acceso no autorizado, de acuerdo con lo establecido por normativa aplicable.<\/p>\n<p style=\"text-align: left;\">WINDYJETS tiene implantadas las medidas de seguridad de \u00edndole t\u00e9cnica y organizativas necesarias para garantizar la seguridad de sus datos de car\u00e1cter personal y evitar su alteraci\u00f3n, p\u00e9rdida y tratamiento y\/o acceso no autorizado, habida cuenta del estado de la tecnolog\u00eda, la naturaleza de los datos almacenados y los riesgos a que est\u00e1n expuestos, ya provengan de la acci\u00f3n humana o del medio f\u00edsico o natural, de acuerdo a lo establecido por la normativa aplicable.<\/p>\n<p style=\"text-align: left;\">WINDYJETS entidad preocupada por la privacidad, en orden a reforzar la confidencialidad e integridad de la informaci\u00f3n en su organizaci\u00f3n, mantiene continuamente la supervisi\u00f3n, control y evaluaci\u00f3n de sus procesos para asegurar el respeto a la privacidad y seguridad de la informaci\u00f3n, seg\u00fan los est\u00e1ndares internacionales.<\/p>\n<p style=\"text-align: left;\"><strong>Protecci\u00f3n de la informaci\u00f3n alojada<\/strong><br \/>WINDYJETS realiza copias de seguridad de los contenidos alojados en sus servidores, sin embargo no se responsabiliza de la p\u00e9rdida o el borrado accidental de los datos por parte de los usuarios. De igual manera, no garantiza la reposici\u00f3n total de los datos borrados por los usuarios, ya que los citados datos podr\u00edan haber sido suprimidos y\/o modificados durante el periodo de tiempo transcurrido desde la \u00faltima copia de seguridad. <\/p>\n<p style=\"text-align: left;\">Los servicios ofertados, excepto los espec\u00edficos de backup, no incluyen la reposici\u00f3n de los contenidos conservados en las copias de seguridad realizadas por WINDYJETS, cuando esta p\u00e9rdida sea imputable al usuario; en este caso, se determinar\u00e1 una tarifa acorde a la complejidad y volumen de la recuperaci\u00f3n, siempre previa aceptaci\u00f3n del usuario.<\/p>\n<p style=\"text-align: left;\">La reposici\u00f3n de datos borrados s\u00f3lo est\u00e1 incluida en el precio del servicio cuando la p\u00e9rdida del contenido sea debida a causas atribuibles a WINDYJETS.<\/p>\n<p style=\"text-align: left;\"><strong>Comunicaciones comerciales<\/strong><br \/>En aplicaci\u00f3n de la LSSI. WINDYJETS no enviar\u00e1 comunicaciones publicitarias o promocionales por correo electr\u00f3nico u otro medio de comunicaci\u00f3n electr\u00f3nica equivalente que previamente no hubieran sido solicitadas o expresamente autorizadas por los destinatarios de las mismas. <\/p>\n<p style=\"text-align: left;\">En el caso de usuarios con los que exista una relaci\u00f3n contractual previa, WINDYJETS estar\u00e1 autorizado al env\u00edo de comunicaciones comerciales referentes a productos o servicios que sean similares a los que inicialmente fueron objeto de contrataci\u00f3n con el cliente.<\/p>\n<p style=\"text-align: left;\">En todo caso, el usuario, tras acreditar su identidad, podr\u00e1 solicitar que no se le haga llegar m\u00e1s informaci\u00f3n comercial a trav\u00e9s de los canales indicados anteriormente.<\/p>\n<p>[\/et_pb_text][\/et_pb_column][\/et_pb_row][\/et_pb_section]<\/p>\n","protected":false},"excerpt":{"rendered":"<p>Politica de protecci\u00f3n de datosWINDYJETS, en aplicaci\u00f3n de la normativa vigente en materia de protecci\u00f3n de datos de car\u00e1cter personal, informa que los datos personales que se recogen a trav\u00e9s de los formularios en papel o soporte inform\u00e1tico se incluyen en los ficheros automatizados espec\u00edficos de usuarios de los servicios de WINDYJETS. La recogida y [&hellip;]<\/p>\n","protected":false},"author":2,"featured_media":0,"parent":0,"menu_order":0,"comment_status":"closed","ping_status":"closed","template":"","meta":{"_et_pb_use_builder":"on","_et_pb_old_content":"","_et_gb_content_width":"","footnotes":""},"class_list":["post-224822","page","type-page","status-publish","hentry"],"yoast_head":"<!-- This site is optimized with the Yoast SEO plugin v22.6 - https:\/\/yoast.com\/wordpress\/plugins\/seo\/ -->\n<title>Politica de Privacidad - WindyJets<\/title>\n<meta name=\"robots\" content=\"noindex, nofollow\" \/>\n<meta property=\"og:locale\" content=\"ru_RU\" \/>\n<meta property=\"og:type\" content=\"article\" \/>\n<meta property=\"og:title\" content=\"Politica de Privacidad - WindyJets\" \/>\n<meta property=\"og:description\" content=\"Politica de protecci\u00f3n de datosWINDYJETS, en aplicaci\u00f3n de la normativa vigente en materia de protecci\u00f3n de datos de car\u00e1cter personal, informa que los datos personales que se recogen a trav\u00e9s de los formularios en papel o soporte inform\u00e1tico se incluyen en los ficheros automatizados espec\u00edficos de usuarios de los servicios de WINDYJETS. La recogida y [&hellip;]\" \/>\n<meta property=\"og:url\" content=\"https:\/\/windyjets.com\/ru\/politica-de-privacidad\/\" \/>\n<meta property=\"og:site_name\" content=\"WindyJets\" \/>\n<meta property=\"article:modified_time\" content=\"2023-06-24T10:12:16+00:00\" \/>\n<meta name=\"twitter:card\" content=\"summary_large_image\" \/>\n<meta name=\"twitter:label1\" content=\"\u041f\u0440\u0438\u043c\u0435\u0440\u043d\u043e\u0435 \u0432\u0440\u0435\u043c\u044f \u0434\u043b\u044f \u0447\u0442\u0435\u043d\u0438\u044f\" \/>\n\t<meta name=\"twitter:data1\" content=\"7 \u043c\u0438\u043d\u0443\u0442\" \/>\n<script type=\"application\/ld+json\" class=\"yoast-schema-graph\">{\"@context\":\"https:\/\/schema.org\",\"@graph\":[{\"@type\":\"WebPage\",\"@id\":\"https:\/\/windyjets.com\/ru\/politica-de-privacidad\/\",\"url\":\"https:\/\/windyjets.com\/ru\/politica-de-privacidad\/\",\"name\":\"Politica de Privacidad - WindyJets\",\"isPartOf\":{\"@id\":\"https:\/\/windyjets.com\/ru\/#website\"},\"datePublished\":\"2023-05-18T07:45:10+00:00\",\"dateModified\":\"2023-06-24T10:12:16+00:00\",\"breadcrumb\":{\"@id\":\"https:\/\/windyjets.com\/ru\/politica-de-privacidad\/#breadcrumb\"},\"inLanguage\":\"ru-RU\",\"potentialAction\":[{\"@type\":\"ReadAction\",\"target\":[\"https:\/\/windyjets.com\/ru\/politica-de-privacidad\/\"]}]},{\"@type\":\"BreadcrumbList\",\"@id\":\"https:\/\/windyjets.com\/ru\/politica-de-privacidad\/#breadcrumb\",\"itemListElement\":[{\"@type\":\"ListItem\",\"position\":1,\"name\":\"Portada\",\"item\":\"https:\/\/windyjets.com\/ru\/%d0%b0%d1%80%d0%b5%d0%bd%d0%b4%d0%b0-%d1%87%d0%b0%d1%81%d1%82%d0%bd%d0%be%d0%b3%d0%be-%d1%81%d0%b0%d0%bc%d0%be%d0%bb%d0%b5%d1%82%d0%b0\/\"},{\"@type\":\"ListItem\",\"position\":2,\"name\":\"Politica de Privacidad\"}]},{\"@type\":\"WebSite\",\"@id\":\"https:\/\/windyjets.com\/ru\/#website\",\"url\":\"https:\/\/windyjets.com\/ru\/\",\"name\":\"WindyJets\",\"description\":\"Alquiler Jets Privados\",\"publisher\":{\"@id\":\"https:\/\/windyjets.com\/ru\/#organization\"},\"alternateName\":\"Windy Jets\",\"potentialAction\":[{\"@type\":\"SearchAction\",\"target\":{\"@type\":\"EntryPoint\",\"urlTemplate\":\"https:\/\/windyjets.com\/ru\/?s={search_term_string}\"},\"query-input\":\"required name=search_term_string\"}],\"inLanguage\":\"ru-RU\"},{\"@type\":\"Organization\",\"@id\":\"https:\/\/windyjets.com\/ru\/#organization\",\"name\":\"WindyJets\",\"alternateName\":\"Windy Jets\",\"url\":\"https:\/\/windyjets.com\/ru\/\",\"logo\":{\"@type\":\"ImageObject\",\"inLanguage\":\"ru-RU\",\"@id\":\"https:\/\/windyjets.com\/ru\/#\/schema\/logo\/image\/\",\"url\":\"https:\/\/windyjets.com\/wp-content\/uploads\/2023\/05\/logo-windyjets.png\",\"contentUrl\":\"https:\/\/windyjets.com\/wp-content\/uploads\/2023\/05\/logo-windyjets.png\",\"width\":1400,\"height\":250,\"caption\":\"WindyJets\"},\"image\":{\"@id\":\"https:\/\/windyjets.com\/ru\/#\/schema\/logo\/image\/\"}}]}<\/script>\n<!-- \/ Yoast SEO plugin. -->","yoast_head_json":{"title":"Politica de Privacidad - WindyJets","robots":{"index":"noindex","follow":"nofollow"},"og_locale":"ru_RU","og_type":"article","og_title":"Politica de Privacidad - WindyJets","og_description":"Politica de protecci\u00f3n de datosWINDYJETS, en aplicaci\u00f3n de la normativa vigente en materia de protecci\u00f3n de datos de car\u00e1cter personal, informa que los datos personales que se recogen a trav\u00e9s de los formularios en papel o soporte inform\u00e1tico se incluyen en los ficheros automatizados espec\u00edficos de usuarios de los servicios de WINDYJETS. La recogida y [&hellip;]","og_url":"https:\/\/windyjets.com\/ru\/politica-de-privacidad\/","og_site_name":"WindyJets","article_modified_time":"2023-06-24T10:12:16+00:00","twitter_card":"summary_large_image","twitter_misc":{"\u041f\u0440\u0438\u043c\u0435\u0440\u043d\u043e\u0435 \u0432\u0440\u0435\u043c\u044f \u0434\u043b\u044f \u0447\u0442\u0435\u043d\u0438\u044f":"7 \u043c\u0438\u043d\u0443\u0442"},"schema":{"@context":"https:\/\/schema.org","@graph":[{"@type":"WebPage","@id":"https:\/\/windyjets.com\/ru\/politica-de-privacidad\/","url":"https:\/\/windyjets.com\/ru\/politica-de-privacidad\/","name":"Politica de Privacidad - WindyJets","isPartOf":{"@id":"https:\/\/windyjets.com\/ru\/#website"},"datePublished":"2023-05-18T07:45:10+00:00","dateModified":"2023-06-24T10:12:16+00:00","breadcrumb":{"@id":"https:\/\/windyjets.com\/ru\/politica-de-privacidad\/#breadcrumb"},"inLanguage":"ru-RU","potentialAction":[{"@type":"ReadAction","target":["https:\/\/windyjets.com\/ru\/politica-de-privacidad\/"]}]},{"@type":"BreadcrumbList","@id":"https:\/\/windyjets.com\/ru\/politica-de-privacidad\/#breadcrumb","itemListElement":[{"@type":"ListItem","position":1,"name":"Portada","item":"https:\/\/windyjets.com\/ru\/%d0%b0%d1%80%d0%b5%d0%bd%d0%b4%d0%b0-%d1%87%d0%b0%d1%81%d1%82%d0%bd%d0%be%d0%b3%d0%be-%d1%81%d0%b0%d0%bc%d0%be%d0%bb%d0%b5%d1%82%d0%b0\/"},{"@type":"ListItem","position":2,"name":"Politica de Privacidad"}]},{"@type":"WebSite","@id":"https:\/\/windyjets.com\/ru\/#website","url":"https:\/\/windyjets.com\/ru\/","name":"WindyJets","description":"Alquiler Jets Privados","publisher":{"@id":"https:\/\/windyjets.com\/ru\/#organization"},"alternateName":"Windy Jets","potentialAction":[{"@type":"SearchAction","target":{"@type":"EntryPoint","urlTemplate":"https:\/\/windyjets.com\/ru\/?s={search_term_string}"},"query-input":"required name=search_term_string"}],"inLanguage":"ru-RU"},{"@type":"Organization","@id":"https:\/\/windyjets.com\/ru\/#organization","name":"WindyJets","alternateName":"Windy Jets","url":"https:\/\/windyjets.com\/ru\/","logo":{"@type":"ImageObject","inLanguage":"ru-RU","@id":"https:\/\/windyjets.com\/ru\/#\/schema\/logo\/image\/","url":"https:\/\/windyjets.com\/wp-content\/uploads\/2023\/05\/logo-windyjets.png","contentUrl":"https:\/\/windyjets.com\/wp-content\/uploads\/2023\/05\/logo-windyjets.png","width":1400,"height":250,"caption":"WindyJets"},"image":{"@id":"https:\/\/windyjets.com\/ru\/#\/schema\/logo\/image\/"}}]}},"_links":{"self":[{"href":"https:\/\/windyjets.com\/ru\/wp-json\/wp\/v2\/pages\/224822","targetHints":{"allow":["GET"]}}],"collection":[{"href":"https:\/\/windyjets.com\/ru\/wp-json\/wp\/v2\/pages"}],"about":[{"href":"https:\/\/windyjets.com\/ru\/wp-json\/wp\/v2\/types\/page"}],"author":[{"embeddable":true,"href":"https:\/\/windyjets.com\/ru\/wp-json\/wp\/v2\/users\/2"}],"replies":[{"embeddable":true,"href":"https:\/\/windyjets.com\/ru\/wp-json\/wp\/v2\/comments?post=224822"}],"version-history":[{"count":2,"href":"https:\/\/windyjets.com\/ru\/wp-json\/wp\/v2\/pages\/224822\/revisions"}],"predecessor-version":[{"id":224824,"href":"https:\/\/windyjets.com\/ru\/wp-json\/wp\/v2\/pages\/224822\/revisions\/224824"}],"wp:attachment":[{"href":"https:\/\/windyjets.com\/ru\/wp-json\/wp\/v2\/media?parent=224822"}],"curies":[{"name":"wp","href":"https:\/\/api.w.org\/{rel}","templated":true}]}}