{"id":224807,"date":"2023-05-18T07:45:10","date_gmt":"2023-05-18T07:45:10","guid":{"rendered":"https:\/\/windyjets.com\/%e9%9a%90%e7%a7%81%e6%94%bf%e7%ad%96\/"},"modified":"2023-06-24T10:07:44","modified_gmt":"2023-06-24T10:07:44","slug":"%e9%9a%90%e7%a7%81%e6%94%bf%e7%ad%96","status":"publish","type":"page","link":"https:\/\/windyjets.com\/zh-hans\/%e9%9a%90%e7%a7%81%e6%94%bf%e7%ad%96\/","title":{"rendered":"\u9690\u79c1\u653f\u7b56"},"content":{"rendered":"<p>[et_pb_section fb_built=&#8221;1&#8243; _builder_version=&#8221;4.21.0&#8243; _module_preset=&#8221;default&#8221; global_colors_info=&#8221;{}&#8221;][et_pb_row _builder_version=&#8221;4.21.0&#8243; _module_preset=&#8221;default&#8221; global_colors_info=&#8221;{}&#8221;][et_pb_column type=&#8221;4_4&#8243; _builder_version=&#8221;4.21.0&#8243; _module_preset=&#8221;default&#8221; global_colors_info=&#8221;{}&#8221;][et_pb_text _builder_version=&#8221;4.21.0&#8243; _module_preset=&#8221;default&#8221; global_colors_info=&#8221;{}&#8221;]<\/p>\n<h2>\u9690\u79c1\u653f\u7b56<\/h2>\n<p>[\/et_pb_text][et_pb_text _builder_version=&#8221;4.21.0&#8243; _module_preset=&#8221;default&#8221; text_font=&#8221;||||||||&#8221; text_font_size=&#8221;16px&#8221; global_colors_info=&#8221;{}&#8221;]<\/p>\n<p style=\"text-align: left;\">WINDYJETS \u6839\u636e\u73b0\u884c\u4e2a\u4eba\u6570\u636e\u4fdd\u62a4\u89c4\u5b9a\uff0c\u544a\u77e5\u901a\u8fc7\u7eb8\u8d28\u8868\u683c\u6216\u8ba1\u7b97\u673a\u652f\u6301\u6536\u96c6\u7684\u4e2a\u4eba\u6570\u636e\u5305\u542b\u5728 WINDYJETS \u670d\u52a1\u7528\u6237\u7684\u7279\u5b9a\u81ea\u52a8\u6587\u4ef6\u4e2d\u3002<\/p>\n<p style=\"text-align: left;\">\u6536\u96c6\u548c\u81ea\u52a8\u5904\u7406\u4e2a\u4eba\u6570\u636e\u7684\u76ee\u7684\u662f\u4e3a\u4e86\u7ef4\u6301 WINDYJETS \u7684\u5546\u4e1a\u5173\u7cfb\u4ee5\u53ca\u6267\u884c\u4fe1\u606f\u3001\u57f9\u8bad\u3001\u5efa\u8bae\u548c\u5176\u4ed6\u6d3b\u52a8\u7684\u4efb\u52a1\u3002<\/p>\n<p style=\"text-align: left;\">\u9664\u4e49\u52a1\u6216\u6cd5\u5f8b\u6388\u6743\u5916\uff0c\u8fd9\u4e9b\u6570\u636e\u4e0d\u4f1a\u8f6c\u79fb\u5230 WINDYJETS \u4e4b\u5916\u7684\u4efb\u4f55\u5b9e\u4f53\u3002<\/p>\n<p style=\"text-align: left;\">WINDYJETS \u6839\u636e 2016 \u5e74 4 \u6708 27 \u65e5\u6b27\u6d32\u8bae\u4f1a\u548c\u7406\u4e8b\u4f1a\u7b2c (EU) 2016\/679 \u53f7\u6761\u4f8b\u6709\u5173\u4fdd\u62a4\u4ee5\u4e0b\u4eba\u5458\u7684\u89c4\u5b9a\uff0c\u91c7\u53d6\u5fc5\u8981\u63aa\u65bd\u4fdd\u8bc1\u6570\u636e\u7684\u5b89\u5168\u6027\u3001\u5b8c\u6574\u6027\u548c\u4fdd\u5bc6\u6027\uff1a\u5173\u4e8e\u4e2a\u4eba\u6570\u636e\u7684\u5904\u7406\u53ca\u5176\u81ea\u7531\u6d41\u901a\u3002<\/p>\n<p style=\"text-align: left;\">\u7528\u6237\u53ef\u4ee5\u968f\u65f6\u884c\u4f7f\u4e0a\u8ff0\u6cd5\u89c4\uff08\u6b27\u76df\uff09\u8ba4\u53ef\u7684\u8bbf\u95ee\u6743\u3001\u53cd\u5bf9\u6743\u3001\u7ea0\u6b63\u6743\u548c\u53d6\u6d88\u6743\u3002 \u7528\u6237\u53ef\u4ee5\u81ea\u884c\u901a\u8fc7\u7535\u5b50\u90ae\u4ef6\u884c\u4f7f\u8fd9\u4e9b\u6743\u5229\uff1aInfo@windyjets.com <\/p>\n<p style=\"text-align: left;\">\u7528\u6237\u58f0\u660e\u5176\u63d0\u4f9b\u7684\u6240\u6709\u4fe1\u606f\u5747\u771f\u5b9e\u6b63\u786e\uff0c\u5e76\u627f\u8bfa\u53ca\u65f6\u66f4\u65b0\uff0c\u5e76\u5c06\u66f4\u6539\u544a\u77e5WINDYJETS\u3002<\/p>\n<p style=\"text-align: left;\"><strong>\u5904\u7406\u4e2a\u4eba\u6570\u636e\u7684\u76ee\u7684\uff1a<\/strong><\/p>\n<p style=\"text-align: left;\">\u6211\u4eec\u5c06\u51fa\u4e8e\u4ec0\u4e48\u76ee\u7684\u5904\u7406\u60a8\u7684\u4e2a\u4eba\u6570\u636e\uff1f<br \/>1. \u7b7e\u8ba2\u5408\u540c\u65f6\uff0c\u4e3a\u7ef4\u6301\u5408\u540c\u5173\u7cfb\u800c\u63d0\u4f9b\u7684\u670d\u52a1\uff0c\u4ee5\u53ca\u670d\u52a1\u7684\u7ba1\u7406\u3001\u884c\u653f\u3001\u4fe1\u606f\u3001\u63d0\u4f9b\u548c\u6539\u8fdb\u3002<\/p>\n<p style=\"text-align: left;\">2. \u901a\u8fc7\u6570\u5b57\u6216\u7269\u7406\u652f\u6301\u4e2d\u63d0\u4f9b\u7684\u8868\u683c\u53d1\u9001\u6240\u8bf7\u6c42\u7684\u4fe1\u606f\u3002<\/p>\n<p style=\"text-align: left;\">3. \u53d1\u9001\u516c\u544a\uff08\u65f6\u4e8b\u901a\u8baf\uff09\u4ee5\u53ca\u6211\u4eec\u5b9e\u4f53\u548c\/\u6216\u884c\u4e1a\u7684\u4fc3\u9500\u548c\/\u6216\u5e7f\u544a\u7684\u5546\u4e1a\u901a\u8baf\u3002 \u5728\u8fd9\u79cd\u60c5\u51b5\u4e0b\uff0c\u8868\u683c\u548c\u5408\u540c\u4e2d\u6709\u4e00\u4e2a\u5355\u72ec\u7684\u6846\uff0c\u7531\u7528\u6237\u81ea\u613f\u586b\u5199\u4ee5\u63a5\u6536\u6240\u8ff0\u4fe1\u606f\u3002 <br \/>\u6211\u4eec\u63d0\u9192\u60a8\uff0c\u60a8\u53ef\u4ee5\u968f\u65f6\u901a\u8fc7\u5411\u4e0a\u8ff0\u5730\u5740\u53d1\u9001\u7535\u5b50\u90ae\u4ef6\u6765\u53cd\u5bf9\u4ee5\u4efb\u4f55\u65b9\u5f0f\u53d1\u9001\u5546\u4e1a\u901a\u4fe1\u3002<\/p>\n<p style=\"text-align: left;\"><strong>\u6240\u6536\u96c6\u7684\u4e2a\u4eba\u6570\u636e\u4f1a\u4fdd\u5b58\u591a\u957f\u65f6\u95f4\uff1f<\/strong><br \/>\u53ea\u8981\u4fdd\u6301\u5546\u4e1a\u5173\u7cfb\uff0c\u6240\u63d0\u4f9b\u7684\u4e2a\u4eba\u6570\u636e\u5c31\u4f1a\u88ab\u4fdd\u7559\uff0c\u5e76\u4e14\u4e0d\u8981\u6c42\u5220\u9664\u3002 \u6b64\u540e\uff0c\u5b83\u4eec\u5c06\u5728\u6cd5\u5f8b\u8981\u6c42\u7684\u671f\u9650\u5185\u4fdd\u7559\uff08\u9664\u975e\uff0c\u5728\u8fd9\u4e24\u79cd\u60c5\u51b5\u4e0b\uff0c\u5904\u7406\u662f\u57fa\u4e8e\u7528\u6237\u7684\u540c\u610f\u5e76\u4e14\u7528\u6237\u64a4\u9500\u540c\u610f\uff0c\u5728\u8fd9\u79cd\u60c5\u51b5\u4e0b\uff0c\u5b83\u4eec\u5c06\u88ab\u4fdd\u7559\uff0c\u76f4\u5230\u6536\u5230\u6b64\u7c7b\u64a4\u9500\uff09\u3002 <br \/>\u56e0\u6b64\uff0c\u6211\u4eec\u53ef\u4ee5\u4fdd\u8bc1\u60a8\u7684\u6570\u636e\u7684\u4fdd\u5b58\u65f6\u95f4\u4e0d\u4f1a\u8d85\u8fc7\u4e0a\u8ff0\u76ee\u7684\u6240\u9700\u7684\u65f6\u95f4\uff0c\u4e14\u4e0d\u5f71\u54cd\u5236\u5b9a\u3001\u884c\u4f7f\u6216\u8fa9\u62a4\u6f5c\u5728\u7d22\u8d54\u6240\u9700\u7684\u4fdd\u5b58\u65f6\u95f4\u548c\/\u6216\u5728\u6cd5\u5f8b\u5141\u8bb8\u7684\u60c5\u51b5\u4e0b\u3002 \u3002<\/p>\n<p style=\"text-align: left;\"><strong>\u5408\u6cd5\u5316<\/strong><br \/>El tratamiento de sus datos se realiza con las siguientes bases jur\u00eddicas que legitiman el mismo:<\/p>\n<p style=\"text-align: left;\">1. La solicitud de informaci\u00f3n y\/o la contrataci\u00f3n de los servicios de WINDYJETS, cuyos t\u00e9rminos y condiciones se pondr\u00e1n a su disposici\u00f3n en todo caso de forma previa a una eventual contrataci\u00f3n.<\/p>\n<p style=\"text-align: left;\">2. El consentimiento libre, espec\u00edfico, informado e inequ\u00edvoco, en tanto que le informamos poniendo a su disposici\u00f3n la presente pol\u00edtica de privacidad, que tras la lectura de la misma, en caso de estar conforme, puede aceptar mediante una declaraci\u00f3n o una clara acci\u00f3n afirmativa, como el marcado de una casilla dispuesta al efecto.<\/p>\n<p style=\"text-align: left;\">En caso de que no nos facilite sus datos o lo haga de forma err\u00f3nea o incompleta, no podremos atender su solicitud, resultando del todo imposible proporcionarle la informaci\u00f3n solicitada o llevar a cabo la contrataci\u00f3n de los servicios.<\/p>\n<p style=\"text-align: left;\"><strong>Destinatarios<\/strong><br \/>Los datos no se comunicar\u00e1n a ning\u00fan tercero ajeno a WINDYJETS, salvo obligaci\u00f3n legal.<br \/>\u4e3a\u4e86\u6700\u4f73\u5730\u63d0\u4f9b WINDYJETS \u63d0\u4f9b\u7684\u670d\u52a1\uff0c\u53ef\u80fd\u9700\u8981\u5176\u4ed6\u7b2c\u4e09\u65b9 WINDYJETS \u4f5c\u4e3a\u6570\u636e\u5904\u7406\u8005\u8bbf\u95ee\u7528\u6237\u7684\u4e2a\u4eba\u6570\u636e\u3002<\/p>\n<p style=\"text-align: left;\">Adem\u00e1s de lo anterior, WINDYJETS. podr\u00e1 realizar cesiones o comunicaciones de datos personales para atender sus obligaciones con las Administraciones P\u00fablicas en los casos que as\u00ed se requiera de acuerdo con la legislaci\u00f3n vigente en cada momento y en su caso, igualmente a otros \u00f3rganos como Fuerzas y Cuerpos de seguridad del Estado y a los \u00f3rganos Judiciales. <\/p>\n<p style=\"text-align: left;\"><strong>Derechos de los usuarios<\/strong><br \/>WINDYJETS informa al Usuario sobre la posibilidad que le asiste de ejercitar los derechos de acceso, rectificaci\u00f3n, oposici\u00f3n, supresi\u00f3n, portabilidad y limitaci\u00f3n del tratamiento as\u00ed como a rechazar el tratamiento automatizado de los datos personales recogidos por WINDYJETS<\/p>\n<p style=\"text-align: left;\">Adem\u00e1s de los anteriores derechos, el Usuario tendr\u00e1 derecho a retirar el consentimiento otorgado en cualquier momento mediante el procedimiento m\u00e1s arriba descrito, sin que dicha retirada del consentimiento afecte a la licitud del tratamiento anterior a la retirada del mismo. WINDYJETS. podr\u00e1 continuar tratando los datos del Usuario en la medida en que la ley aplicable lo permita.  <\/p>\n<p style=\"text-align: left;\">WINDYJETS recuerda al Usuario que tiene derecho a presentar una reclamaci\u00f3n ante la autoridad de control pertinente.<\/p>\n<p style=\"text-align: left;\"><strong>Medidas de seguridad implementadas<\/strong><br \/>WINDYJETS se compromete al cumplimiento de su obligaci\u00f3n de secreto de los datos de car\u00e1cter personal y de su deber de guardarlos, y adoptar\u00e1 las medidas necesarias para evitar su alteraci\u00f3n, p\u00e9rdida, tratamiento o acceso no autorizado, de acuerdo con lo establecido por normativa aplicable.<\/p>\n<p style=\"text-align: left;\">WINDYJETS tiene implantadas las medidas de seguridad de \u00edndole t\u00e9cnica y organizativas necesarias para garantizar la seguridad de sus datos de car\u00e1cter personal y evitar su alteraci\u00f3n, p\u00e9rdida y tratamiento y\/o acceso no autorizado, habida cuenta del estado de la tecnolog\u00eda, la naturaleza de los datos almacenados y los riesgos a que est\u00e1n expuestos, ya provengan de la acci\u00f3n humana o del medio f\u00edsico o natural, de acuerdo a lo establecido por la normativa aplicable.<\/p>\n<p style=\"text-align: left;\">WINDYJETS entidad preocupada por la privacidad, en orden a reforzar la confidencialidad e integridad de la informaci\u00f3n en su organizaci\u00f3n, mantiene continuamente la supervisi\u00f3n, control y evaluaci\u00f3n de sus procesos para asegurar el respeto a la privacidad y seguridad de la informaci\u00f3n, seg\u00fan los est\u00e1ndares internacionales.<\/p>\n<p style=\"text-align: left;\"><strong>Protecci\u00f3n de la informaci\u00f3n alojada<\/strong><br \/>WINDYJETS realiza copias de seguridad de los contenidos alojados en sus servidores, sin embargo no se responsabiliza de la p\u00e9rdida o el borrado accidental de los datos por parte de los usuarios. De igual manera, no garantiza la reposici\u00f3n total de los datos borrados por los usuarios, ya que los citados datos podr\u00edan haber sido suprimidos y\/o modificados durante el periodo de tiempo transcurrido desde la \u00faltima copia de seguridad. <\/p>\n<p style=\"text-align: left;\">Los servicios ofertados, excepto los espec\u00edficos de backup, no incluyen la reposici\u00f3n de los contenidos conservados en las copias de seguridad realizadas por WINDYJETS, cuando esta p\u00e9rdida sea imputable al usuario; en este caso, se determinar\u00e1 una tarifa acorde a la complejidad y volumen de la recuperaci\u00f3n, siempre previa aceptaci\u00f3n del usuario.<\/p>\n<p style=\"text-align: left;\">La reposici\u00f3n de datos borrados s\u00f3lo est\u00e1 incluida en el precio del servicio cuando la p\u00e9rdida del contenido sea debida a causas atribuibles a WINDYJETS.<\/p>\n<p style=\"text-align: left;\"><strong>Comunicaciones comerciales<\/strong><br \/>En aplicaci\u00f3n de la LSSI. WINDYJETS no enviar\u00e1 comunicaciones publicitarias o promocionales por correo electr\u00f3nico u otro medio de comunicaci\u00f3n electr\u00f3nica equivalente que previamente no hubieran sido solicitadas o expresamente autorizadas por los destinatarios de las mismas. <\/p>\n<p style=\"text-align: left;\">En el caso de usuarios con los que exista una relaci\u00f3n contractual previa, WINDYJETS estar\u00e1 autorizado al env\u00edo de comunicaciones comerciales referentes a productos o servicios que sean similares a los que inicialmente fueron objeto de contrataci\u00f3n con el cliente.<\/p>\n<p style=\"text-align: left;\">En todo caso, el usuario, tras acreditar su identidad, podr\u00e1 solicitar que no se le haga llegar m\u00e1s informaci\u00f3n comercial a trav\u00e9s de los canales indicados anteriormente.<\/p>\n<p>[\/et_pb_text][\/et_pb_column][\/et_pb_row][\/et_pb_section]<\/p>\n","protected":false},"excerpt":{"rendered":"<p>\u9690\u79c1\u653f\u7b56WINDYJETS \u6839\u636e\u73b0\u884c\u4e2a\u4eba\u6570\u636e\u4fdd\u62a4\u89c4\u5b9a\uff0c\u544a\u77e5\u901a\u8fc7\u7eb8\u8d28\u8868\u683c\u6216\u8ba1\u7b97\u673a\u652f\u6301\u6536\u96c6\u7684\u4e2a\u4eba\u6570\u636e\u5305\u542b\u5728 WIN [&hellip;]<\/p>\n","protected":false},"author":2,"featured_media":0,"parent":0,"menu_order":0,"comment_status":"closed","ping_status":"closed","template":"","meta":{"_et_pb_use_builder":"on","_et_pb_old_content":"","_et_gb_content_width":"","footnotes":""},"class_list":["post-224807","page","type-page","status-publish","hentry"],"yoast_head":"<!-- This site is optimized with the Yoast SEO plugin v22.6 - https:\/\/yoast.com\/wordpress\/plugins\/seo\/ -->\n<title>\u9690\u79c1\u653f\u7b56 - WindyJets<\/title>\n<meta name=\"robots\" content=\"noindex, nofollow\" \/>\n<meta property=\"og:locale\" content=\"zh_CN\" \/>\n<meta property=\"og:type\" content=\"article\" \/>\n<meta property=\"og:title\" content=\"\u9690\u79c1\u653f\u7b56 - WindyJets\" \/>\n<meta property=\"og:description\" content=\"\u9690\u79c1\u653f\u7b56WINDYJETS \u6839\u636e\u73b0\u884c\u4e2a\u4eba\u6570\u636e\u4fdd\u62a4\u89c4\u5b9a\uff0c\u544a\u77e5\u901a\u8fc7\u7eb8\u8d28\u8868\u683c\u6216\u8ba1\u7b97\u673a\u652f\u6301\u6536\u96c6\u7684\u4e2a\u4eba\u6570\u636e\u5305\u542b\u5728 WIN [&hellip;]\" \/>\n<meta property=\"og:url\" content=\"https:\/\/windyjets.com\/zh-hans\/%e9%9a%90%e7%a7%81%e6%94%bf%e7%ad%96\/\" \/>\n<meta property=\"og:site_name\" content=\"WindyJets\" \/>\n<meta property=\"article:modified_time\" content=\"2023-06-24T10:07:44+00:00\" \/>\n<meta name=\"twitter:card\" content=\"summary_large_image\" \/>\n<meta name=\"twitter:label1\" content=\"\u9884\u8ba1\u9605\u8bfb\u65f6\u95f4\" \/>\n\t<meta name=\"twitter:data1\" content=\"5 \u5206\" \/>\n<script type=\"application\/ld+json\" class=\"yoast-schema-graph\">{\"@context\":\"https:\/\/schema.org\",\"@graph\":[{\"@type\":\"WebPage\",\"@id\":\"https:\/\/windyjets.com\/zh-hans\/%e9%9a%90%e7%a7%81%e6%94%bf%e7%ad%96\/\",\"url\":\"https:\/\/windyjets.com\/zh-hans\/%e9%9a%90%e7%a7%81%e6%94%bf%e7%ad%96\/\",\"name\":\"\u9690\u79c1\u653f\u7b56 - WindyJets\",\"isPartOf\":{\"@id\":\"https:\/\/windyjets.com\/zh-hans\/#website\"},\"datePublished\":\"2023-05-18T07:45:10+00:00\",\"dateModified\":\"2023-06-24T10:07:44+00:00\",\"breadcrumb\":{\"@id\":\"https:\/\/windyjets.com\/zh-hans\/%e9%9a%90%e7%a7%81%e6%94%bf%e7%ad%96\/#breadcrumb\"},\"inLanguage\":\"zh-Hans\",\"potentialAction\":[{\"@type\":\"ReadAction\",\"target\":[\"https:\/\/windyjets.com\/zh-hans\/%e9%9a%90%e7%a7%81%e6%94%bf%e7%ad%96\/\"]}]},{\"@type\":\"BreadcrumbList\",\"@id\":\"https:\/\/windyjets.com\/zh-hans\/%e9%9a%90%e7%a7%81%e6%94%bf%e7%ad%96\/#breadcrumb\",\"itemListElement\":[{\"@type\":\"ListItem\",\"position\":1,\"name\":\"Portada\",\"item\":\"https:\/\/windyjets.com\/zh-hans\/%e7%a7%81%e4%ba%ba%e9%a3%9e%e6%9c%ba%e7%a7%9f%e8%b5%81\/\"},{\"@type\":\"ListItem\",\"position\":2,\"name\":\"\u9690\u79c1\u653f\u7b56\"}]},{\"@type\":\"WebSite\",\"@id\":\"https:\/\/windyjets.com\/zh-hans\/#website\",\"url\":\"https:\/\/windyjets.com\/zh-hans\/\",\"name\":\"WindyJets\",\"description\":\"Alquiler Jets Privados\",\"publisher\":{\"@id\":\"https:\/\/windyjets.com\/zh-hans\/#organization\"},\"alternateName\":\"Windy Jets\",\"potentialAction\":[{\"@type\":\"SearchAction\",\"target\":{\"@type\":\"EntryPoint\",\"urlTemplate\":\"https:\/\/windyjets.com\/zh-hans\/?s={search_term_string}\"},\"query-input\":\"required name=search_term_string\"}],\"inLanguage\":\"zh-Hans\"},{\"@type\":\"Organization\",\"@id\":\"https:\/\/windyjets.com\/zh-hans\/#organization\",\"name\":\"WindyJets\",\"alternateName\":\"Windy Jets\",\"url\":\"https:\/\/windyjets.com\/zh-hans\/\",\"logo\":{\"@type\":\"ImageObject\",\"inLanguage\":\"zh-Hans\",\"@id\":\"https:\/\/windyjets.com\/zh-hans\/#\/schema\/logo\/image\/\",\"url\":\"https:\/\/windyjets.com\/wp-content\/uploads\/2023\/05\/logo-windyjets.png\",\"contentUrl\":\"https:\/\/windyjets.com\/wp-content\/uploads\/2023\/05\/logo-windyjets.png\",\"width\":1400,\"height\":250,\"caption\":\"WindyJets\"},\"image\":{\"@id\":\"https:\/\/windyjets.com\/zh-hans\/#\/schema\/logo\/image\/\"}}]}<\/script>\n<!-- \/ Yoast SEO plugin. -->","yoast_head_json":{"title":"\u9690\u79c1\u653f\u7b56 - WindyJets","robots":{"index":"noindex","follow":"nofollow"},"og_locale":"zh_CN","og_type":"article","og_title":"\u9690\u79c1\u653f\u7b56 - WindyJets","og_description":"\u9690\u79c1\u653f\u7b56WINDYJETS \u6839\u636e\u73b0\u884c\u4e2a\u4eba\u6570\u636e\u4fdd\u62a4\u89c4\u5b9a\uff0c\u544a\u77e5\u901a\u8fc7\u7eb8\u8d28\u8868\u683c\u6216\u8ba1\u7b97\u673a\u652f\u6301\u6536\u96c6\u7684\u4e2a\u4eba\u6570\u636e\u5305\u542b\u5728 WIN [&hellip;]","og_url":"https:\/\/windyjets.com\/zh-hans\/%e9%9a%90%e7%a7%81%e6%94%bf%e7%ad%96\/","og_site_name":"WindyJets","article_modified_time":"2023-06-24T10:07:44+00:00","twitter_card":"summary_large_image","twitter_misc":{"\u9884\u8ba1\u9605\u8bfb\u65f6\u95f4":"5 \u5206"},"schema":{"@context":"https:\/\/schema.org","@graph":[{"@type":"WebPage","@id":"https:\/\/windyjets.com\/zh-hans\/%e9%9a%90%e7%a7%81%e6%94%bf%e7%ad%96\/","url":"https:\/\/windyjets.com\/zh-hans\/%e9%9a%90%e7%a7%81%e6%94%bf%e7%ad%96\/","name":"\u9690\u79c1\u653f\u7b56 - WindyJets","isPartOf":{"@id":"https:\/\/windyjets.com\/zh-hans\/#website"},"datePublished":"2023-05-18T07:45:10+00:00","dateModified":"2023-06-24T10:07:44+00:00","breadcrumb":{"@id":"https:\/\/windyjets.com\/zh-hans\/%e9%9a%90%e7%a7%81%e6%94%bf%e7%ad%96\/#breadcrumb"},"inLanguage":"zh-Hans","potentialAction":[{"@type":"ReadAction","target":["https:\/\/windyjets.com\/zh-hans\/%e9%9a%90%e7%a7%81%e6%94%bf%e7%ad%96\/"]}]},{"@type":"BreadcrumbList","@id":"https:\/\/windyjets.com\/zh-hans\/%e9%9a%90%e7%a7%81%e6%94%bf%e7%ad%96\/#breadcrumb","itemListElement":[{"@type":"ListItem","position":1,"name":"Portada","item":"https:\/\/windyjets.com\/zh-hans\/%e7%a7%81%e4%ba%ba%e9%a3%9e%e6%9c%ba%e7%a7%9f%e8%b5%81\/"},{"@type":"ListItem","position":2,"name":"\u9690\u79c1\u653f\u7b56"}]},{"@type":"WebSite","@id":"https:\/\/windyjets.com\/zh-hans\/#website","url":"https:\/\/windyjets.com\/zh-hans\/","name":"WindyJets","description":"Alquiler Jets Privados","publisher":{"@id":"https:\/\/windyjets.com\/zh-hans\/#organization"},"alternateName":"Windy Jets","potentialAction":[{"@type":"SearchAction","target":{"@type":"EntryPoint","urlTemplate":"https:\/\/windyjets.com\/zh-hans\/?s={search_term_string}"},"query-input":"required name=search_term_string"}],"inLanguage":"zh-Hans"},{"@type":"Organization","@id":"https:\/\/windyjets.com\/zh-hans\/#organization","name":"WindyJets","alternateName":"Windy Jets","url":"https:\/\/windyjets.com\/zh-hans\/","logo":{"@type":"ImageObject","inLanguage":"zh-Hans","@id":"https:\/\/windyjets.com\/zh-hans\/#\/schema\/logo\/image\/","url":"https:\/\/windyjets.com\/wp-content\/uploads\/2023\/05\/logo-windyjets.png","contentUrl":"https:\/\/windyjets.com\/wp-content\/uploads\/2023\/05\/logo-windyjets.png","width":1400,"height":250,"caption":"WindyJets"},"image":{"@id":"https:\/\/windyjets.com\/zh-hans\/#\/schema\/logo\/image\/"}}]}},"_links":{"self":[{"href":"https:\/\/windyjets.com\/zh-hans\/wp-json\/wp\/v2\/pages\/224807","targetHints":{"allow":["GET"]}}],"collection":[{"href":"https:\/\/windyjets.com\/zh-hans\/wp-json\/wp\/v2\/pages"}],"about":[{"href":"https:\/\/windyjets.com\/zh-hans\/wp-json\/wp\/v2\/types\/page"}],"author":[{"embeddable":true,"href":"https:\/\/windyjets.com\/zh-hans\/wp-json\/wp\/v2\/users\/2"}],"replies":[{"embeddable":true,"href":"https:\/\/windyjets.com\/zh-hans\/wp-json\/wp\/v2\/comments?post=224807"}],"version-history":[{"count":2,"href":"https:\/\/windyjets.com\/zh-hans\/wp-json\/wp\/v2\/pages\/224807\/revisions"}],"predecessor-version":[{"id":224809,"href":"https:\/\/windyjets.com\/zh-hans\/wp-json\/wp\/v2\/pages\/224807\/revisions\/224809"}],"wp:attachment":[{"href":"https:\/\/windyjets.com\/zh-hans\/wp-json\/wp\/v2\/media?parent=224807"}],"curies":[{"name":"wp","href":"https:\/\/api.w.org\/{rel}","templated":true}]}}